{"id":2921,"date":"2025-10-13T09:20:41","date_gmt":"2025-10-13T09:20:41","guid":{"rendered":"https:\/\/saphirsmaragd.com\/?post_type=product&#038;p=2921"},"modified":"2025-12-29T18:59:28","modified_gmt":"2025-12-29T18:59:28","slug":"iolith-2-68-karat-blau-grau-kissen","status":"publish","type":"product","link":"https:\/\/saphirsmaragd.com\/et\/toode\/iolith-2-68-karat-blau-grau-kissen\/","title":{"rendered":"Ioliidist 2,68 karaadine sinakashall padi \u2013 tahuline, naturaalne ja sertifitseeritud"},"content":{"rendered":"<div id=\"ez-toc-container\" class=\"ez-toc-v2_0_82_2 counter-hierarchy ez-toc-counter ez-toc-grey ez-toc-container-direction\">\n<div class=\"ez-toc-title-container\">\n<p class=\"ez-toc-title\" style=\"cursor:inherit\">Sisukord<\/p>\n<span class=\"ez-toc-title-toggle\"><a href=\"#\" class=\"ez-toc-pull-right ez-toc-btn ez-toc-btn-xs ez-toc-btn-default ez-toc-toggle\" aria-label=\"Toggle Table of Content\"><span class=\"ez-toc-js-icon-con\"><span class=\"\"><span class=\"eztoc-hide\" style=\"display:none;\">L\u00fclitage sisse\/v\u00e4lja<\/span><span class=\"ez-toc-icon-toggle-span\"><svg style=\"fill: #999;color:#999\" xmlns=\"http:\/\/www.w3.org\/2000\/svg\" class=\"list-377408\" width=\"20px\" height=\"20px\" viewbox=\"0 0 24 24\" fill=\"none\"><path d=\"M6 6H4v2h2V6zm14 0H8v2h12V6zM4 11h2v2H4v-2zm16 0H8v2h12v-2zM4 16h2v2H4v-2zm16 0H8v2h12v-2z\" fill=\"currentColor\"><\/path><\/svg><svg style=\"fill: #999;color:#999\" class=\"arrow-unsorted-368013\" xmlns=\"http:\/\/www.w3.org\/2000\/svg\" width=\"10px\" height=\"10px\" viewbox=\"0 0 24 24\" version=\"1.2\" baseprofile=\"tiny\"><path d=\"M18.2 9.3l-6.2-6.3-6.2 6.3c-.2.2-.3.4-.3.7s.1.5.3.7c.2.2.4.3.7.3h11c.3 0 .5-.1.7-.3.2-.2.3-.5.3-.7s-.1-.5-.3-.7zM5.8 14.7l6.2 6.3 6.2-6.3c.2-.2.3-.5.3-.7s-.1-.5-.3-.7c-.2-.2-.4-.3-.7-.3h-11c-.3 0-.5.1-.7.3-.2.2-.3.5-.3.7s.1.5.3.7z\"\/><\/svg><\/span><\/span><\/span><\/a><\/span><\/div>\n<nav><ul class='ez-toc-list ez-toc-list-level-1' ><li class='ez-toc-page-1 ez-toc-heading-level-4'><a class=\"ez-toc-link ez-toc-heading-1\" href=\"https:\/\/saphirsmaragd.com\/et\/toode\/iolith-2-68-karat-blau-grau-kissen\/#Iolith_268_Karat_Blau-Grau_Kissen_%E2%80%93_facettiert_naturlich_zertifiziert\" >Iolith 2.68 Karat Blau-Grau Kissen \u2013 facettiert, nat\u00fcrlich &amp; zertifiziert<\/a><\/li><li class='ez-toc-page-1 ez-toc-heading-level-4'><a class=\"ez-toc-link ez-toc-heading-2\" href=\"https:\/\/saphirsmaragd.com\/et\/toode\/iolith-2-68-karat-blau-grau-kissen\/#Merkmale_Herkunft\" >Omadused ja p\u00e4ritolu<\/a><\/li><li class='ez-toc-page-1 ez-toc-heading-level-4'><a class=\"ez-toc-link ez-toc-heading-3\" href=\"https:\/\/saphirsmaragd.com\/et\/toode\/iolith-2-68-karat-blau-grau-kissen\/#Besonderheiten\" >Erifunktsioonid<\/a><\/li><li class='ez-toc-page-1 ez-toc-heading-level-4'><a class=\"ez-toc-link ez-toc-heading-4\" href=\"https:\/\/saphirsmaragd.com\/et\/toode\/iolith-2-68-karat-blau-grau-kissen\/#Mehr_uber_unsere_Edelsteine\" >Lisateavet meie v\u00e4\u00e4riskivide kohta<\/a><\/li><li class='ez-toc-page-1 ez-toc-heading-level-4'><a class=\"ez-toc-link ez-toc-heading-5\" href=\"https:\/\/saphirsmaragd.com\/et\/toode\/iolith-2-68-karat-blau-grau-kissen\/#Weitere_Infos\" >Lisateave<\/a><\/li><\/ul><\/nav><\/div>\n<h4 data-start=\"763\" data-end=\"841\"><span class=\"ez-toc-section\" id=\"Iolith_268_Karat_Blau-Grau_Kissen_%E2%80%93_facettiert_naturlich_zertifiziert\"><\/span>Iolith 2.68 Karat Blau-Grau Kissen \u2013 facettiert, nat\u00fcrlich &amp; zertifiziert<span class=\"ez-toc-section-end\"><\/span><\/h4>\n<p data-start=\"842\" data-end=\"1094\">Ein lebendiger, kissenf\u00f6rmig facettierter Iolith (Cordierit) mit edlem Blau-Grau und charakteristischem Dichroismus. Pr\u00e4ziser Schliff, sch\u00f6ne Brillanz und nat\u00fcrliche Qualit\u00e4t \u2013 ideal f\u00fcr feine Ringe oder Anh\u00e4nger; geliefert mit unabh\u00e4ngigem Zertifikat.<\/p>\n<hr data-start=\"1096\" data-end=\"1099\" \/>\n<h4 data-start=\"1101\" data-end=\"1125\"><span class=\"ez-toc-section\" id=\"Merkmale_Herkunft\"><\/span>Omadused ja p\u00e4ritolu<span class=\"ez-toc-section-end\"><\/span><\/h4>\n<p data-start=\"1126\" data-end=\"1479\">Stein: Iolith (Cordierit)<br data-start=\"1151\" data-end=\"1154\" \/>Farbe: Blau-Grau (dichroitisch)<br data-start=\"1185\" data-end=\"1188\" \/>Form: Kissen (facettiert)<br data-start=\"1213\" data-end=\"1216\" \/>Gr\u00f6\u00dfe: ca. 9.13 \u00d7 9 mm<br data-start=\"1238\" data-end=\"1241\" \/>Gewicht: 2.68 Karat<br data-start=\"1260\" data-end=\"1263\" \/>Reinheit: Sehr kleine Einschl\u00fcsse (unter 10\u00d7 sichtbar)<br data-start=\"1317\" data-end=\"1320\" \/>Ravi: t\u00f6\u00f6tlemata<br data-start=\"1343\" data-end=\"1346\" \/>K\u00f5vadus: 7 Mohsi skaalal<br data-start=\"1373\" data-end=\"1376\" \/>Herkunft: Madagaskar<br data-start=\"1396\" data-end=\"1399\" \/>Zertifikat: Val\u00e9rie DURAFFOURG (Gem-A) \u2013 Lieferung mit Zertifikat<br data-start=\"1464\" data-end=\"1467\" \/>Seisukord: Uus<\/p>\n<hr data-start=\"1481\" data-end=\"1484\" \/>\n<h4 data-start=\"1486\" data-end=\"1505\"><span class=\"ez-toc-section\" id=\"Besonderheiten\"><\/span>Erifunktsioonid<span class=\"ez-toc-section-end\"><\/span><\/h4>\n<p data-start=\"1506\" data-end=\"1786\">Der ausgepr\u00e4gte Dichroismus zeigt je nach Blickrichtung elegante Blau- bis Graunuancen mit feiner Brillanz in der kissenf\u00f6rmigen Facettierung. Unbehandelte, zertifizierte Qualit\u00e4t bietet maximale Sicherheit und eignet sich hervorragend f\u00fcr hochwertige, individuelle Schmuckst\u00fccke.<\/p>\n<hr data-start=\"1926\" data-end=\"1929\" \/>\n<h4 data-start=\"1931\" data-end=\"1971\"><span class=\"ez-toc-section\" id=\"Mehr_uber_unsere_Edelsteine\"><\/span>Lisateavet meie v\u00e4\u00e4riskivide kohta<span class=\"ez-toc-section-end\"><\/span><\/h4>\n<p data-start=\"1972\" data-end=\"2069\"><a href=\"https:\/\/saphirsmaragd.com\/et\/product-category\/edelsteine-kaufen\/\">V\u00e4\u00e4riskivid<\/a><\/p>\n<hr data-start=\"2071\" data-end=\"2074\" \/>\n<h4 data-start=\"2076\" data-end=\"2096\"><span class=\"ez-toc-section\" id=\"Weitere_Infos\"><\/span>Lisateave<span class=\"ez-toc-section-end\"><\/span><\/h4>\n<p><a href=\"https:\/\/de.wikipedia.org\/wiki\/Cordierit\" target=\"_blank\" rel=\"noopener\">Wikipedia: Cordierit<\/a><\/p>","protected":false},"excerpt":{"rendered":"<p data-start=\"368\" data-end=\"656\"><em>Iolith 2.68 Karat Blau-Grau Kissen &#8211; Nat\u00fcrlicher Cordierit aus Madagaskar, kissenf\u00f6rmig facettiert, blau-grauer Dichroismus, unbehandelt, sehr kleine Einschl\u00fcsse (unter 10\u00d7 sichtbar), H\u00e4rte 7, inkl. Zertifikat von Val\u00e9rie DURAFFOURG (Gem-A).<\/em><\/p>\n<p data-start=\"658\" data-end=\"756\">\n<h3 data-start=\"660\" data-end=\"684\"><\/h3>\n<p data-start=\"575\" data-end=\"606\">","protected":false},"featured_media":2924,"comment_status":"open","ping_status":"closed","template":"","meta":{"_glsr_average":0,"_glsr_ranking":0,"_glsr_reviews":0},"product_brand":[],"product_cat":[277],"product_tag":[],"class_list":{"0":"post-2921","1":"product","2":"type-product","3":"status-publish","4":"has-post-thumbnail","6":"product_cat-iolith-cordierit","7":"pa_edelsteinart-iolith-cordierit","8":"pa_farbe-blau","9":"pa_form-kissen","10":"pa_gewicht-karat-1-0-3-0-karat","11":"pa_herkunft-madagaskar","12":"pa_reinheit-sehr-kleine-einschluesse","13":"pa_veredelung-behandlung-unbehandelt","14":"pa_zertifikat-ja","15":"pa_zustand-neu","17":"first","18":"instock","19":"featured","20":"sold-individually","21":"shipping-taxable","22":"purchasable","23":"product-type-simple","24":"add-to-wishlist-before_image"},"jetpack_sharing_enabled":true,"_links":{"self":[{"href":"https:\/\/saphirsmaragd.com\/et\/wp-json\/wp\/v2\/product\/2921","targetHints":{"allow":["GET"]}}],"collection":[{"href":"https:\/\/saphirsmaragd.com\/et\/wp-json\/wp\/v2\/product"}],"about":[{"href":"https:\/\/saphirsmaragd.com\/et\/wp-json\/wp\/v2\/types\/product"}],"replies":[{"embeddable":true,"href":"https:\/\/saphirsmaragd.com\/et\/wp-json\/wp\/v2\/comments?post=2921"}],"version-history":[{"count":1,"href":"https:\/\/saphirsmaragd.com\/et\/wp-json\/wp\/v2\/product\/2921\/revisions"}],"predecessor-version":[{"id":2925,"href":"https:\/\/saphirsmaragd.com\/et\/wp-json\/wp\/v2\/product\/2921\/revisions\/2925"}],"wp:featuredmedia":[{"embeddable":true,"href":"https:\/\/saphirsmaragd.com\/et\/wp-json\/wp\/v2\/media\/2924"}],"wp:attachment":[{"href":"https:\/\/saphirsmaragd.com\/et\/wp-json\/wp\/v2\/media?parent=2921"}],"wp:term":[{"taxonomy":"product_brand","embeddable":true,"href":"https:\/\/saphirsmaragd.com\/et\/wp-json\/wp\/v2\/product_brand?post=2921"},{"taxonomy":"product_cat","embeddable":true,"href":"https:\/\/saphirsmaragd.com\/et\/wp-json\/wp\/v2\/product_cat?post=2921"},{"taxonomy":"product_tag","embeddable":true,"href":"https:\/\/saphirsmaragd.com\/et\/wp-json\/wp\/v2\/product_tag?post=2921"}],"curies":[{"name":"wp","href":"https:\/\/api.w.org\/{rel}","templated":true}]}}