{"id":4211,"date":"2025-11-01T13:03:39","date_gmt":"2025-11-01T13:03:39","guid":{"rendered":"https:\/\/saphirsmaragd.com\/?post_type=product&#038;p=4211"},"modified":"2025-12-29T18:55:44","modified_gmt":"2025-12-29T18:55:44","slug":"turmalin-1-50-karat-blaugruen-rechteck","status":"publish","type":"product","link":"https:\/\/saphirsmaragd.com\/et\/toode\/turmalin-1-50-karat-blaugruen-rechteck\/","title":{"rendered":"Turmaliin 1,50 karaat sinakasroheline ristk\u00fclikukujuline \u2013 elegantne tahuline lihv intensiivse v\u00e4rvis\u00fcgavuse ja puhtusega"},"content":{"rendered":"<div id=\"ez-toc-container\" class=\"ez-toc-v2_0_82_2 counter-hierarchy ez-toc-counter ez-toc-grey ez-toc-container-direction\">\n<div class=\"ez-toc-title-container\">\n<p class=\"ez-toc-title\" style=\"cursor:inherit\">Sisukord<\/p>\n<span class=\"ez-toc-title-toggle\"><a href=\"#\" class=\"ez-toc-pull-right ez-toc-btn ez-toc-btn-xs ez-toc-btn-default ez-toc-toggle\" aria-label=\"Toggle Table of Content\"><span class=\"ez-toc-js-icon-con\"><span class=\"\"><span class=\"eztoc-hide\" style=\"display:none;\">L\u00fclitage sisse\/v\u00e4lja<\/span><span class=\"ez-toc-icon-toggle-span\"><svg style=\"fill: #999;color:#999\" xmlns=\"http:\/\/www.w3.org\/2000\/svg\" class=\"list-377408\" width=\"20px\" height=\"20px\" viewbox=\"0 0 24 24\" fill=\"none\"><path d=\"M6 6H4v2h2V6zm14 0H8v2h12V6zM4 11h2v2H4v-2zm16 0H8v2h12v-2zM4 16h2v2H4v-2zm16 0H8v2h12v-2z\" fill=\"currentColor\"><\/path><\/svg><svg style=\"fill: #999;color:#999\" class=\"arrow-unsorted-368013\" xmlns=\"http:\/\/www.w3.org\/2000\/svg\" width=\"10px\" height=\"10px\" viewbox=\"0 0 24 24\" version=\"1.2\" baseprofile=\"tiny\"><path d=\"M18.2 9.3l-6.2-6.3-6.2 6.3c-.2.2-.3.4-.3.7s.1.5.3.7c.2.2.4.3.7.3h11c.3 0 .5-.1.7-.3.2-.2.3-.5.3-.7s-.1-.5-.3-.7zM5.8 14.7l6.2 6.3 6.2-6.3c.2-.2.3-.5.3-.7s-.1-.5-.3-.7c-.2-.2-.4-.3-.7-.3h-11c-.3 0-.5.1-.7.3-.2.2-.3.5-.3.7s.1.5.3.7z\"\/><\/svg><\/span><\/span><\/span><\/a><\/span><\/div>\n<nav><ul class='ez-toc-list ez-toc-list-level-1' ><li class='ez-toc-page-1 ez-toc-heading-level-4'><a class=\"ez-toc-link ez-toc-heading-1\" href=\"https:\/\/saphirsmaragd.com\/et\/toode\/turmalin-1-50-karat-blaugruen-rechteck\/#Turmalin_150_Karat_Blaugrun_Rechteck_%E2%80%93_faszinierender_Edelstein_mit_Farbverlauf_und_Brillanz\" >Turmalin 1.50 Karat Blaugr\u00fcn Rechteck \u2013 faszinierender Edelstein mit Farbverlauf und Brillanz<\/a><\/li><li class='ez-toc-page-1 ez-toc-heading-level-4'><a class=\"ez-toc-link ez-toc-heading-2\" href=\"https:\/\/saphirsmaragd.com\/et\/toode\/turmalin-1-50-karat-blaugruen-rechteck\/#Merkmale_Herkunft\" >Omadused ja p\u00e4ritolu<\/a><\/li><li class='ez-toc-page-1 ez-toc-heading-level-4'><a class=\"ez-toc-link ez-toc-heading-3\" href=\"https:\/\/saphirsmaragd.com\/et\/toode\/turmalin-1-50-karat-blaugruen-rechteck\/#Besonderheiten\" >Erifunktsioonid<\/a><\/li><li class='ez-toc-page-1 ez-toc-heading-level-4'><a class=\"ez-toc-link ez-toc-heading-4\" href=\"https:\/\/saphirsmaragd.com\/et\/toode\/turmalin-1-50-karat-blaugruen-rechteck\/#Mehr_uber_unsere_Edelsteine\" >Lisateavet meie v\u00e4\u00e4riskivide kohta<\/a><\/li><li class='ez-toc-page-1 ez-toc-heading-level-4'><a class=\"ez-toc-link ez-toc-heading-5\" href=\"https:\/\/saphirsmaragd.com\/et\/toode\/turmalin-1-50-karat-blaugruen-rechteck\/#Weitere_Infos\" >Lisateave<\/a><\/li><\/ul><\/nav><\/div>\n<h4 data-start=\"874\" data-end=\"974\"><span class=\"ez-toc-section\" id=\"Turmalin_150_Karat_Blaugrun_Rechteck_%E2%80%93_faszinierender_Edelstein_mit_Farbverlauf_und_Brillanz\"><\/span>Turmalin 1.50 Karat Blaugr\u00fcn Rechteck \u2013 faszinierender Edelstein mit Farbverlauf und Brillanz<span class=\"ez-toc-section-end\"><\/span><\/h4>\n<p data-start=\"975\" data-end=\"1484\">Dieser prachtvolle Turmalin in Blaugr\u00fcn besticht durch au\u00dfergew\u00f6hnliche Klarheit und einen feinen Farbverlauf, der an die Tiefen des Meeres erinnert. Mit 1.50 Karat Gewicht und pr\u00e4zisem rechteckigem Facettenschliff (9.6 \u00d7 4.7 mm) zeigt der Stein h\u00f6chste Transparenz und Lichtreflexion. Sein eleganter Baguette-Schliff unterstreicht die nat\u00fcrliche Intensit\u00e4t und Reinheit des Edelsteins. Ein exquisites Einzelst\u00fcck, das sowohl f\u00fcr edlen Schmuck als auch f\u00fcr anspruchsvolle Sammler von Natursteinen ideal ist.<\/p>\n<hr data-start=\"1486\" data-end=\"1489\" \/>\n<h4 data-start=\"1491\" data-end=\"1520\"><span class=\"ez-toc-section\" id=\"Merkmale_Herkunft\"><\/span>Omadused ja p\u00e4ritolu<span class=\"ez-toc-section-end\"><\/span><\/h4>\n<p data-start=\"1521\" data-end=\"1789\">Steinart: Turmalin<br data-start=\"1539\" data-end=\"1542\" \/>V\u00e4rv: sinakasroheline<br data-start=\"1557\" data-end=\"1560\" \/>Form: Rechteck (Facettiert)<br data-start=\"1587\" data-end=\"1590\" \/>Gewicht: 1.50 Karat<br data-start=\"1609\" data-end=\"1612\" \/>K\u00f5vadus: 7 Mohsi skaalal<br data-start=\"1639\" data-end=\"1642\" \/>Gr\u00f6\u00dfe: 9.6 \u00d7 4.7 mm<br data-start=\"1661\" data-end=\"1664\" \/>Puhtus: luup puhtaks<br data-start=\"1683\" data-end=\"1686\" \/>Ravi: t\u00f6\u00f6tlemata<br data-start=\"1709\" data-end=\"1712\" \/>P\u00e4ritolu: Brasiilia<br data-start=\"1731\" data-end=\"1734\" \/>Tunnistus: Val\u00e9rie DURAFFOURG (Gem-A)<br data-start=\"1772\" data-end=\"1775\" \/>Seisukord: Uus<\/p>\n<hr data-start=\"1791\" data-end=\"1794\" \/>\n<h4 data-start=\"1796\" data-end=\"1820\"><span class=\"ez-toc-section\" id=\"Besonderheiten\"><\/span>Erifunktsioonid<span class=\"ez-toc-section-end\"><\/span><\/h4>\n<p data-start=\"1821\" data-end=\"2288\">Der <strong data-start=\"1825\" data-end=\"1866\">Turmalin 1.50 Karat Blaugr\u00fcn Rechteck<\/strong> zeichnet sich durch einen feinen Farbverlauf aus, der in unterschiedlichen Lichtverh\u00e4ltnissen von sattem Blau bis hin zu sanftem Gr\u00fcn changiert. Diese Kombination macht ihn zu einem seltenen Sammlerst\u00fcck und einer hervorragenden Wahl f\u00fcr ma\u00dfgefertigte Schmuckdesigns. Die Qualit\u00e4t dieses Edelsteins wird durch sein offizielles Zertifikat von Val\u00e9rie DURAFFOURG best\u00e4tigt \u2013 ein Symbol f\u00fcr Echtheit und gepr\u00fcfte Reinheit.<\/p>\n<hr data-start=\"1926\" data-end=\"1929\" \/>\n<h4 data-start=\"1931\" data-end=\"1971\"><span class=\"ez-toc-section\" id=\"Mehr_uber_unsere_Edelsteine\"><\/span>Lisateavet meie v\u00e4\u00e4riskivide kohta<span class=\"ez-toc-section-end\"><\/span><\/h4>\n<p data-start=\"1972\" data-end=\"2069\"><a href=\"https:\/\/saphirsmaragd.com\/et\/product-category\/edelsteine-kaufen\/\">V\u00e4\u00e4riskivid<\/a><\/p>\n<hr data-start=\"2071\" data-end=\"2074\" \/>\n<h4 data-start=\"2076\" data-end=\"2096\"><span class=\"ez-toc-section\" id=\"Weitere_Infos\"><\/span>Lisateave<span class=\"ez-toc-section-end\"><\/span><\/h4>\n<p><a href=\"https:\/\/de.wikipedia.org\/wiki\/Turmalin\" target=\"_blank\" rel=\"noopener\">Wikipedia: Turmalin<\/a><\/p>","protected":false},"excerpt":{"rendered":"<p data-start=\"479\" data-end=\"724\"><em>Dieser Turmalin 1.50 Karat Blaugr\u00fcn Rechteck begeistert mit feinem Baguette-Schliff, intensiver Farbe und nat\u00fcrlicher Reinheit. Ein au\u00dfergew\u00f6hnlicher Edelstein mit elegantem Farbverlauf und Zertifikat \u2013 ideal f\u00fcr edle Schmuckst\u00fccke oder Sammler.<\/em><\/p>\n<h2 data-start=\"523\" data-end=\"548\"><\/h2>","protected":false},"featured_media":4213,"comment_status":"open","ping_status":"closed","template":"","meta":{"_glsr_average":0,"_glsr_ranking":0,"_glsr_reviews":0},"product_brand":[],"product_cat":[109],"product_tag":[],"class_list":{"0":"post-4211","1":"product","2":"type-product","3":"status-publish","4":"has-post-thumbnail","6":"product_cat-turmalin-kaufen","7":"pa_edelsteinart-turmalin","8":"pa_farbe-gruen","9":"pa_form-rechteck","10":"pa_gewicht-karat-1-0-3-0-karat","11":"pa_herkunft-brasilien","12":"pa_reinheit-lupenrein","13":"pa_veredelung-behandlung-unbehandelt","14":"pa_zertifikat-ja","15":"pa_zustand-neu","17":"first","18":"instock","19":"featured","20":"sold-individually","21":"shipping-taxable","22":"purchasable","23":"product-type-simple","24":"add-to-wishlist-before_image"},"jetpack_sharing_enabled":true,"_links":{"self":[{"href":"https:\/\/saphirsmaragd.com\/et\/wp-json\/wp\/v2\/product\/4211","targetHints":{"allow":["GET"]}}],"collection":[{"href":"https:\/\/saphirsmaragd.com\/et\/wp-json\/wp\/v2\/product"}],"about":[{"href":"https:\/\/saphirsmaragd.com\/et\/wp-json\/wp\/v2\/types\/product"}],"replies":[{"embeddable":true,"href":"https:\/\/saphirsmaragd.com\/et\/wp-json\/wp\/v2\/comments?post=4211"}],"version-history":[{"count":2,"href":"https:\/\/saphirsmaragd.com\/et\/wp-json\/wp\/v2\/product\/4211\/revisions"}],"predecessor-version":[{"id":4216,"href":"https:\/\/saphirsmaragd.com\/et\/wp-json\/wp\/v2\/product\/4211\/revisions\/4216"}],"wp:featuredmedia":[{"embeddable":true,"href":"https:\/\/saphirsmaragd.com\/et\/wp-json\/wp\/v2\/media\/4213"}],"wp:attachment":[{"href":"https:\/\/saphirsmaragd.com\/et\/wp-json\/wp\/v2\/media?parent=4211"}],"wp:term":[{"taxonomy":"product_brand","embeddable":true,"href":"https:\/\/saphirsmaragd.com\/et\/wp-json\/wp\/v2\/product_brand?post=4211"},{"taxonomy":"product_cat","embeddable":true,"href":"https:\/\/saphirsmaragd.com\/et\/wp-json\/wp\/v2\/product_cat?post=4211"},{"taxonomy":"product_tag","embeddable":true,"href":"https:\/\/saphirsmaragd.com\/et\/wp-json\/wp\/v2\/product_tag?post=4211"}],"curies":[{"name":"wp","href":"https:\/\/api.w.org\/{rel}","templated":true}]}}