{"id":4217,"date":"2025-11-01T13:07:33","date_gmt":"2025-11-01T13:07:33","guid":{"rendered":"https:\/\/saphirsmaragd.com\/?post_type=product&#038;p=4217"},"modified":"2025-12-29T18:55:43","modified_gmt":"2025-12-29T18:55:43","slug":"turmalin-1-12-karat-blaugruen-dreieck","status":"publish","type":"product","link":"https:\/\/saphirsmaragd.com\/et\/toode\/turmalin-1-12-karat-blaugruen-dreieck\/","title":{"rendered":"Turmaliin 1,12 karaadine sinakasroheline kolmnurk \u2013 tahuline v\u00e4\u00e4riskivi loomuliku s\u00fcgavuse ja erksa l\u00e4ikega"},"content":{"rendered":"<div id=\"ez-toc-container\" class=\"ez-toc-v2_0_82_2 counter-hierarchy ez-toc-counter ez-toc-grey ez-toc-container-direction\">\n<div class=\"ez-toc-title-container\">\n<p class=\"ez-toc-title\" style=\"cursor:inherit\">Sisukord<\/p>\n<span class=\"ez-toc-title-toggle\"><a href=\"#\" class=\"ez-toc-pull-right ez-toc-btn ez-toc-btn-xs ez-toc-btn-default ez-toc-toggle\" aria-label=\"Toggle Table of Content\"><span class=\"ez-toc-js-icon-con\"><span class=\"\"><span class=\"eztoc-hide\" style=\"display:none;\">L\u00fclitage sisse\/v\u00e4lja<\/span><span class=\"ez-toc-icon-toggle-span\"><svg style=\"fill: #999;color:#999\" xmlns=\"http:\/\/www.w3.org\/2000\/svg\" class=\"list-377408\" width=\"20px\" height=\"20px\" viewbox=\"0 0 24 24\" fill=\"none\"><path d=\"M6 6H4v2h2V6zm14 0H8v2h12V6zM4 11h2v2H4v-2zm16 0H8v2h12v-2zM4 16h2v2H4v-2zm16 0H8v2h12v-2z\" fill=\"currentColor\"><\/path><\/svg><svg style=\"fill: #999;color:#999\" class=\"arrow-unsorted-368013\" xmlns=\"http:\/\/www.w3.org\/2000\/svg\" width=\"10px\" height=\"10px\" viewbox=\"0 0 24 24\" version=\"1.2\" baseprofile=\"tiny\"><path d=\"M18.2 9.3l-6.2-6.3-6.2 6.3c-.2.2-.3.4-.3.7s.1.5.3.7c.2.2.4.3.7.3h11c.3 0 .5-.1.7-.3.2-.2.3-.5.3-.7s-.1-.5-.3-.7zM5.8 14.7l6.2 6.3 6.2-6.3c.2-.2.3-.5.3-.7s-.1-.5-.3-.7c-.2-.2-.4-.3-.7-.3h-11c-.3 0-.5.1-.7.3-.2.2-.3.5-.3.7s.1.5.3.7z\"\/><\/svg><\/span><\/span><\/span><\/a><\/span><\/div>\n<nav><ul class='ez-toc-list ez-toc-list-level-1' ><li class='ez-toc-page-1 ez-toc-heading-level-4'><a class=\"ez-toc-link ez-toc-heading-1\" href=\"https:\/\/saphirsmaragd.com\/et\/toode\/turmalin-1-12-karat-blaugruen-dreieck\/#Turmalin_112_Karat_Blaugrun_Dreieck_%E2%80%93_intensiver_Farbstein_mit_naturlicher_Ausstrahlung\" >Turmalin 1.12 Karat Blaugr\u00fcn Dreieck \u2013 intensiver Farbstein mit nat\u00fcrlicher Ausstrahlung<\/a><\/li><li class='ez-toc-page-1 ez-toc-heading-level-4'><a class=\"ez-toc-link ez-toc-heading-2\" href=\"https:\/\/saphirsmaragd.com\/et\/toode\/turmalin-1-12-karat-blaugruen-dreieck\/#Merkmale_Herkunft\" >Omadused ja p\u00e4ritolu<\/a><\/li><li class='ez-toc-page-1 ez-toc-heading-level-4'><a class=\"ez-toc-link ez-toc-heading-3\" href=\"https:\/\/saphirsmaragd.com\/et\/toode\/turmalin-1-12-karat-blaugruen-dreieck\/#Besonderheiten\" >Erifunktsioonid<\/a><\/li><li class='ez-toc-page-1 ez-toc-heading-level-4'><a class=\"ez-toc-link ez-toc-heading-4\" href=\"https:\/\/saphirsmaragd.com\/et\/toode\/turmalin-1-12-karat-blaugruen-dreieck\/#Mehr_uber_unsere_Edelsteine\" >Lisateavet meie v\u00e4\u00e4riskivide kohta<\/a><\/li><li class='ez-toc-page-1 ez-toc-heading-level-4'><a class=\"ez-toc-link ez-toc-heading-5\" href=\"https:\/\/saphirsmaragd.com\/et\/toode\/turmalin-1-12-karat-blaugruen-dreieck\/#Weitere_Infos\" >Lisateave<\/a><\/li><\/ul><\/nav><\/div>\n<h4 data-start=\"871\" data-end=\"966\"><span class=\"ez-toc-section\" id=\"Turmalin_112_Karat_Blaugrun_Dreieck_%E2%80%93_intensiver_Farbstein_mit_naturlicher_Ausstrahlung\"><\/span>Turmalin 1.12 Karat Blaugr\u00fcn Dreieck \u2013 intensiver Farbstein mit nat\u00fcrlicher Ausstrahlung<span class=\"ez-toc-section-end\"><\/span><\/h4>\n<p data-start=\"967\" data-end=\"1462\">Dieser elegante Turmalin zeigt ein faszinierendes Zusammenspiel aus Blau und Gr\u00fcn, das an klare Ozeanfarben erinnert. Mit einem Gewicht von 1.12 Karat und einem fein facettierten Dreiecksschliff (6.69 \u00d7 6.43 mm) besticht der Stein durch Tiefe und Leuchtkraft. Die wenigen sichtbaren Einschl\u00fcsse verleihen ihm einen authentischen Charakter, w\u00e4hrend die brillante Politur das Licht perfekt einf\u00e4ngt. Ein stilvoller Edelstein f\u00fcr Sammler, Schmuckdesigner und Liebhaber nat\u00fcrlicher Farbedelsteine.<\/p>\n<hr data-start=\"1464\" data-end=\"1467\" \/>\n<h4 data-start=\"1469\" data-end=\"1498\"><span class=\"ez-toc-section\" id=\"Merkmale_Herkunft\"><\/span>Omadused ja p\u00e4ritolu<span class=\"ez-toc-section-end\"><\/span><\/h4>\n<p data-start=\"1499\" data-end=\"1780\">Steinart: Turmalin<br data-start=\"1517\" data-end=\"1520\" \/>V\u00e4rv: sinakasroheline<br data-start=\"1535\" data-end=\"1538\" \/>Form: Dreieck (Facettiert)<br data-start=\"1564\" data-end=\"1567\" \/>Gewicht: 1.12 Karat<br data-start=\"1586\" data-end=\"1589\" \/>K\u00f5vadus: 7 Mohsi skaalal<br data-start=\"1616\" data-end=\"1619\" \/>Gr\u00f6\u00dfe: 6.69 \u00d7 6.43 mm<br data-start=\"1640\" data-end=\"1643\" \/>Puhtus: Selged lisandid<br data-start=\"1674\" data-end=\"1677\" \/>Ravi: t\u00f6\u00f6tlemata<br data-start=\"1700\" data-end=\"1703\" \/>P\u00e4ritolu: Brasiilia<br data-start=\"1722\" data-end=\"1725\" \/>Tunnistus: Val\u00e9rie DURAFFOURG (Gem-A)<br data-start=\"1763\" data-end=\"1766\" \/>Seisukord: Uus<\/p>\n<hr data-start=\"1782\" data-end=\"1785\" \/>\n<h4 data-start=\"1787\" data-end=\"1811\"><span class=\"ez-toc-section\" id=\"Besonderheiten\"><\/span>Erifunktsioonid<span class=\"ez-toc-section-end\"><\/span><\/h4>\n<p data-start=\"1812\" data-end=\"2194\">Der Turmalin 1.12 Karat Blaugr\u00fcn Dreieck vereint eine au\u00dfergew\u00f6hnliche Form mit einem faszinierenden Farbverlauf. Sein facettierter Schliff bringt das Spiel von Blau und Gr\u00fcn harmonisch zur Geltung. In der Edelsteinwelt gilt Blaugr\u00fcn-Turmalin als Symbol f\u00fcr Ausgeglichenheit, Klarheit und kreative Energie \u2013 ein seltener Stein, der Eleganz und Nat\u00fcrlichkeit perfekt verbindet.<\/p>\n<hr data-start=\"1926\" data-end=\"1929\" \/>\n<h4 data-start=\"1931\" data-end=\"1971\"><span class=\"ez-toc-section\" id=\"Mehr_uber_unsere_Edelsteine\"><\/span>Lisateavet meie v\u00e4\u00e4riskivide kohta<span class=\"ez-toc-section-end\"><\/span><\/h4>\n<p data-start=\"1972\" data-end=\"2069\"><a href=\"https:\/\/saphirsmaragd.com\/et\/product-category\/edelsteine-kaufen\/\">V\u00e4\u00e4riskivid<\/a><\/p>\n<hr data-start=\"2071\" data-end=\"2074\" \/>\n<h4 data-start=\"2076\" data-end=\"2096\"><span class=\"ez-toc-section\" id=\"Weitere_Infos\"><\/span>Lisateave<span class=\"ez-toc-section-end\"><\/span><\/h4>\n<p><a href=\"https:\/\/de.wikipedia.org\/wiki\/Turmalin\" target=\"_blank\" rel=\"noopener\">Wikipedia: Turmalin<\/a><\/p>","protected":false},"excerpt":{"rendered":"<p data-start=\"492\" data-end=\"722\"><em>Dieser Turmalin 1.12 Karat Blaugr\u00fcn Dreieck beeindruckt mit intensiver Farbe, nat\u00fcrlicher Transparenz und pr\u00e4zisem Facettenschliff. Ein einzigartiger Edelstein mit Zertifikat \u2013 ideal f\u00fcr feine Schmuckdesigns oder als Sammlerst\u00fcck.<\/em><\/p>\n<h2 data-start=\"523\" data-end=\"548\"><\/h2>","protected":false},"featured_media":4220,"comment_status":"open","ping_status":"closed","template":"","meta":{"_glsr_average":0,"_glsr_ranking":0,"_glsr_reviews":0},"product_brand":[],"product_cat":[109],"product_tag":[],"class_list":{"0":"post-4217","1":"product","2":"type-product","3":"status-publish","4":"has-post-thumbnail","6":"product_cat-turmalin-kaufen","7":"pa_edelsteinart-turmalin","8":"pa_farbe-gruen","9":"pa_form-dreieck","10":"pa_gewicht-karat-1-0-3-0-karat","11":"pa_herkunft-brasilien","12":"pa_reinheit-deutliche-einschluesse","13":"pa_veredelung-behandlung-unbehandelt","14":"pa_zertifikat-ja","15":"pa_zustand-neu","17":"first","18":"instock","19":"featured","20":"sold-individually","21":"shipping-taxable","22":"purchasable","23":"product-type-simple","24":"add-to-wishlist-before_image"},"jetpack_sharing_enabled":true,"_links":{"self":[{"href":"https:\/\/saphirsmaragd.com\/et\/wp-json\/wp\/v2\/product\/4217","targetHints":{"allow":["GET"]}}],"collection":[{"href":"https:\/\/saphirsmaragd.com\/et\/wp-json\/wp\/v2\/product"}],"about":[{"href":"https:\/\/saphirsmaragd.com\/et\/wp-json\/wp\/v2\/types\/product"}],"replies":[{"embeddable":true,"href":"https:\/\/saphirsmaragd.com\/et\/wp-json\/wp\/v2\/comments?post=4217"}],"version-history":[{"count":1,"href":"https:\/\/saphirsmaragd.com\/et\/wp-json\/wp\/v2\/product\/4217\/revisions"}],"predecessor-version":[{"id":4221,"href":"https:\/\/saphirsmaragd.com\/et\/wp-json\/wp\/v2\/product\/4217\/revisions\/4221"}],"wp:featuredmedia":[{"embeddable":true,"href":"https:\/\/saphirsmaragd.com\/et\/wp-json\/wp\/v2\/media\/4220"}],"wp:attachment":[{"href":"https:\/\/saphirsmaragd.com\/et\/wp-json\/wp\/v2\/media?parent=4217"}],"wp:term":[{"taxonomy":"product_brand","embeddable":true,"href":"https:\/\/saphirsmaragd.com\/et\/wp-json\/wp\/v2\/product_brand?post=4217"},{"taxonomy":"product_cat","embeddable":true,"href":"https:\/\/saphirsmaragd.com\/et\/wp-json\/wp\/v2\/product_cat?post=4217"},{"taxonomy":"product_tag","embeddable":true,"href":"https:\/\/saphirsmaragd.com\/et\/wp-json\/wp\/v2\/product_tag?post=4217"}],"curies":[{"name":"wp","href":"https:\/\/api.w.org\/{rel}","templated":true}]}}