{"id":4269,"date":"2025-11-02T11:30:50","date_gmt":"2025-11-02T11:30:50","guid":{"rendered":"https:\/\/saphirsmaragd.com\/?post_type=product&#038;p=4269"},"modified":"2025-12-29T18:50:21","modified_gmt":"2025-12-29T18:50:21","slug":"turmalin-0-61-karat-braun-tropfen","status":"publish","type":"product","link":"https:\/\/saphirsmaragd.com\/et\/toode\/turmalin-0-61-karat-braun-tropfen\/","title":{"rendered":"Turmalin 0.61 Karat Braun Tropfen \u2013 facettierter Naturstein in zartem Hellbraun mit sanfter Brillanz"},"content":{"rendered":"<div id=\"ez-toc-container\" class=\"ez-toc-v2_0_82_2 counter-hierarchy ez-toc-counter ez-toc-grey ez-toc-container-direction\">\n<div class=\"ez-toc-title-container\">\n<p class=\"ez-toc-title\" style=\"cursor:inherit\">Sisukord<\/p>\n<span class=\"ez-toc-title-toggle\"><a href=\"#\" class=\"ez-toc-pull-right ez-toc-btn ez-toc-btn-xs ez-toc-btn-default ez-toc-toggle\" aria-label=\"Toggle Table of Content\"><span class=\"ez-toc-js-icon-con\"><span class=\"\"><span class=\"eztoc-hide\" style=\"display:none;\">L\u00fclitage sisse\/v\u00e4lja<\/span><span class=\"ez-toc-icon-toggle-span\"><svg style=\"fill: #999;color:#999\" xmlns=\"http:\/\/www.w3.org\/2000\/svg\" class=\"list-377408\" width=\"20px\" height=\"20px\" viewbox=\"0 0 24 24\" fill=\"none\"><path d=\"M6 6H4v2h2V6zm14 0H8v2h12V6zM4 11h2v2H4v-2zm16 0H8v2h12v-2zM4 16h2v2H4v-2zm16 0H8v2h12v-2z\" fill=\"currentColor\"><\/path><\/svg><svg style=\"fill: #999;color:#999\" class=\"arrow-unsorted-368013\" xmlns=\"http:\/\/www.w3.org\/2000\/svg\" width=\"10px\" height=\"10px\" viewbox=\"0 0 24 24\" version=\"1.2\" baseprofile=\"tiny\"><path d=\"M18.2 9.3l-6.2-6.3-6.2 6.3c-.2.2-.3.4-.3.7s.1.5.3.7c.2.2.4.3.7.3h11c.3 0 .5-.1.7-.3.2-.2.3-.5.3-.7s-.1-.5-.3-.7zM5.8 14.7l6.2 6.3 6.2-6.3c.2-.2.3-.5.3-.7s-.1-.5-.3-.7c-.2-.2-.4-.3-.7-.3h-11c-.3 0-.5.1-.7.3-.2.2-.3.5-.3.7s.1.5.3.7z\"\/><\/svg><\/span><\/span><\/span><\/a><\/span><\/div>\n<nav><ul class='ez-toc-list ez-toc-list-level-1' ><li class='ez-toc-page-1 ez-toc-heading-level-4'><a class=\"ez-toc-link ez-toc-heading-1\" href=\"https:\/\/saphirsmaragd.com\/et\/toode\/turmalin-0-61-karat-braun-tropfen\/#Turmalin_061_Karat_Braun_Tropfen_%E2%80%93_naturliche_Warme_und_dezente_Eleganz\" >Turmalin 0.61 Karat Braun Tropfen \u2013 nat\u00fcrliche W\u00e4rme und dezente Eleganz<\/a><\/li><li class='ez-toc-page-1 ez-toc-heading-level-4'><a class=\"ez-toc-link ez-toc-heading-2\" href=\"https:\/\/saphirsmaragd.com\/et\/toode\/turmalin-0-61-karat-braun-tropfen\/#Merkmale_Herkunft\" >Omadused ja p\u00e4ritolu<\/a><\/li><li class='ez-toc-page-1 ez-toc-heading-level-4'><a class=\"ez-toc-link ez-toc-heading-3\" href=\"https:\/\/saphirsmaragd.com\/et\/toode\/turmalin-0-61-karat-braun-tropfen\/#Besonderheiten\" >Erifunktsioonid<\/a><\/li><li class='ez-toc-page-1 ez-toc-heading-level-4'><a class=\"ez-toc-link ez-toc-heading-4\" href=\"https:\/\/saphirsmaragd.com\/et\/toode\/turmalin-0-61-karat-braun-tropfen\/#Mehr_uber_unsere_Edelsteine\" >Lisateavet meie v\u00e4\u00e4riskivide kohta<\/a><\/li><li class='ez-toc-page-1 ez-toc-heading-level-4'><a class=\"ez-toc-link ez-toc-heading-5\" href=\"https:\/\/saphirsmaragd.com\/et\/toode\/turmalin-0-61-karat-braun-tropfen\/#Weitere_Infos\" >Lisateave<\/a><\/li><\/ul><\/nav><\/div>\n<h4 data-start=\"838\" data-end=\"917\"><span class=\"ez-toc-section\" id=\"Turmalin_061_Karat_Braun_Tropfen_%E2%80%93_naturliche_Warme_und_dezente_Eleganz\"><\/span>Turmalin 0.61 Karat Braun Tropfen \u2013 nat\u00fcrliche W\u00e4rme und dezente Eleganz<span class=\"ez-toc-section-end\"><\/span><\/h4>\n<p data-start=\"918\" data-end=\"1189\">Dieser charmante Turmalin 0.61 Karat Braun Tropfen \u00fcberzeugt durch seine zarte, warme Farbgebung und die feine Transparenz. Der facettierte Tropfenschliff bringt den nat\u00fcrlichen Glanz des Steins perfekt zur Geltung und erzeugt ein sanftes Spiel aus Licht und Tiefe.<\/p>\n<p data-start=\"1191\" data-end=\"1367\">Mit den Ma\u00dfen 7 \u00d7 5 mm und einer H\u00e4rte von 7 auf der Mohs-Skala ist dieser Stein widerstandsf\u00e4hig und ideal f\u00fcr filigrane Schmuckst\u00fccke wie Anh\u00e4nger oder Ohrstecker geeignet.<\/p>\n<hr data-start=\"1369\" data-end=\"1372\" \/>\n<h4 data-start=\"1374\" data-end=\"1403\"><span class=\"ez-toc-section\" id=\"Merkmale_Herkunft\"><\/span>Omadused ja p\u00e4ritolu<span class=\"ez-toc-section-end\"><\/span><\/h4>\n<p data-start=\"1404\" data-end=\"1683\">Steinart: Turmalin<br data-start=\"1422\" data-end=\"1425\" \/>Farbe: Hellbraun<br data-start=\"1441\" data-end=\"1444\" \/>Kuju: kuju: tilgakujuline<br data-start=\"1468\" data-end=\"1471\" \/>Gewicht: 0.61 Karat<br data-start=\"1490\" data-end=\"1493\" \/>K\u00f5vadus: 7 Mohsi skaalal<br data-start=\"1520\" data-end=\"1523\" \/>Gr\u00f6\u00dfe: 7 \u00d7 5 mm<br data-start=\"1538\" data-end=\"1541\" \/>Reinheit: Kleine Einschl\u00fcsse<br data-start=\"1569\" data-end=\"1572\" \/>Ravi: t\u00f6\u00f6tlemata<br data-start=\"1595\" data-end=\"1598\" \/>P\u00e4ritolu: Brasiilia<br data-start=\"1617\" data-end=\"1620\" \/>Zertifikat: Val\u00e9rie DURAFFOURG (Gem-A, London)<br data-start=\"1666\" data-end=\"1669\" \/>Seisukord: Uus<\/p>\n<hr data-start=\"1685\" data-end=\"1688\" \/>\n<h4 data-start=\"1690\" data-end=\"1714\"><span class=\"ez-toc-section\" id=\"Besonderheiten\"><\/span>Erifunktsioonid<span class=\"ez-toc-section-end\"><\/span><\/h4>\n<p data-start=\"1715\" data-end=\"1995\">Der Turmalin 0.61 Karat Braun Tropfen zeigt die nat\u00fcrliche Sch\u00f6nheit des braunen Turmalins in seiner reinsten Form. Seine sanfte, leicht champagnerfarbene T\u00f6nung harmoniert perfekt mit Gold- oder Ros\u00e9goldfassungen und unterstreicht einen modernen, zugleich klassischen Stil.<\/p>\n<hr data-start=\"1926\" data-end=\"1929\" \/>\n<h4 data-start=\"1931\" data-end=\"1971\"><span class=\"ez-toc-section\" id=\"Mehr_uber_unsere_Edelsteine\"><\/span>Lisateavet meie v\u00e4\u00e4riskivide kohta<span class=\"ez-toc-section-end\"><\/span><\/h4>\n<p data-start=\"1972\" data-end=\"2069\"><a href=\"https:\/\/saphirsmaragd.com\/et\/product-category\/edelsteine-kaufen\/\">V\u00e4\u00e4riskivid<\/a><\/p>\n<hr data-start=\"2071\" data-end=\"2074\" \/>\n<h4 data-start=\"2076\" data-end=\"2096\"><span class=\"ez-toc-section\" id=\"Weitere_Infos\"><\/span>Lisateave<span class=\"ez-toc-section-end\"><\/span><\/h4>\n<p><a href=\"https:\/\/de.wikipedia.org\/wiki\/Turmalin\" target=\"_blank\" rel=\"noopener\">Wikipedia: Turmalin<\/a><\/p>","protected":false},"excerpt":{"rendered":"<p data-start=\"475\" data-end=\"692\"><em>Dieser Turmalin 0.61 Karat Braun Tropfen besticht durch seinen nat\u00fcrlichen hellbraunen Schimmer und klare Transparenz. Ein zertifizierter Edelstein mit feiner Facettierung \u2013 perfekt f\u00fcr individuelle Schmuckkreationen.<\/em><\/p>\n<h2 data-start=\"523\" data-end=\"548\"><\/h2>","protected":false},"featured_media":4272,"comment_status":"open","ping_status":"closed","template":"","meta":{"_glsr_average":0,"_glsr_ranking":0,"_glsr_reviews":0},"product_brand":[],"product_cat":[109],"product_tag":[],"class_list":{"0":"post-4269","1":"product","2":"type-product","3":"status-publish","4":"has-post-thumbnail","6":"product_cat-turmalin-kaufen","7":"pa_edelsteinart-turmalin","8":"pa_farbe-braun","9":"pa_form-tropfen","10":"pa_gewicht-karat-0-5-1-0-karat","11":"pa_herkunft-brasilien","12":"pa_reinheit-kleine-einschluesse","13":"pa_veredelung-behandlung-unbehandelt","14":"pa_zertifikat-ja","15":"pa_zustand-neu","17":"first","18":"instock","19":"featured","20":"sold-individually","21":"shipping-taxable","22":"purchasable","23":"product-type-simple","24":"add-to-wishlist-before_image"},"jetpack_sharing_enabled":true,"_links":{"self":[{"href":"https:\/\/saphirsmaragd.com\/et\/wp-json\/wp\/v2\/product\/4269","targetHints":{"allow":["GET"]}}],"collection":[{"href":"https:\/\/saphirsmaragd.com\/et\/wp-json\/wp\/v2\/product"}],"about":[{"href":"https:\/\/saphirsmaragd.com\/et\/wp-json\/wp\/v2\/types\/product"}],"replies":[{"embeddable":true,"href":"https:\/\/saphirsmaragd.com\/et\/wp-json\/wp\/v2\/comments?post=4269"}],"version-history":[{"count":1,"href":"https:\/\/saphirsmaragd.com\/et\/wp-json\/wp\/v2\/product\/4269\/revisions"}],"predecessor-version":[{"id":4273,"href":"https:\/\/saphirsmaragd.com\/et\/wp-json\/wp\/v2\/product\/4269\/revisions\/4273"}],"wp:featuredmedia":[{"embeddable":true,"href":"https:\/\/saphirsmaragd.com\/et\/wp-json\/wp\/v2\/media\/4272"}],"wp:attachment":[{"href":"https:\/\/saphirsmaragd.com\/et\/wp-json\/wp\/v2\/media?parent=4269"}],"wp:term":[{"taxonomy":"product_brand","embeddable":true,"href":"https:\/\/saphirsmaragd.com\/et\/wp-json\/wp\/v2\/product_brand?post=4269"},{"taxonomy":"product_cat","embeddable":true,"href":"https:\/\/saphirsmaragd.com\/et\/wp-json\/wp\/v2\/product_cat?post=4269"},{"taxonomy":"product_tag","embeddable":true,"href":"https:\/\/saphirsmaragd.com\/et\/wp-json\/wp\/v2\/product_tag?post=4269"}],"curies":[{"name":"wp","href":"https:\/\/api.w.org\/{rel}","templated":true}]}}