{"id":5393,"date":"2025-11-18T19:17:25","date_gmt":"2025-11-18T19:17:25","guid":{"rendered":"https:\/\/saphirsmaragd.com\/?post_type=product&#038;p=5393"},"modified":"2025-11-18T19:17:27","modified_gmt":"2025-11-18T19:17:27","slug":"rhodonit-obelisk-heilung","status":"publish","type":"product","link":"https:\/\/saphirsmaragd.com\/et\/toode\/rhodonit-obelisk-heilung\/","title":{"rendered":"Rhodonit Obelisk Heilung \u2013 Geschliffener Heilstein 577 g"},"content":{"rendered":"<div id=\"ez-toc-container\" class=\"ez-toc-v2_0_82_2 counter-hierarchy ez-toc-counter ez-toc-grey ez-toc-container-direction\">\n<div class=\"ez-toc-title-container\">\n<p class=\"ez-toc-title\" style=\"cursor:inherit\">Sisukord<\/p>\n<span class=\"ez-toc-title-toggle\"><a href=\"#\" class=\"ez-toc-pull-right ez-toc-btn ez-toc-btn-xs ez-toc-btn-default ez-toc-toggle\" aria-label=\"Toggle Table of Content\"><span class=\"ez-toc-js-icon-con\"><span class=\"\"><span class=\"eztoc-hide\" style=\"display:none;\">L\u00fclitage sisse\/v\u00e4lja<\/span><span class=\"ez-toc-icon-toggle-span\"><svg style=\"fill: #999;color:#999\" xmlns=\"http:\/\/www.w3.org\/2000\/svg\" class=\"list-377408\" width=\"20px\" height=\"20px\" viewbox=\"0 0 24 24\" fill=\"none\"><path d=\"M6 6H4v2h2V6zm14 0H8v2h12V6zM4 11h2v2H4v-2zm16 0H8v2h12v-2zM4 16h2v2H4v-2zm16 0H8v2h12v-2z\" fill=\"currentColor\"><\/path><\/svg><svg style=\"fill: #999;color:#999\" class=\"arrow-unsorted-368013\" xmlns=\"http:\/\/www.w3.org\/2000\/svg\" width=\"10px\" height=\"10px\" viewbox=\"0 0 24 24\" version=\"1.2\" baseprofile=\"tiny\"><path d=\"M18.2 9.3l-6.2-6.3-6.2 6.3c-.2.2-.3.4-.3.7s.1.5.3.7c.2.2.4.3.7.3h11c.3 0 .5-.1.7-.3.2-.2.3-.5.3-.7s-.1-.5-.3-.7zM5.8 14.7l6.2 6.3 6.2-6.3c.2-.2.3-.5.3-.7s-.1-.5-.3-.7c-.2-.2-.4-.3-.7-.3h-11c-.3 0-.5.1-.7.3-.2.2-.3.5-.3.7s.1.5.3.7z\"\/><\/svg><\/span><\/span><\/span><\/a><\/span><\/div>\n<nav><ul class='ez-toc-list ez-toc-list-level-1' ><li class='ez-toc-page-1 ez-toc-heading-level-4'><a class=\"ez-toc-link ez-toc-heading-1\" href=\"https:\/\/saphirsmaragd.com\/et\/toode\/rhodonit-obelisk-heilung\/#Rhodonit_Obelisk_Heilung_%E2%80%93_Geschliffener_Heilstein_577_g\" >Rhodonit Obelisk Heilung \u2013 Geschliffener Heilstein 577 g<\/a><\/li><li class='ez-toc-page-1 ez-toc-heading-level-4'><a class=\"ez-toc-link ez-toc-heading-2\" href=\"https:\/\/saphirsmaragd.com\/et\/toode\/rhodonit-obelisk-heilung\/#_Merkmale_Herkunft\" >\u00a0Omadused ja p\u00e4ritolu<\/a><\/li><li class='ez-toc-page-1 ez-toc-heading-level-4'><a class=\"ez-toc-link ez-toc-heading-3\" href=\"https:\/\/saphirsmaragd.com\/et\/toode\/rhodonit-obelisk-heilung\/#_Besonderheiten\" >\u00a0Erifunktsioonid<\/a><\/li><li class='ez-toc-page-1 ez-toc-heading-level-4'><a class=\"ez-toc-link ez-toc-heading-4\" href=\"https:\/\/saphirsmaragd.com\/et\/toode\/rhodonit-obelisk-heilung\/#_Mehr_uber_Rhodonite_Heilsteine\" >\u00a0Mehr \u00fcber Rhodonite &amp; Heilsteine<\/a><\/li><li class='ez-toc-page-1 ez-toc-heading-level-4'><a class=\"ez-toc-link ez-toc-heading-5\" href=\"https:\/\/saphirsmaragd.com\/et\/toode\/rhodonit-obelisk-heilung\/#_Weitere_Infos\" >\u00a0Lisateave<\/a><\/li><\/ul><\/nav><\/div>\n<h4 data-start=\"138\" data-end=\"200\"><span class=\"ez-toc-section\" id=\"Rhodonit_Obelisk_Heilung_%E2%80%93_Geschliffener_Heilstein_577_g\"><\/span><strong data-start=\"140\" data-end=\"200\">Rhodonit Obelisk Heilung \u2013 Geschliffener Heilstein 577 g<\/strong><span class=\"ez-toc-section-end\"><\/span><\/h4>\n<p data-start=\"202\" data-end=\"344\">Der Rhodonit Obelisk Heilung ist ein einzigartiges, geschliffenes Einzelst\u00fcck aus Madagaskar \u2013 Sie erhalten genau das abgebildete Produkt.<\/p>\n<hr data-start=\"346\" data-end=\"349\" \/>\n<h4 data-start=\"351\" data-end=\"376\"><span class=\"ez-toc-section\" id=\"_Merkmale_Herkunft\"><\/span>\u00a0Omadused ja p\u00e4ritolu<span class=\"ez-toc-section-end\"><\/span><\/h4>\n<p data-start=\"377\" data-end=\"637\">Farbe: Rosa mit Schwarz<br data-start=\"400\" data-end=\"403\" \/>Form: Obelisk, geschliffen<br data-start=\"429\" data-end=\"432\" \/>Herkunft: Madagaskar<br data-start=\"452\" data-end=\"455\" \/>Gewicht: 577 g<br data-start=\"469\" data-end=\"472\" \/>Ma\u00dfe: 20 x 4 x 2.5 cm<br data-start=\"493\" data-end=\"496\" \/>Reinheit: Nat\u00fcrlich, mit typischen Einschl\u00fcssen<br data-start=\"543\" data-end=\"546\" \/>Ravi: t\u00f6\u00f6tlemata<br data-start=\"614\" data-end=\"617\" \/>Steinart: Rhodonit<\/p>\n<hr data-start=\"639\" data-end=\"642\" \/>\n<h4 data-start=\"644\" data-end=\"664\"><span class=\"ez-toc-section\" id=\"_Besonderheiten\"><\/span>\u00a0Erifunktsioonid<span class=\"ez-toc-section-end\"><\/span><\/h4>\n<p data-start=\"665\" data-end=\"1053\">Der Rhodonit Obelisk Heilung ist ein kraftvoller Begleiter f\u00fcr emotionale und k\u00f6rperliche Regeneration. Dieser Stein ist besonders daf\u00fcr bekannt, in Zeiten von Verlust, Trennung, Herzschmerz, Krankheit, Trauma oder \u00dcberlastung unterst\u00fctzend zu wirken. Seine sanfte, ausgleichende Energie bringt Ruhe in emotionale Turbulenzen und hilft Ihnen, Ihr inneres Gleichgewicht wiederzufinden.<\/p>\n<p data-start=\"1055\" data-end=\"1430\">Rhodonit st\u00e4rkt Verst\u00e4ndnis, Empathie, Geduld und Mitgef\u00fchl \u2013 sowohl sich selbst gegen\u00fcber als auch in Beziehungen zu anderen. Er ist daher ein hervorragender Stein f\u00fcr Menschen, die schnell gereizt sind, emotional \u00fcberreagieren oder h\u00e4ufig in Konfliktsituationen geraten. Zugleich hilft er, einen klaren Kopf zu bewahren, \u00c4rger loszulassen und emotionalen Schutz aufzubauen.<\/p>\n<hr data-start=\"1729\" data-end=\"1732\" \/>\n<h4 data-start=\"1734\" data-end=\"1774\"><span class=\"ez-toc-section\" id=\"_Mehr_uber_Rhodonite_Heilsteine\"><\/span>\u00a0Mehr \u00fcber Rhodonite &amp; Heilsteine<span class=\"ez-toc-section-end\"><\/span><\/h4>\n<p data-start=\"1775\" data-end=\"1853\"><a href=\"https:\/\/saphirsmaragd.com\/et\/product-category\/heilsteine-kristalle-kaufen\/\">Tervendavad kivid ja kristallid<\/a> | Rhodonit &amp; Rosenquarz<br data-start=\"1821\" data-end=\"1824\" \/>\n<\/p>\n<hr data-start=\"1855\" data-end=\"1858\" \/>\n<h4 data-start=\"1860\" data-end=\"1881\"><span class=\"ez-toc-section\" id=\"_Weitere_Infos\"><\/span>\u00a0Lisateave<span class=\"ez-toc-section-end\"><\/span><\/h4>\n<p data-start=\"1882\" data-end=\"1974\"><a href=\"https:\/\/de.wikipedia.org\/wiki\/Rhodonit\" target=\"_blank\" rel=\"noopener\">Wikipedia \u2013 Rhodonit<\/a><br data-start=\"1942\" data-end=\"1945\" \/><\/p>","protected":false},"excerpt":{"rendered":"<p><em>Der Rhodonit Obelisk Heilung ist ein 577 g schweres, geschliffenes Einzelst\u00fcck aus Madagaskar. Ein Stein f\u00fcr emotionale und k\u00f6rperliche Regeneration \u2013 ideal f\u00fcr Stressabbau, Beziehungsharmonie und die St\u00e4rkung Ihrer inneren Balance.<\/em><\/p>","protected":false},"featured_media":5394,"comment_status":"open","ping_status":"closed","template":"","meta":{"_glsr_average":0,"_glsr_ranking":0,"_glsr_reviews":0},"product_brand":[],"product_cat":[84],"product_tag":[],"class_list":{"0":"post-5393","1":"product","2":"type-product","3":"status-publish","4":"has-post-thumbnail","6":"product_cat-rohsteine-kaufen","8":"first","9":"instock","10":"taxable","11":"shipping-taxable","12":"purchasable","13":"product-type-simple","14":"add-to-wishlist-before_image"},"jetpack_sharing_enabled":true,"_links":{"self":[{"href":"https:\/\/saphirsmaragd.com\/et\/wp-json\/wp\/v2\/product\/5393","targetHints":{"allow":["GET"]}}],"collection":[{"href":"https:\/\/saphirsmaragd.com\/et\/wp-json\/wp\/v2\/product"}],"about":[{"href":"https:\/\/saphirsmaragd.com\/et\/wp-json\/wp\/v2\/types\/product"}],"replies":[{"embeddable":true,"href":"https:\/\/saphirsmaragd.com\/et\/wp-json\/wp\/v2\/comments?post=5393"}],"version-history":[{"count":1,"href":"https:\/\/saphirsmaragd.com\/et\/wp-json\/wp\/v2\/product\/5393\/revisions"}],"predecessor-version":[{"id":5396,"href":"https:\/\/saphirsmaragd.com\/et\/wp-json\/wp\/v2\/product\/5393\/revisions\/5396"}],"wp:featuredmedia":[{"embeddable":true,"href":"https:\/\/saphirsmaragd.com\/et\/wp-json\/wp\/v2\/media\/5394"}],"wp:attachment":[{"href":"https:\/\/saphirsmaragd.com\/et\/wp-json\/wp\/v2\/media?parent=5393"}],"wp:term":[{"taxonomy":"product_brand","embeddable":true,"href":"https:\/\/saphirsmaragd.com\/et\/wp-json\/wp\/v2\/product_brand?post=5393"},{"taxonomy":"product_cat","embeddable":true,"href":"https:\/\/saphirsmaragd.com\/et\/wp-json\/wp\/v2\/product_cat?post=5393"},{"taxonomy":"product_tag","embeddable":true,"href":"https:\/\/saphirsmaragd.com\/et\/wp-json\/wp\/v2\/product_tag?post=5393"}],"curies":[{"name":"wp","href":"https:\/\/api.w.org\/{rel}","templated":true}]}}