{"id":5599,"date":"2025-11-23T19:04:13","date_gmt":"2025-11-23T19:04:13","guid":{"rendered":"https:\/\/saphirsmaragd.com\/?post_type=product&#038;p=5599"},"modified":"2025-11-23T19:04:14","modified_gmt":"2025-11-23T19:04:14","slug":"amethyst-pink-mit-moosachat-2","status":"publish","type":"product","link":"https:\/\/saphirsmaragd.com\/et\/toode\/amethyst-pink-mit-moosachat-2\/","title":{"rendered":"Amethyst Pink mit Moosachat Punkt Poliert \u2013 1032 g \u2013 Naturstein &#038; Unikat"},"content":{"rendered":"<div id=\"ez-toc-container\" class=\"ez-toc-v2_0_82_2 counter-hierarchy ez-toc-counter ez-toc-grey ez-toc-container-direction\">\n<div class=\"ez-toc-title-container\">\n<p class=\"ez-toc-title\" style=\"cursor:inherit\">Sisukord<\/p>\n<span class=\"ez-toc-title-toggle\"><a href=\"#\" class=\"ez-toc-pull-right ez-toc-btn ez-toc-btn-xs ez-toc-btn-default ez-toc-toggle\" aria-label=\"Toggle Table of Content\"><span class=\"ez-toc-js-icon-con\"><span class=\"\"><span class=\"eztoc-hide\" style=\"display:none;\">L\u00fclitage sisse\/v\u00e4lja<\/span><span class=\"ez-toc-icon-toggle-span\"><svg style=\"fill: #999;color:#999\" xmlns=\"http:\/\/www.w3.org\/2000\/svg\" class=\"list-377408\" width=\"20px\" height=\"20px\" viewbox=\"0 0 24 24\" fill=\"none\"><path d=\"M6 6H4v2h2V6zm14 0H8v2h12V6zM4 11h2v2H4v-2zm16 0H8v2h12v-2zM4 16h2v2H4v-2zm16 0H8v2h12v-2z\" fill=\"currentColor\"><\/path><\/svg><svg style=\"fill: #999;color:#999\" class=\"arrow-unsorted-368013\" xmlns=\"http:\/\/www.w3.org\/2000\/svg\" width=\"10px\" height=\"10px\" viewbox=\"0 0 24 24\" version=\"1.2\" baseprofile=\"tiny\"><path d=\"M18.2 9.3l-6.2-6.3-6.2 6.3c-.2.2-.3.4-.3.7s.1.5.3.7c.2.2.4.3.7.3h11c.3 0 .5-.1.7-.3.2-.2.3-.5.3-.7s-.1-.5-.3-.7zM5.8 14.7l6.2 6.3 6.2-6.3c.2-.2.3-.5.3-.7s-.1-.5-.3-.7c-.2-.2-.4-.3-.7-.3h-11c-.3 0-.5.1-.7.3-.2.2-.3.5-.3.7s.1.5.3.7z\"\/><\/svg><\/span><\/span><\/span><\/a><\/span><\/div>\n<nav><ul class='ez-toc-list ez-toc-list-level-1' ><li class='ez-toc-page-1 ez-toc-heading-level-4'><a class=\"ez-toc-link ez-toc-heading-1\" href=\"https:\/\/saphirsmaragd.com\/et\/toode\/amethyst-pink-mit-moosachat-2\/#Amethyst_Pink_mit_Moosachat_Punkt_Poliert_%E2%80%93_1032_g_%E2%80%93_Naturstein_Unikat\" >Amethyst Pink mit Moosachat Punkt Poliert \u2013 1032 g \u2013 Naturstein &amp; Unikat<\/a><\/li><li class='ez-toc-page-1 ez-toc-heading-level-4'><a class=\"ez-toc-link ez-toc-heading-2\" href=\"https:\/\/saphirsmaragd.com\/et\/toode\/amethyst-pink-mit-moosachat-2\/#Merkmale_Herkunft\" >Omadused ja p\u00e4ritolu<\/a><\/li><li class='ez-toc-page-1 ez-toc-heading-level-4'><a class=\"ez-toc-link ez-toc-heading-3\" href=\"https:\/\/saphirsmaragd.com\/et\/toode\/amethyst-pink-mit-moosachat-2\/#Besonderheiten\" >Erifunktsioonid<\/a><\/li><li class='ez-toc-page-1 ez-toc-heading-level-4'><a class=\"ez-toc-link ez-toc-heading-4\" href=\"https:\/\/saphirsmaragd.com\/et\/toode\/amethyst-pink-mit-moosachat-2\/#Mehr_uber_Amethyste_Heilsteine\" >Mehr \u00fcber Amethyste &amp; Heilsteine<\/a><\/li><\/ul><\/nav><\/div>\n<h4 data-start=\"840\" data-end=\"916\"><span class=\"ez-toc-section\" id=\"Amethyst_Pink_mit_Moosachat_Punkt_Poliert_%E2%80%93_1032_g_%E2%80%93_Naturstein_Unikat\"><\/span><strong data-start=\"840\" data-end=\"916\">Amethyst Pink mit Moosachat Punkt Poliert \u2013 1032 g \u2013 Naturstein &amp; Unikat<\/strong><span class=\"ez-toc-section-end\"><\/span><\/h4>\n<p data-start=\"918\" data-end=\"1295\">Dieser au\u00dfergew\u00f6hnliche polierte Punkt vereint drei harmonisch wirkende Steinarten: pinker Amethyst, rosa\/roter Moosachat und <strong data-start=\"1052\" data-end=\"1065\">Chalcedon<\/strong>. Die energetische Kombination bringt Liebe, Erdung, emotionale Kl\u00e4rung und tiefe innere Balance in Einklang.<br data-start=\"1174\" data-end=\"1177\" \/>Das St\u00fcck zeigt nat\u00fcrliche Vertiefungen und Imperfektionen, die seine Echtheit und reine Naturqualit\u00e4t unterstreichen.<\/p>\n<hr data-start=\"1297\" data-end=\"1300\" \/>\n<h4 data-start=\"1302\" data-end=\"1331\"><span class=\"ez-toc-section\" id=\"Merkmale_Herkunft\"><\/span><strong data-start=\"1308\" data-end=\"1331\">Omadused ja p\u00e4ritolu<\/strong><span class=\"ez-toc-section-end\"><\/span><\/h4>\n<p data-start=\"1333\" data-end=\"1641\">Farbe: Rosa, Pink, Lila, Rot<br data-start=\"1365\" data-end=\"1368\" \/>Form: Polierter Punkt<br data-start=\"1428\" data-end=\"1431\" \/>Gewicht: 1032 g<br data-start=\"1450\" data-end=\"1453\" \/>Ma\u00dfe: 28 \u00d7 5.5 \u00d7 3.5 cm<br data-start=\"1480\" data-end=\"1483\" \/>Reinheit: Nat\u00fcrlich<br data-start=\"1506\" data-end=\"1509\" \/>Behandlung: Poliert<br data-start=\"1574\" data-end=\"1577\" \/>Steinarten: Pinker Amethyst, Moosachat (rosa\/rot), Chalcedon<\/p>\n<hr data-start=\"1297\" data-end=\"1300\" \/>\n<h4 data-start=\"1648\" data-end=\"1682\"><span class=\"ez-toc-section\" id=\"Besonderheiten\"><\/span><strong data-start=\"1654\" data-end=\"1682\">Erifunktsioonid<br \/>\n<\/strong><span class=\"ez-toc-section-end\"><\/span><\/h4>\n<p data-start=\"182\" data-end=\"241\">\u00a0Pinker Amethyst \u2013 Herz\u00f6ffnung &amp; emotionale Heilung:<\/p>\n<p data-start=\"242\" data-end=\"548\">Pinker Amethyst wirkt sanft, herz\u00f6ffnend und harmonisierend. Er unterst\u00fctzt das L\u00f6sen emotionaler Blockaden, f\u00f6rdert die Verarbeitung alter Verletzungen und bringt Ruhe bei Schmerz, Trauer und \u00c4ngsten. Seine liebevolle Energie st\u00e4rkt Selbstliebe und schafft eine friedliche, beruhigende Atmosph\u00e4re im Raum.<\/p>\n<p data-start=\"550\" data-end=\"597\">\u00a0Moosachat \u2013 Erdung &amp; innere Stabilit\u00e4t:<\/p>\n<p data-start=\"598\" data-end=\"873\">Rosa\/roter Moosachat bringt K\u00f6rper, Geist und Seele zur\u00fcck ins Gleichgewicht. Er wirkt tief erdend, beruhigt nach emotionalen Belastungen, unterst\u00fctzt Regeneration und hilft, wieder zu sich selbst zu finden. Zudem f\u00f6rdert er Stabilit\u00e4t, Klarheit sowie positive Entwicklungen.<\/p>\n<p data-start=\"875\" data-end=\"907\">\u00a0Harmonische Kombination:<\/p>\n<p data-start=\"908\" data-end=\"1122\">Gemeinsam verbinden pinker Amethyst und Moosachat Herzheilung mit Erdung. Die Kombination wirkt ausgleichend, stabilisierend und schafft eine sanfte, klare Energie \u2013 ideal f\u00fcr Meditation, Therapie- und Praxisr\u00e4ume.<\/p>\n<p data-start=\"2967\" data-end=\"3076\">\n<hr data-start=\"3078\" data-end=\"3081\" \/>\n<h4 data-start=\"3083\" data-end=\"3125\"><span class=\"ez-toc-section\" id=\"Mehr_uber_Amethyste_Heilsteine\"><\/span><strong data-start=\"3089\" data-end=\"3125\">Mehr \u00fcber Amethyste &amp; Heilsteine<\/strong><span class=\"ez-toc-section-end\"><\/span><\/h4>\n<p data-start=\"3127\" data-end=\"3183\"><a href=\"https:\/\/saphirsmaragd.com\/et\/product-category\/heilsteine-kristalle-kaufen\/\">Tervendavad kivid ja kristallid<\/a> | Amethyste, Achate &amp; Chalcedon<\/p>\n<hr data-start=\"1297\" data-end=\"1300\" \/>\n<p data-start=\"3185\" data-end=\"3353\"><strong data-start=\"3185\" data-end=\"3199\">Wikipedia:<\/strong><br data-start=\"3199\" data-end=\"3202\" \/><a class=\"decorated-link\" href=\"https:\/\/de.wikipedia.org\/wiki\/Amethyst\" target=\"_new\" rel=\"noopener\" data-start=\"3213\" data-end=\"3251\">wikipedia:Amethyst<\/a><\/p>","protected":false},"excerpt":{"rendered":"<p><em>Amethyst Pink mit Moosachat Punkt Poliert\u00a0\u2013 1032 g schwer und voller nat\u00fcrlicher Strukturen. Ideal f\u00fcr Liebe, Erdung, emotionale Heilung und innere Balance. Perfekt f\u00fcr Meditation und Praxisr\u00e4ume.<\/em><\/p>","protected":false},"featured_media":5600,"comment_status":"open","ping_status":"closed","template":"","meta":{"_glsr_average":0,"_glsr_ranking":0,"_glsr_reviews":0},"product_brand":[],"product_cat":[84],"product_tag":[],"class_list":{"0":"post-5599","1":"product","2":"type-product","3":"status-publish","4":"has-post-thumbnail","6":"product_cat-rohsteine-kaufen","8":"first","9":"instock","10":"taxable","11":"shipping-taxable","12":"purchasable","13":"product-type-simple","14":"add-to-wishlist-before_image"},"jetpack_sharing_enabled":true,"_links":{"self":[{"href":"https:\/\/saphirsmaragd.com\/et\/wp-json\/wp\/v2\/product\/5599","targetHints":{"allow":["GET"]}}],"collection":[{"href":"https:\/\/saphirsmaragd.com\/et\/wp-json\/wp\/v2\/product"}],"about":[{"href":"https:\/\/saphirsmaragd.com\/et\/wp-json\/wp\/v2\/types\/product"}],"replies":[{"embeddable":true,"href":"https:\/\/saphirsmaragd.com\/et\/wp-json\/wp\/v2\/comments?post=5599"}],"version-history":[{"count":1,"href":"https:\/\/saphirsmaragd.com\/et\/wp-json\/wp\/v2\/product\/5599\/revisions"}],"predecessor-version":[{"id":5604,"href":"https:\/\/saphirsmaragd.com\/et\/wp-json\/wp\/v2\/product\/5599\/revisions\/5604"}],"wp:featuredmedia":[{"embeddable":true,"href":"https:\/\/saphirsmaragd.com\/et\/wp-json\/wp\/v2\/media\/5600"}],"wp:attachment":[{"href":"https:\/\/saphirsmaragd.com\/et\/wp-json\/wp\/v2\/media?parent=5599"}],"wp:term":[{"taxonomy":"product_brand","embeddable":true,"href":"https:\/\/saphirsmaragd.com\/et\/wp-json\/wp\/v2\/product_brand?post=5599"},{"taxonomy":"product_cat","embeddable":true,"href":"https:\/\/saphirsmaragd.com\/et\/wp-json\/wp\/v2\/product_cat?post=5599"},{"taxonomy":"product_tag","embeddable":true,"href":"https:\/\/saphirsmaragd.com\/et\/wp-json\/wp\/v2\/product_tag?post=5599"}],"curies":[{"name":"wp","href":"https:\/\/api.w.org\/{rel}","templated":true}]}}