{"id":8408,"date":"2026-03-27T19:17:06","date_gmt":"2026-03-27T19:17:06","guid":{"rendered":"https:\/\/saphirsmaragd.com\/?post_type=product&#038;p=8408"},"modified":"2026-04-10T14:17:28","modified_gmt":"2026-04-10T14:17:28","slug":"quarz-mit-oxid-einschluessen-rot-90-40-karat","status":"publish","type":"product","link":"https:\/\/saphirsmaragd.com\/et\/toode\/quarz-mit-oxid-einschluessen-rot-90-40-karat\/","title":{"rendered":"Quarz mit Oxid Einschl\u00fcssen rot 90.40 Karat \u2013 nat\u00fcrlicher Edelstein aus Brasilien"},"content":{"rendered":"<div id=\"ez-toc-container\" class=\"ez-toc-v2_0_83 counter-hierarchy ez-toc-counter ez-toc-grey ez-toc-container-direction\">\n<div class=\"ez-toc-title-container\">\n<p class=\"ez-toc-title\" style=\"cursor:inherit\">Sisukord<\/p>\n<span class=\"ez-toc-title-toggle\"><a href=\"#\" class=\"ez-toc-pull-right ez-toc-btn ez-toc-btn-xs ez-toc-btn-default ez-toc-toggle\" aria-label=\"Toggle Table of Content\"><span class=\"ez-toc-js-icon-con\"><span class=\"\"><span class=\"eztoc-hide\" style=\"display:none;\">L\u00fclitage sisse\/v\u00e4lja<\/span><span class=\"ez-toc-icon-toggle-span\"><svg style=\"fill: #999;color:#999\" xmlns=\"http:\/\/www.w3.org\/2000\/svg\" class=\"list-377408\" width=\"20px\" height=\"20px\" viewbox=\"0 0 24 24\" fill=\"none\"><path d=\"M6 6H4v2h2V6zm14 0H8v2h12V6zM4 11h2v2H4v-2zm16 0H8v2h12v-2zM4 16h2v2H4v-2zm16 0H8v2h12v-2z\" fill=\"currentColor\"><\/path><\/svg><svg style=\"fill: #999;color:#999\" class=\"arrow-unsorted-368013\" xmlns=\"http:\/\/www.w3.org\/2000\/svg\" width=\"10px\" height=\"10px\" viewbox=\"0 0 24 24\" version=\"1.2\" baseprofile=\"tiny\"><path d=\"M18.2 9.3l-6.2-6.3-6.2 6.3c-.2.2-.3.4-.3.7s.1.5.3.7c.2.2.4.3.7.3h11c.3 0 .5-.1.7-.3.2-.2.3-.5.3-.7s-.1-.5-.3-.7zM5.8 14.7l6.2 6.3 6.2-6.3c.2-.2.3-.5.3-.7s-.1-.5-.3-.7c-.2-.2-.4-.3-.7-.3h-11c-.3 0-.5.1-.7.3-.2.2-.3.5-.3.7s.1.5.3.7z\"\/><\/svg><\/span><\/span><\/span><\/a><\/span><\/div>\n<nav><ul class='ez-toc-list ez-toc-list-level-1' ><li class='ez-toc-page-1 ez-toc-heading-level-4'><a class=\"ez-toc-link ez-toc-heading-1\" href=\"https:\/\/saphirsmaragd.com\/et\/toode\/quarz-mit-oxid-einschluessen-rot-90-40-karat\/#Merkmale_Herkunft\" >Merkmale &amp; Herkunft:<\/a><\/li><li class='ez-toc-page-1 ez-toc-heading-level-4'><a class=\"ez-toc-link ez-toc-heading-2\" href=\"https:\/\/saphirsmaragd.com\/et\/toode\/quarz-mit-oxid-einschluessen-rot-90-40-karat\/#Besonderheiten\" >Besonderheiten:<\/a><\/li><li class='ez-toc-page-1 ez-toc-heading-level-4'><a class=\"ez-toc-link ez-toc-heading-3\" href=\"https:\/\/saphirsmaragd.com\/et\/toode\/quarz-mit-oxid-einschluessen-rot-90-40-karat\/#Weitere_Inspiration_entdecken\" >Weitere Inspiration entdecken<\/a><\/li><\/ul><\/nav><\/div>\n<p data-start=\"876\" data-end=\"1157\">\n<p data-start=\"786\" data-end=\"1077\">Der Quarz mit Oxid Einschl\u00fcssen rot 90.40 Karat ist ein au\u00dfergew\u00f6hnlicher Edelstein, der durch seine faszinierenden nat\u00fcrlichen Einschl\u00fcsse besticht. Diese einzigartigen Strukturen verleihen dem Stein eine fast k\u00fcnstlerische Optik und machen jedes Exemplar zu einem unverwechselbaren Unikat.<\/p>\n<hr data-start=\"1079\" data-end=\"1082\" \/>\n<h4 data-start=\"1084\" data-end=\"1109\"><span class=\"ez-toc-section\" id=\"Merkmale_Herkunft\"><\/span>Merkmale &amp; Herkunft:<span class=\"ez-toc-section-end\"><\/span><\/h4>\n<p data-start=\"1111\" data-end=\"1355\">Farbe: Transparent mit roten Einschl\u00fcssen<br data-start=\"1152\" data-end=\"1155\" \/>Form: Freiform \/ Original<br data-start=\"1180\" data-end=\"1183\" \/>P\u00e4ritolu: Brasiilia<br data-start=\"1202\" data-end=\"1205\" \/>Gewicht: 90.40 Karat<br data-start=\"1225\" data-end=\"1228\" \/>Ma\u00dfe: 55 x 23 mm<br data-start=\"1244\" data-end=\"1247\" \/>Puhtus: Selged lisandid<br data-start=\"1278\" data-end=\"1281\" \/>Ravi: t\u00f6\u00f6tlemata<br data-start=\"1304\" data-end=\"1307\" \/>Seisukord: Uus<br data-start=\"1319\" data-end=\"1322\" \/>Steinart: Quarz<br data-start=\"1337\" data-end=\"1340\" \/>Mohs-H\u00e4rte: 7<\/p>\n<hr data-start=\"1357\" data-end=\"1360\" \/>\n<h4 data-start=\"1362\" data-end=\"1382\"><span class=\"ez-toc-section\" id=\"Besonderheiten\"><\/span>Besonderheiten:<span class=\"ez-toc-section-end\"><\/span><\/h4>\n<p data-start=\"1384\" data-end=\"1672\">Der Quarz mit Oxid Einschl\u00fcssen rot 90.40 Karat zeichnet sich durch seine nat\u00fcrlichen Oxideinschl\u00fcsse aus, die dem Stein eine einzigartige Farb- und Strukturkombination verleihen. Diese Einschl\u00fcsse entstehen \u00fcber Millionen von Jahren und machen jeden Stein zu einem echten Naturkunstwerk.<\/p>\n<p data-start=\"1674\" data-end=\"1909\">Durch seine au\u00dfergew\u00f6hnliche Gr\u00f6\u00dfe und Form eignet sich dieser Edelstein besonders f\u00fcr Sammler oder f\u00fcr individuelle Schmuckst\u00fccke mit Charakter. Anders als klassische klare Edelsteine steht hier die nat\u00fcrliche Struktur im Vordergrund.<\/p>\n<p data-start=\"1911\" data-end=\"2007\">Solche Quarze sind besonders bei Liebhabern von seltenen und ungew\u00f6hnlichen Edelsteinen gefragt.<\/p>\n<hr data-start=\"1357\" data-end=\"1360\" \/>\n<h4 data-start=\"413\" data-end=\"449\"><span class=\"ez-toc-section\" id=\"Weitere_Inspiration_entdecken\"><\/span>Weitere Inspiration entdecken<span class=\"ez-toc-section-end\"><\/span><\/h4>\n<p data-start=\"450\" data-end=\"582\">Suchen Sie weitere besondere Produkte? Entdecken Sie zus\u00e4tzliche Highlights in unserem Sortiment oder besuchen Sie unsere Partnerprojekte:<\/p>\n<ul data-start=\"584\" data-end=\"920\">\n<li data-start=\"584\" data-end=\"656\"><a href=\"https:\/\/saphirsmaragd.com\/et\/shop\/\">Weitere Edelsteine &amp; Schmuckst\u00fccke bei Saphir &amp; Smaragd entdecken<\/a><\/li>\n<li data-start=\"657\" data-end=\"783\">\n<p data-start=\"659\" data-end=\"783\"><a href=\"https:\/\/honigbee.com\/shop\/\" target=\"_blank\" rel=\"noopener\">Nat\u00fcrliche Produkte bei Honigbee ansehen<br \/>\n<\/a><\/p>\n<\/li>\n<li data-start=\"784\" data-end=\"920\">\n<p data-start=\"786\" data-end=\"920\"><a href=\"https:\/\/matvana.com\/shop\/\" target=\"_blank\" rel=\"noopener\">Stilvolle Wohnideen bei Matvana erkunden<\/a><\/p>\n<\/li>\n<\/ul>","protected":false},"excerpt":{"rendered":"<p data-start=\"426\" data-end=\"557\"><em>Quarz mit Oxid Einschl\u00fcssen rot 90.40 Karat \u2013 au\u00dfergew\u00f6hnlicher nat\u00fcrlicher Edelstein aus Brasilien mit einzigartiger Struktur.<\/em><\/p>\n<p data-start=\"575\" data-end=\"606\">","protected":false},"featured_media":8409,"comment_status":"open","ping_status":"closed","template":"","meta":{"_glsr_average":0,"_glsr_ranking":0,"_glsr_reviews":0},"product_brand":[],"product_cat":[283],"product_tag":[],"class_list":{"0":"post-8408","1":"product","2":"type-product","3":"status-publish","4":"has-post-thumbnail","6":"product_cat-quarz","7":"pa_edelsteinart-quarz","8":"pa_farbe-bicolor","9":"pa_form-freiform","10":"pa_gewicht-karat-50-100-karat","11":"pa_herkunft-brasilien","12":"pa_reinheit-deutliche-einschluesse","13":"pa_veredelung-behandlung-unbehandelt","14":"pa_zustand-neu","16":"first","17":"instock","18":"featured","19":"sold-individually","20":"shipping-taxable","21":"purchasable","22":"product-type-simple","23":"add-to-wishlist-before_image"},"jetpack_sharing_enabled":true,"_links":{"self":[{"href":"https:\/\/saphirsmaragd.com\/et\/wp-json\/wp\/v2\/product\/8408","targetHints":{"allow":["GET"]}}],"collection":[{"href":"https:\/\/saphirsmaragd.com\/et\/wp-json\/wp\/v2\/product"}],"about":[{"href":"https:\/\/saphirsmaragd.com\/et\/wp-json\/wp\/v2\/types\/product"}],"replies":[{"embeddable":true,"href":"https:\/\/saphirsmaragd.com\/et\/wp-json\/wp\/v2\/comments?post=8408"}],"version-history":[{"count":1,"href":"https:\/\/saphirsmaragd.com\/et\/wp-json\/wp\/v2\/product\/8408\/revisions"}],"predecessor-version":[{"id":8410,"href":"https:\/\/saphirsmaragd.com\/et\/wp-json\/wp\/v2\/product\/8408\/revisions\/8410"}],"wp:featuredmedia":[{"embeddable":true,"href":"https:\/\/saphirsmaragd.com\/et\/wp-json\/wp\/v2\/media\/8409"}],"wp:attachment":[{"href":"https:\/\/saphirsmaragd.com\/et\/wp-json\/wp\/v2\/media?parent=8408"}],"wp:term":[{"taxonomy":"product_brand","embeddable":true,"href":"https:\/\/saphirsmaragd.com\/et\/wp-json\/wp\/v2\/product_brand?post=8408"},{"taxonomy":"product_cat","embeddable":true,"href":"https:\/\/saphirsmaragd.com\/et\/wp-json\/wp\/v2\/product_cat?post=8408"},{"taxonomy":"product_tag","embeddable":true,"href":"https:\/\/saphirsmaragd.com\/et\/wp-json\/wp\/v2\/product_tag?post=8408"}],"curies":[{"name":"wp","href":"https:\/\/api.w.org\/{rel}","templated":true}]}}