{"id":8590,"date":"2026-04-14T17:52:25","date_gmt":"2026-04-14T17:52:25","guid":{"rendered":"https:\/\/saphirsmaragd.com\/?post_type=product&#038;p=8590"},"modified":"2026-04-14T17:55:02","modified_gmt":"2026-04-14T17:55:02","slug":"smaragd-rund-gruen-1-44-karat","status":"publish","type":"product","link":"https:\/\/saphirsmaragd.com\/et\/toode\/smaragd-rund-gruen-1-44-karat\/","title":{"rendered":"Smaragd Rund Gr\u00fcn 1.44 Karat aus Sambia \u2013 Seltener Edelstein im runden Schliff"},"content":{"rendered":"<p data-start=\"681\" data-end=\"942\">Der Smaragd Rund Gr\u00fcn 1.44 Karat aus Sambia ist ein au\u00dfergew\u00f6hnlicher Edelstein mit seltener runder Form und intensiver gr\u00fcner Farbgebung. Der Rundschliff sorgt f\u00fcr eine gleichm\u00e4\u00dfige Lichtreflexion und verleiht dem Stein eine besonders harmonische Ausstrahlung.<\/p>\n<hr data-start=\"944\" data-end=\"947\" \/>\n<div id=\"ez-toc-container\" class=\"ez-toc-v2_0_82_2 counter-hierarchy ez-toc-counter ez-toc-grey ez-toc-container-direction\">\n<div class=\"ez-toc-title-container\">\n<p class=\"ez-toc-title\" style=\"cursor:inherit\">Sisukord<\/p>\n<span class=\"ez-toc-title-toggle\"><a href=\"#\" class=\"ez-toc-pull-right ez-toc-btn ez-toc-btn-xs ez-toc-btn-default ez-toc-toggle\" aria-label=\"Toggle Table of Content\"><span class=\"ez-toc-js-icon-con\"><span class=\"\"><span class=\"eztoc-hide\" style=\"display:none;\">L\u00fclitage sisse\/v\u00e4lja<\/span><span class=\"ez-toc-icon-toggle-span\"><svg style=\"fill: #999;color:#999\" xmlns=\"http:\/\/www.w3.org\/2000\/svg\" class=\"list-377408\" width=\"20px\" height=\"20px\" viewbox=\"0 0 24 24\" fill=\"none\"><path d=\"M6 6H4v2h2V6zm14 0H8v2h12V6zM4 11h2v2H4v-2zm16 0H8v2h12v-2zM4 16h2v2H4v-2zm16 0H8v2h12v-2z\" fill=\"currentColor\"><\/path><\/svg><svg style=\"fill: #999;color:#999\" class=\"arrow-unsorted-368013\" xmlns=\"http:\/\/www.w3.org\/2000\/svg\" width=\"10px\" height=\"10px\" viewbox=\"0 0 24 24\" version=\"1.2\" baseprofile=\"tiny\"><path d=\"M18.2 9.3l-6.2-6.3-6.2 6.3c-.2.2-.3.4-.3.7s.1.5.3.7c.2.2.4.3.7.3h11c.3 0 .5-.1.7-.3.2-.2.3-.5.3-.7s-.1-.5-.3-.7zM5.8 14.7l6.2 6.3 6.2-6.3c.2-.2.3-.5.3-.7s-.1-.5-.3-.7c-.2-.2-.4-.3-.7-.3h-11c-.3 0-.5.1-.7.3-.2.2-.3.5-.3.7s.1.5.3.7z\"\/><\/svg><\/span><\/span><\/span><\/a><\/span><\/div>\n<nav><ul class='ez-toc-list ez-toc-list-level-1' ><li class='ez-toc-page-1 ez-toc-heading-level-4'><a class=\"ez-toc-link ez-toc-heading-1\" href=\"https:\/\/saphirsmaragd.com\/et\/toode\/smaragd-rund-gruen-1-44-karat\/#Merkmale_Herkunft\" >Omadused ja p\u00e4ritolu<\/a><\/li><li class='ez-toc-page-1 ez-toc-heading-level-4'><a class=\"ez-toc-link ez-toc-heading-2\" href=\"https:\/\/saphirsmaragd.com\/et\/toode\/smaragd-rund-gruen-1-44-karat\/#Besonderheiten\" >Erifunktsioonid<\/a><\/li><li class='ez-toc-page-1 ez-toc-heading-level-4'><a class=\"ez-toc-link ez-toc-heading-3\" href=\"https:\/\/saphirsmaragd.com\/et\/toode\/smaragd-rund-gruen-1-44-karat\/#Mehr_uber_Heilsteine_Kristalle\" >Rohkem teavet ravikivide ja kristallide kohta<\/a><\/li><li class='ez-toc-page-1 ez-toc-heading-level-4'><a class=\"ez-toc-link ez-toc-heading-4\" href=\"https:\/\/saphirsmaragd.com\/et\/toode\/smaragd-rund-gruen-1-44-karat\/#Weitere_Infos\" >Lisateave<\/a><\/li><\/ul><\/nav><\/div>\n<h4 data-start=\"949\" data-end=\"975\"><span class=\"ez-toc-section\" id=\"Merkmale_Herkunft\"><\/span>Omadused ja p\u00e4ritolu<span class=\"ez-toc-section-end\"><\/span><\/h4>\n<p data-start=\"977\" data-end=\"1197\">Steinart: Smaragd<br data-start=\"994\" data-end=\"997\" \/>V\u00e4rv: roheline<br data-start=\"1008\" data-end=\"1011\" \/>Kuju: \u00dcmmargune<br data-start=\"1021\" data-end=\"1024\" \/>Gewicht: 1.44 Karat<br data-start=\"1043\" data-end=\"1046\" \/>Abmessungen: 7.5 mm<br data-start=\"1065\" data-end=\"1068\" \/>Herkunft: Sambia<br data-start=\"1084\" data-end=\"1087\" \/>Reinheit: Starke Einschl\u00fcsse<br data-start=\"1115\" data-end=\"1118\" \/>Behandlung: Ge\u00f6lt<br data-start=\"1135\" data-end=\"1138\" \/>Beobachtung: Nat\u00fcrlich<br data-start=\"1160\" data-end=\"1163\" \/>Mohs-H\u00e4rte: 7.5\u20138<br data-start=\"1180\" data-end=\"1183\" \/>Seisukord: Uus<\/p>\n<hr data-start=\"1199\" data-end=\"1202\" \/>\n<h4 data-start=\"1204\" data-end=\"1225\"><span class=\"ez-toc-section\" id=\"Besonderheiten\"><\/span>Erifunktsioonid<span class=\"ez-toc-section-end\"><\/span><\/h4>\n<p data-start=\"1227\" data-end=\"1450\">Der Smaragd Rund Gr\u00fcn 1.44 Karat geh\u00f6rt zu den selteneren Schliffarten im Bereich der Smaragde. Runde Schliffe sind bei Smaragden weniger verbreitet, da sie mehr Rohmaterial erfordern und daher besonders gesch\u00e4tzt werden.<\/p>\n<p data-start=\"1452\" data-end=\"1709\">Mit einem Gewicht von 1.44 Karat bietet dieser Edelstein eine ideale Gr\u00f6\u00dfe f\u00fcr auff\u00e4llige Schmuckst\u00fccke. Die runde Form sorgt f\u00fcr eine perfekte Symmetrie und eine gleichm\u00e4\u00dfige Lichtverteilung, wodurch die intensive gr\u00fcne Farbe besonders zur Geltung kommt.<\/p>\n<p data-start=\"1711\" data-end=\"1931\">Smaragde aus Sambia sind bekannt f\u00fcr ihre klare, kr\u00e4ftige Gr\u00fcnfarbe mit leicht k\u00fchlem Ton. Die nat\u00fcrlichen Einschl\u00fcsse sind charakteristisch und best\u00e4tigen die Echtheit sowie den nat\u00fcrlichen Ursprung dieses Edelsteins.<\/p>\n<hr data-start=\"1670\" data-end=\"1673\" \/>\n<h4 data-start=\"1448\" data-end=\"1473\"><span class=\"ez-toc-section\" id=\"Mehr_uber_Heilsteine_Kristalle\"><\/span>Rohkem teavet ravikivide ja kristallide kohta<span class=\"ez-toc-section-end\"><\/span><\/h4>\n<p data-start=\"1475\" data-end=\"1668\"><a class=\"\" href=\"https:\/\/saphirsmaragd.com\/et\/product-category\/heilsteine-kristalle-kaufen\/\" target=\"_new\" rel=\"noopener\" data-start=\"1571\" data-end=\"1668\">Tervendavad kivid ja kristallid<\/a><\/p>\n<hr data-start=\"1670\" data-end=\"1673\" \/>\n<h4 data-start=\"1675\" data-end=\"1695\"><span class=\"ez-toc-section\" id=\"Weitere_Infos\"><\/span>Lisateave<span class=\"ez-toc-section-end\"><\/span><\/h4>\n<p data-start=\"1697\" data-end=\"1801\"><a class=\"\" href=\"https:\/\/de.wikipedia.org\/wiki\/Smaragd\" target=\"_new\" rel=\"noopener\" data-start=\"1741\" data-end=\"1801\">Wikipedia \u2013 Smaragd<\/a><\/p>","protected":false},"excerpt":{"rendered":"<p data-start=\"389\" data-end=\"506\"><em>Smaragd Rund Gr\u00fcn 1.44 Karat aus Sambia, ge\u00f6lt. Seltener Edelstein mit intensiver Farbe und pr\u00e4zisem Rundschliff.<\/em><\/p>","protected":false},"featured_media":8591,"comment_status":"open","ping_status":"closed","template":"","meta":{"_glsr_average":0,"_glsr_ranking":0,"_glsr_reviews":0},"product_brand":[],"product_cat":[262],"product_tag":[],"class_list":{"0":"post-8590","1":"product","2":"type-product","3":"status-publish","4":"has-post-thumbnail","6":"product_cat-smaragd","7":"pa_edelsteinart-smaragd","8":"pa_farbe-gruen","9":"pa_form-rund","10":"pa_gewicht-karat-1-0-3-0-karat","11":"pa_herkunft-sambia","12":"pa_reinheit-starke-einschluesse","13":"pa_veredelung-behandlung-geoelt","14":"pa_zustand-neu","16":"first","17":"instock","18":"sold-individually","19":"shipping-taxable","20":"purchasable","21":"product-type-simple","22":"add-to-wishlist-before_image"},"jetpack_sharing_enabled":true,"_links":{"self":[{"href":"https:\/\/saphirsmaragd.com\/et\/wp-json\/wp\/v2\/product\/8590","targetHints":{"allow":["GET"]}}],"collection":[{"href":"https:\/\/saphirsmaragd.com\/et\/wp-json\/wp\/v2\/product"}],"about":[{"href":"https:\/\/saphirsmaragd.com\/et\/wp-json\/wp\/v2\/types\/product"}],"replies":[{"embeddable":true,"href":"https:\/\/saphirsmaragd.com\/et\/wp-json\/wp\/v2\/comments?post=8590"}],"version-history":[{"count":1,"href":"https:\/\/saphirsmaragd.com\/et\/wp-json\/wp\/v2\/product\/8590\/revisions"}],"predecessor-version":[{"id":8592,"href":"https:\/\/saphirsmaragd.com\/et\/wp-json\/wp\/v2\/product\/8590\/revisions\/8592"}],"wp:featuredmedia":[{"embeddable":true,"href":"https:\/\/saphirsmaragd.com\/et\/wp-json\/wp\/v2\/media\/8591"}],"wp:attachment":[{"href":"https:\/\/saphirsmaragd.com\/et\/wp-json\/wp\/v2\/media?parent=8590"}],"wp:term":[{"taxonomy":"product_brand","embeddable":true,"href":"https:\/\/saphirsmaragd.com\/et\/wp-json\/wp\/v2\/product_brand?post=8590"},{"taxonomy":"product_cat","embeddable":true,"href":"https:\/\/saphirsmaragd.com\/et\/wp-json\/wp\/v2\/product_cat?post=8590"},{"taxonomy":"product_tag","embeddable":true,"href":"https:\/\/saphirsmaragd.com\/et\/wp-json\/wp\/v2\/product_tag?post=8590"}],"curies":[{"name":"wp","href":"https:\/\/api.w.org\/{rel}","templated":true}]}}