{"id":8619,"date":"2026-04-19T18:12:14","date_gmt":"2026-04-19T18:12:14","guid":{"rendered":"https:\/\/saphirsmaragd.com\/?post_type=product&#038;p=8619"},"modified":"2026-04-19T18:14:56","modified_gmt":"2026-04-19T18:14:56","slug":"smaragd-rechteck-gruen-1-62-karat","status":"publish","type":"product","link":"https:\/\/saphirsmaragd.com\/et\/toode\/smaragd-rechteck-gruen-1-62-karat\/","title":{"rendered":"Smaragd Rechteck Gr\u00fcn 1.62 Karat aus Brasilien \u2013 Klassischer Smaragdschliff Edelstein"},"content":{"rendered":"<p data-start=\"792\" data-end=\"1056\">Der Smaragd Rechteck Gr\u00fcn 1.62 Karat aus Brasilien \u00fcberzeugt durch seinen klassischen Smaragdschliff und seine elegante, klare Form. Dieser Edelstein kombiniert zeitlose \u00c4sthetik mit nat\u00fcrlicher Sch\u00f6nheit und eignet sich hervorragend f\u00fcr hochwertige Schmuckst\u00fccke.<\/p>\n<hr data-start=\"1058\" data-end=\"1061\" \/>\n<div id=\"ez-toc-container\" class=\"ez-toc-v2_0_82_2 counter-hierarchy ez-toc-counter ez-toc-grey ez-toc-container-direction\">\n<div class=\"ez-toc-title-container\">\n<p class=\"ez-toc-title\" style=\"cursor:inherit\">Sisukord<\/p>\n<span class=\"ez-toc-title-toggle\"><a href=\"#\" class=\"ez-toc-pull-right ez-toc-btn ez-toc-btn-xs ez-toc-btn-default ez-toc-toggle\" aria-label=\"Toggle Table of Content\"><span class=\"ez-toc-js-icon-con\"><span class=\"\"><span class=\"eztoc-hide\" style=\"display:none;\">L\u00fclitage sisse\/v\u00e4lja<\/span><span class=\"ez-toc-icon-toggle-span\"><svg style=\"fill: #999;color:#999\" xmlns=\"http:\/\/www.w3.org\/2000\/svg\" class=\"list-377408\" width=\"20px\" height=\"20px\" viewbox=\"0 0 24 24\" fill=\"none\"><path d=\"M6 6H4v2h2V6zm14 0H8v2h12V6zM4 11h2v2H4v-2zm16 0H8v2h12v-2zM4 16h2v2H4v-2zm16 0H8v2h12v-2z\" fill=\"currentColor\"><\/path><\/svg><svg style=\"fill: #999;color:#999\" class=\"arrow-unsorted-368013\" xmlns=\"http:\/\/www.w3.org\/2000\/svg\" width=\"10px\" height=\"10px\" viewbox=\"0 0 24 24\" version=\"1.2\" baseprofile=\"tiny\"><path d=\"M18.2 9.3l-6.2-6.3-6.2 6.3c-.2.2-.3.4-.3.7s.1.5.3.7c.2.2.4.3.7.3h11c.3 0 .5-.1.7-.3.2-.2.3-.5.3-.7s-.1-.5-.3-.7zM5.8 14.7l6.2 6.3 6.2-6.3c.2-.2.3-.5.3-.7s-.1-.5-.3-.7c-.2-.2-.4-.3-.7-.3h-11c-.3 0-.5.1-.7.3-.2.2-.3.5-.3.7s.1.5.3.7z\"\/><\/svg><\/span><\/span><\/span><\/a><\/span><\/div>\n<nav><ul class='ez-toc-list ez-toc-list-level-1' ><li class='ez-toc-page-1 ez-toc-heading-level-4'><a class=\"ez-toc-link ez-toc-heading-1\" href=\"https:\/\/saphirsmaragd.com\/et\/toode\/smaragd-rechteck-gruen-1-62-karat\/#Merkmale_Herkunft\" >Omadused ja p\u00e4ritolu<\/a><\/li><li class='ez-toc-page-1 ez-toc-heading-level-4'><a class=\"ez-toc-link ez-toc-heading-2\" href=\"https:\/\/saphirsmaragd.com\/et\/toode\/smaragd-rechteck-gruen-1-62-karat\/#Besonderheiten\" >Erifunktsioonid<\/a><\/li><li class='ez-toc-page-1 ez-toc-heading-level-4'><a class=\"ez-toc-link ez-toc-heading-3\" href=\"https:\/\/saphirsmaragd.com\/et\/toode\/smaragd-rechteck-gruen-1-62-karat\/#Mehr_uber_Heilsteine_Kristalle\" >Rohkem teavet ravikivide ja kristallide kohta<\/a><\/li><li class='ez-toc-page-1 ez-toc-heading-level-4'><a class=\"ez-toc-link ez-toc-heading-4\" href=\"https:\/\/saphirsmaragd.com\/et\/toode\/smaragd-rechteck-gruen-1-62-karat\/#Weitere_Infos\" >Lisateave<\/a><\/li><\/ul><\/nav><\/div>\n<h4 data-start=\"1063\" data-end=\"1089\"><span class=\"ez-toc-section\" id=\"Merkmale_Herkunft\"><\/span>Omadused ja p\u00e4ritolu<span class=\"ez-toc-section-end\"><\/span><\/h4>\n<p data-start=\"1091\" data-end=\"1341\">Steinart: Smaragd<br data-start=\"1108\" data-end=\"1111\" \/>V\u00e4rv: roheline<br data-start=\"1122\" data-end=\"1125\" \/>Form: Rechteck (Smaragdschliff)<br data-start=\"1156\" data-end=\"1159\" \/>Gewicht: 1.62 Karat<br data-start=\"1178\" data-end=\"1181\" \/>Abmessungen: ca. 8 x 6 mm<br data-start=\"1206\" data-end=\"1209\" \/>P\u00e4ritolu: Brasiilia<br data-start=\"1228\" data-end=\"1231\" \/>Reinheit: Kleine Einschl\u00fcsse<br data-start=\"1259\" data-end=\"1262\" \/>Behandlung: Ge\u00f6lt<br data-start=\"1279\" data-end=\"1282\" \/>Beobachtung: Nat\u00fcrlich<br data-start=\"1304\" data-end=\"1307\" \/>Mohs-H\u00e4rte: 7.5\u20138<br data-start=\"1324\" data-end=\"1327\" \/>Seisukord: Uus<\/p>\n<hr data-start=\"1343\" data-end=\"1346\" \/>\n<h4 data-start=\"1348\" data-end=\"1369\"><span class=\"ez-toc-section\" id=\"Besonderheiten\"><\/span>Erifunktsioonid<span class=\"ez-toc-section-end\"><\/span><\/h4>\n<p data-start=\"1371\" data-end=\"1665\">Der Smaragd Rechteck Gr\u00fcn 1.62 Karat zeichnet sich durch seinen klassischen Smaragdschliff aus, der f\u00fcr klare Linien und elegante Lichtreflexionen bekannt ist. Dieser Schliff wurde speziell entwickelt, um die Farbe des Steins zu betonen und gleichzeitig die nat\u00fcrliche Struktur hervorzuheben.<\/p>\n<p data-start=\"1667\" data-end=\"1921\">Mit 1.62 Karat geh\u00f6rt dieser Smaragd bereits zu den gr\u00f6\u00dferen Exemplaren und bietet dadurch eine besonders starke visuelle Pr\u00e4senz. Die rechteckige Form wirkt modern und luxuri\u00f6s zugleich und ist besonders beliebt f\u00fcr Ringe und hochwertige Einzelst\u00fccke.<\/p>\n<p data-start=\"1923\" data-end=\"2154\">Brasilianische Smaragde sind f\u00fcr ihre lebendige gr\u00fcne Farbe bekannt und bieten eine attraktive Alternative zu anderen Herkunftsl\u00e4ndern. Die nat\u00fcrlichen Einschl\u00fcsse machen jeden Stein einzigartig und unterstreichen seine Echtheit.<\/p>\n<hr data-start=\"1670\" data-end=\"1673\" \/>\n<h4 data-start=\"1448\" data-end=\"1473\"><span class=\"ez-toc-section\" id=\"Mehr_uber_Heilsteine_Kristalle\"><\/span>Rohkem teavet ravikivide ja kristallide kohta<span class=\"ez-toc-section-end\"><\/span><\/h4>\n<p data-start=\"1475\" data-end=\"1668\"><a class=\"\" href=\"https:\/\/saphirsmaragd.com\/et\/product-category\/heilsteine-kristalle-kaufen\/\" target=\"_new\" rel=\"noopener\" data-start=\"1571\" data-end=\"1668\">Tervendavad kivid ja kristallid<\/a><\/p>\n<hr data-start=\"1670\" data-end=\"1673\" \/>\n<h4 data-start=\"1675\" data-end=\"1695\"><span class=\"ez-toc-section\" id=\"Weitere_Infos\"><\/span>Lisateave<span class=\"ez-toc-section-end\"><\/span><\/h4>\n<p data-start=\"1697\" data-end=\"1801\"><a class=\"\" href=\"https:\/\/de.wikipedia.org\/wiki\/Smaragd\" target=\"_new\" rel=\"noopener\" data-start=\"1741\" data-end=\"1801\">Wikipedia \u2013 Smaragd<\/a><\/p>","protected":false},"excerpt":{"rendered":"<p data-start=\"474\" data-end=\"606\"><em>Smaragd Rechteck Gr\u00fcn 1.62 Karat aus Brasilien, ge\u00f6lt. Klassischer Smaragdschliff mit intensiver gr\u00fcner Farbe f\u00fcr edlen Schmuck.<\/em><\/p>","protected":false},"featured_media":8620,"comment_status":"open","ping_status":"closed","template":"","meta":{"_glsr_average":0,"_glsr_ranking":0,"_glsr_reviews":0},"product_brand":[],"product_cat":[262],"product_tag":[],"class_list":{"0":"post-8619","1":"product","2":"type-product","3":"status-publish","4":"has-post-thumbnail","6":"product_cat-smaragd","7":"pa_edelsteinart-smaragd","8":"pa_farbe-gruen","9":"pa_form-rechteck","10":"pa_gewicht-karat-1-0-3-0-karat","11":"pa_herkunft-sambia","12":"pa_reinheit-kleine-einschluesse","13":"pa_veredelung-behandlung-geoelt","14":"pa_zustand-neu","16":"first","17":"instock","18":"sold-individually","19":"taxable","20":"shipping-taxable","21":"purchasable","22":"product-type-simple","23":"add-to-wishlist-before_image"},"jetpack_sharing_enabled":true,"_links":{"self":[{"href":"https:\/\/saphirsmaragd.com\/et\/wp-json\/wp\/v2\/product\/8619","targetHints":{"allow":["GET"]}}],"collection":[{"href":"https:\/\/saphirsmaragd.com\/et\/wp-json\/wp\/v2\/product"}],"about":[{"href":"https:\/\/saphirsmaragd.com\/et\/wp-json\/wp\/v2\/types\/product"}],"replies":[{"embeddable":true,"href":"https:\/\/saphirsmaragd.com\/et\/wp-json\/wp\/v2\/comments?post=8619"}],"version-history":[{"count":1,"href":"https:\/\/saphirsmaragd.com\/et\/wp-json\/wp\/v2\/product\/8619\/revisions"}],"predecessor-version":[{"id":8621,"href":"https:\/\/saphirsmaragd.com\/et\/wp-json\/wp\/v2\/product\/8619\/revisions\/8621"}],"wp:featuredmedia":[{"embeddable":true,"href":"https:\/\/saphirsmaragd.com\/et\/wp-json\/wp\/v2\/media\/8620"}],"wp:attachment":[{"href":"https:\/\/saphirsmaragd.com\/et\/wp-json\/wp\/v2\/media?parent=8619"}],"wp:term":[{"taxonomy":"product_brand","embeddable":true,"href":"https:\/\/saphirsmaragd.com\/et\/wp-json\/wp\/v2\/product_brand?post=8619"},{"taxonomy":"product_cat","embeddable":true,"href":"https:\/\/saphirsmaragd.com\/et\/wp-json\/wp\/v2\/product_cat?post=8619"},{"taxonomy":"product_tag","embeddable":true,"href":"https:\/\/saphirsmaragd.com\/et\/wp-json\/wp\/v2\/product_tag?post=8619"}],"curies":[{"name":"wp","href":"https:\/\/api.w.org\/{rel}","templated":true}]}}