{"id":8750,"date":"2026-05-04T12:31:56","date_gmt":"2026-05-04T12:31:56","guid":{"rendered":"https:\/\/saphirsmaragd.com\/?post_type=product&#038;p=8750"},"modified":"2026-05-04T12:35:02","modified_gmt":"2026-05-04T12:35:02","slug":"smaragd-tropfen-gruen-1-03-karat","status":"publish","type":"product","link":"https:\/\/saphirsmaragd.com\/et\/toode\/smaragd-tropfen-gruen-1-03-karat\/","title":{"rendered":"Smaragd Tropfen Gr\u00fcn 1.03 Karat aus Brasilien \u2013 Gro\u00dfer Tropfenschliff Edelstein"},"content":{"rendered":"<p data-start=\"823\" data-end=\"1069\">\n<p data-start=\"1209\" data-end=\"1478\">Der Smaragd Tropfen Gr\u00fcn 1.03 Karat aus Brasilien beeindruckt durch seine au\u00dfergew\u00f6hnliche Gr\u00f6\u00dfe und seine elegante Tropfenform. Mit \u00fcber einem Karat geh\u00f6rt dieser Edelstein zu den besonders ausdrucksstarken Varianten und eignet sich ideal f\u00fcr auff\u00e4llige Schmuckst\u00fccke.<\/p>\n<hr data-start=\"1480\" data-end=\"1483\" \/>\n<div id=\"ez-toc-container\" class=\"ez-toc-v2_0_82_2 counter-hierarchy ez-toc-counter ez-toc-grey ez-toc-container-direction\">\n<div class=\"ez-toc-title-container\">\n<p class=\"ez-toc-title\" style=\"cursor:inherit\">Sisukord<\/p>\n<span class=\"ez-toc-title-toggle\"><a href=\"#\" class=\"ez-toc-pull-right ez-toc-btn ez-toc-btn-xs ez-toc-btn-default ez-toc-toggle\" aria-label=\"Toggle Table of Content\"><span class=\"ez-toc-js-icon-con\"><span class=\"\"><span class=\"eztoc-hide\" style=\"display:none;\">L\u00fclitage sisse\/v\u00e4lja<\/span><span class=\"ez-toc-icon-toggle-span\"><svg style=\"fill: #999;color:#999\" xmlns=\"http:\/\/www.w3.org\/2000\/svg\" class=\"list-377408\" width=\"20px\" height=\"20px\" viewbox=\"0 0 24 24\" fill=\"none\"><path d=\"M6 6H4v2h2V6zm14 0H8v2h12V6zM4 11h2v2H4v-2zm16 0H8v2h12v-2zM4 16h2v2H4v-2zm16 0H8v2h12v-2z\" fill=\"currentColor\"><\/path><\/svg><svg style=\"fill: #999;color:#999\" class=\"arrow-unsorted-368013\" xmlns=\"http:\/\/www.w3.org\/2000\/svg\" width=\"10px\" height=\"10px\" viewbox=\"0 0 24 24\" version=\"1.2\" baseprofile=\"tiny\"><path d=\"M18.2 9.3l-6.2-6.3-6.2 6.3c-.2.2-.3.4-.3.7s.1.5.3.7c.2.2.4.3.7.3h11c.3 0 .5-.1.7-.3.2-.2.3-.5.3-.7s-.1-.5-.3-.7zM5.8 14.7l6.2 6.3 6.2-6.3c.2-.2.3-.5.3-.7s-.1-.5-.3-.7c-.2-.2-.4-.3-.7-.3h-11c-.3 0-.5.1-.7.3-.2.2-.3.5-.3.7s.1.5.3.7z\"\/><\/svg><\/span><\/span><\/span><\/a><\/span><\/div>\n<nav><ul class='ez-toc-list ez-toc-list-level-1' ><li class='ez-toc-page-1 ez-toc-heading-level-4'><a class=\"ez-toc-link ez-toc-heading-1\" href=\"https:\/\/saphirsmaragd.com\/et\/toode\/smaragd-tropfen-gruen-1-03-karat\/#Merkmale_Herkunft\" >Omadused ja p\u00e4ritolu<\/a><\/li><li class='ez-toc-page-1 ez-toc-heading-level-4'><a class=\"ez-toc-link ez-toc-heading-2\" href=\"https:\/\/saphirsmaragd.com\/et\/toode\/smaragd-tropfen-gruen-1-03-karat\/#Besonderheiten\" >Erifunktsioonid<\/a><\/li><li class='ez-toc-page-1 ez-toc-heading-level-4'><a class=\"ez-toc-link ez-toc-heading-3\" href=\"https:\/\/saphirsmaragd.com\/et\/toode\/smaragd-tropfen-gruen-1-03-karat\/#Mehr_uber_Heilsteine_Kristalle\" >Rohkem teavet ravikivide ja kristallide kohta<\/a><\/li><li class='ez-toc-page-1 ez-toc-heading-level-4'><a class=\"ez-toc-link ez-toc-heading-4\" href=\"https:\/\/saphirsmaragd.com\/et\/toode\/smaragd-tropfen-gruen-1-03-karat\/#Weitere_Infos\" >Lisateave<\/a><\/li><\/ul><\/nav><\/div>\n<h4 data-start=\"1485\" data-end=\"1511\"><span class=\"ez-toc-section\" id=\"Merkmale_Herkunft\"><\/span>Omadused ja p\u00e4ritolu<span class=\"ez-toc-section-end\"><\/span><\/h4>\n<p data-start=\"1513\" data-end=\"1753\">Steinart: Smaragd<br data-start=\"1530\" data-end=\"1533\" \/>V\u00e4rv: roheline<br data-start=\"1544\" data-end=\"1547\" \/>Form: Tropfen<br data-start=\"1560\" data-end=\"1563\" \/>Gewicht: 1.03 Karat<br data-start=\"1582\" data-end=\"1585\" \/>Abmessungen: ca. 10.4 x 5.9 mm<br data-start=\"1615\" data-end=\"1618\" \/>P\u00e4ritolu: Brasiilia<br data-start=\"1637\" data-end=\"1640\" \/>Puhtus: Selged lisandid<br data-start=\"1671\" data-end=\"1674\" \/>Behandlung: Ge\u00f6lt<br data-start=\"1691\" data-end=\"1694\" \/>Beobachtung: Nat\u00fcrlich<br data-start=\"1716\" data-end=\"1719\" \/>Mohs-H\u00e4rte: 7.5\u20138<br data-start=\"1736\" data-end=\"1739\" \/>Seisukord: Uus<\/p>\n<hr data-start=\"1755\" data-end=\"1758\" \/>\n<h4 data-start=\"1760\" data-end=\"1781\"><span class=\"ez-toc-section\" id=\"Besonderheiten\"><\/span>Erifunktsioonid<span class=\"ez-toc-section-end\"><\/span><\/h4>\n<p data-start=\"1783\" data-end=\"2033\">Der Smaragd Tropfen Gr\u00fcn 1.03 Karat zeichnet sich vor allem durch seine Gr\u00f6\u00dfe und seine elegante Form aus. Der Tropfenschliff verbindet die Brillanz eines Rundschliffs mit der L\u00e4nge eines Navette-Schliffs und sorgt so f\u00fcr eine besonders edle Optik.<\/p>\n<p data-start=\"2035\" data-end=\"2200\">Mit \u00fcber einem Karat wirkt dieser Edelstein deutlich gr\u00f6\u00dfer als viele kleinere Smaragde und eignet sich perfekt f\u00fcr auff\u00e4llige Anh\u00e4nger oder exklusive Ringdesigns.<\/p>\n<p data-start=\"2202\" data-end=\"2361\">Brasilianische Smaragde sind f\u00fcr ihre lebendige Farbwirkung bekannt. Die sichtbaren Einschl\u00fcsse sind typisch und unterstreichen die Nat\u00fcrlichkeit des Steins.<\/p>\n<h4 data-start=\"1448\" data-end=\"1473\"><span class=\"ez-toc-section\" id=\"Mehr_uber_Heilsteine_Kristalle\"><\/span>Rohkem teavet ravikivide ja kristallide kohta<span class=\"ez-toc-section-end\"><\/span><\/h4>\n<p data-start=\"1475\" data-end=\"1668\"><a class=\"\" href=\"https:\/\/saphirsmaragd.com\/et\/product-category\/heilsteine-kristalle-kaufen\/\" target=\"_new\" rel=\"noopener\" data-start=\"1571\" data-end=\"1668\">Tervendavad kivid ja kristallid<\/a><\/p>\n<hr data-start=\"1670\" data-end=\"1673\" \/>\n<h4 data-start=\"1675\" data-end=\"1695\"><span class=\"ez-toc-section\" id=\"Weitere_Infos\"><\/span>Lisateave<span class=\"ez-toc-section-end\"><\/span><\/h4>\n<p data-start=\"1697\" data-end=\"1801\"><a class=\"\" href=\"https:\/\/de.wikipedia.org\/wiki\/Smaragd\" target=\"_new\" rel=\"noopener\" data-start=\"1741\" data-end=\"1801\">Wikipedia \u2013 Smaragd<\/a><\/p>","protected":false},"excerpt":{"rendered":"<p data-start=\"899\" data-end=\"1032\"><em>Smaragd Tropfen Gr\u00fcn 1.03 Karat aus Brasilien, ge\u00f6lt. Gro\u00dfer Tropfenschliff mit beeindruckender Gr\u00f6\u00dfe und lebendiger Farbwirkung.<\/em><\/p>","protected":false},"featured_media":8751,"comment_status":"open","ping_status":"closed","template":"","meta":{"_glsr_average":0,"_glsr_ranking":0,"_glsr_reviews":0},"product_brand":[],"product_cat":[262],"product_tag":[],"class_list":{"0":"post-8750","1":"product","2":"type-product","3":"status-publish","4":"has-post-thumbnail","6":"product_cat-smaragd","7":"pa_edelsteinart-smaragd","8":"pa_farbe-gruen","9":"pa_form-tropfen","10":"pa_gewicht-karat-1-0-3-0-karat","11":"pa_herkunft-sambia","12":"pa_reinheit-deutliche-einschluesse","13":"pa_veredelung-behandlung-geoelt","14":"pa_zustand-neu","16":"first","17":"instock","18":"sold-individually","19":"taxable","20":"shipping-taxable","21":"purchasable","22":"product-type-simple","23":"add-to-wishlist-before_image"},"jetpack_sharing_enabled":true,"_links":{"self":[{"href":"https:\/\/saphirsmaragd.com\/et\/wp-json\/wp\/v2\/product\/8750","targetHints":{"allow":["GET"]}}],"collection":[{"href":"https:\/\/saphirsmaragd.com\/et\/wp-json\/wp\/v2\/product"}],"about":[{"href":"https:\/\/saphirsmaragd.com\/et\/wp-json\/wp\/v2\/types\/product"}],"replies":[{"embeddable":true,"href":"https:\/\/saphirsmaragd.com\/et\/wp-json\/wp\/v2\/comments?post=8750"}],"version-history":[{"count":1,"href":"https:\/\/saphirsmaragd.com\/et\/wp-json\/wp\/v2\/product\/8750\/revisions"}],"predecessor-version":[{"id":8752,"href":"https:\/\/saphirsmaragd.com\/et\/wp-json\/wp\/v2\/product\/8750\/revisions\/8752"}],"wp:featuredmedia":[{"embeddable":true,"href":"https:\/\/saphirsmaragd.com\/et\/wp-json\/wp\/v2\/media\/8751"}],"wp:attachment":[{"href":"https:\/\/saphirsmaragd.com\/et\/wp-json\/wp\/v2\/media?parent=8750"}],"wp:term":[{"taxonomy":"product_brand","embeddable":true,"href":"https:\/\/saphirsmaragd.com\/et\/wp-json\/wp\/v2\/product_brand?post=8750"},{"taxonomy":"product_cat","embeddable":true,"href":"https:\/\/saphirsmaragd.com\/et\/wp-json\/wp\/v2\/product_cat?post=8750"},{"taxonomy":"product_tag","embeddable":true,"href":"https:\/\/saphirsmaragd.com\/et\/wp-json\/wp\/v2\/product_tag?post=8750"}],"curies":[{"name":"wp","href":"https:\/\/api.w.org\/{rel}","templated":true}]}}