{"id":8828,"date":"2026-05-15T19:42:01","date_gmt":"2026-05-15T19:42:01","guid":{"rendered":"https:\/\/saphirsmaragd.com\/?post_type=product&#038;p=8828"},"modified":"2026-05-15T19:43:32","modified_gmt":"2026-05-15T19:43:32","slug":"smaragd-tropfen-gruen-0-43-karat","status":"publish","type":"product","link":"https:\/\/saphirsmaragd.com\/et\/toode\/smaragd-tropfen-gruen-0-43-karat\/","title":{"rendered":"Smaragd Tropfen Gr\u00fcn 0.43 Karat aus Sambia \u2013 Nat\u00fcrlicher Edelstein mit elegantem Tropfenschliff"},"content":{"rendered":"<div id=\"ez-toc-container\" class=\"ez-toc-v2_0_83 counter-hierarchy ez-toc-counter ez-toc-grey ez-toc-container-direction\">\n<div class=\"ez-toc-title-container\">\n<p class=\"ez-toc-title\" style=\"cursor:inherit\">Sisukord<\/p>\n<span class=\"ez-toc-title-toggle\"><a href=\"#\" class=\"ez-toc-pull-right ez-toc-btn ez-toc-btn-xs ez-toc-btn-default ez-toc-toggle\" aria-label=\"Toggle Table of Content\"><span class=\"ez-toc-js-icon-con\"><span class=\"\"><span class=\"eztoc-hide\" style=\"display:none;\">L\u00fclitage sisse\/v\u00e4lja<\/span><span class=\"ez-toc-icon-toggle-span\"><svg style=\"fill: #999;color:#999\" xmlns=\"http:\/\/www.w3.org\/2000\/svg\" class=\"list-377408\" width=\"20px\" height=\"20px\" viewbox=\"0 0 24 24\" fill=\"none\"><path d=\"M6 6H4v2h2V6zm14 0H8v2h12V6zM4 11h2v2H4v-2zm16 0H8v2h12v-2zM4 16h2v2H4v-2zm16 0H8v2h12v-2z\" fill=\"currentColor\"><\/path><\/svg><svg style=\"fill: #999;color:#999\" class=\"arrow-unsorted-368013\" xmlns=\"http:\/\/www.w3.org\/2000\/svg\" width=\"10px\" height=\"10px\" viewbox=\"0 0 24 24\" version=\"1.2\" baseprofile=\"tiny\"><path d=\"M18.2 9.3l-6.2-6.3-6.2 6.3c-.2.2-.3.4-.3.7s.1.5.3.7c.2.2.4.3.7.3h11c.3 0 .5-.1.7-.3.2-.2.3-.5.3-.7s-.1-.5-.3-.7zM5.8 14.7l6.2 6.3 6.2-6.3c.2-.2.3-.5.3-.7s-.1-.5-.3-.7c-.2-.2-.4-.3-.7-.3h-11c-.3 0-.5.1-.7.3-.2.2-.3.5-.3.7s.1.5.3.7z\"\/><\/svg><\/span><\/span><\/span><\/a><\/span><\/div>\n<nav><ul class='ez-toc-list ez-toc-list-level-1' ><li class='ez-toc-page-1 ez-toc-heading-level-4'><a class=\"ez-toc-link ez-toc-heading-1\" href=\"https:\/\/saphirsmaragd.com\/et\/toode\/smaragd-tropfen-gruen-0-43-karat\/#Smaragd_Tropfen_Grun_043_Karat\" >Smaragd Tropfen Gr\u00fcn 0.43 Karat<\/a><\/li><li class='ez-toc-page-1 ez-toc-heading-level-4'><a class=\"ez-toc-link ez-toc-heading-2\" href=\"https:\/\/saphirsmaragd.com\/et\/toode\/smaragd-tropfen-gruen-0-43-karat\/#Merkmale_Herkunft\" >Omadused ja p\u00e4ritolu<\/a><\/li><li class='ez-toc-page-1 ez-toc-heading-level-4'><a class=\"ez-toc-link ez-toc-heading-3\" href=\"https:\/\/saphirsmaragd.com\/et\/toode\/smaragd-tropfen-gruen-0-43-karat\/#Besonderheiten_zu_Smaragd_Tropfen_Grun_043_Karat\" >Besonderheiten zu Smaragd Tropfen Gr\u00fcn 0.43 Karat<\/a><\/li><li class='ez-toc-page-1 ez-toc-heading-level-4'><a class=\"ez-toc-link ez-toc-heading-4\" href=\"https:\/\/saphirsmaragd.com\/et\/toode\/smaragd-tropfen-gruen-0-43-karat\/#Mehr_uber_Heilsteine_Kristalle\" >Rohkem teavet ravikivide ja kristallide kohta<\/a><\/li><li class='ez-toc-page-1 ez-toc-heading-level-4'><a class=\"ez-toc-link ez-toc-heading-5\" href=\"https:\/\/saphirsmaragd.com\/et\/toode\/smaragd-tropfen-gruen-0-43-karat\/#Weitere_Infos\" >Lisateave<\/a><\/li><\/ul><\/nav><\/div>\n<h4 data-start=\"565\" data-end=\"601\"><span class=\"ez-toc-section\" id=\"Smaragd_Tropfen_Grun_043_Karat\"><\/span>Smaragd Tropfen Gr\u00fcn 0.43 Karat<span class=\"ez-toc-section-end\"><\/span><\/h4>\n<p data-start=\"603\" data-end=\"853\">Dieser nat\u00fcrliche Edelstein aus Sambia \u00fcberzeugt durch seine intensive gr\u00fcne Farbwirkung und seine klassische Tropfenform. Die elegante Silhouette verleiht dem Stein eine zeitlose Ausstrahlung und eignet sich hervorragend f\u00fcr exklusive Schmuckst\u00fccke.<\/p>\n<hr data-start=\"855\" data-end=\"858\" \/>\n<h4 data-start=\"860\" data-end=\"884\"><span class=\"ez-toc-section\" id=\"Merkmale_Herkunft\"><\/span>Omadused ja p\u00e4ritolu<span class=\"ez-toc-section-end\"><\/span><\/h4>\n<p data-start=\"886\" data-end=\"1118\">Steinart: Smaragd<br data-start=\"903\" data-end=\"906\" \/>V\u00e4rv: roheline<br data-start=\"917\" data-end=\"920\" \/>Form: Tropfen<br data-start=\"933\" data-end=\"936\" \/>Gewicht: 0.43 Karat<br data-start=\"955\" data-end=\"958\" \/>Abmessungen: 6.8 x 4.8 mm<br data-start=\"983\" data-end=\"986\" \/>Herkunft: Sambia<br data-start=\"1002\" data-end=\"1005\" \/>Puhtus: Selged lisandid<br data-start=\"1036\" data-end=\"1039\" \/>Behandlung: Ge\u00f6lt<br data-start=\"1056\" data-end=\"1059\" \/>Beobachtung: Nat\u00fcrlich<br data-start=\"1081\" data-end=\"1084\" \/>Mohs-H\u00e4rte: 7.5\u20138<br data-start=\"1101\" data-end=\"1104\" \/>Seisukord: Uus<\/p>\n<hr data-start=\"1120\" data-end=\"1123\" \/>\n<h4 data-start=\"1125\" data-end=\"1179\"><span class=\"ez-toc-section\" id=\"Besonderheiten_zu_Smaragd_Tropfen_Grun_043_Karat\"><\/span>Besonderheiten zu Smaragd Tropfen Gr\u00fcn 0.43 Karat<span class=\"ez-toc-section-end\"><\/span><\/h4>\n<p data-start=\"1181\" data-end=\"1415\">Die Tropfenform z\u00e4hlt zu den beliebtesten Edelsteinschliffen f\u00fcr elegante Anh\u00e4nger und luxuri\u00f6se Ringdesigns. Die weich zulaufende Form erzeugt eine harmonische Optik und verleiht Schmuckst\u00fccken eine besonders hochwertige Erscheinung.<\/p>\n<p data-start=\"1417\" data-end=\"1639\">Smaragde aus Sambia sind weltweit f\u00fcr ihre satten Gr\u00fcnt\u00f6ne und ihre nat\u00fcrliche Struktur bekannt. Die ge\u00f6lte Veredelung unterst\u00fctzt die optische Tiefe und hebt die nat\u00fcrlichen Eigenschaften des Edelsteins zus\u00e4tzlich hervor.<\/p>\n<p data-start=\"1641\" data-end=\"1799\">Der Smaragd Tropfen Gr\u00fcn 0.43 Karat eignet sich hervorragend f\u00fcr individuelle Schmuckanfertigungen und verbindet nat\u00fcrliche Sch\u00f6nheit mit klassischer Eleganz.<\/p>\n<hr data-start=\"1670\" data-end=\"1673\" \/>\n<h4 data-start=\"1448\" data-end=\"1473\"><span class=\"ez-toc-section\" id=\"Mehr_uber_Heilsteine_Kristalle\"><\/span>Rohkem teavet ravikivide ja kristallide kohta<span class=\"ez-toc-section-end\"><\/span><\/h4>\n<p data-start=\"1475\" data-end=\"1668\"><a class=\"\" href=\"https:\/\/saphirsmaragd.com\/et\/product-category\/heilsteine-kristalle-kaufen\/\" target=\"_new\" rel=\"noopener\" data-start=\"1571\" data-end=\"1668\">Tervendavad kivid ja kristallid<\/a><\/p>\n<hr data-start=\"1670\" data-end=\"1673\" \/>\n<h4 data-start=\"1675\" data-end=\"1695\"><span class=\"ez-toc-section\" id=\"Weitere_Infos\"><\/span>Lisateave<span class=\"ez-toc-section-end\"><\/span><\/h4>\n<p data-start=\"1697\" data-end=\"1801\"><a class=\"\" href=\"https:\/\/de.wikipedia.org\/wiki\/Smaragd\" target=\"_new\" rel=\"noopener\" data-start=\"1741\" data-end=\"1801\">Wikipedia \u2013 Smaragd<\/a><\/p>","protected":false},"excerpt":{"rendered":"<p data-start=\"254\" data-end=\"431\"><em>Smaragd Tropfen Gr\u00fcn 0.43 Karat aus Sambia mit ge\u00f6lter Veredelung. Nat\u00fcrlicher Edelstein mit intensiver gr\u00fcner Farbe und klassischer Tropfenform f\u00fcr exklusive Schmuckkreationen.<\/em><\/p>","protected":false},"featured_media":8829,"comment_status":"open","ping_status":"closed","template":"","meta":{"_glsr_average":0,"_glsr_ranking":0,"_glsr_reviews":0},"product_brand":[],"product_cat":[262],"product_tag":[],"class_list":{"0":"post-8828","1":"product","2":"type-product","3":"status-publish","4":"has-post-thumbnail","6":"product_cat-smaragd","7":"pa_edelsteinart-smaragd","8":"pa_farbe-gruen","9":"pa_form-tropfen","10":"pa_gewicht-karat-0-1-0-5-karat","11":"pa_herkunft-sambia","12":"pa_reinheit-deutliche-einschluesse","13":"pa_veredelung-behandlung-geoelt","14":"pa_zustand-neu","16":"first","17":"instock","18":"sold-individually","19":"shipping-taxable","20":"purchasable","21":"product-type-simple","22":"add-to-wishlist-before_image"},"jetpack_sharing_enabled":true,"_links":{"self":[{"href":"https:\/\/saphirsmaragd.com\/et\/wp-json\/wp\/v2\/product\/8828","targetHints":{"allow":["GET"]}}],"collection":[{"href":"https:\/\/saphirsmaragd.com\/et\/wp-json\/wp\/v2\/product"}],"about":[{"href":"https:\/\/saphirsmaragd.com\/et\/wp-json\/wp\/v2\/types\/product"}],"replies":[{"embeddable":true,"href":"https:\/\/saphirsmaragd.com\/et\/wp-json\/wp\/v2\/comments?post=8828"}],"version-history":[{"count":1,"href":"https:\/\/saphirsmaragd.com\/et\/wp-json\/wp\/v2\/product\/8828\/revisions"}],"predecessor-version":[{"id":8830,"href":"https:\/\/saphirsmaragd.com\/et\/wp-json\/wp\/v2\/product\/8828\/revisions\/8830"}],"wp:featuredmedia":[{"embeddable":true,"href":"https:\/\/saphirsmaragd.com\/et\/wp-json\/wp\/v2\/media\/8829"}],"wp:attachment":[{"href":"https:\/\/saphirsmaragd.com\/et\/wp-json\/wp\/v2\/media?parent=8828"}],"wp:term":[{"taxonomy":"product_brand","embeddable":true,"href":"https:\/\/saphirsmaragd.com\/et\/wp-json\/wp\/v2\/product_brand?post=8828"},{"taxonomy":"product_cat","embeddable":true,"href":"https:\/\/saphirsmaragd.com\/et\/wp-json\/wp\/v2\/product_cat?post=8828"},{"taxonomy":"product_tag","embeddable":true,"href":"https:\/\/saphirsmaragd.com\/et\/wp-json\/wp\/v2\/product_tag?post=8828"}],"curies":[{"name":"wp","href":"https:\/\/api.w.org\/{rel}","templated":true}]}}