{"id":8834,"date":"2026-05-15T19:46:04","date_gmt":"2026-05-15T19:46:04","guid":{"rendered":"https:\/\/saphirsmaragd.com\/?post_type=product&#038;p=8834"},"modified":"2026-05-15T19:47:49","modified_gmt":"2026-05-15T19:47:49","slug":"smaragd-herz-gruen-paar-2-46-karat","status":"publish","type":"product","link":"https:\/\/saphirsmaragd.com\/et\/toode\/smaragd-herz-gruen-paar-2-46-karat\/","title":{"rendered":"Smaragd Herz Gr\u00fcn Paar 2.46 Karat aus Sambia \u2013 Herzf\u00f6rmiges Edelstein Set im Cabochon Schliff"},"content":{"rendered":"<div id=\"ez-toc-container\" class=\"ez-toc-v2_0_83 counter-hierarchy ez-toc-counter ez-toc-grey ez-toc-container-direction\">\n<div class=\"ez-toc-title-container\">\n<p class=\"ez-toc-title\" style=\"cursor:inherit\">Sisukord<\/p>\n<span class=\"ez-toc-title-toggle\"><a href=\"#\" class=\"ez-toc-pull-right ez-toc-btn ez-toc-btn-xs ez-toc-btn-default ez-toc-toggle\" aria-label=\"Toggle Table of Content\"><span class=\"ez-toc-js-icon-con\"><span class=\"\"><span class=\"eztoc-hide\" style=\"display:none;\">L\u00fclitage sisse\/v\u00e4lja<\/span><span class=\"ez-toc-icon-toggle-span\"><svg style=\"fill: #999;color:#999\" xmlns=\"http:\/\/www.w3.org\/2000\/svg\" class=\"list-377408\" width=\"20px\" height=\"20px\" viewbox=\"0 0 24 24\" fill=\"none\"><path d=\"M6 6H4v2h2V6zm14 0H8v2h12V6zM4 11h2v2H4v-2zm16 0H8v2h12v-2zM4 16h2v2H4v-2zm16 0H8v2h12v-2z\" fill=\"currentColor\"><\/path><\/svg><svg style=\"fill: #999;color:#999\" class=\"arrow-unsorted-368013\" xmlns=\"http:\/\/www.w3.org\/2000\/svg\" width=\"10px\" height=\"10px\" viewbox=\"0 0 24 24\" version=\"1.2\" baseprofile=\"tiny\"><path d=\"M18.2 9.3l-6.2-6.3-6.2 6.3c-.2.2-.3.4-.3.7s.1.5.3.7c.2.2.4.3.7.3h11c.3 0 .5-.1.7-.3.2-.2.3-.5.3-.7s-.1-.5-.3-.7zM5.8 14.7l6.2 6.3 6.2-6.3c.2-.2.3-.5.3-.7s-.1-.5-.3-.7c-.2-.2-.4-.3-.7-.3h-11c-.3 0-.5.1-.7.3-.2.2-.3.5-.3.7s.1.5.3.7z\"\/><\/svg><\/span><\/span><\/span><\/a><\/span><\/div>\n<nav><ul class='ez-toc-list ez-toc-list-level-1' ><li class='ez-toc-page-1 ez-toc-heading-level-4'><a class=\"ez-toc-link ez-toc-heading-1\" href=\"https:\/\/saphirsmaragd.com\/et\/toode\/smaragd-herz-gruen-paar-2-46-karat\/#Smaragd_Herz_Grun_Paar_246_Karat\" >Smaragd Herz Gr\u00fcn Paar 2.46 Karat<\/a><\/li><li class='ez-toc-page-1 ez-toc-heading-level-4'><a class=\"ez-toc-link ez-toc-heading-2\" href=\"https:\/\/saphirsmaragd.com\/et\/toode\/smaragd-herz-gruen-paar-2-46-karat\/#Merkmale_Herkunft\" >Omadused ja p\u00e4ritolu<\/a><\/li><li class='ez-toc-page-1 ez-toc-heading-level-4'><a class=\"ez-toc-link ez-toc-heading-3\" href=\"https:\/\/saphirsmaragd.com\/et\/toode\/smaragd-herz-gruen-paar-2-46-karat\/#Besonderheiten_zu_Smaragd_Herz_Grun_Paar_246_Karat\" >Besonderheiten zu Smaragd Herz Gr\u00fcn Paar 2.46 Karat<\/a><\/li><li class='ez-toc-page-1 ez-toc-heading-level-4'><a class=\"ez-toc-link ez-toc-heading-4\" href=\"https:\/\/saphirsmaragd.com\/et\/toode\/smaragd-herz-gruen-paar-2-46-karat\/#Mehr_uber_Heilsteine_Kristalle\" >Rohkem teavet ravikivide ja kristallide kohta<\/a><\/li><li class='ez-toc-page-1 ez-toc-heading-level-4'><a class=\"ez-toc-link ez-toc-heading-5\" href=\"https:\/\/saphirsmaragd.com\/et\/toode\/smaragd-herz-gruen-paar-2-46-karat\/#Weitere_Infos\" >Lisateave<\/a><\/li><\/ul><\/nav><\/div>\n<h4 data-start=\"555\" data-end=\"593\"><span class=\"ez-toc-section\" id=\"Smaragd_Herz_Grun_Paar_246_Karat\"><\/span>Smaragd Herz Gr\u00fcn Paar 2.46 Karat<span class=\"ez-toc-section-end\"><\/span><\/h4>\n<p data-start=\"595\" data-end=\"853\">Das Smaragd Herz Gr\u00fcn Paar 2.46 Karat aus Sambia \u00fcberzeugt durch seine au\u00dfergew\u00f6hnliche Herzform und seine intensive gr\u00fcne Farbwirkung. Die harmonisch geschliffenen Edelsteine eignen sich hervorragend f\u00fcr exklusive Schmucksets und individuelle Anfertigungen.<\/p>\n<hr data-start=\"855\" data-end=\"858\" \/>\n<h4 data-start=\"860\" data-end=\"884\"><span class=\"ez-toc-section\" id=\"Merkmale_Herkunft\"><\/span>Omadused ja p\u00e4ritolu<span class=\"ez-toc-section-end\"><\/span><\/h4>\n<p data-start=\"886\" data-end=\"1125\">Steinart: Smaragd<br data-start=\"903\" data-end=\"906\" \/>V\u00e4rv: roheline<br data-start=\"917\" data-end=\"920\" \/>Form: Herz<br data-start=\"930\" data-end=\"933\" \/>Gewicht: 2.46 Karat<br data-start=\"952\" data-end=\"955\" \/>Abmessungen: ca. 45 x 45 bis 70 x 70 mm<br data-start=\"994\" data-end=\"997\" \/>Herkunft: Sambia<br data-start=\"1013\" data-end=\"1016\" \/>Reinheit: Kleine Einschl\u00fcsse<br data-start=\"1044\" data-end=\"1047\" \/>Behandlung: Ge\u00f6lt<br data-start=\"1064\" data-end=\"1067\" \/>Beobachtung: Cabochon<br data-start=\"1088\" data-end=\"1091\" \/>Mohs-H\u00e4rte: 7.5\u20138<br data-start=\"1108\" data-end=\"1111\" \/>Seisukord: Uus<\/p>\n<hr data-start=\"1127\" data-end=\"1130\" \/>\n<h4 data-start=\"1132\" data-end=\"1188\"><span class=\"ez-toc-section\" id=\"Besonderheiten_zu_Smaragd_Herz_Grun_Paar_246_Karat\"><\/span>Besonderheiten zu Smaragd Herz Gr\u00fcn Paar 2.46 Karat<span class=\"ez-toc-section-end\"><\/span><\/h4>\n<p data-start=\"1190\" data-end=\"1442\">Herzf\u00f6rmige Edelsteine geh\u00f6ren zu den au\u00dfergew\u00f6hnlichsten und emotionalsten Schliffarten im Schmuckbereich. Durch die weichen Konturen und die besondere Symbolik eignen sich diese Edelsteine ideal f\u00fcr luxuri\u00f6se Schmuckst\u00fccke mit pers\u00f6nlicher Bedeutung.<\/p>\n<p data-start=\"1444\" data-end=\"1693\">Smaragde aus Sambia genie\u00dfen international hohes Ansehen und sind f\u00fcr ihre intensive gr\u00fcne Farbwirkung bekannt. Die Cabochon-Ausf\u00fchrung sorgt f\u00fcr eine glatte Oberfl\u00e4che und betont die nat\u00fcrliche Sch\u00f6nheit des Edelsteins auf besonders elegante Weise.<\/p>\n<p data-start=\"1695\" data-end=\"1920\">Das Smaragd Herz Gr\u00fcn Paar 2.46 Karat eignet sich hervorragend f\u00fcr Ohrringe, Schmucksets, Anh\u00e4nger oder individuelle Schmuckdesigns. Paar-Edelsteine werden besonders h\u00e4ufig f\u00fcr perfekt abgestimmte Schmuckkreationen verwendet.<\/p>\n<hr data-start=\"1670\" data-end=\"1673\" \/>\n<h4 data-start=\"1448\" data-end=\"1473\"><span class=\"ez-toc-section\" id=\"Mehr_uber_Heilsteine_Kristalle\"><\/span>Rohkem teavet ravikivide ja kristallide kohta<span class=\"ez-toc-section-end\"><\/span><\/h4>\n<p data-start=\"1475\" data-end=\"1668\"><a class=\"\" href=\"https:\/\/saphirsmaragd.com\/et\/product-category\/heilsteine-kristalle-kaufen\/\" target=\"_new\" rel=\"noopener\" data-start=\"1571\" data-end=\"1668\">Tervendavad kivid ja kristallid<\/a><\/p>\n<hr data-start=\"1670\" data-end=\"1673\" \/>\n<h4 data-start=\"1675\" data-end=\"1695\"><span class=\"ez-toc-section\" id=\"Weitere_Infos\"><\/span>Lisateave<span class=\"ez-toc-section-end\"><\/span><\/h4>\n<p data-start=\"1697\" data-end=\"1801\"><a class=\"\" href=\"https:\/\/de.wikipedia.org\/wiki\/Smaragd\" target=\"_new\" rel=\"noopener\" data-start=\"1741\" data-end=\"1801\">Wikipedia \u2013 Smaragd<\/a><\/p>","protected":false},"excerpt":{"rendered":"<p data-start=\"256\" data-end=\"423\"><em>Smaragd Herz Gr\u00fcn Paar 2.46 Karat aus Sambia mit ge\u00f6lter Veredelung. Herzf\u00f6rmiges Edelstein Set mit intensiver gr\u00fcner Farbe im Cabochon Stil f\u00fcr exklusive Schmucksets.<\/em><\/p>","protected":false},"featured_media":8835,"comment_status":"open","ping_status":"closed","template":"","meta":{"_glsr_average":0,"_glsr_ranking":0,"_glsr_reviews":0},"product_brand":[],"product_cat":[262],"product_tag":[],"class_list":{"0":"post-8834","1":"product","2":"type-product","3":"status-publish","4":"has-post-thumbnail","6":"product_cat-smaragd","7":"pa_edelsteinart-smaragd","8":"pa_farbe-gruen","9":"pa_form-herz","10":"pa_gewicht-karat-1-0-3-0-karat","11":"pa_herkunft-sambia","12":"pa_reinheit-kleine-einschluesse","13":"pa_veredelung-behandlung-geoelt","14":"pa_zustand-neu","16":"first","17":"instock","18":"sold-individually","19":"shipping-taxable","20":"purchasable","21":"product-type-simple","22":"add-to-wishlist-before_image"},"jetpack_sharing_enabled":true,"_links":{"self":[{"href":"https:\/\/saphirsmaragd.com\/et\/wp-json\/wp\/v2\/product\/8834","targetHints":{"allow":["GET"]}}],"collection":[{"href":"https:\/\/saphirsmaragd.com\/et\/wp-json\/wp\/v2\/product"}],"about":[{"href":"https:\/\/saphirsmaragd.com\/et\/wp-json\/wp\/v2\/types\/product"}],"replies":[{"embeddable":true,"href":"https:\/\/saphirsmaragd.com\/et\/wp-json\/wp\/v2\/comments?post=8834"}],"version-history":[{"count":2,"href":"https:\/\/saphirsmaragd.com\/et\/wp-json\/wp\/v2\/product\/8834\/revisions"}],"predecessor-version":[{"id":8837,"href":"https:\/\/saphirsmaragd.com\/et\/wp-json\/wp\/v2\/product\/8834\/revisions\/8837"}],"wp:featuredmedia":[{"embeddable":true,"href":"https:\/\/saphirsmaragd.com\/et\/wp-json\/wp\/v2\/media\/8835"}],"wp:attachment":[{"href":"https:\/\/saphirsmaragd.com\/et\/wp-json\/wp\/v2\/media?parent=8834"}],"wp:term":[{"taxonomy":"product_brand","embeddable":true,"href":"https:\/\/saphirsmaragd.com\/et\/wp-json\/wp\/v2\/product_brand?post=8834"},{"taxonomy":"product_cat","embeddable":true,"href":"https:\/\/saphirsmaragd.com\/et\/wp-json\/wp\/v2\/product_cat?post=8834"},{"taxonomy":"product_tag","embeddable":true,"href":"https:\/\/saphirsmaragd.com\/et\/wp-json\/wp\/v2\/product_tag?post=8834"}],"curies":[{"name":"wp","href":"https:\/\/api.w.org\/{rel}","templated":true}]}}