{"id":1469,"date":"2025-07-09T15:02:46","date_gmt":"2025-07-09T15:02:46","guid":{"rendered":"https:\/\/saphirsmaragd.com\/?post_type=product&#038;p=1469"},"modified":"2025-12-29T19:05:44","modified_gmt":"2025-12-29T19:05:44","slug":"saphir-1-22-karat-dunkelblau-tropfen","status":"publish","type":"product","link":"https:\/\/saphirsmaragd.com\/fi\/tuote\/saphir-1-22-karat-dunkelblau-tropfen\/","title":{"rendered":"Saphir 1.22 Karat Dunkelblau Tropfen \u2013 Tropfenschliff, unbehandelt, dunkelblau"},"content":{"rendered":"<div id=\"ez-toc-container\" class=\"ez-toc-v2_0_82_2 counter-hierarchy ez-toc-counter ez-toc-grey ez-toc-container-direction\">\n<div class=\"ez-toc-title-container\">\n<p class=\"ez-toc-title\" style=\"cursor:inherit\">Sis\u00e4llysluettelo<\/p>\n<span class=\"ez-toc-title-toggle\"><a href=\"#\" class=\"ez-toc-pull-right ez-toc-btn ez-toc-btn-xs ez-toc-btn-default ez-toc-toggle\" aria-label=\"Toggle Table of Content\"><span class=\"ez-toc-js-icon-con\"><span class=\"\"><span class=\"eztoc-hide\" style=\"display:none;\">Vaihda<\/span><span class=\"ez-toc-icon-toggle-span\"><svg style=\"fill: #999;color:#999\" xmlns=\"http:\/\/www.w3.org\/2000\/svg\" class=\"list-377408\" width=\"20px\" height=\"20px\" viewbox=\"0 0 24 24\" fill=\"none\"><path d=\"M6 6H4v2h2V6zm14 0H8v2h12V6zM4 11h2v2H4v-2zm16 0H8v2h12v-2zM4 16h2v2H4v-2zm16 0H8v2h12v-2z\" fill=\"currentColor\"><\/path><\/svg><svg style=\"fill: #999;color:#999\" class=\"arrow-unsorted-368013\" xmlns=\"http:\/\/www.w3.org\/2000\/svg\" width=\"10px\" height=\"10px\" viewbox=\"0 0 24 24\" version=\"1.2\" baseprofile=\"tiny\"><path d=\"M18.2 9.3l-6.2-6.3-6.2 6.3c-.2.2-.3.4-.3.7s.1.5.3.7c.2.2.4.3.7.3h11c.3 0 .5-.1.7-.3.2-.2.3-.5.3-.7s-.1-.5-.3-.7zM5.8 14.7l6.2 6.3 6.2-6.3c.2-.2.3-.5.3-.7s-.1-.5-.3-.7c-.2-.2-.4-.3-.7-.3h-11c-.3 0-.5.1-.7.3-.2.2-.3.5-.3.7s.1.5.3.7z\"\/><\/svg><\/span><\/span><\/span><\/a><\/span><\/div>\n<nav><ul class='ez-toc-list ez-toc-list-level-1' ><li class='ez-toc-page-1 ez-toc-heading-level-4'><a class=\"ez-toc-link ez-toc-heading-1\" href=\"https:\/\/saphirsmaragd.com\/fi\/tuote\/saphir-1-22-karat-dunkelblau-tropfen\/#Saphir_122_Karat_Dunkelblau_Tropfen\" >Saphir 1.22 Karat Dunkelblau Tropfen<\/a><\/li><li class='ez-toc-page-1 ez-toc-heading-level-4'><a class=\"ez-toc-link ez-toc-heading-2\" href=\"https:\/\/saphirsmaragd.com\/fi\/tuote\/saphir-1-22-karat-dunkelblau-tropfen\/#Merkmale_Herkunft\" >Ominaisuudet ja alkuper\u00e4<\/a><\/li><li class='ez-toc-page-1 ez-toc-heading-level-4'><a class=\"ez-toc-link ez-toc-heading-3\" href=\"https:\/\/saphirsmaragd.com\/fi\/tuote\/saphir-1-22-karat-dunkelblau-tropfen\/#Besonderheiten\" >Erityisominaisuudet<\/a><\/li><li class='ez-toc-page-1 ez-toc-heading-level-4'><a class=\"ez-toc-link ez-toc-heading-4\" href=\"https:\/\/saphirsmaragd.com\/fi\/tuote\/saphir-1-22-karat-dunkelblau-tropfen\/#Mehr_uber_Saphire\" >Mehr \u00fcber Saphire<\/a><\/li><li class='ez-toc-page-1 ez-toc-heading-level-4'><a class=\"ez-toc-link ez-toc-heading-5\" href=\"https:\/\/saphirsmaragd.com\/fi\/tuote\/saphir-1-22-karat-dunkelblau-tropfen\/#Weitere_Infos\" >Lis\u00e4tietoja<\/a><\/li><\/ul><\/nav><\/div>\n<h4 data-start=\"130\" data-end=\"167\"><span class=\"ez-toc-section\" id=\"Saphir_122_Karat_Dunkelblau_Tropfen\"><\/span>Saphir 1.22 Karat Dunkelblau Tropfen<span class=\"ez-toc-section-end\"><\/span><\/h4>\n<p data-start=\"665\" data-end=\"906\">Ein edler, 1.22 Karat schwerer nat\u00fcrlicher Saphir im Tropfenschliff. Der Edelstein besticht durch seine dunkelblaue Farbe, eine sch\u00f6ne Transparenz sowie nat\u00fcrliche Farb- und Strukturzonen, die unter der 10-fachen Vergr\u00f6\u00dferung sichtbar werden.<\/p>\n<hr data-start=\"908\" data-end=\"911\" \/>\n<h4 data-start=\"913\" data-end=\"941\"><span class=\"ez-toc-section\" id=\"Merkmale_Herkunft\"><\/span>Ominaisuudet ja alkuper\u00e4<span class=\"ez-toc-section-end\"><\/span><\/h4>\n<p>Edelsteinart: Saphir<br data-start=\"846\" data-end=\"849\" \/>Farbe: Dunkelblau<br data-start=\"866\" data-end=\"869\" \/>Muoto: Pisarat<br data-start=\"882\" data-end=\"885\" \/>Ma\u00dfe: ca. 7.26 \u00d7 5.30 mm<br data-start=\"927\" data-end=\"930\" \/>Paino: 1,22 karaattia<br data-start=\"946\" data-end=\"949\" \/>Reinheit: Lupenrein \u2013 keine Einschl\u00fcsse unter 10-facher Vergr\u00f6\u00dferung sichtbar<br data-start=\"1054\" data-end=\"1057\" \/>Hoito: Hoitamaton<br data-start=\"1080\" data-end=\"1083\" \/>Kunto: Uusi<br data-start=\"1095\" data-end=\"1098\" \/>Zertifikat: Ja (z.\u202fB. GIA, IGI, DSEF)<\/p>\n<hr data-start=\"1223\" data-end=\"1226\" \/>\n<h4 data-start=\"1228\" data-end=\"1251\"><span class=\"ez-toc-section\" id=\"Besonderheiten\"><\/span>Erityisominaisuudet<span class=\"ez-toc-section-end\"><\/span><\/h4>\n<p data-start=\"1252\" data-end=\"1527\">Dieser Saphir 1.22 Karat ist ein Tropfen unter den Saphiren \u2013 selten, unbehandelt und perfekt geeignet f\u00fcr exklusive Schmuckst\u00fccke. Die klare Struktur in Kombination mit der tiefdunklen Farbe macht ihn zu einem faszinierenden Unikat f\u00fcr Sammler<em data-start=\"1493\" data-end=\"1521\">innen und Schmuckliebhaber<\/em>innen.<\/p>\n<hr data-start=\"1529\" data-end=\"1532\" \/>\n<h4 data-start=\"1534\" data-end=\"1560\"><span class=\"ez-toc-section\" id=\"Mehr_uber_Saphire\"><\/span>Mehr \u00fcber Saphire<span class=\"ez-toc-section-end\"><\/span><\/h4>\n<p data-start=\"1561\" data-end=\"1750\"><a class=\"\" href=\"https:\/\/saphirsmaragd.com\/fi\/product-category\/heilsteine-kristalle-kaufen\/\" target=\"_new\" rel=\"noopener\" data-start=\"1653\" data-end=\"1750\">Parantavat kivet ja kristallit<\/a><\/p>\n<hr data-start=\"1752\" data-end=\"1755\" \/>\n<h4 data-start=\"1757\" data-end=\"1779\"><span class=\"ez-toc-section\" id=\"Weitere_Infos\"><\/span>Lis\u00e4tietoja<span class=\"ez-toc-section-end\"><\/span><\/h4>\n<p data-start=\"1780\" data-end=\"1881\"><a class=\"\" href=\"https:\/\/de.wikipedia.org\/wiki\/Saphir\" target=\"_new\" rel=\"noopener\" data-start=\"1823\" data-end=\"1881\">Wikipedia \u2013 Saphir<\/a><\/p>","protected":false},"excerpt":{"rendered":"<p data-start=\"381\" data-end=\"553\"><em>Saphir 1.22 Karat Dunkelblau Tropfen, unbehandelter Edelstein mit nat\u00fcrlicher Transparenz und Zertifikat. Jetzt online kaufen bei Saphir &amp; Smaragd.<\/em><\/p>\n<p data-start=\"378\" data-end=\"474\">","protected":false},"featured_media":1472,"comment_status":"open","ping_status":"closed","template":"","meta":{"_glsr_average":0,"_glsr_ranking":0,"_glsr_reviews":0},"product_brand":[],"product_cat":[74],"product_tag":[],"class_list":{"0":"post-1469","1":"product","2":"type-product","3":"status-publish","4":"has-post-thumbnail","6":"product_cat-saphire-kaufen","7":"pa_edelsteinart-saphir","8":"pa_farbe-blau","9":"pa_form-tropfen","10":"pa_gewicht-karat-1-0-3-0-karat","11":"pa_reinheit-lupenrein","12":"pa_veredelung-behandlung-unbehandelt","13":"pa_zertifikat-ja","14":"pa_zustand-neu","16":"first","17":"instock","18":"sold-individually","19":"shipping-taxable","20":"purchasable","21":"product-type-simple","22":"add-to-wishlist-before_image"},"jetpack_sharing_enabled":true,"_links":{"self":[{"href":"https:\/\/saphirsmaragd.com\/fi\/wp-json\/wp\/v2\/product\/1469","targetHints":{"allow":["GET"]}}],"collection":[{"href":"https:\/\/saphirsmaragd.com\/fi\/wp-json\/wp\/v2\/product"}],"about":[{"href":"https:\/\/saphirsmaragd.com\/fi\/wp-json\/wp\/v2\/types\/product"}],"replies":[{"embeddable":true,"href":"https:\/\/saphirsmaragd.com\/fi\/wp-json\/wp\/v2\/comments?post=1469"}],"version-history":[{"count":4,"href":"https:\/\/saphirsmaragd.com\/fi\/wp-json\/wp\/v2\/product\/1469\/revisions"}],"predecessor-version":[{"id":4442,"href":"https:\/\/saphirsmaragd.com\/fi\/wp-json\/wp\/v2\/product\/1469\/revisions\/4442"}],"wp:featuredmedia":[{"embeddable":true,"href":"https:\/\/saphirsmaragd.com\/fi\/wp-json\/wp\/v2\/media\/1472"}],"wp:attachment":[{"href":"https:\/\/saphirsmaragd.com\/fi\/wp-json\/wp\/v2\/media?parent=1469"}],"wp:term":[{"taxonomy":"product_brand","embeddable":true,"href":"https:\/\/saphirsmaragd.com\/fi\/wp-json\/wp\/v2\/product_brand?post=1469"},{"taxonomy":"product_cat","embeddable":true,"href":"https:\/\/saphirsmaragd.com\/fi\/wp-json\/wp\/v2\/product_cat?post=1469"},{"taxonomy":"product_tag","embeddable":true,"href":"https:\/\/saphirsmaragd.com\/fi\/wp-json\/wp\/v2\/product_tag?post=1469"}],"curies":[{"name":"wp","href":"https:\/\/api.w.org\/{rel}","templated":true}]}}