{"id":2328,"date":"2025-10-09T12:14:30","date_gmt":"2025-10-09T12:14:30","guid":{"rendered":"https:\/\/saphirsmaragd.com\/?post_type=product&#038;p=2328"},"modified":"2025-12-29T19:02:43","modified_gmt":"2025-12-29T19:02:43","slug":"aquamarin-6-83-karat-santa-maria-blau","status":"publish","type":"product","link":"https:\/\/saphirsmaragd.com\/fi\/tuote\/aquamarin-6-83-karat-santa-maria-blau\/","title":{"rendered":"Aquamarin 6.83 Karat Santa Maria Blau \u2013 augenreiner nat\u00fcrlicher Edelstein in Trillion-Schliff"},"content":{"rendered":"<div id=\"ez-toc-container\" class=\"ez-toc-v2_0_82_2 counter-hierarchy ez-toc-counter ez-toc-grey ez-toc-container-direction\">\n<div class=\"ez-toc-title-container\">\n<p class=\"ez-toc-title\" style=\"cursor:inherit\">Sis\u00e4llysluettelo<\/p>\n<span class=\"ez-toc-title-toggle\"><a href=\"#\" class=\"ez-toc-pull-right ez-toc-btn ez-toc-btn-xs ez-toc-btn-default ez-toc-toggle\" aria-label=\"Toggle Table of Content\"><span class=\"ez-toc-js-icon-con\"><span class=\"\"><span class=\"eztoc-hide\" style=\"display:none;\">Vaihda<\/span><span class=\"ez-toc-icon-toggle-span\"><svg style=\"fill: #999;color:#999\" xmlns=\"http:\/\/www.w3.org\/2000\/svg\" class=\"list-377408\" width=\"20px\" height=\"20px\" viewbox=\"0 0 24 24\" fill=\"none\"><path d=\"M6 6H4v2h2V6zm14 0H8v2h12V6zM4 11h2v2H4v-2zm16 0H8v2h12v-2zM4 16h2v2H4v-2zm16 0H8v2h12v-2z\" fill=\"currentColor\"><\/path><\/svg><svg style=\"fill: #999;color:#999\" class=\"arrow-unsorted-368013\" xmlns=\"http:\/\/www.w3.org\/2000\/svg\" width=\"10px\" height=\"10px\" viewbox=\"0 0 24 24\" version=\"1.2\" baseprofile=\"tiny\"><path d=\"M18.2 9.3l-6.2-6.3-6.2 6.3c-.2.2-.3.4-.3.7s.1.5.3.7c.2.2.4.3.7.3h11c.3 0 .5-.1.7-.3.2-.2.3-.5.3-.7s-.1-.5-.3-.7zM5.8 14.7l6.2 6.3 6.2-6.3c.2-.2.3-.5.3-.7s-.1-.5-.3-.7c-.2-.2-.4-.3-.7-.3h-11c-.3 0-.5.1-.7.3-.2.2-.3.5-.3.7s.1.5.3.7z\"\/><\/svg><\/span><\/span><\/span><\/a><\/span><\/div>\n<nav><ul class='ez-toc-list ez-toc-list-level-1' ><li class='ez-toc-page-1 ez-toc-heading-level-3'><a class=\"ez-toc-link ez-toc-heading-1\" href=\"https:\/\/saphirsmaragd.com\/fi\/tuote\/aquamarin-6-83-karat-santa-maria-blau\/#Aquamarin_683_Karat_Santa_Maria_Blau_%E2%80%93_seltener_Edelstein_mit_intensiver_Farbe\" >Aquamarin 6.83 Karat Santa Maria Blau \u2013 seltener Edelstein mit intensiver Farbe<\/a><ul class='ez-toc-list-level-4' ><li class='ez-toc-heading-level-4'><a class=\"ez-toc-link ez-toc-heading-2\" href=\"https:\/\/saphirsmaragd.com\/fi\/tuote\/aquamarin-6-83-karat-santa-maria-blau\/#Merkmale_Herkunft\" >Ominaisuudet ja alkuper\u00e4<\/a><\/li><li class='ez-toc-page-1 ez-toc-heading-level-4'><a class=\"ez-toc-link ez-toc-heading-3\" href=\"https:\/\/saphirsmaragd.com\/fi\/tuote\/aquamarin-6-83-karat-santa-maria-blau\/#Besonderheiten\" >Erityisominaisuudet<\/a><\/li><li class='ez-toc-page-1 ez-toc-heading-level-4'><a class=\"ez-toc-link ez-toc-heading-4\" href=\"https:\/\/saphirsmaragd.com\/fi\/tuote\/aquamarin-6-83-karat-santa-maria-blau\/#Mehr_uber_unsere_Edelsteine\" >Lis\u00e4tietoja jalokivist\u00e4<\/a><\/li><li class='ez-toc-page-1 ez-toc-heading-level-4'><a class=\"ez-toc-link ez-toc-heading-5\" href=\"https:\/\/saphirsmaragd.com\/fi\/tuote\/aquamarin-6-83-karat-santa-maria-blau\/#Weitere_Infos\" >Lis\u00e4tietoja<\/a><\/li><\/ul><\/li><\/ul><\/nav><\/div>\n<h3 data-start=\"677\" data-end=\"754\"><span class=\"ez-toc-section\" id=\"Aquamarin_683_Karat_Santa_Maria_Blau_%E2%80%93_seltener_Edelstein_mit_intensiver_Farbe\"><\/span>Aquamarin 6.83 Karat Santa Maria Blau \u2013 seltener Edelstein mit intensiver Farbe<span class=\"ez-toc-section-end\"><\/span><\/h3>\n<p data-start=\"755\" data-end=\"1043\">Dieser Santa-Maria-Aquamarin beeindruckt mit einem tiefen Blau, au\u00dfergew\u00f6hnlicher Brillanz und einem pr\u00e4zisen Trillion-Schliff. Mit 6.83 Karat z\u00e4hlt er zu den besonders wertvollen und seltenen Natursteinen dieser Variet\u00e4t und ist ideal f\u00fcr hochwertige Schmuckst\u00fccke oder Investmentzwecke.<\/p>\n<hr data-start=\"1045\" data-end=\"1048\" \/>\n<h4 data-start=\"1050\" data-end=\"1076\"><span class=\"ez-toc-section\" id=\"Merkmale_Herkunft\"><\/span>Ominaisuudet ja alkuper\u00e4<span class=\"ez-toc-section-end\"><\/span><\/h4>\n<p data-start=\"1077\" data-end=\"1323\">Stein: Aquamarin (Santa Maria)<br data-start=\"1107\" data-end=\"1110\" \/>Farbe: Intensiv blau<br data-start=\"1130\" data-end=\"1133\" \/>Form: Trillion facettiert<br data-start=\"1158\" data-end=\"1161\" \/>Gewicht: 6.83 Karat<br data-start=\"1177\" data-end=\"1180\" \/>H\u00e4rte: 7 Mohs<br data-start=\"1193\" data-end=\"1196\" \/>Gr\u00f6\u00dfe: 19 \u00d7 14 mm<br data-start=\"1213\" data-end=\"1216\" \/>Reinheit: Augenrein<br data-start=\"1235\" data-end=\"1238\" \/>Familie: Beryll<br data-start=\"1253\" data-end=\"1256\" \/>Herkunft: Mosambik<br data-start=\"1274\" data-end=\"1277\" \/>Zertifikat: Val\u00e9rie Duraffourg (Gem-A, London)<\/p>\n<hr data-start=\"1325\" data-end=\"1328\" \/>\n<h4 data-start=\"1330\" data-end=\"1351\"><span class=\"ez-toc-section\" id=\"Besonderheiten\"><\/span>Erityisominaisuudet<span class=\"ez-toc-section-end\"><\/span><\/h4>\n<p data-start=\"1352\" data-end=\"1615\">Der Aquamarin 6.83 Karat Santa Maria zeichnet sich durch seine hervorragende Reinheit und den seltenen, intensiven Blauton aus. Die augenreine Qualit\u00e4t und der pr\u00e4zise Trillionschliff machen ihn besonders begehrt f\u00fcr exklusive Schmuckfassungen oder als Anlageobjekt.<\/p>\n<hr data-start=\"1926\" data-end=\"1929\" \/>\n<h4 data-start=\"1931\" data-end=\"1971\"><span class=\"ez-toc-section\" id=\"Mehr_uber_unsere_Edelsteine\"><\/span>Lis\u00e4tietoja jalokivist\u00e4<span class=\"ez-toc-section-end\"><\/span><\/h4>\n<p data-start=\"1972\" data-end=\"2069\"><a href=\"https:\/\/saphirsmaragd.com\/fi\/product-category\/edelsteine-kaufen\/\">jalokivet<\/a><\/p>\n<hr data-start=\"2071\" data-end=\"2074\" \/>\n<h4 data-start=\"2076\" data-end=\"2096\"><span class=\"ez-toc-section\" id=\"Weitere_Infos\"><\/span>Lis\u00e4tietoja<span class=\"ez-toc-section-end\"><\/span><\/h4>\n<p data-start=\"2097\" data-end=\"2160\"><a class=\"decorated-link cursor-pointer\" href=\"https:\/\/de.wikipedia.org\/wiki\/Aquamarin\" target=\"_new\" rel=\"noopener\" data-start=\"2097\" data-end=\"2160\">Wikipedia: Aquamarin<\/a><\/p>","protected":false},"excerpt":{"rendered":"<p data-start=\"415\" data-end=\"536\"><em>Aquamarin 6.83 Karat Santa Maria Blau \u2013 augenreiner Edelstein mit intensivem Blau, Trillion-Schliff und Zertifikat von Gem-A.<\/em><\/p>","protected":false},"featured_media":2333,"comment_status":"open","ping_status":"closed","template":"","meta":{"_glsr_average":0,"_glsr_ranking":0,"_glsr_reviews":0},"product_brand":[],"product_cat":[77],"product_tag":[],"class_list":{"0":"post-2328","1":"product","2":"type-product","3":"status-publish","4":"has-post-thumbnail","6":"product_cat-aquamarin-kaufen","7":"pa_edelsteinart-aquamarin","8":"pa_farbe-blau","9":"pa_form-trillion","10":"pa_gewicht-karat-5-0-10-karat","11":"pa_reinheit-augenrein","12":"pa_veredelung-behandlung-unbehandelt","13":"pa_zertifikat-ja","14":"pa_zustand-neu","16":"first","17":"instock","18":"featured","19":"sold-individually","20":"shipping-taxable","21":"purchasable","22":"product-type-simple","23":"add-to-wishlist-before_image"},"jetpack_sharing_enabled":true,"_links":{"self":[{"href":"https:\/\/saphirsmaragd.com\/fi\/wp-json\/wp\/v2\/product\/2328","targetHints":{"allow":["GET"]}}],"collection":[{"href":"https:\/\/saphirsmaragd.com\/fi\/wp-json\/wp\/v2\/product"}],"about":[{"href":"https:\/\/saphirsmaragd.com\/fi\/wp-json\/wp\/v2\/types\/product"}],"replies":[{"embeddable":true,"href":"https:\/\/saphirsmaragd.com\/fi\/wp-json\/wp\/v2\/comments?post=2328"}],"version-history":[{"count":3,"href":"https:\/\/saphirsmaragd.com\/fi\/wp-json\/wp\/v2\/product\/2328\/revisions"}],"predecessor-version":[{"id":4515,"href":"https:\/\/saphirsmaragd.com\/fi\/wp-json\/wp\/v2\/product\/2328\/revisions\/4515"}],"wp:featuredmedia":[{"embeddable":true,"href":"https:\/\/saphirsmaragd.com\/fi\/wp-json\/wp\/v2\/media\/2333"}],"wp:attachment":[{"href":"https:\/\/saphirsmaragd.com\/fi\/wp-json\/wp\/v2\/media?parent=2328"}],"wp:term":[{"taxonomy":"product_brand","embeddable":true,"href":"https:\/\/saphirsmaragd.com\/fi\/wp-json\/wp\/v2\/product_brand?post=2328"},{"taxonomy":"product_cat","embeddable":true,"href":"https:\/\/saphirsmaragd.com\/fi\/wp-json\/wp\/v2\/product_cat?post=2328"},{"taxonomy":"product_tag","embeddable":true,"href":"https:\/\/saphirsmaragd.com\/fi\/wp-json\/wp\/v2\/product_tag?post=2328"}],"curies":[{"name":"wp","href":"https:\/\/api.w.org\/{rel}","templated":true}]}}