{"id":3060,"date":"2025-10-13T15:50:44","date_gmt":"2025-10-13T15:50:44","guid":{"rendered":"https:\/\/saphirsmaragd.com\/?post_type=product&#038;p=3060"},"modified":"2025-12-29T18:59:02","modified_gmt":"2025-12-29T18:59:02","slug":"quarz-rutilquarz-6-89-karat-oval","status":"publish","type":"product","link":"https:\/\/saphirsmaragd.com\/fi\/tuote\/quarz-rutilquarz-6-89-karat-oval\/","title":{"rendered":"Kvartsi Rutiloitu kvartsi 6,89 karaatin soikea luonnollinen kulta l\u00e4pin\u00e4kyvyys"},"content":{"rendered":"<div id=\"ez-toc-container\" class=\"ez-toc-v2_0_82_2 counter-hierarchy ez-toc-counter ez-toc-grey ez-toc-container-direction\">\n<div class=\"ez-toc-title-container\">\n<p class=\"ez-toc-title\" style=\"cursor:inherit\">Sis\u00e4llysluettelo<\/p>\n<span class=\"ez-toc-title-toggle\"><a href=\"#\" class=\"ez-toc-pull-right ez-toc-btn ez-toc-btn-xs ez-toc-btn-default ez-toc-toggle\" aria-label=\"Toggle Table of Content\"><span class=\"ez-toc-js-icon-con\"><span class=\"\"><span class=\"eztoc-hide\" style=\"display:none;\">Vaihda<\/span><span class=\"ez-toc-icon-toggle-span\"><svg style=\"fill: #999;color:#999\" xmlns=\"http:\/\/www.w3.org\/2000\/svg\" class=\"list-377408\" width=\"20px\" height=\"20px\" viewbox=\"0 0 24 24\" fill=\"none\"><path d=\"M6 6H4v2h2V6zm14 0H8v2h12V6zM4 11h2v2H4v-2zm16 0H8v2h12v-2zM4 16h2v2H4v-2zm16 0H8v2h12v-2z\" fill=\"currentColor\"><\/path><\/svg><svg style=\"fill: #999;color:#999\" class=\"arrow-unsorted-368013\" xmlns=\"http:\/\/www.w3.org\/2000\/svg\" width=\"10px\" height=\"10px\" viewbox=\"0 0 24 24\" version=\"1.2\" baseprofile=\"tiny\"><path d=\"M18.2 9.3l-6.2-6.3-6.2 6.3c-.2.2-.3.4-.3.7s.1.5.3.7c.2.2.4.3.7.3h11c.3 0 .5-.1.7-.3.2-.2.3-.5.3-.7s-.1-.5-.3-.7zM5.8 14.7l6.2 6.3 6.2-6.3c.2-.2.3-.5.3-.7s-.1-.5-.3-.7c-.2-.2-.4-.3-.7-.3h-11c-.3 0-.5.1-.7.3-.2.2-.3.5-.3.7s.1.5.3.7z\"\/><\/svg><\/span><\/span><\/span><\/a><\/span><\/div>\n<nav><ul class='ez-toc-list ez-toc-list-level-1' ><li class='ez-toc-page-1 ez-toc-heading-level-4'><a class=\"ez-toc-link ez-toc-heading-1\" href=\"https:\/\/saphirsmaragd.com\/fi\/tuote\/quarz-rutilquarz-6-89-karat-oval\/#Quarz_Rutilquarz_689_Karat-Oval_%E2%80%93_Einzigartige_naturliche_Struktur\" >Quarz Rutilquarz 6.89 Karat-Oval \u2013 Einzigartige nat\u00fcrliche Struktur<\/a><\/li><li class='ez-toc-page-1 ez-toc-heading-level-4'><a class=\"ez-toc-link ez-toc-heading-2\" href=\"https:\/\/saphirsmaragd.com\/fi\/tuote\/quarz-rutilquarz-6-89-karat-oval\/#Merkmale_Herkunft\" >Ominaisuudet ja alkuper\u00e4<\/a><\/li><li class='ez-toc-page-1 ez-toc-heading-level-4'><a class=\"ez-toc-link ez-toc-heading-3\" href=\"https:\/\/saphirsmaragd.com\/fi\/tuote\/quarz-rutilquarz-6-89-karat-oval\/#Besonderheiten\" >Erityisominaisuudet<\/a><\/li><li class='ez-toc-page-1 ez-toc-heading-level-4'><a class=\"ez-toc-link ez-toc-heading-4\" href=\"https:\/\/saphirsmaragd.com\/fi\/tuote\/quarz-rutilquarz-6-89-karat-oval\/#Mehr_uber_unsere_Edelsteine\" >Lis\u00e4tietoja jalokivist\u00e4<\/a><\/li><li class='ez-toc-page-1 ez-toc-heading-level-4'><a class=\"ez-toc-link ez-toc-heading-5\" href=\"https:\/\/saphirsmaragd.com\/fi\/tuote\/quarz-rutilquarz-6-89-karat-oval\/#Weitere_Infos\" >Lis\u00e4tietoja<\/a><\/li><\/ul><\/nav><\/div>\n<h4 data-start=\"1270\" data-end=\"1339\"><span class=\"ez-toc-section\" id=\"Quarz_Rutilquarz_689_Karat-Oval_%E2%80%93_Einzigartige_naturliche_Struktur\"><\/span>Quarz Rutilquarz 6.89 Karat-Oval \u2013 Einzigartige nat\u00fcrliche Struktur<span class=\"ez-toc-section-end\"><\/span><\/h4>\n<p data-start=\"1340\" data-end=\"1551\">Der Quarz Rutilquarz 6.89 Karat besticht durch seine unverwechselbaren goldenen und r\u00f6tlichen Rutil-Einschl\u00fcsse. Jeder Stein ist ein Unikat der Natur mit faszinierendem Farbspiel und organischer Transparenz.<\/p>\n<hr data-start=\"1553\" data-end=\"1556\" \/>\n<h4 data-start=\"1558\" data-end=\"1584\"><span class=\"ez-toc-section\" id=\"Merkmale_Herkunft\"><\/span>Ominaisuudet ja alkuper\u00e4<span class=\"ez-toc-section-end\"><\/span><\/h4>\n<p data-start=\"1585\" data-end=\"1869\">Steinart: Rutilquarz<br data-start=\"1605\" data-end=\"1608\" \/>Farbe: Farblos mit goldenen und roten Einschl\u00fcssen<br data-start=\"1658\" data-end=\"1661\" \/>Form: Oval Cabochon<br data-start=\"1680\" data-end=\"1683\" \/>Gewicht: 6.89 Karat<br data-start=\"1702\" data-end=\"1705\" \/>Gr\u00f6\u00dfe: 16.2 \u00d7 10 mm<br data-start=\"1724\" data-end=\"1727\" \/>Kovuus: 7 Mohsin asteikolla<br data-start=\"1754\" data-end=\"1757\" \/>Reinheit: Deutliche Einschl\u00fcsse<br data-start=\"1787\" data-end=\"1790\" \/>Alkuper\u00e4: Brasilia<br data-start=\"1809\" data-end=\"1812\" \/>Zertifikat: Ja, Val\u00e9rie Duraffourg<\/p>\n<hr data-start=\"1871\" data-end=\"1874\" \/>\n<h4 data-start=\"1876\" data-end=\"1897\"><span class=\"ez-toc-section\" id=\"Besonderheiten\"><\/span>Erityisominaisuudet<span class=\"ez-toc-section-end\"><\/span><\/h4>\n<p data-start=\"1898\" data-end=\"2069\">Die markanten Rutilnadeln verleihen dem Quarz Quarz Rutilquarz 6.89 Karat Oval ein Spiel aus Gold- und Rott\u00f6nen, das ihn besonders f\u00fcr Schmuckst\u00fccke oder Sammler attraktiv macht.<\/p>\n<hr data-start=\"1926\" data-end=\"1929\" \/>\n<h4 data-start=\"1931\" data-end=\"1971\"><span class=\"ez-toc-section\" id=\"Mehr_uber_unsere_Edelsteine\"><\/span>Lis\u00e4tietoja jalokivist\u00e4<span class=\"ez-toc-section-end\"><\/span><\/h4>\n<p data-start=\"1972\" data-end=\"2069\"><a href=\"https:\/\/saphirsmaragd.com\/fi\/product-category\/edelsteine-kaufen\/\">jalokivet<\/a><\/p>\n<hr data-start=\"2071\" data-end=\"2074\" \/>\n<h4 data-start=\"2076\" data-end=\"2096\"><span class=\"ez-toc-section\" id=\"Weitere_Infos\"><\/span>Lis\u00e4tietoja<span class=\"ez-toc-section-end\"><\/span><\/h4>\n<p><a href=\"https:\/\/de.wikipedia.org\/wiki\/Quarz\" target=\"_blank\" rel=\"noopener\">Wikipedia: Kvartsi<\/a><\/p>","protected":false},"excerpt":{"rendered":"<article class=\"text-token-text-primary w-full focus:outline-none [--shadow-height:45px] has-data-writing-block:pointer-events-none has-data-writing-block:-mt-(--shadow-height) has-data-writing-block:pt-(--shadow-height) [&amp;:has([data-writing-block])&gt;*]:pointer-events-auto [content-visibility:auto] supports-[content-visibility:auto]:[contain-intrinsic-size:auto_100lvh] scroll-mt-[calc(var(--header-height)+min(200px,max(70px,20svh)))]\" dir=\"auto\" tabindex=\"-1\" data-turn-id=\"32dc5670-f18c-432e-af66-1a8c793194a6\" data-testid=\"conversation-turn-94\" data-scroll-anchor=\"true\" data-turn=\"assistant\">\n<div class=\"text-base my-auto mx-auto pb-10 [--thread-content-margin:--spacing(4)] thread-sm:[--thread-content-margin:--spacing(6)] thread-lg:[--thread-content-margin:--spacing(16)] px-(--thread-content-margin)\">\n<div class=\"[--thread-content-max-width:40rem] thread-lg:[--thread-content-max-width:48rem] mx-auto max-w-(--thread-content-max-width) flex-1 group\/turn-messages focus-visible:outline-hidden relative flex w-full min-w-0 flex-col agent-turn\" tabindex=\"-1\">\n<div class=\"flex max-w-full flex-col grow\">\n<div class=\"min-h-8 text-message relative flex w-full flex-col items-end gap-2 text-start break-words whitespace-normal [.text-message+&amp;]:mt-1\" dir=\"auto\" data-message-author-role=\"assistant\" data-message-id=\"4ce17812-6862-4e81-8bb7-508b3492e0f5\" data-message-model-slug=\"gpt-5\">\n<div class=\"flex w-full flex-col gap-1 empty:hidden first:pt-[1px]\">\n<div class=\"markdown prose dark:prose-invert w-full break-words light markdown-new-styling\">\n<p data-start=\"357\" data-end=\"553\"><em>Quarz Rutilquarz 6.89 Karat Oval Naturgold Transparenz \u2013 Ein einzigartiger Edelstein mit sichtbaren Rutil-Einschl\u00fcssen, nat\u00fcrlicher Herkunft und brillanter Optik f\u00fcr Sammler und Schmuckdesign.<\/em><\/p>\n<\/div>\n<\/div>\n<\/div>\n<\/div>\n<\/div>\n<\/div>\n<\/article>\n<h3 data-start=\"660\" data-end=\"684\"><\/h3>\n<p data-start=\"575\" data-end=\"606\">\n","protected":false},"featured_media":3064,"comment_status":"open","ping_status":"closed","template":"","meta":{"_glsr_average":0,"_glsr_ranking":0,"_glsr_reviews":0},"product_brand":[],"product_cat":[283],"product_tag":[],"class_list":{"0":"post-3060","1":"product","2":"type-product","3":"status-publish","4":"has-post-thumbnail","6":"product_cat-quarz","7":"pa_edelsteinart-quarz","8":"pa_farbe-farblos","9":"pa_form-oval","10":"pa_gewicht-karat-5-0-10-karat","11":"pa_herkunft-brasilien","12":"pa_reinheit-deutliche-einschluesse","13":"pa_zertifikat-ja","14":"pa_zustand-neu","16":"first","17":"instock","18":"featured","19":"sold-individually","20":"shipping-taxable","21":"purchasable","22":"product-type-simple","23":"add-to-wishlist-before_image"},"jetpack_sharing_enabled":true,"_links":{"self":[{"href":"https:\/\/saphirsmaragd.com\/fi\/wp-json\/wp\/v2\/product\/3060","targetHints":{"allow":["GET"]}}],"collection":[{"href":"https:\/\/saphirsmaragd.com\/fi\/wp-json\/wp\/v2\/product"}],"about":[{"href":"https:\/\/saphirsmaragd.com\/fi\/wp-json\/wp\/v2\/types\/product"}],"replies":[{"embeddable":true,"href":"https:\/\/saphirsmaragd.com\/fi\/wp-json\/wp\/v2\/comments?post=3060"}],"version-history":[{"count":1,"href":"https:\/\/saphirsmaragd.com\/fi\/wp-json\/wp\/v2\/product\/3060\/revisions"}],"predecessor-version":[{"id":3065,"href":"https:\/\/saphirsmaragd.com\/fi\/wp-json\/wp\/v2\/product\/3060\/revisions\/3065"}],"wp:featuredmedia":[{"embeddable":true,"href":"https:\/\/saphirsmaragd.com\/fi\/wp-json\/wp\/v2\/media\/3064"}],"wp:attachment":[{"href":"https:\/\/saphirsmaragd.com\/fi\/wp-json\/wp\/v2\/media?parent=3060"}],"wp:term":[{"taxonomy":"product_brand","embeddable":true,"href":"https:\/\/saphirsmaragd.com\/fi\/wp-json\/wp\/v2\/product_brand?post=3060"},{"taxonomy":"product_cat","embeddable":true,"href":"https:\/\/saphirsmaragd.com\/fi\/wp-json\/wp\/v2\/product_cat?post=3060"},{"taxonomy":"product_tag","embeddable":true,"href":"https:\/\/saphirsmaragd.com\/fi\/wp-json\/wp\/v2\/product_tag?post=3060"}],"curies":[{"name":"wp","href":"https:\/\/api.w.org\/{rel}","templated":true}]}}