{"id":3528,"date":"2025-10-18T14:22:28","date_gmt":"2025-10-18T14:22:28","guid":{"rendered":"https:\/\/saphirsmaragd.com\/?post_type=product&#038;p=3528"},"modified":"2025-12-29T18:56:12","modified_gmt":"2025-12-29T18:56:12","slug":"turmalin-0-56-karat-oval-rosa","status":"publish","type":"product","link":"https:\/\/saphirsmaragd.com\/fi\/tuote\/turmalin-0-56-karat-oval-rosa\/","title":{"rendered":"Turmaliini 0,56 karaatin soikea vaaleanpunainen v\u00e4ri \u2013 loistava jalokivi"},"content":{"rendered":"<div id=\"ez-toc-container\" class=\"ez-toc-v2_0_82_2 counter-hierarchy ez-toc-counter ez-toc-grey ez-toc-container-direction\">\n<div class=\"ez-toc-title-container\">\n<p class=\"ez-toc-title\" style=\"cursor:inherit\">Sis\u00e4llysluettelo<\/p>\n<span class=\"ez-toc-title-toggle\"><a href=\"#\" class=\"ez-toc-pull-right ez-toc-btn ez-toc-btn-xs ez-toc-btn-default ez-toc-toggle\" aria-label=\"Toggle Table of Content\"><span class=\"ez-toc-js-icon-con\"><span class=\"\"><span class=\"eztoc-hide\" style=\"display:none;\">Vaihda<\/span><span class=\"ez-toc-icon-toggle-span\"><svg style=\"fill: #999;color:#999\" xmlns=\"http:\/\/www.w3.org\/2000\/svg\" class=\"list-377408\" width=\"20px\" height=\"20px\" viewbox=\"0 0 24 24\" fill=\"none\"><path d=\"M6 6H4v2h2V6zm14 0H8v2h12V6zM4 11h2v2H4v-2zm16 0H8v2h12v-2zM4 16h2v2H4v-2zm16 0H8v2h12v-2z\" fill=\"currentColor\"><\/path><\/svg><svg style=\"fill: #999;color:#999\" class=\"arrow-unsorted-368013\" xmlns=\"http:\/\/www.w3.org\/2000\/svg\" width=\"10px\" height=\"10px\" viewbox=\"0 0 24 24\" version=\"1.2\" baseprofile=\"tiny\"><path d=\"M18.2 9.3l-6.2-6.3-6.2 6.3c-.2.2-.3.4-.3.7s.1.5.3.7c.2.2.4.3.7.3h11c.3 0 .5-.1.7-.3.2-.2.3-.5.3-.7s-.1-.5-.3-.7zM5.8 14.7l6.2 6.3 6.2-6.3c.2-.2.3-.5.3-.7s-.1-.5-.3-.7c-.2-.2-.4-.3-.7-.3h-11c-.3 0-.5.1-.7.3-.2.2-.3.5-.3.7s.1.5.3.7z\"\/><\/svg><\/span><\/span><\/span><\/a><\/span><\/div>\n<nav><ul class='ez-toc-list ez-toc-list-level-1' ><li class='ez-toc-page-1 ez-toc-heading-level-4'><a class=\"ez-toc-link ez-toc-heading-1\" href=\"https:\/\/saphirsmaragd.com\/fi\/tuote\/turmalin-0-56-karat-oval-rosa\/#Turmalin_056_Karat_Oval_Rosa_Farbe_%E2%80%93_edler_Facettenschliff\" >Turmalin 0.56 Karat Oval Rosa Farbe \u2013 edler Facettenschliff<\/a><\/li><li class='ez-toc-page-1 ez-toc-heading-level-4'><a class=\"ez-toc-link ez-toc-heading-2\" href=\"https:\/\/saphirsmaragd.com\/fi\/tuote\/turmalin-0-56-karat-oval-rosa\/#Merkmale_Herkunft\" >Ominaisuudet ja alkuper\u00e4<\/a><\/li><li class='ez-toc-page-1 ez-toc-heading-level-4'><a class=\"ez-toc-link ez-toc-heading-3\" href=\"https:\/\/saphirsmaragd.com\/fi\/tuote\/turmalin-0-56-karat-oval-rosa\/#Besonderheiten\" >Erityisominaisuudet<\/a><\/li><li class='ez-toc-page-1 ez-toc-heading-level-4'><a class=\"ez-toc-link ez-toc-heading-4\" href=\"https:\/\/saphirsmaragd.com\/fi\/tuote\/turmalin-0-56-karat-oval-rosa\/#Mehr_uber_unsere_Edelsteine\" >Lis\u00e4tietoja jalokivist\u00e4<\/a><\/li><li class='ez-toc-page-1 ez-toc-heading-level-4'><a class=\"ez-toc-link ez-toc-heading-5\" href=\"https:\/\/saphirsmaragd.com\/fi\/tuote\/turmalin-0-56-karat-oval-rosa\/#Weitere_Infos\" >Lis\u00e4tietoja<\/a><\/li><\/ul><\/nav><\/div>\n<h4 data-start=\"756\" data-end=\"822\"><span class=\"ez-toc-section\" id=\"Turmalin_056_Karat_Oval_Rosa_Farbe_%E2%80%93_edler_Facettenschliff\"><\/span>Turmalin 0.56 Karat Oval Rosa Farbe \u2013 edler Facettenschliff<span class=\"ez-toc-section-end\"><\/span><\/h4>\n<p data-start=\"823\" data-end=\"1041\">Dieser faszinierende Turmalin vereint intensive Rosat\u00f6ne mit lebendigem Schliff und hochwertiger Transparenz. Mit seinem ovalen Schliff und der feinen Brillanz eignet er sich perfekt f\u00fcr Schmuckdesigns oder Sammlungen.<\/p>\n<hr data-start=\"1043\" data-end=\"1046\" \/>\n<h4 data-start=\"1048\" data-end=\"1077\"><span class=\"ez-toc-section\" id=\"Merkmale_Herkunft\"><\/span>Ominaisuudet ja alkuper\u00e4<span class=\"ez-toc-section-end\"><\/span><\/h4>\n<p data-start=\"1078\" data-end=\"1351\">V\u00e4ri: vaaleanpunainen<br data-start=\"1089\" data-end=\"1092\" \/>Kivityyppi: turmaliini<br data-start=\"1110\" data-end=\"1113\" \/>Muoto: Ovaali<br data-start=\"1123\" data-end=\"1126\" \/>Gewicht: 0.56 Karat<br data-start=\"1145\" data-end=\"1148\" \/>Kovuus: 7 Mohsin asteikolla<br data-start=\"1175\" data-end=\"1178\" \/>Gr\u00f6\u00dfe: 5.96 \u00d7 4.09 mm<br data-start=\"1206\" data-end=\"1209\" \/>Puhtaus: Hyvin pieni\u00e4 sulkeumia<br data-start=\"1248\" data-end=\"1251\" \/>Hoito: Hoitamaton<br data-start=\"1268\" data-end=\"1271\" \/>Zertifikat: Ja (Val\u00e9rie DURAFFOURG \/ Gem-A)<br data-start=\"1314\" data-end=\"1317\" \/>Alkuper\u00e4: Brasilia<br data-start=\"1336\" data-end=\"1339\" \/>Kunto: Uusi<\/p>\n<hr data-start=\"1353\" data-end=\"1356\" \/>\n<h4 data-start=\"1358\" data-end=\"1382\"><span class=\"ez-toc-section\" id=\"Besonderheiten\"><\/span>Erityisominaisuudet<span class=\"ez-toc-section-end\"><\/span><\/h4>\n<p data-start=\"1383\" data-end=\"1553\">Der Turmalin 0.56 Karat Oval Rosa Farbe \u00fcberzeugt durch seinen nat\u00fcrlichen Glanz, pr\u00e4zisen Schliff und ein intensives Rosa. Ideal f\u00fcr Ringe, Anh\u00e4nger oder Ohrschmuck.<\/p>\n<hr data-start=\"1926\" data-end=\"1929\" \/>\n<h4 data-start=\"1931\" data-end=\"1971\"><span class=\"ez-toc-section\" id=\"Mehr_uber_unsere_Edelsteine\"><\/span>Lis\u00e4tietoja jalokivist\u00e4<span class=\"ez-toc-section-end\"><\/span><\/h4>\n<p data-start=\"1972\" data-end=\"2069\"><a href=\"https:\/\/saphirsmaragd.com\/fi\/product-category\/edelsteine-kaufen\/\">jalokivet<\/a><\/p>\n<hr data-start=\"2071\" data-end=\"2074\" \/>\n<h4 data-start=\"2076\" data-end=\"2096\"><span class=\"ez-toc-section\" id=\"Weitere_Infos\"><\/span>Lis\u00e4tietoja<span class=\"ez-toc-section-end\"><\/span><\/h4>\n<p><a href=\"https:\/\/de.wikipedia.org\/wiki\/Turmalin\" target=\"_blank\" rel=\"noopener\">Wikipedia: Turmaliini<\/a><\/p>","protected":false},"excerpt":{"rendered":"<p data-start=\"442\" data-end=\"595\"><em>Ein nat\u00fcrlicher Turmalin 0.56 Karat Oval Rosa Farbe mit sch\u00f6nem Facettenschliff und lebendiger Brillanz. Ideal f\u00fcr individuelle Schmuckanfertigungen.<\/em><\/p>","protected":false},"featured_media":3531,"comment_status":"open","ping_status":"closed","template":"","meta":{"_glsr_average":0,"_glsr_ranking":0,"_glsr_reviews":0},"product_brand":[],"product_cat":[109],"product_tag":[],"class_list":{"0":"post-3528","1":"product","2":"type-product","3":"status-publish","4":"has-post-thumbnail","6":"product_cat-turmalin-kaufen","7":"pa_edelsteinart-turmalin","8":"pa_farbe-rosa","9":"pa_form-oval","10":"pa_gewicht-karat-0-5-1-0-karat","11":"pa_herkunft-brasilien","12":"pa_reinheit-sehr-kleine-einschluesse","13":"pa_veredelung-behandlung-unbehandelt","14":"pa_zertifikat-ja","15":"pa_zustand-neu","17":"first","18":"instock","19":"featured","20":"sold-individually","21":"shipping-taxable","22":"purchasable","23":"product-type-simple","24":"add-to-wishlist-before_image"},"jetpack_sharing_enabled":true,"_links":{"self":[{"href":"https:\/\/saphirsmaragd.com\/fi\/wp-json\/wp\/v2\/product\/3528","targetHints":{"allow":["GET"]}}],"collection":[{"href":"https:\/\/saphirsmaragd.com\/fi\/wp-json\/wp\/v2\/product"}],"about":[{"href":"https:\/\/saphirsmaragd.com\/fi\/wp-json\/wp\/v2\/types\/product"}],"replies":[{"embeddable":true,"href":"https:\/\/saphirsmaragd.com\/fi\/wp-json\/wp\/v2\/comments?post=3528"}],"version-history":[{"count":1,"href":"https:\/\/saphirsmaragd.com\/fi\/wp-json\/wp\/v2\/product\/3528\/revisions"}],"predecessor-version":[{"id":3532,"href":"https:\/\/saphirsmaragd.com\/fi\/wp-json\/wp\/v2\/product\/3528\/revisions\/3532"}],"wp:featuredmedia":[{"embeddable":true,"href":"https:\/\/saphirsmaragd.com\/fi\/wp-json\/wp\/v2\/media\/3531"}],"wp:attachment":[{"href":"https:\/\/saphirsmaragd.com\/fi\/wp-json\/wp\/v2\/media?parent=3528"}],"wp:term":[{"taxonomy":"product_brand","embeddable":true,"href":"https:\/\/saphirsmaragd.com\/fi\/wp-json\/wp\/v2\/product_brand?post=3528"},{"taxonomy":"product_cat","embeddable":true,"href":"https:\/\/saphirsmaragd.com\/fi\/wp-json\/wp\/v2\/product_cat?post=3528"},{"taxonomy":"product_tag","embeddable":true,"href":"https:\/\/saphirsmaragd.com\/fi\/wp-json\/wp\/v2\/product_tag?post=3528"}],"curies":[{"name":"wp","href":"https:\/\/api.w.org\/{rel}","templated":true}]}}