{"id":4034,"date":"2025-10-31T21:12:56","date_gmt":"2025-10-31T21:12:56","guid":{"rendered":"https:\/\/saphirsmaragd.com\/?post_type=product&#038;p=4034"},"modified":"2025-12-05T10:15:07","modified_gmt":"2025-12-05T10:15:07","slug":"achat-auf-stand-2864-g","status":"publish","type":"product","link":"https:\/\/saphirsmaragd.com\/fi\/tuote\/achat-auf-stand-2864-g\/","title":{"rendered":"Achat auf Stand 2864 g \u2013 Sch\u00fctzender Edelstein aus Brasilien"},"content":{"rendered":"<div id=\"ez-toc-container\" class=\"ez-toc-v2_0_82_2 counter-hierarchy ez-toc-counter ez-toc-grey ez-toc-container-direction\">\n<div class=\"ez-toc-title-container\">\n<p class=\"ez-toc-title\" style=\"cursor:inherit\">Sis\u00e4llysluettelo<\/p>\n<span class=\"ez-toc-title-toggle\"><a href=\"#\" class=\"ez-toc-pull-right ez-toc-btn ez-toc-btn-xs ez-toc-btn-default ez-toc-toggle\" aria-label=\"Toggle Table of Content\"><span class=\"ez-toc-js-icon-con\"><span class=\"\"><span class=\"eztoc-hide\" style=\"display:none;\">Vaihda<\/span><span class=\"ez-toc-icon-toggle-span\"><svg style=\"fill: #999;color:#999\" xmlns=\"http:\/\/www.w3.org\/2000\/svg\" class=\"list-377408\" width=\"20px\" height=\"20px\" viewbox=\"0 0 24 24\" fill=\"none\"><path d=\"M6 6H4v2h2V6zm14 0H8v2h12V6zM4 11h2v2H4v-2zm16 0H8v2h12v-2zM4 16h2v2H4v-2zm16 0H8v2h12v-2z\" fill=\"currentColor\"><\/path><\/svg><svg style=\"fill: #999;color:#999\" class=\"arrow-unsorted-368013\" xmlns=\"http:\/\/www.w3.org\/2000\/svg\" width=\"10px\" height=\"10px\" viewbox=\"0 0 24 24\" version=\"1.2\" baseprofile=\"tiny\"><path d=\"M18.2 9.3l-6.2-6.3-6.2 6.3c-.2.2-.3.4-.3.7s.1.5.3.7c.2.2.4.3.7.3h11c.3 0 .5-.1.7-.3.2-.2.3-.5.3-.7s-.1-.5-.3-.7zM5.8 14.7l6.2 6.3 6.2-6.3c.2-.2.3-.5.3-.7s-.1-.5-.3-.7c-.2-.2-.4-.3-.7-.3h-11c-.3 0-.5.1-.7.3-.2.2-.3.5-.3.7s.1.5.3.7z\"\/><\/svg><\/span><\/span><\/span><\/a><\/span><\/div>\n<nav><ul class='ez-toc-list ez-toc-list-level-1' ><li class='ez-toc-page-1 ez-toc-heading-level-4'><a class=\"ez-toc-link ez-toc-heading-1\" href=\"https:\/\/saphirsmaragd.com\/fi\/tuote\/achat-auf-stand-2864-g\/#Achat_auf_Stand_2864_g_%E2%80%93_Schutzender_Edelstein_aus_Brasilien\" >Achat auf Stand 2864 g \u2013 Sch\u00fctzender Edelstein aus Brasilien<\/a><\/li><li class='ez-toc-page-1 ez-toc-heading-level-4'><a class=\"ez-toc-link ez-toc-heading-2\" href=\"https:\/\/saphirsmaragd.com\/fi\/tuote\/achat-auf-stand-2864-g\/#Merkmale_Herkunft\" >Ominaisuudet ja alkuper\u00e4<\/a><\/li><li class='ez-toc-page-1 ez-toc-heading-level-4'><a class=\"ez-toc-link ez-toc-heading-3\" href=\"https:\/\/saphirsmaragd.com\/fi\/tuote\/achat-auf-stand-2864-g\/#Besonderheiten\" >Erityisominaisuudet<\/a><\/li><li class='ez-toc-page-1 ez-toc-heading-level-4'><a class=\"ez-toc-link ez-toc-heading-4\" href=\"https:\/\/saphirsmaragd.com\/fi\/tuote\/achat-auf-stand-2864-g\/#Mehr_uber_Achate_Heilsteine\" >Mehr \u00fcber Achate &amp; Heilsteine<\/a><\/li><li class='ez-toc-page-1 ez-toc-heading-level-4'><a class=\"ez-toc-link ez-toc-heading-5\" href=\"https:\/\/saphirsmaragd.com\/fi\/tuote\/achat-auf-stand-2864-g\/#Weitere_Infos\" >Lis\u00e4tietoja<\/a><\/li><\/ul><\/nav><\/div>\n<h4 data-start=\"238\" data-end=\"304\"><span class=\"ez-toc-section\" id=\"Achat_auf_Stand_2864_g_%E2%80%93_Schutzender_Edelstein_aus_Brasilien\"><\/span><strong data-start=\"240\" data-end=\"304\">Achat auf Stand 2864 g \u2013 Sch\u00fctzender Edelstein aus Brasilien<\/strong><span class=\"ez-toc-section-end\"><\/span><\/h4>\n<p data-start=\"306\" data-end=\"586\">Dieser Achat auf Stand 2864 g ist ein einzigartiges Naturst\u00fcck aus Brasilien. Sie erhalten genau das abgebildete Exemplar. Mit seiner polierten Vorderseite und naturbelassenen R\u00fcckseite vereint dieser Heilstein \u00e4sthetische Sch\u00f6nheit mit einer tiefen, harmonisierenden Energie.<\/p>\n<hr data-start=\"588\" data-end=\"591\" \/>\n<h4 data-start=\"593\" data-end=\"622\"><span class=\"ez-toc-section\" id=\"Merkmale_Herkunft\"><\/span><strong data-start=\"599\" data-end=\"622\">Ominaisuudet ja alkuper\u00e4<\/strong><span class=\"ez-toc-section-end\"><\/span><\/h4>\n<p data-start=\"623\" data-end=\"938\">Farbe: Mehrfarbig (Braun-Grau mit hellen B\u00e4ndern)<br data-start=\"672\" data-end=\"675\" \/>Form: Freiform, auf Metallstand montiert<br data-start=\"715\" data-end=\"718\" \/>Alkuper\u00e4: Brasilia<br data-start=\"737\" data-end=\"740\" \/>Gewicht: 2864 g (inkl. Stand)<br data-start=\"769\" data-end=\"772\" \/>Ma\u00dfe: 18.2 \u00d7 14.4 \u00d7 7.4 cm (Stein) \/ H\u00f6he ca. 27.5 cm (gesamt)<br data-start=\"834\" data-end=\"837\" \/>Behandlung: Polierte Vorderseite, R\u00fcckseite roh<br data-start=\"918\" data-end=\"921\" \/>Steinart: Achat<\/p>\n<hr data-start=\"940\" data-end=\"943\" \/>\n<h4 data-start=\"945\" data-end=\"969\"><span class=\"ez-toc-section\" id=\"Besonderheiten\"><\/span><strong data-start=\"951\" data-end=\"969\">Erityisominaisuudet<\/strong><span class=\"ez-toc-section-end\"><\/span><\/h4>\n<p data-start=\"970\" data-end=\"1264\">Der Achat auf Stand 2864 g besitzt eine stark erdende, stabilisierende und sch\u00fctzende Wirkung. Seine sanfte, friedliche Energie bringt K\u00f6rper, Geist und Seele in Einklang. Er vermittelt innere Ruhe, emotionale Sicherheit und unterst\u00fctzt Sie dabei, sich selbst anzunehmen und zu vertrauen.<\/p>\n<p data-start=\"1266\" data-end=\"1687\">Dar\u00fcber hinaus f\u00f6rdert Achat analytisches Denken, Konzentration und Probleml\u00f6sungsf\u00e4higkeit \u2013 ideal im Berufs- oder Studienalltag. Seine harmonische Ausstrahlung reduziert Stress und innere Unruhe und st\u00e4rkt die F\u00e4higkeit, klare Entscheidungen zu treffen. Durch seine sch\u00fctzende Energie eignet sich dieser Edelstein hervorragend als Reisebegleiter, da er Schutz vor negativen Einfl\u00fcssen bietet und Geborgenheit schenkt.<\/p>\n<hr data-start=\"1689\" data-end=\"1692\" \/>\n<h4 data-start=\"1694\" data-end=\"1733\"><span class=\"ez-toc-section\" id=\"Mehr_uber_Achate_Heilsteine\"><\/span><strong data-start=\"1700\" data-end=\"1733\">Mehr \u00fcber Achate &amp; Heilsteine<\/strong><span class=\"ez-toc-section-end\"><\/span><\/h4>\n<p data-start=\"1734\" data-end=\"2094\">Erfahren Sie mehr \u00fcber die Wirkung und Bedeutung von <a href=\"https:\/\/saphirsmaragd.com\/fi\/product-category\/heilsteine-kristalle-kaufen\/\">Heilsteinen &amp; Kristallen\u00a0<\/a><\/p>\n<hr data-start=\"2096\" data-end=\"2099\" \/>\n<h4 data-start=\"2101\" data-end=\"2124\"><span class=\"ez-toc-section\" id=\"Weitere_Infos\"><\/span><strong data-start=\"2107\" data-end=\"2124\">Lis\u00e4tietoja<\/strong><span class=\"ez-toc-section-end\"><\/span><\/h4>\n<p data-start=\"2125\" data-end=\"2180\"><a class=\"decorated-link cursor-pointer\" href=\"https:\/\/de.wikipedia.org\/wiki\/Achat\" target=\"_new\" rel=\"noopener\" data-start=\"2125\" data-end=\"2180\">Wikipedia: Achat<\/a><\/p>","protected":false},"excerpt":{"rendered":"<p><em>Achat auf Stand 2864 g aus Brasilien. Ein einzigartiger Heilstein mit erdender, sch\u00fctzender und ausgleichender Wirkung.<\/em><\/p>","protected":false},"featured_media":4035,"comment_status":"open","ping_status":"closed","template":"","meta":{"_glsr_average":0,"_glsr_ranking":0,"_glsr_reviews":0},"product_brand":[],"product_cat":[84],"product_tag":[],"class_list":{"0":"post-4034","1":"product","2":"type-product","3":"status-publish","4":"has-post-thumbnail","6":"product_cat-rohsteine-kaufen","8":"first","9":"instock","10":"shipping-taxable","11":"purchasable","12":"product-type-simple","13":"add-to-wishlist-before_image"},"jetpack_sharing_enabled":true,"_links":{"self":[{"href":"https:\/\/saphirsmaragd.com\/fi\/wp-json\/wp\/v2\/product\/4034","targetHints":{"allow":["GET"]}}],"collection":[{"href":"https:\/\/saphirsmaragd.com\/fi\/wp-json\/wp\/v2\/product"}],"about":[{"href":"https:\/\/saphirsmaragd.com\/fi\/wp-json\/wp\/v2\/types\/product"}],"replies":[{"embeddable":true,"href":"https:\/\/saphirsmaragd.com\/fi\/wp-json\/wp\/v2\/comments?post=4034"}],"version-history":[{"count":1,"href":"https:\/\/saphirsmaragd.com\/fi\/wp-json\/wp\/v2\/product\/4034\/revisions"}],"predecessor-version":[{"id":4037,"href":"https:\/\/saphirsmaragd.com\/fi\/wp-json\/wp\/v2\/product\/4034\/revisions\/4037"}],"wp:featuredmedia":[{"embeddable":true,"href":"https:\/\/saphirsmaragd.com\/fi\/wp-json\/wp\/v2\/media\/4035"}],"wp:attachment":[{"href":"https:\/\/saphirsmaragd.com\/fi\/wp-json\/wp\/v2\/media?parent=4034"}],"wp:term":[{"taxonomy":"product_brand","embeddable":true,"href":"https:\/\/saphirsmaragd.com\/fi\/wp-json\/wp\/v2\/product_brand?post=4034"},{"taxonomy":"product_cat","embeddable":true,"href":"https:\/\/saphirsmaragd.com\/fi\/wp-json\/wp\/v2\/product_cat?post=4034"},{"taxonomy":"product_tag","embeddable":true,"href":"https:\/\/saphirsmaragd.com\/fi\/wp-json\/wp\/v2\/product_tag?post=4034"}],"curies":[{"name":"wp","href":"https:\/\/api.w.org\/{rel}","templated":true}]}}