{"id":4137,"date":"2025-11-01T11:12:13","date_gmt":"2025-11-01T11:12:13","guid":{"rendered":"https:\/\/saphirsmaragd.com\/?post_type=product&#038;p=4137"},"modified":"2025-12-29T18:55:56","modified_gmt":"2025-12-29T18:55:56","slug":"turmalin-1-12-karat-orange-oval","status":"publish","type":"product","link":"https:\/\/saphirsmaragd.com\/fi\/tuote\/turmalin-1-12-karat-orange-oval\/","title":{"rendered":"Turmaliini 1,12 karaatin oranssi soikea \u2013 s\u00e4teilev\u00e4 jalokivi, jolla on eloisa v\u00e4ri"},"content":{"rendered":"<div id=\"ez-toc-container\" class=\"ez-toc-v2_0_82_2 counter-hierarchy ez-toc-counter ez-toc-grey ez-toc-container-direction\">\n<div class=\"ez-toc-title-container\">\n<p class=\"ez-toc-title\" style=\"cursor:inherit\">Sis\u00e4llysluettelo<\/p>\n<span class=\"ez-toc-title-toggle\"><a href=\"#\" class=\"ez-toc-pull-right ez-toc-btn ez-toc-btn-xs ez-toc-btn-default ez-toc-toggle\" aria-label=\"Toggle Table of Content\"><span class=\"ez-toc-js-icon-con\"><span class=\"\"><span class=\"eztoc-hide\" style=\"display:none;\">Vaihda<\/span><span class=\"ez-toc-icon-toggle-span\"><svg style=\"fill: #999;color:#999\" xmlns=\"http:\/\/www.w3.org\/2000\/svg\" class=\"list-377408\" width=\"20px\" height=\"20px\" viewbox=\"0 0 24 24\" fill=\"none\"><path d=\"M6 6H4v2h2V6zm14 0H8v2h12V6zM4 11h2v2H4v-2zm16 0H8v2h12v-2zM4 16h2v2H4v-2zm16 0H8v2h12v-2z\" fill=\"currentColor\"><\/path><\/svg><svg style=\"fill: #999;color:#999\" class=\"arrow-unsorted-368013\" xmlns=\"http:\/\/www.w3.org\/2000\/svg\" width=\"10px\" height=\"10px\" viewbox=\"0 0 24 24\" version=\"1.2\" baseprofile=\"tiny\"><path d=\"M18.2 9.3l-6.2-6.3-6.2 6.3c-.2.2-.3.4-.3.7s.1.5.3.7c.2.2.4.3.7.3h11c.3 0 .5-.1.7-.3.2-.2.3-.5.3-.7s-.1-.5-.3-.7zM5.8 14.7l6.2 6.3 6.2-6.3c.2-.2.3-.5.3-.7s-.1-.5-.3-.7c-.2-.2-.4-.3-.7-.3h-11c-.3 0-.5.1-.7.3-.2.2-.3.5-.3.7s.1.5.3.7z\"\/><\/svg><\/span><\/span><\/span><\/a><\/span><\/div>\n<nav><ul class='ez-toc-list ez-toc-list-level-1' ><li class='ez-toc-page-1 ez-toc-heading-level-4'><a class=\"ez-toc-link ez-toc-heading-1\" href=\"https:\/\/saphirsmaragd.com\/fi\/tuote\/turmalin-1-12-karat-orange-oval\/#Turmalin_112_Karat_Orange_Oval_%E2%80%93_ein_leuchtender_Edelstein_mit_besonderer_Ausstrahlung\" >Turmalin 1.12 Karat Orange Oval \u2013 ein leuchtender Edelstein mit besonderer Ausstrahlung<\/a><\/li><li class='ez-toc-page-1 ez-toc-heading-level-4'><a class=\"ez-toc-link ez-toc-heading-2\" href=\"https:\/\/saphirsmaragd.com\/fi\/tuote\/turmalin-1-12-karat-orange-oval\/#Merkmale_Herkunft\" >Ominaisuudet ja alkuper\u00e4<\/a><\/li><li class='ez-toc-page-1 ez-toc-heading-level-4'><a class=\"ez-toc-link ez-toc-heading-3\" href=\"https:\/\/saphirsmaragd.com\/fi\/tuote\/turmalin-1-12-karat-orange-oval\/#Besonderheiten\" >Erityisominaisuudet<\/a><\/li><li class='ez-toc-page-1 ez-toc-heading-level-4'><a class=\"ez-toc-link ez-toc-heading-4\" href=\"https:\/\/saphirsmaragd.com\/fi\/tuote\/turmalin-1-12-karat-orange-oval\/#Mehr_uber_unsere_Edelsteine\" >Lis\u00e4tietoja jalokivist\u00e4<\/a><\/li><li class='ez-toc-page-1 ez-toc-heading-level-4'><a class=\"ez-toc-link ez-toc-heading-5\" href=\"https:\/\/saphirsmaragd.com\/fi\/tuote\/turmalin-1-12-karat-orange-oval\/#Weitere_Infos\" >Lis\u00e4tietoja<\/a><\/li><\/ul><\/nav><\/div>\n<h4 data-start=\"806\" data-end=\"900\"><span class=\"ez-toc-section\" id=\"Turmalin_112_Karat_Orange_Oval_%E2%80%93_ein_leuchtender_Edelstein_mit_besonderer_Ausstrahlung\"><\/span>Turmalin 1.12 Karat Orange Oval \u2013 ein leuchtender Edelstein mit besonderer Ausstrahlung<span class=\"ez-toc-section-end\"><\/span><\/h4>\n<p data-start=\"901\" data-end=\"1227\">Dieser wundersch\u00f6ne Turmalin zeigt eine lebendige orange Farbnuance, die W\u00e4rme und Energie ausstrahlt. Durch den pr\u00e4zisen Ovalschnitt kommt seine Transparenz perfekt zur Geltung und reflektiert das Licht in einem zarten Gold-Orange. Ein ausdrucksstarker Edelstein f\u00fcr feine Ringe, Anh\u00e4nger oder Schmuckunikate mit Charakter.<\/p>\n<hr data-start=\"1229\" data-end=\"1232\" \/>\n<h4 data-start=\"1234\" data-end=\"1263\"><span class=\"ez-toc-section\" id=\"Merkmale_Herkunft\"><\/span>Ominaisuudet ja alkuper\u00e4<span class=\"ez-toc-section-end\"><\/span><\/h4>\n<p data-start=\"1264\" data-end=\"1523\">Kivityyppi: turmaliini<br data-start=\"1282\" data-end=\"1285\" \/>Farbe: Orange<br data-start=\"1298\" data-end=\"1301\" \/>Muoto: Ovaali<br data-start=\"1311\" data-end=\"1314\" \/>Gewicht: 1.12 Karat<br data-start=\"1333\" data-end=\"1336\" \/>Kovuus: 7 Mohsin asteikolla<br data-start=\"1363\" data-end=\"1366\" \/>Gr\u00f6\u00dfe: 7.9 \u00d7 5.9 mm<br data-start=\"1385\" data-end=\"1388\" \/>Puhtaus: pienet sulkeumat<br data-start=\"1416\" data-end=\"1419\" \/>Hoito: Hoitamaton<br data-start=\"1442\" data-end=\"1445\" \/>Alkuper\u00e4: Madagaskar<br data-start=\"1465\" data-end=\"1468\" \/>Zertifikat: Val\u00e9rie DURAFFOURG (Gem-A)<br data-start=\"1506\" data-end=\"1509\" \/>Kunto: Uusi<\/p>\n<hr data-start=\"1525\" data-end=\"1528\" \/>\n<h4 data-start=\"1530\" data-end=\"1554\"><span class=\"ez-toc-section\" id=\"Besonderheiten\"><\/span>Erityisominaisuudet<span class=\"ez-toc-section-end\"><\/span><\/h4>\n<p data-start=\"1555\" data-end=\"1884\">Der Turmalin 1.12 Karat Orange Oval vereint eine lebendige Farbe mit nat\u00fcrlicher Transparenz. Feine Einschl\u00fcsse unterstreichen seine Authentizit\u00e4t und geben ihm eine warme, organische Ausstrahlung. Seine Brillanz und Farbintensit\u00e4t machen ihn zu einem begehrten Edelstein f\u00fcr individuelle Schmuckst\u00fccke oder wertvolle Sammlungen.<\/p>\n<hr data-start=\"1926\" data-end=\"1929\" \/>\n<h4 data-start=\"1931\" data-end=\"1971\"><span class=\"ez-toc-section\" id=\"Mehr_uber_unsere_Edelsteine\"><\/span>Lis\u00e4tietoja jalokivist\u00e4<span class=\"ez-toc-section-end\"><\/span><\/h4>\n<p data-start=\"1972\" data-end=\"2069\"><a href=\"https:\/\/saphirsmaragd.com\/fi\/product-category\/edelsteine-kaufen\/\">jalokivet<\/a><\/p>\n<hr data-start=\"2071\" data-end=\"2074\" \/>\n<h4 data-start=\"2076\" data-end=\"2096\"><span class=\"ez-toc-section\" id=\"Weitere_Infos\"><\/span>Lis\u00e4tietoja<span class=\"ez-toc-section-end\"><\/span><\/h4>\n<p><a href=\"https:\/\/de.wikipedia.org\/wiki\/Turmalin\" target=\"_blank\" rel=\"noopener\">Wikipedia: Turmaliini<\/a><\/p>","protected":false},"excerpt":{"rendered":"<p data-start=\"437\" data-end=\"662\"><em>Dieser Turmalin 1.12 Karat Orange Oval begeistert durch seinen leuchtenden orangefarbenen Ton, seine transparente Struktur und den pr\u00e4zisen Facettenschliff. Ein einzigartiger Naturstein f\u00fcr edle Schmuckkreationen und Sammler.<\/em><\/p>\n<h2 data-start=\"523\" data-end=\"548\"><\/h2>","protected":false},"featured_media":4139,"comment_status":"open","ping_status":"closed","template":"","meta":{"_glsr_average":0,"_glsr_ranking":0,"_glsr_reviews":0},"product_brand":[],"product_cat":[109],"product_tag":[],"class_list":{"0":"post-4137","1":"product","2":"type-product","3":"status-publish","4":"has-post-thumbnail","6":"product_cat-turmalin-kaufen","7":"pa_edelsteinart-turmalin","8":"pa_farbe-orange","9":"pa_form-oval","10":"pa_gewicht-karat-1-0-3-0-karat","11":"pa_herkunft-madagaskar","12":"pa_reinheit-kleine-einschluesse","13":"pa_veredelung-behandlung-unbehandelt","14":"pa_zertifikat-ja","15":"pa_zustand-neu","17":"first","18":"instock","19":"featured","20":"sold-individually","21":"shipping-taxable","22":"purchasable","23":"product-type-simple","24":"add-to-wishlist-before_image"},"jetpack_sharing_enabled":true,"_links":{"self":[{"href":"https:\/\/saphirsmaragd.com\/fi\/wp-json\/wp\/v2\/product\/4137","targetHints":{"allow":["GET"]}}],"collection":[{"href":"https:\/\/saphirsmaragd.com\/fi\/wp-json\/wp\/v2\/product"}],"about":[{"href":"https:\/\/saphirsmaragd.com\/fi\/wp-json\/wp\/v2\/types\/product"}],"replies":[{"embeddable":true,"href":"https:\/\/saphirsmaragd.com\/fi\/wp-json\/wp\/v2\/comments?post=4137"}],"version-history":[{"count":1,"href":"https:\/\/saphirsmaragd.com\/fi\/wp-json\/wp\/v2\/product\/4137\/revisions"}],"predecessor-version":[{"id":4140,"href":"https:\/\/saphirsmaragd.com\/fi\/wp-json\/wp\/v2\/product\/4137\/revisions\/4140"}],"wp:featuredmedia":[{"embeddable":true,"href":"https:\/\/saphirsmaragd.com\/fi\/wp-json\/wp\/v2\/media\/4139"}],"wp:attachment":[{"href":"https:\/\/saphirsmaragd.com\/fi\/wp-json\/wp\/v2\/media?parent=4137"}],"wp:term":[{"taxonomy":"product_brand","embeddable":true,"href":"https:\/\/saphirsmaragd.com\/fi\/wp-json\/wp\/v2\/product_brand?post=4137"},{"taxonomy":"product_cat","embeddable":true,"href":"https:\/\/saphirsmaragd.com\/fi\/wp-json\/wp\/v2\/product_cat?post=4137"},{"taxonomy":"product_tag","embeddable":true,"href":"https:\/\/saphirsmaragd.com\/fi\/wp-json\/wp\/v2\/product_tag?post=4137"}],"curies":[{"name":"wp","href":"https:\/\/api.w.org\/{rel}","templated":true}]}}