{"id":4379,"date":"2025-11-02T15:15:07","date_gmt":"2025-11-02T15:15:07","guid":{"rendered":"https:\/\/saphirsmaragd.com\/?post_type=product&#038;p=4379"},"modified":"2025-12-29T18:49:55","modified_gmt":"2025-12-29T18:49:55","slug":"topas-blau-20-30-karat-tropfen","status":"publish","type":"product","link":"https:\/\/saphirsmaragd.com\/fi\/tuote\/topas-blau-20-30-karat-tropfen\/","title":{"rendered":"Topas Blau 20.30 Karat Tropfen \u2013 edler facettierter Edelstein mit intensivem Himmelblau"},"content":{"rendered":"<div id=\"ez-toc-container\" class=\"ez-toc-v2_0_82_2 counter-hierarchy ez-toc-counter ez-toc-grey ez-toc-container-direction\">\n<div class=\"ez-toc-title-container\">\n<p class=\"ez-toc-title\" style=\"cursor:inherit\">Sis\u00e4llysluettelo<\/p>\n<span class=\"ez-toc-title-toggle\"><a href=\"#\" class=\"ez-toc-pull-right ez-toc-btn ez-toc-btn-xs ez-toc-btn-default ez-toc-toggle\" aria-label=\"Toggle Table of Content\"><span class=\"ez-toc-js-icon-con\"><span class=\"\"><span class=\"eztoc-hide\" style=\"display:none;\">Vaihda<\/span><span class=\"ez-toc-icon-toggle-span\"><svg style=\"fill: #999;color:#999\" xmlns=\"http:\/\/www.w3.org\/2000\/svg\" class=\"list-377408\" width=\"20px\" height=\"20px\" viewbox=\"0 0 24 24\" fill=\"none\"><path d=\"M6 6H4v2h2V6zm14 0H8v2h12V6zM4 11h2v2H4v-2zm16 0H8v2h12v-2zM4 16h2v2H4v-2zm16 0H8v2h12v-2z\" fill=\"currentColor\"><\/path><\/svg><svg style=\"fill: #999;color:#999\" class=\"arrow-unsorted-368013\" xmlns=\"http:\/\/www.w3.org\/2000\/svg\" width=\"10px\" height=\"10px\" viewbox=\"0 0 24 24\" version=\"1.2\" baseprofile=\"tiny\"><path d=\"M18.2 9.3l-6.2-6.3-6.2 6.3c-.2.2-.3.4-.3.7s.1.5.3.7c.2.2.4.3.7.3h11c.3 0 .5-.1.7-.3.2-.2.3-.5.3-.7s-.1-.5-.3-.7zM5.8 14.7l6.2 6.3 6.2-6.3c.2-.2.3-.5.3-.7s-.1-.5-.3-.7c-.2-.2-.4-.3-.7-.3h-11c-.3 0-.5.1-.7.3-.2.2-.3.5-.3.7s.1.5.3.7z\"\/><\/svg><\/span><\/span><\/span><\/a><\/span><\/div>\n<nav><ul class='ez-toc-list ez-toc-list-level-1' ><li class='ez-toc-page-1 ez-toc-heading-level-4'><a class=\"ez-toc-link ez-toc-heading-1\" href=\"https:\/\/saphirsmaragd.com\/fi\/tuote\/topas-blau-20-30-karat-tropfen\/#Topas_Blau_2030_Karat_Tropfen_%E2%80%93_ausergewohnliche_Grose_reine_Eleganz\" >Topas Blau 20.30 Karat Tropfen \u2013 au\u00dfergew\u00f6hnliche Gr\u00f6\u00dfe, reine Eleganz<\/a><\/li><li class='ez-toc-page-1 ez-toc-heading-level-4'><a class=\"ez-toc-link ez-toc-heading-2\" href=\"https:\/\/saphirsmaragd.com\/fi\/tuote\/topas-blau-20-30-karat-tropfen\/#Merkmale_Herkunft\" >Ominaisuudet ja alkuper\u00e4<\/a><\/li><li class='ez-toc-page-1 ez-toc-heading-level-4'><a class=\"ez-toc-link ez-toc-heading-3\" href=\"https:\/\/saphirsmaragd.com\/fi\/tuote\/topas-blau-20-30-karat-tropfen\/#Besonderheiten\" >Erityisominaisuudet<\/a><\/li><li class='ez-toc-page-1 ez-toc-heading-level-4'><a class=\"ez-toc-link ez-toc-heading-4\" href=\"https:\/\/saphirsmaragd.com\/fi\/tuote\/topas-blau-20-30-karat-tropfen\/#Mehr_uber_unsere_Edelsteine\" >Lis\u00e4tietoja jalokivist\u00e4<\/a><\/li><li class='ez-toc-page-1 ez-toc-heading-level-4'><a class=\"ez-toc-link ez-toc-heading-5\" href=\"https:\/\/saphirsmaragd.com\/fi\/tuote\/topas-blau-20-30-karat-tropfen\/#Weitere_Infos\" >Lis\u00e4tietoja<\/a><\/li><\/ul><\/nav><\/div>\n<h4 data-start=\"810\" data-end=\"887\"><span class=\"ez-toc-section\" id=\"Topas_Blau_2030_Karat_Tropfen_%E2%80%93_ausergewohnliche_Grose_reine_Eleganz\"><\/span>Topas Blau 20.30 Karat Tropfen \u2013 au\u00dfergew\u00f6hnliche Gr\u00f6\u00dfe, reine Eleganz<span class=\"ez-toc-section-end\"><\/span><\/h4>\n<p data-start=\"888\" data-end=\"1155\">The <strong data-start=\"892\" data-end=\"926\">Topas Blau 20.30 Karat Tropfen<\/strong> ist ein prachtvoller Edelstein mit einer beeindruckenden Gr\u00f6\u00dfe und intensivem Himmelblau. Sein pr\u00e4ziser <strong data-start=\"1031\" data-end=\"1064\">Tropfenschliff (18 \u00d7 16.7 mm)<\/strong> sorgt f\u00fcr maximale Lichtreflexion und verleiht dem Stein eine au\u00dfergew\u00f6hnliche Brillanz.<\/p>\n<p data-start=\"1157\" data-end=\"1446\">Dieser behandelte blaue Topas wird aus farblosem Naturtopas gewonnen, der durch eine sanfte <strong data-start=\"1249\" data-end=\"1284\">Bestrahlung und W\u00e4rmebehandlung<\/strong> seine leuchtend blaue Farbe erh\u00e4lt. Jeder Stein wird von <strong data-start=\"1342\" data-end=\"1380\">Val\u00e9rie DURAFFOURG (Gem-A, London)<\/strong> zertifiziert, deren Expertise Echtheit und Qualit\u00e4t garantiert.<\/p>\n<hr data-start=\"1448\" data-end=\"1451\" \/>\n<h4 data-start=\"1453\" data-end=\"1482\"><span class=\"ez-toc-section\" id=\"Merkmale_Herkunft\"><\/span>Ominaisuudet ja alkuper\u00e4<span class=\"ez-toc-section-end\"><\/span><\/h4>\n<p data-start=\"1483\" data-end=\"1811\">Steinart: Topas<br data-start=\"1498\" data-end=\"1501\" \/>Variet\u00e4t: Blauer Topas<br data-start=\"1523\" data-end=\"1526\" \/>Farbe: Himmelblau<br data-start=\"1543\" data-end=\"1546\" \/>Form: Tropfen facettiert<br data-start=\"1570\" data-end=\"1573\" \/>Gewicht: 20.30 Karat<br data-start=\"1593\" data-end=\"1596\" \/>H\u00e4rte: 8 auf der Mohs-Skala<br data-start=\"1623\" data-end=\"1626\" \/>Gr\u00f6\u00dfe: 18 \u00d7 16.7 mm<br data-start=\"1645\" data-end=\"1648\" \/>Reinheit: Lupenrein (unter 10x-Lupe klar)<br data-start=\"1689\" data-end=\"1692\" \/>Behandlung: Bestrahlt &amp; erhitzt<br data-start=\"1723\" data-end=\"1726\" \/>Alkuper\u00e4: Brasilia<br data-start=\"1745\" data-end=\"1748\" \/>Todistus: Val\u00e9rie DURAFFOURG (Gem-A, Lontoo).<br data-start=\"1794\" data-end=\"1797\" \/>Kunto: Uusi<\/p>\n<hr data-start=\"1813\" data-end=\"1816\" \/>\n<h4 data-start=\"1818\" data-end=\"1842\"><span class=\"ez-toc-section\" id=\"Besonderheiten\"><\/span>Erityisominaisuudet<span class=\"ez-toc-section-end\"><\/span><\/h4>\n<p data-start=\"1843\" data-end=\"2060\">The <strong data-start=\"1847\" data-end=\"1881\">Topas Blau 20.30 Karat Tropfen<\/strong> fasziniert durch seine Gr\u00f6\u00dfe und unvergleichliche Farbintensit\u00e4t. Sein satter Blauton erinnert an tropische Gew\u00e4sser und steht symbolisch f\u00fcr Ruhe, Klarheit und innere Balance.<\/p>\n<p data-start=\"2062\" data-end=\"2278\">Durch seine hohe Reinheit eignet sich dieser Edelstein perfekt f\u00fcr exklusive Schmuckdesigns oder als Sammlerst\u00fcck. Die aufwendige Facettierung maximiert das Lichtspiel und sorgt f\u00fcr ein funkelndes Erscheinungsbild.<\/p>\n<hr data-start=\"1926\" data-end=\"1929\" \/>\n<h4 data-start=\"1931\" data-end=\"1971\"><span class=\"ez-toc-section\" id=\"Mehr_uber_unsere_Edelsteine\"><\/span>Lis\u00e4tietoja jalokivist\u00e4<span class=\"ez-toc-section-end\"><\/span><\/h4>\n<p data-start=\"1972\" data-end=\"2069\"><a href=\"https:\/\/saphirsmaragd.com\/fi\/product-category\/edelsteine-kaufen\/\">jalokivet<\/a><\/p>\n<hr data-start=\"2071\" data-end=\"2074\" \/>\n<h4 data-start=\"2076\" data-end=\"2096\"><span class=\"ez-toc-section\" id=\"Weitere_Infos\"><\/span>Lis\u00e4tietoja<span class=\"ez-toc-section-end\"><\/span><\/h4>\n<p><a href=\"https:\/\/de.wikipedia.org\/wiki\/Topas\" target=\"_blank\" rel=\"noopener\">Wikipedia: Topas<\/a><\/p>","protected":false},"excerpt":{"rendered":"<p data-start=\"464\" data-end=\"665\"><em>Der Topas Blau 20.30 Karat Tropfen beeindruckt mit seinem strahlend blauen Glanz und perfektem Facettenschliff. Ein zertifizierter Edelstein aus Brasilien \u2013 elegant, brillant und von h\u00f6chster Reinheit.<\/em><\/p>\n<h2 data-start=\"523\" data-end=\"548\"><\/h2>","protected":false},"featured_media":4382,"comment_status":"open","ping_status":"closed","template":"","meta":{"_glsr_average":0,"_glsr_ranking":0,"_glsr_reviews":0},"product_brand":[],"product_cat":[108],"product_tag":[],"class_list":{"0":"post-4379","1":"product","2":"type-product","3":"status-publish","4":"has-post-thumbnail","6":"product_cat-topas-kaufen","7":"pa_edelsteinart-topas","8":"pa_farbe-blau","9":"pa_form-tropfen","10":"pa_gewicht-karat-20-50-karat","11":"pa_herkunft-brasilien","12":"pa_reinheit-lupenrein","13":"pa_veredelung-behandlung-bestrahlt","14":"pa_veredelung-behandlung-erhitzt","15":"pa_zertifikat-ja","16":"pa_zustand-neu","18":"first","19":"instock","20":"featured","21":"sold-individually","22":"taxable","23":"shipping-taxable","24":"purchasable","25":"product-type-simple","26":"add-to-wishlist-before_image"},"jetpack_sharing_enabled":true,"_links":{"self":[{"href":"https:\/\/saphirsmaragd.com\/fi\/wp-json\/wp\/v2\/product\/4379","targetHints":{"allow":["GET"]}}],"collection":[{"href":"https:\/\/saphirsmaragd.com\/fi\/wp-json\/wp\/v2\/product"}],"about":[{"href":"https:\/\/saphirsmaragd.com\/fi\/wp-json\/wp\/v2\/types\/product"}],"replies":[{"embeddable":true,"href":"https:\/\/saphirsmaragd.com\/fi\/wp-json\/wp\/v2\/comments?post=4379"}],"version-history":[{"count":1,"href":"https:\/\/saphirsmaragd.com\/fi\/wp-json\/wp\/v2\/product\/4379\/revisions"}],"predecessor-version":[{"id":4383,"href":"https:\/\/saphirsmaragd.com\/fi\/wp-json\/wp\/v2\/product\/4379\/revisions\/4383"}],"wp:featuredmedia":[{"embeddable":true,"href":"https:\/\/saphirsmaragd.com\/fi\/wp-json\/wp\/v2\/media\/4382"}],"wp:attachment":[{"href":"https:\/\/saphirsmaragd.com\/fi\/wp-json\/wp\/v2\/media?parent=4379"}],"wp:term":[{"taxonomy":"product_brand","embeddable":true,"href":"https:\/\/saphirsmaragd.com\/fi\/wp-json\/wp\/v2\/product_brand?post=4379"},{"taxonomy":"product_cat","embeddable":true,"href":"https:\/\/saphirsmaragd.com\/fi\/wp-json\/wp\/v2\/product_cat?post=4379"},{"taxonomy":"product_tag","embeddable":true,"href":"https:\/\/saphirsmaragd.com\/fi\/wp-json\/wp\/v2\/product_tag?post=4379"}],"curies":[{"name":"wp","href":"https:\/\/api.w.org\/{rel}","templated":true}]}}