{"id":4864,"date":"2025-11-12T14:57:49","date_gmt":"2025-11-12T14:57:49","guid":{"rendered":"https:\/\/saphirsmaragd.com\/?post_type=product&#038;p=4864"},"modified":"2025-12-29T18:49:41","modified_gmt":"2025-12-29T18:49:41","slug":"sonnenstein-2-26-karat-birne-rotbraun","status":"publish","type":"product","link":"https:\/\/saphirsmaragd.com\/fi\/tuote\/sonnenstein-2-26-karat-birne-rotbraun\/","title":{"rendered":"Sunstone 2,26 karaatin p\u00e4\u00e4ryn\u00e4 punaruskea - luonnollinen maas\u00e4lp\u00e4 jalokivi kultainen hohto ja todistus"},"content":{"rendered":"<div id=\"ez-toc-container\" class=\"ez-toc-v2_0_82_2 counter-hierarchy ez-toc-counter ez-toc-grey ez-toc-container-direction\">\n<div class=\"ez-toc-title-container\">\n<p class=\"ez-toc-title\" style=\"cursor:inherit\">Sis\u00e4llysluettelo<\/p>\n<span class=\"ez-toc-title-toggle\"><a href=\"#\" class=\"ez-toc-pull-right ez-toc-btn ez-toc-btn-xs ez-toc-btn-default ez-toc-toggle\" aria-label=\"Toggle Table of Content\"><span class=\"ez-toc-js-icon-con\"><span class=\"\"><span class=\"eztoc-hide\" style=\"display:none;\">Vaihda<\/span><span class=\"ez-toc-icon-toggle-span\"><svg style=\"fill: #999;color:#999\" xmlns=\"http:\/\/www.w3.org\/2000\/svg\" class=\"list-377408\" width=\"20px\" height=\"20px\" viewbox=\"0 0 24 24\" fill=\"none\"><path d=\"M6 6H4v2h2V6zm14 0H8v2h12V6zM4 11h2v2H4v-2zm16 0H8v2h12v-2zM4 16h2v2H4v-2zm16 0H8v2h12v-2z\" fill=\"currentColor\"><\/path><\/svg><svg style=\"fill: #999;color:#999\" class=\"arrow-unsorted-368013\" xmlns=\"http:\/\/www.w3.org\/2000\/svg\" width=\"10px\" height=\"10px\" viewbox=\"0 0 24 24\" version=\"1.2\" baseprofile=\"tiny\"><path d=\"M18.2 9.3l-6.2-6.3-6.2 6.3c-.2.2-.3.4-.3.7s.1.5.3.7c.2.2.4.3.7.3h11c.3 0 .5-.1.7-.3.2-.2.3-.5.3-.7s-.1-.5-.3-.7zM5.8 14.7l6.2 6.3 6.2-6.3c.2-.2.3-.5.3-.7s-.1-.5-.3-.7c-.2-.2-.4-.3-.7-.3h-11c-.3 0-.5.1-.7.3-.2.2-.3.5-.3.7s.1.5.3.7z\"\/><\/svg><\/span><\/span><\/span><\/a><\/span><\/div>\n<nav><ul class='ez-toc-list ez-toc-list-level-1' ><li class='ez-toc-page-1 ez-toc-heading-level-4'><a class=\"ez-toc-link ez-toc-heading-1\" href=\"https:\/\/saphirsmaragd.com\/fi\/tuote\/sonnenstein-2-26-karat-birne-rotbraun\/#Sonnenstein_226_Karat_Birne_Rotbraun_%E2%80%93_naturlicher_Feldspat_mit_funkelnden_Reflexen\" >Sonnenstein 2.26 Karat Birne Rotbraun \u2013 nat\u00fcrlicher Feldspat mit funkelnden Reflexen<\/a><\/li><li class='ez-toc-page-1 ez-toc-heading-level-4'><a class=\"ez-toc-link ez-toc-heading-2\" href=\"https:\/\/saphirsmaragd.com\/fi\/tuote\/sonnenstein-2-26-karat-birne-rotbraun\/#Merkmale_Herkunft\" >Ominaisuudet ja alkuper\u00e4<\/a><\/li><li class='ez-toc-page-1 ez-toc-heading-level-4'><a class=\"ez-toc-link ez-toc-heading-3\" href=\"https:\/\/saphirsmaragd.com\/fi\/tuote\/sonnenstein-2-26-karat-birne-rotbraun\/#Besonderheiten\" >Erityisominaisuudet<\/a><\/li><li class='ez-toc-page-1 ez-toc-heading-level-4'><a class=\"ez-toc-link ez-toc-heading-4\" href=\"https:\/\/saphirsmaragd.com\/fi\/tuote\/sonnenstein-2-26-karat-birne-rotbraun\/#Mehr_uber_unsere_Edelsteine\" >Lis\u00e4tietoja jalokivist\u00e4<\/a><\/li><li class='ez-toc-page-1 ez-toc-heading-level-4'><a class=\"ez-toc-link ez-toc-heading-5\" href=\"https:\/\/saphirsmaragd.com\/fi\/tuote\/sonnenstein-2-26-karat-birne-rotbraun\/#Weitere_Infos\" >Lis\u00e4tietoja<\/a><\/li><\/ul><\/nav><\/div>\n<h4 data-start=\"896\" data-end=\"987\"><span class=\"ez-toc-section\" id=\"Sonnenstein_226_Karat_Birne_Rotbraun_%E2%80%93_naturlicher_Feldspat_mit_funkelnden_Reflexen\"><\/span>Sonnenstein 2.26 Karat Birne Rotbraun \u2013 nat\u00fcrlicher Feldspat mit funkelnden Reflexen<span class=\"ez-toc-section-end\"><\/span><\/h4>\n<p data-start=\"988\" data-end=\"1317\">The <strong data-start=\"992\" data-end=\"1033\">Sonnenstein 2.26 Karat Birne Rotbraun<\/strong> ist ein au\u00dfergew\u00f6hnlicher Edelstein aus der Feldspat-Familie, der durch seine warme, rotbraune Grundfarbe und seine goldenen Reflexe besticht. Zahlreiche feine Einschl\u00fcsse von H\u00e4matit und Eisenpartikeln erzeugen den charakteristischen Glanz, der an das Strahlen der Sonne erinnert.<\/p>\n<p data-start=\"1319\" data-end=\"1579\">Dieser Stein wurde zu einem eleganten <strong data-start=\"1357\" data-end=\"1400\">Cabochon in Birnenform (10,0 \u00d7 7,05 mm)<\/strong> geschliffen. Seine polierte Oberfl\u00e4che bringt den schimmernden Effekt optimal zur Geltung und macht ihn zu einem begehrten Sammlerst\u00fcck oder Schmuckstein f\u00fcr besondere Designs.<\/p>\n<p data-start=\"1581\" data-end=\"1730\">Jeder Sonnenstein wird mit einem <strong data-start=\"1614\" data-end=\"1666\">Zertifikat von Val\u00e9rie DURAFFOURG (Gem-A London)<\/strong> geliefert \u2013 eine Garantie f\u00fcr gepr\u00fcfte Echtheit und Qualit\u00e4t.<\/p>\n<hr data-start=\"1732\" data-end=\"1735\" \/>\n<h4 data-start=\"1737\" data-end=\"1763\"><span class=\"ez-toc-section\" id=\"Merkmale_Herkunft\"><\/span>Ominaisuudet ja alkuper\u00e4<span class=\"ez-toc-section-end\"><\/span><\/h4>\n<p data-start=\"1764\" data-end=\"2163\">Steinart: Sonnenstein<br data-start=\"1785\" data-end=\"1788\" \/>Variet\u00e4t: Nat\u00fcrlicher Feldspat<br data-start=\"1818\" data-end=\"1821\" \/>Farbe: Rotbraun mit goldenen Reflexen<br data-start=\"1858\" data-end=\"1861\" \/>Form: Birne (Cabochon)<br data-start=\"1883\" data-end=\"1886\" \/>Gewicht: 2.26 Karat<br data-start=\"1905\" data-end=\"1908\" \/>Gr\u00f6\u00dfe: 10.0 \u00d7 7.05 mm<br data-start=\"1929\" data-end=\"1932\" \/>Kovuus: 6 Mohsin asteikolla<br data-start=\"1959\" data-end=\"1962\" \/>Reinheit: Sichtbare Einschl\u00fcsse (charakteristisch f\u00fcr Sonnenstein)<br data-start=\"2028\" data-end=\"2031\" \/>Transparenz: Durchscheinend<br data-start=\"2058\" data-end=\"2061\" \/>Hoito: Ei ole<br data-start=\"2078\" data-end=\"2081\" \/>Herkunft: Indien<br data-start=\"2097\" data-end=\"2100\" \/>Todistus: Val\u00e9rie DURAFFOURG (Gem-A, Lontoo).<br data-start=\"2146\" data-end=\"2149\" \/>Kunto: Uusi<\/p>\n<hr data-start=\"2165\" data-end=\"2168\" \/>\n<h4 data-start=\"2170\" data-end=\"2191\"><span class=\"ez-toc-section\" id=\"Besonderheiten\"><\/span>Erityisominaisuudet<span class=\"ez-toc-section-end\"><\/span><\/h4>\n<p data-start=\"2192\" data-end=\"2503\">The <strong data-start=\"2196\" data-end=\"2237\">Sonnenstein 2.26 Karat Birne Rotbraun<\/strong> besticht durch seinen nat\u00fcrlichen Glanz und das spektakul\u00e4re Spiel aus warmen Farben und Lichtreflexen. Als Variet\u00e4t des Feldspats ist er f\u00fcr seine positive Ausstrahlung und den charakteristischen \u201eAventureszenz\u201c-Effekt bekannt, der den Stein zum Leuchten bringt.<\/p>\n<p data-start=\"2505\" data-end=\"2747\">Er gilt als Symbol f\u00fcr Lebensfreude und Energie und wird h\u00e4ufig als Heilstein getragen, um Optimismus und Vitalit\u00e4t zu f\u00f6rdern. In Schmuckst\u00fccken wirkt der Sonnenstein besonders edel und warm \u2013 ein Highlight f\u00fcr Sammler und Designliebhaber.<\/p>\n<hr data-start=\"2064\" data-end=\"2067\" \/>\n<h4 data-start=\"1931\" data-end=\"1971\"><span class=\"ez-toc-section\" id=\"Mehr_uber_unsere_Edelsteine\"><\/span>Lis\u00e4tietoja jalokivist\u00e4<span class=\"ez-toc-section-end\"><\/span><\/h4>\n<p data-start=\"1972\" data-end=\"2069\"><a href=\"https:\/\/saphirsmaragd.com\/fi\/product-category\/edelsteine-kaufen\/\">jalokivet<\/a><\/p>\n<hr data-start=\"2744\" data-end=\"2747\" \/>\n<h4 data-start=\"2665\" data-end=\"2688\"><span class=\"ez-toc-section\" id=\"Weitere_Infos\"><\/span>Lis\u00e4tietoja<span class=\"ez-toc-section-end\"><\/span><\/h4>\n<p data-start=\"2921\" data-end=\"2990\"><a class=\"decorated-link cursor-pointer\" href=\"https:\/\/de.wikipedia.org\/wiki\/Sonnenstein\" target=\"_new\" rel=\"noopener\" data-start=\"2921\" data-end=\"2988\">Wikipedia: Sonnenstein<\/a><\/p>","protected":false},"excerpt":{"rendered":"<p data-start=\"577\" data-end=\"752\"><em>Der Sonnenstein 2.26 Karat Birne Rotbraun zeigt einen faszinierenden goldenen Schimmer durch feine H\u00e4matit-Einschl\u00fcsse. Mit Zertifikat von Val\u00e9rie DURAFFOURG (Gem-A London).<\/em><\/p>\n<h2 data-start=\"523\" data-end=\"548\"><\/h2>","protected":false},"featured_media":4867,"comment_status":"open","ping_status":"closed","template":"","meta":{"_glsr_average":0,"_glsr_ranking":0,"_glsr_reviews":0},"product_brand":[],"product_cat":[305],"product_tag":[],"class_list":{"0":"post-4864","1":"product","2":"type-product","3":"status-publish","4":"has-post-thumbnail","6":"product_cat-seltene-edelsteine","7":"pa_edelsteinart-seltene-edelsteine","8":"pa_farbe-braun","9":"pa_form-birne","10":"pa_gewicht-karat-1-0-3-0-karat","11":"pa_herkunft-indien","12":"pa_reinheit-deutliche-einschluesse","13":"pa_veredelung-behandlung-unbehandelt","14":"pa_zertifikat-ja","15":"pa_zustand-neu","17":"first","18":"instock","19":"featured","20":"sold-individually","21":"shipping-taxable","22":"purchasable","23":"product-type-simple","24":"add-to-wishlist-before_image"},"jetpack_sharing_enabled":true,"_links":{"self":[{"href":"https:\/\/saphirsmaragd.com\/fi\/wp-json\/wp\/v2\/product\/4864","targetHints":{"allow":["GET"]}}],"collection":[{"href":"https:\/\/saphirsmaragd.com\/fi\/wp-json\/wp\/v2\/product"}],"about":[{"href":"https:\/\/saphirsmaragd.com\/fi\/wp-json\/wp\/v2\/types\/product"}],"replies":[{"embeddable":true,"href":"https:\/\/saphirsmaragd.com\/fi\/wp-json\/wp\/v2\/comments?post=4864"}],"version-history":[{"count":1,"href":"https:\/\/saphirsmaragd.com\/fi\/wp-json\/wp\/v2\/product\/4864\/revisions"}],"predecessor-version":[{"id":4871,"href":"https:\/\/saphirsmaragd.com\/fi\/wp-json\/wp\/v2\/product\/4864\/revisions\/4871"}],"wp:featuredmedia":[{"embeddable":true,"href":"https:\/\/saphirsmaragd.com\/fi\/wp-json\/wp\/v2\/media\/4867"}],"wp:attachment":[{"href":"https:\/\/saphirsmaragd.com\/fi\/wp-json\/wp\/v2\/media?parent=4864"}],"wp:term":[{"taxonomy":"product_brand","embeddable":true,"href":"https:\/\/saphirsmaragd.com\/fi\/wp-json\/wp\/v2\/product_brand?post=4864"},{"taxonomy":"product_cat","embeddable":true,"href":"https:\/\/saphirsmaragd.com\/fi\/wp-json\/wp\/v2\/product_cat?post=4864"},{"taxonomy":"product_tag","embeddable":true,"href":"https:\/\/saphirsmaragd.com\/fi\/wp-json\/wp\/v2\/product_tag?post=4864"}],"curies":[{"name":"wp","href":"https:\/\/api.w.org\/{rel}","templated":true}]}}