{"id":4908,"date":"2025-11-12T17:44:42","date_gmt":"2025-11-12T17:44:42","guid":{"rendered":"https:\/\/saphirsmaragd.com\/?post_type=product&#038;p=4908"},"modified":"2025-12-29T18:49:33","modified_gmt":"2025-12-29T18:49:33","slug":"feldspat-0-68-karat-rund-gelb","status":"publish","type":"product","link":"https:\/\/saphirsmaragd.com\/fi\/tuote\/feldspat-0-68-karat-rund-gelb\/","title":{"rendered":"Feldspat 0.68 Karat Rund Gelb \u2013 franz\u00f6sischer Edelstein mit zarter Pastellfarbe"},"content":{"rendered":"<div id=\"ez-toc-container\" class=\"ez-toc-v2_0_82_2 counter-hierarchy ez-toc-counter ez-toc-grey ez-toc-container-direction\">\n<div class=\"ez-toc-title-container\">\n<p class=\"ez-toc-title\" style=\"cursor:inherit\">Sis\u00e4llysluettelo<\/p>\n<span class=\"ez-toc-title-toggle\"><a href=\"#\" class=\"ez-toc-pull-right ez-toc-btn ez-toc-btn-xs ez-toc-btn-default ez-toc-toggle\" aria-label=\"Toggle Table of Content\"><span class=\"ez-toc-js-icon-con\"><span class=\"\"><span class=\"eztoc-hide\" style=\"display:none;\">Vaihda<\/span><span class=\"ez-toc-icon-toggle-span\"><svg style=\"fill: #999;color:#999\" xmlns=\"http:\/\/www.w3.org\/2000\/svg\" class=\"list-377408\" width=\"20px\" height=\"20px\" viewbox=\"0 0 24 24\" fill=\"none\"><path d=\"M6 6H4v2h2V6zm14 0H8v2h12V6zM4 11h2v2H4v-2zm16 0H8v2h12v-2zM4 16h2v2H4v-2zm16 0H8v2h12v-2z\" fill=\"currentColor\"><\/path><\/svg><svg style=\"fill: #999;color:#999\" class=\"arrow-unsorted-368013\" xmlns=\"http:\/\/www.w3.org\/2000\/svg\" width=\"10px\" height=\"10px\" viewbox=\"0 0 24 24\" version=\"1.2\" baseprofile=\"tiny\"><path d=\"M18.2 9.3l-6.2-6.3-6.2 6.3c-.2.2-.3.4-.3.7s.1.5.3.7c.2.2.4.3.7.3h11c.3 0 .5-.1.7-.3.2-.2.3-.5.3-.7s-.1-.5-.3-.7zM5.8 14.7l6.2 6.3 6.2-6.3c.2-.2.3-.5.3-.7s-.1-.5-.3-.7c-.2-.2-.4-.3-.7-.3h-11c-.3 0-.5.1-.7.3-.2.2-.3.5-.3.7s.1.5.3.7z\"\/><\/svg><\/span><\/span><\/span><\/a><\/span><\/div>\n<nav><ul class='ez-toc-list ez-toc-list-level-1' ><li class='ez-toc-page-1 ez-toc-heading-level-4'><a class=\"ez-toc-link ez-toc-heading-1\" href=\"https:\/\/saphirsmaragd.com\/fi\/tuote\/feldspat-0-68-karat-rund-gelb\/#Feldspat_068_Karat_Rund_Gelb_%E2%80%93_seltene_franzosische_Schonheit\" >Feldspat 0.68 Karat Rund Gelb \u2013 seltene franz\u00f6sische Sch\u00f6nheit<\/a><\/li><li class='ez-toc-page-1 ez-toc-heading-level-4'><a class=\"ez-toc-link ez-toc-heading-2\" href=\"https:\/\/saphirsmaragd.com\/fi\/tuote\/feldspat-0-68-karat-rund-gelb\/#Merkmale_Herkunft\" >Ominaisuudet ja alkuper\u00e4<\/a><\/li><li class='ez-toc-page-1 ez-toc-heading-level-4'><a class=\"ez-toc-link ez-toc-heading-3\" href=\"https:\/\/saphirsmaragd.com\/fi\/tuote\/feldspat-0-68-karat-rund-gelb\/#Besonderheiten\" >Erityisominaisuudet<\/a><\/li><li class='ez-toc-page-1 ez-toc-heading-level-4'><a class=\"ez-toc-link ez-toc-heading-4\" href=\"https:\/\/saphirsmaragd.com\/fi\/tuote\/feldspat-0-68-karat-rund-gelb\/#Mehr_uber_unsere_Edelsteine\" >Lis\u00e4tietoja jalokivist\u00e4<\/a><\/li><li class='ez-toc-page-1 ez-toc-heading-level-4'><a class=\"ez-toc-link ez-toc-heading-5\" href=\"https:\/\/saphirsmaragd.com\/fi\/tuote\/feldspat-0-68-karat-rund-gelb\/#Weitere_Infos\" >Lis\u00e4tietoja<\/a><\/li><\/ul><\/nav><\/div>\n<h4 data-start=\"772\" data-end=\"841\"><span class=\"ez-toc-section\" id=\"Feldspat_068_Karat_Rund_Gelb_%E2%80%93_seltene_franzosische_Schonheit\"><\/span>Feldspat 0.68 Karat Rund Gelb \u2013 seltene franz\u00f6sische Sch\u00f6nheit<span class=\"ez-toc-section-end\"><\/span><\/h4>\n<p data-start=\"842\" data-end=\"1141\">The <strong data-start=\"846\" data-end=\"879\">Feldspat 0.68 Karat Rund Gelb<\/strong> stammt aus der Region <em data-start=\"902\" data-end=\"919\">Le Puy-en-Velay<\/em> in Frankreich und fasziniert durch seinen hellen, pastellgelben Glanz. Dieser nat\u00fcrliche Edelstein zeigt eine feine Kornstruktur und eine au\u00dfergew\u00f6hnliche Lichtreflexion, die ihm eine zarte, warme Ausstrahlung verleiht.<\/p>\n<p data-start=\"1143\" data-end=\"1341\">Jeder Feldspat wird von <strong data-start=\"1167\" data-end=\"1204\">Val\u00e9rie DURAFFOURG (Gem-A London)<\/strong> gepr\u00fcft und mit einem offiziellen Zertifikat ausgeliefert. Dieses best\u00e4tigt die Echtheit, Reinheit und nat\u00fcrliche Herkunft des Steins.<\/p>\n<p data-start=\"1343\" data-end=\"1524\">Mit seinem eleganten Rundschliff und seiner klaren Farbe eignet sich dieser Edelstein ideal f\u00fcr Sammler, Liebhaber franz\u00f6sischer Mineralien und die individuelle Schmuckgestaltung.<\/p>\n<hr data-start=\"1526\" data-end=\"1529\" \/>\n<h4 data-start=\"1531\" data-end=\"1557\"><span class=\"ez-toc-section\" id=\"Merkmale_Herkunft\"><\/span>Ominaisuudet ja alkuper\u00e4<span class=\"ez-toc-section-end\"><\/span><\/h4>\n<p data-start=\"1558\" data-end=\"1865\">Steinart: Feldspat<br data-start=\"1576\" data-end=\"1579\" \/>Farbe: Helles Gelb<br data-start=\"1597\" data-end=\"1600\" \/>Muoto: muoto: Py\u00f6re\u00e4 fasettoitu<br data-start=\"1621\" data-end=\"1624\" \/>Gewicht: 0.68 Karat<br data-start=\"1643\" data-end=\"1646\" \/>Gr\u00f6\u00dfe: 5.9 mm<br data-start=\"1659\" data-end=\"1662\" \/>Kovuus: 6 Mohsin asteikolla<br data-start=\"1689\" data-end=\"1692\" \/>Reinheit: Augenrein<br data-start=\"1711\" data-end=\"1714\" \/>L\u00e4pin\u00e4kyvyys: l\u00e4pin\u00e4kyv\u00e4<br data-start=\"1738\" data-end=\"1741\" \/>Hoito: Ei ole<br data-start=\"1758\" data-end=\"1761\" \/>Herkunft: Frankreich (Le Puy-en-Velay)<br data-start=\"1799\" data-end=\"1802\" \/>Todistus: Val\u00e9rie DURAFFOURG (Gem-A, Lontoo).<br data-start=\"1848\" data-end=\"1851\" \/>Kunto: Uusi<\/p>\n<hr data-start=\"1867\" data-end=\"1870\" \/>\n<h4 data-start=\"1872\" data-end=\"1893\"><span class=\"ez-toc-section\" id=\"Besonderheiten\"><\/span>Erityisominaisuudet<span class=\"ez-toc-section-end\"><\/span><\/h4>\n<p data-start=\"1894\" data-end=\"2080\">The <strong data-start=\"1898\" data-end=\"1931\">Feldspat 0.68 Karat Rund Gelb<\/strong> ist ein faszinierender Edelstein mit franz\u00f6sischem Ursprung, der sich durch seine nat\u00fcrliche Leuchtkraft und harmonische Pastellfarbe auszeichnet.<\/p>\n<p data-start=\"2082\" data-end=\"2350\">Seine Kombination aus sanfter Transparenz und hellem Farbton macht ihn zu einem begehrten Sammlerst\u00fcck und zu einer idealen Wahl f\u00fcr feine, ma\u00dfgefertigte Schmuckst\u00fccke. Durch die unbehandelte Natur des Steins bleibt seine authentische Sch\u00f6nheit vollst\u00e4ndig erhalten.<\/p>\n<hr data-start=\"2070\" data-end=\"2073\" \/>\n<h4 data-start=\"1931\" data-end=\"1971\"><span class=\"ez-toc-section\" id=\"Mehr_uber_unsere_Edelsteine\"><\/span>Lis\u00e4tietoja jalokivist\u00e4<span class=\"ez-toc-section-end\"><\/span><\/h4>\n<p data-start=\"1972\" data-end=\"2069\"><a href=\"https:\/\/saphirsmaragd.com\/fi\/product-category\/edelsteine-kaufen\/\">jalokivet<\/a><\/p>\n<hr data-start=\"2744\" data-end=\"2747\" \/>\n<h4 data-start=\"2665\" data-end=\"2688\"><span class=\"ez-toc-section\" id=\"Weitere_Infos\"><\/span>Lis\u00e4tietoja<span class=\"ez-toc-section-end\"><\/span><\/h4>\n<p data-start=\"2524\" data-end=\"2587\"><a class=\"decorated-link cursor-pointer\" href=\"https:\/\/de.wikipedia.org\/wiki\/Feldspat\" target=\"_new\" rel=\"noopener\" data-start=\"2524\" data-end=\"2585\">Wikipedia: Feldspat<\/a><\/p>","protected":false},"excerpt":{"rendered":"<p data-start=\"457\" data-end=\"636\"><em>Der Feldspat 0.68 Karat Rund Gelb aus Frankreich beeindruckt durch seine feine Leuchtkraft und pastellgelbe Farbe. Mit Echtheitszertifikat von Val\u00e9rie DURAFFOURG (Gem-A London).<\/em><\/p>\n<h2 data-start=\"523\" data-end=\"548\"><\/h2>","protected":false},"featured_media":4911,"comment_status":"open","ping_status":"closed","template":"","meta":{"_glsr_average":0,"_glsr_ranking":0,"_glsr_reviews":0},"product_brand":[],"product_cat":[305],"product_tag":[],"class_list":{"0":"post-4908","1":"product","2":"type-product","3":"status-publish","4":"has-post-thumbnail","6":"product_cat-seltene-edelsteine","7":"pa_edelsteinart-seltene-edelsteine","8":"pa_farbe-gelb","9":"pa_form-rund","10":"pa_gewicht-karat-1-0-3-0-karat","11":"pa_herkunft-frankreich","12":"pa_reinheit-augenrein","13":"pa_veredelung-behandlung-unbehandelt","14":"pa_zertifikat-ja","15":"pa_zustand-neu","17":"first","18":"instock","19":"featured","20":"sold-individually","21":"shipping-taxable","22":"purchasable","23":"product-type-simple","24":"add-to-wishlist-before_image"},"jetpack_sharing_enabled":true,"_links":{"self":[{"href":"https:\/\/saphirsmaragd.com\/fi\/wp-json\/wp\/v2\/product\/4908","targetHints":{"allow":["GET"]}}],"collection":[{"href":"https:\/\/saphirsmaragd.com\/fi\/wp-json\/wp\/v2\/product"}],"about":[{"href":"https:\/\/saphirsmaragd.com\/fi\/wp-json\/wp\/v2\/types\/product"}],"replies":[{"embeddable":true,"href":"https:\/\/saphirsmaragd.com\/fi\/wp-json\/wp\/v2\/comments?post=4908"}],"version-history":[{"count":1,"href":"https:\/\/saphirsmaragd.com\/fi\/wp-json\/wp\/v2\/product\/4908\/revisions"}],"predecessor-version":[{"id":4912,"href":"https:\/\/saphirsmaragd.com\/fi\/wp-json\/wp\/v2\/product\/4908\/revisions\/4912"}],"wp:featuredmedia":[{"embeddable":true,"href":"https:\/\/saphirsmaragd.com\/fi\/wp-json\/wp\/v2\/media\/4911"}],"wp:attachment":[{"href":"https:\/\/saphirsmaragd.com\/fi\/wp-json\/wp\/v2\/media?parent=4908"}],"wp:term":[{"taxonomy":"product_brand","embeddable":true,"href":"https:\/\/saphirsmaragd.com\/fi\/wp-json\/wp\/v2\/product_brand?post=4908"},{"taxonomy":"product_cat","embeddable":true,"href":"https:\/\/saphirsmaragd.com\/fi\/wp-json\/wp\/v2\/product_cat?post=4908"},{"taxonomy":"product_tag","embeddable":true,"href":"https:\/\/saphirsmaragd.com\/fi\/wp-json\/wp\/v2\/product_tag?post=4908"}],"curies":[{"name":"wp","href":"https:\/\/api.w.org\/{rel}","templated":true}]}}