{"id":5380,"date":"2025-11-18T18:52:32","date_gmt":"2025-11-18T18:52:32","guid":{"rendered":"https:\/\/saphirsmaragd.com\/?post_type=product&#038;p=5380"},"modified":"2025-11-18T18:52:42","modified_gmt":"2025-11-18T18:52:42","slug":"rauchquarz-morion-spitze-schutz","status":"publish","type":"product","link":"https:\/\/saphirsmaragd.com\/fi\/tuote\/rauchquarz-morion-spitze-schutz\/","title":{"rendered":"Rauchquarz Morion Spitze Schutz \u2013 Geschliffener Heilstein 1449 g"},"content":{"rendered":"<div id=\"ez-toc-container\" class=\"ez-toc-v2_0_82_2 counter-hierarchy ez-toc-counter ez-toc-grey ez-toc-container-direction\">\n<div class=\"ez-toc-title-container\">\n<p class=\"ez-toc-title\" style=\"cursor:inherit\">Sis\u00e4llysluettelo<\/p>\n<span class=\"ez-toc-title-toggle\"><a href=\"#\" class=\"ez-toc-pull-right ez-toc-btn ez-toc-btn-xs ez-toc-btn-default ez-toc-toggle\" aria-label=\"Toggle Table of Content\"><span class=\"ez-toc-js-icon-con\"><span class=\"\"><span class=\"eztoc-hide\" style=\"display:none;\">Vaihda<\/span><span class=\"ez-toc-icon-toggle-span\"><svg style=\"fill: #999;color:#999\" xmlns=\"http:\/\/www.w3.org\/2000\/svg\" class=\"list-377408\" width=\"20px\" height=\"20px\" viewbox=\"0 0 24 24\" fill=\"none\"><path d=\"M6 6H4v2h2V6zm14 0H8v2h12V6zM4 11h2v2H4v-2zm16 0H8v2h12v-2zM4 16h2v2H4v-2zm16 0H8v2h12v-2z\" fill=\"currentColor\"><\/path><\/svg><svg style=\"fill: #999;color:#999\" class=\"arrow-unsorted-368013\" xmlns=\"http:\/\/www.w3.org\/2000\/svg\" width=\"10px\" height=\"10px\" viewbox=\"0 0 24 24\" version=\"1.2\" baseprofile=\"tiny\"><path d=\"M18.2 9.3l-6.2-6.3-6.2 6.3c-.2.2-.3.4-.3.7s.1.5.3.7c.2.2.4.3.7.3h11c.3 0 .5-.1.7-.3.2-.2.3-.5.3-.7s-.1-.5-.3-.7zM5.8 14.7l6.2 6.3 6.2-6.3c.2-.2.3-.5.3-.7s-.1-.5-.3-.7c-.2-.2-.4-.3-.7-.3h-11c-.3 0-.5.1-.7.3-.2.2-.3.5-.3.7s.1.5.3.7z\"\/><\/svg><\/span><\/span><\/span><\/a><\/span><\/div>\n<nav><ul class='ez-toc-list ez-toc-list-level-1' ><li class='ez-toc-page-1 ez-toc-heading-level-4'><a class=\"ez-toc-link ez-toc-heading-1\" href=\"https:\/\/saphirsmaragd.com\/fi\/tuote\/rauchquarz-morion-spitze-schutz\/#Rauchquarz_Morion_Spitze_Schutz_%E2%80%93_Geschliffener_Heilstein_1449_g\" >Rauchquarz Morion Spitze Schutz \u2013 Geschliffener Heilstein 1449 g<\/a><\/li><li class='ez-toc-page-1 ez-toc-heading-level-4'><a class=\"ez-toc-link ez-toc-heading-2\" href=\"https:\/\/saphirsmaragd.com\/fi\/tuote\/rauchquarz-morion-spitze-schutz\/#_Merkmale_Herkunft\" >\u00a0Ominaisuudet ja alkuper\u00e4<\/a><\/li><li class='ez-toc-page-1 ez-toc-heading-level-4'><a class=\"ez-toc-link ez-toc-heading-3\" href=\"https:\/\/saphirsmaragd.com\/fi\/tuote\/rauchquarz-morion-spitze-schutz\/#_Besonderheiten\" >\u00a0Erityisominaisuudet<\/a><\/li><li class='ez-toc-page-1 ez-toc-heading-level-4'><a class=\"ez-toc-link ez-toc-heading-4\" href=\"https:\/\/saphirsmaragd.com\/fi\/tuote\/rauchquarz-morion-spitze-schutz\/#_Mehr_uber_Rauchquarze_Heilsteine\" >\u00a0Mehr \u00fcber Rauchquarze &amp; Heilsteine<\/a><\/li><li class='ez-toc-page-1 ez-toc-heading-level-4'><a class=\"ez-toc-link ez-toc-heading-5\" href=\"https:\/\/saphirsmaragd.com\/fi\/tuote\/rauchquarz-morion-spitze-schutz\/#_Weitere_Infos\" >\u00a0Lis\u00e4tietoja<\/a><\/li><\/ul><\/nav><\/div>\n<h4 data-start=\"173\" data-end=\"243\"><span class=\"ez-toc-section\" id=\"Rauchquarz_Morion_Spitze_Schutz_%E2%80%93_Geschliffener_Heilstein_1449_g\"><\/span><strong data-start=\"175\" data-end=\"243\">Rauchquarz Morion Spitze Schutz \u2013 Geschliffener Heilstein 1449 g<\/strong><span class=\"ez-toc-section-end\"><\/span><\/h4>\n<p data-start=\"245\" data-end=\"417\">Die Rauchquarz Morion Spitze Schutz ist eine geschliffene, besonders dunkle Morion-Variante aus nat\u00fcrlichem Rauchquarz \u2013 Sie erhalten genau das abgebildete Einzelst\u00fcck.<\/p>\n<hr data-start=\"419\" data-end=\"422\" \/>\n<h4 data-start=\"424\" data-end=\"449\"><span class=\"ez-toc-section\" id=\"_Merkmale_Herkunft\"><\/span>\u00a0Ominaisuudet ja alkuper\u00e4<span class=\"ez-toc-section-end\"><\/span><\/h4>\n<p data-start=\"450\" data-end=\"759\">Farbe: Tiefbraun bis Schwarz (Morion)<br data-start=\"487\" data-end=\"490\" \/>Form: Spitze, geschliffen<br data-start=\"558\" data-end=\"561\" \/>Gewicht: 1449 g<br data-start=\"576\" data-end=\"579\" \/>Ma\u00dfe: 13.5 x 9.1 x 8.5 cm<br data-start=\"604\" data-end=\"607\" \/>Reinheit: Nat\u00fcrlich, mit typischen Einschl\u00fcssen<br data-start=\"654\" data-end=\"657\" \/>Hoito: Hoitamaton<br data-start=\"725\" data-end=\"728\" \/>Steinart: Rauchquarz (Morion)<\/p>\n<hr data-start=\"761\" data-end=\"764\" \/>\n<h4 data-start=\"766\" data-end=\"786\"><span class=\"ez-toc-section\" id=\"_Besonderheiten\"><\/span>\u00a0Erityisominaisuudet<span class=\"ez-toc-section-end\"><\/span><\/h4>\n<p data-start=\"787\" data-end=\"1166\">Die Rauchquarz Morion Spitze Schutz geh\u00f6rt zu den st\u00e4rksten Schutz- und Erdungssteinen \u00fcberhaupt. Diese tiefschwarze Morion-Variante ist bekannt f\u00fcr ihre intensive, schwere Energie, die negative Einfl\u00fcsse absorbiert und gleichzeitig Kraft, Klarheit und Stabilit\u00e4t schenkt. Die geschliffene Spitze b\u00fcndelt die Energie ideal f\u00fcr energetische Arbeit, Meditation oder Raumschutz.<\/p>\n<p data-start=\"1168\" data-end=\"1512\">Rauchquarz unterst\u00fctzt beim Loslassen von Stress, negativen Gedanken, Sorgen und emotionaler Belastung. Er wirkt entspannend, beruhigend und hilft dabei, Klarheit zu finden, Akzeptanz zu entwickeln und innere Ruhe zu st\u00e4rken. Besonders in Phasen mit Stress, Angst, Gr\u00fcbeln oder schlaflosen N\u00e4chten kann Morion eine wertvolle Unterst\u00fctzung sein.<\/p>\n<hr data-start=\"1764\" data-end=\"1767\" \/>\n<h4 data-start=\"1769\" data-end=\"1811\"><span class=\"ez-toc-section\" id=\"_Mehr_uber_Rauchquarze_Heilsteine\"><\/span>\u00a0Mehr \u00fcber Rauchquarze &amp; Heilsteine<span class=\"ez-toc-section-end\"><\/span><\/h4>\n<p data-start=\"1812\" data-end=\"1894\"><a href=\"https:\/\/saphirsmaragd.com\/fi\/product-category\/heilsteine-kristalle-kaufen\/\">Parantavat kivet ja kristallit<\/a> | Rauchquarz &amp; Bergkristall<br data-start=\"1862\" data-end=\"1865\" \/>\n<\/p>\n<hr data-start=\"1896\" data-end=\"1899\" \/>\n<h4 data-start=\"1901\" data-end=\"1922\"><span class=\"ez-toc-section\" id=\"_Weitere_Infos\"><\/span>\u00a0Lis\u00e4tietoja<span class=\"ez-toc-section-end\"><\/span><\/h4>\n<p data-start=\"1923\" data-end=\"2019\"><a href=\"https:\/\/de.wikipedia.org\/wiki\/Rauchquarz\" target=\"_blank\" rel=\"noopener\">Wikipedia \u2013 Rauchquarz<\/a><br data-start=\"1987\" data-end=\"1990\" \/><\/p>","protected":false},"excerpt":{"rendered":"<p><em>Die Rauchquarz Morion Spitze Schutz ist ein 1449 g schweres, geschliffenes Einzelst\u00fcck. Dieser kraftvolle Schutz- und Erdungsstein hilft bei Stress, negativen Einfl\u00fcssen, mentaler Klarheit und energetischer Reinigung \u2013 ideal f\u00fcr Meditation und Raumharmonisierung.<\/em><\/p>","protected":false},"featured_media":5381,"comment_status":"open","ping_status":"closed","template":"","meta":{"_glsr_average":0,"_glsr_ranking":0,"_glsr_reviews":0},"product_brand":[],"product_cat":[84],"product_tag":[],"class_list":{"0":"post-5380","1":"product","2":"type-product","3":"status-publish","4":"has-post-thumbnail","6":"product_cat-rohsteine-kaufen","8":"first","9":"instock","10":"taxable","11":"shipping-taxable","12":"purchasable","13":"product-type-simple","14":"add-to-wishlist-before_image"},"jetpack_sharing_enabled":true,"_links":{"self":[{"href":"https:\/\/saphirsmaragd.com\/fi\/wp-json\/wp\/v2\/product\/5380","targetHints":{"allow":["GET"]}}],"collection":[{"href":"https:\/\/saphirsmaragd.com\/fi\/wp-json\/wp\/v2\/product"}],"about":[{"href":"https:\/\/saphirsmaragd.com\/fi\/wp-json\/wp\/v2\/types\/product"}],"replies":[{"embeddable":true,"href":"https:\/\/saphirsmaragd.com\/fi\/wp-json\/wp\/v2\/comments?post=5380"}],"version-history":[{"count":1,"href":"https:\/\/saphirsmaragd.com\/fi\/wp-json\/wp\/v2\/product\/5380\/revisions"}],"predecessor-version":[{"id":5385,"href":"https:\/\/saphirsmaragd.com\/fi\/wp-json\/wp\/v2\/product\/5380\/revisions\/5385"}],"wp:featuredmedia":[{"embeddable":true,"href":"https:\/\/saphirsmaragd.com\/fi\/wp-json\/wp\/v2\/media\/5381"}],"wp:attachment":[{"href":"https:\/\/saphirsmaragd.com\/fi\/wp-json\/wp\/v2\/media?parent=5380"}],"wp:term":[{"taxonomy":"product_brand","embeddable":true,"href":"https:\/\/saphirsmaragd.com\/fi\/wp-json\/wp\/v2\/product_brand?post=5380"},{"taxonomy":"product_cat","embeddable":true,"href":"https:\/\/saphirsmaragd.com\/fi\/wp-json\/wp\/v2\/product_cat?post=5380"},{"taxonomy":"product_tag","embeddable":true,"href":"https:\/\/saphirsmaragd.com\/fi\/wp-json\/wp\/v2\/product_tag?post=5380"}],"curies":[{"name":"wp","href":"https:\/\/api.w.org\/{rel}","templated":true}]}}