{"id":5435,"date":"2025-11-19T14:55:36","date_gmt":"2025-11-19T14:55:36","guid":{"rendered":"https:\/\/saphirsmaragd.com\/?post_type=product&#038;p=5435"},"modified":"2025-11-19T14:55:37","modified_gmt":"2025-11-19T14:55:37","slug":"jaspis-polychrom-obelisk-schutz","status":"publish","type":"product","link":"https:\/\/saphirsmaragd.com\/fi\/tuote\/jaspis-polychrom-obelisk-schutz\/","title":{"rendered":"Jaspis Polychrom Obelisk Schutz 1296 g"},"content":{"rendered":"<div id=\"ez-toc-container\" class=\"ez-toc-v2_0_82_2 counter-hierarchy ez-toc-counter ez-toc-grey ez-toc-container-direction\">\n<div class=\"ez-toc-title-container\">\n<p class=\"ez-toc-title\" style=\"cursor:inherit\">Sis\u00e4llysluettelo<\/p>\n<span class=\"ez-toc-title-toggle\"><a href=\"#\" class=\"ez-toc-pull-right ez-toc-btn ez-toc-btn-xs ez-toc-btn-default ez-toc-toggle\" aria-label=\"Toggle Table of Content\"><span class=\"ez-toc-js-icon-con\"><span class=\"\"><span class=\"eztoc-hide\" style=\"display:none;\">Vaihda<\/span><span class=\"ez-toc-icon-toggle-span\"><svg style=\"fill: #999;color:#999\" xmlns=\"http:\/\/www.w3.org\/2000\/svg\" class=\"list-377408\" width=\"20px\" height=\"20px\" viewbox=\"0 0 24 24\" fill=\"none\"><path d=\"M6 6H4v2h2V6zm14 0H8v2h12V6zM4 11h2v2H4v-2zm16 0H8v2h12v-2zM4 16h2v2H4v-2zm16 0H8v2h12v-2z\" fill=\"currentColor\"><\/path><\/svg><svg style=\"fill: #999;color:#999\" class=\"arrow-unsorted-368013\" xmlns=\"http:\/\/www.w3.org\/2000\/svg\" width=\"10px\" height=\"10px\" viewbox=\"0 0 24 24\" version=\"1.2\" baseprofile=\"tiny\"><path d=\"M18.2 9.3l-6.2-6.3-6.2 6.3c-.2.2-.3.4-.3.7s.1.5.3.7c.2.2.4.3.7.3h11c.3 0 .5-.1.7-.3.2-.2.3-.5.3-.7s-.1-.5-.3-.7zM5.8 14.7l6.2 6.3 6.2-6.3c.2-.2.3-.5.3-.7s-.1-.5-.3-.7c-.2-.2-.4-.3-.7-.3h-11c-.3 0-.5.1-.7.3-.2.2-.3.5-.3.7s.1.5.3.7z\"\/><\/svg><\/span><\/span><\/span><\/a><\/span><\/div>\n<nav><ul class='ez-toc-list ez-toc-list-level-1' ><li class='ez-toc-page-1 ez-toc-heading-level-4'><a class=\"ez-toc-link ez-toc-heading-1\" href=\"https:\/\/saphirsmaragd.com\/fi\/tuote\/jaspis-polychrom-obelisk-schutz\/#Jaspis_Polychrom_Obelisk_Schutz_1296_g\" >Jaspis Polychrom Obelisk Schutz 1296 g<\/a><\/li><li class='ez-toc-page-1 ez-toc-heading-level-4'><a class=\"ez-toc-link ez-toc-heading-2\" href=\"https:\/\/saphirsmaragd.com\/fi\/tuote\/jaspis-polychrom-obelisk-schutz\/#_Merkmale_Herkunft\" >\u00a0Ominaisuudet ja alkuper\u00e4<\/a><\/li><li class='ez-toc-page-1 ez-toc-heading-level-4'><a class=\"ez-toc-link ez-toc-heading-3\" href=\"https:\/\/saphirsmaragd.com\/fi\/tuote\/jaspis-polychrom-obelisk-schutz\/#_Besonderheiten\" >\u00a0Erityisominaisuudet<\/a><\/li><li class='ez-toc-page-1 ez-toc-heading-level-4'><a class=\"ez-toc-link ez-toc-heading-4\" href=\"https:\/\/saphirsmaragd.com\/fi\/tuote\/jaspis-polychrom-obelisk-schutz\/#_Mehr_uber_Jaspise_Heilsteine\" >\u00a0Mehr \u00fcber Jaspise &amp; Heilsteine<\/a><\/li><li class='ez-toc-page-1 ez-toc-heading-level-4'><a class=\"ez-toc-link ez-toc-heading-5\" href=\"https:\/\/saphirsmaragd.com\/fi\/tuote\/jaspis-polychrom-obelisk-schutz\/#_Weitere_Infos\" >\u00a0Lis\u00e4tietoja<\/a><\/li><\/ul><\/nav><\/div>\n<h4 data-start=\"238\" data-end=\"282\"><span class=\"ez-toc-section\" id=\"Jaspis_Polychrom_Obelisk_Schutz_1296_g\"><\/span><strong data-start=\"240\" data-end=\"282\">Jaspis Polychrom Obelisk Schutz 1296 g<\/strong><span class=\"ez-toc-section-end\"><\/span><\/h4>\n<p>The <strong data-start=\"288\" data-end=\"323\">Jaspis Polychrom Obelisk Schutz<\/strong> ist ein einzigartiges, geschliffenes Unikat. Sie erhalten genau das abgebildete Produkt.<\/p>\n<hr data-start=\"414\" data-end=\"417\" \/>\n<h4><span class=\"ez-toc-section\" id=\"_Merkmale_Herkunft\"><\/span>\u00a0Ominaisuudet ja alkuper\u00e4<span class=\"ez-toc-section-end\"><\/span><\/h4>\n<p>Farbe: Mehrfarbig (polychrom)<br data-start=\"474\" data-end=\"477\" \/>Form: Obelisk, geschliffen<br data-start=\"503\" data-end=\"506\" \/>Alkuper\u00e4: Madagaskar<br data-start=\"526\" data-end=\"529\" \/>Gewicht: 1296 g<br data-start=\"544\" data-end=\"547\" \/>Ma\u00dfe: 18 x 8 x 6 cm<br data-start=\"566\" data-end=\"569\" \/>Reinheit: Nat\u00fcrliche Struktur<br data-start=\"598\" data-end=\"601\" \/>Hoito: Hoitamaton<br data-start=\"669\" data-end=\"672\" \/>Steinart: Polychromer Jaspis<\/p>\n<hr data-start=\"704\" data-end=\"707\" \/>\n<h4 data-start=\"709\" data-end=\"729\"><span class=\"ez-toc-section\" id=\"_Besonderheiten\"><\/span>\u00a0Erityisominaisuudet<span class=\"ez-toc-section-end\"><\/span><\/h4>\n<p data-start=\"730\" data-end=\"1285\">Der Jaspis Polychrom Obelisk Schutz geh\u00f6rt zu den st\u00e4rksten erdenden und sch\u00fctzenden Jaspis-Varianten. Seine kraftvolle Energie hilft Ihnen, Ziele klar zu verfolgen und innere St\u00e4rke aufzubauen. Er unterst\u00fctzt Sie dabei, Ideen in konkrete Schritte zu verwandeln und mit Entschlossenheit, Ausdauer und Durchhalteverm\u00f6gen zu handeln. Der Stein st\u00e4rkt den Mut, f\u00f6rdert Selbstbehauptung und hilft Ihnen, in herausfordernden Momenten souver\u00e4n zu bleiben. Er reduziert die Angst vor Konflikten und unterst\u00fctzt klare, ehrliche und authentische Kommunikation.<\/p>\n<p data-start=\"1287\" data-end=\"1738\">Gleichzeitig bringt polychromer Jaspis Balance in K\u00f6rper, Geist und Seele. Er f\u00f6rdert Organisation, strukturiertes Denken und kreative Probleml\u00f6sung. Als Schutzstein absorbiert er negative Energie und schirmt vor sch\u00e4dlichen \u00e4u\u00dferen Einfl\u00fcssen, Umweltbelastungen und Strahlung ab. Auch in der spirituellen Arbeit ist er wertvoll: Er erleichtert astrale Reisen und hilft, die Verbindung zu Ihrer inneren Kraft und zu stabiler Erdung aufrechtzuerhalten.<\/p>\n<hr data-start=\"1930\" data-end=\"1933\" \/>\n<h4 data-start=\"1935\" data-end=\"1973\"><span class=\"ez-toc-section\" id=\"_Mehr_uber_Jaspise_Heilsteine\"><\/span>\u00a0Mehr \u00fcber Jaspise &amp; Heilsteine<span class=\"ez-toc-section-end\"><\/span><\/h4>\n<p data-start=\"1974\" data-end=\"2015\"><a href=\"https:\/\/saphirsmaragd.com\/fi\/product-category\/heilsteine-kristalle-kaufen\/\">Parantavat kivet ja kristallit<\/a> | Jaspis &amp; Achat<\/p>\n<hr data-start=\"2017\" data-end=\"2020\" \/>\n<h4 data-start=\"2022\" data-end=\"2043\"><span class=\"ez-toc-section\" id=\"_Weitere_Infos\"><\/span>\u00a0Lis\u00e4tietoja<span class=\"ez-toc-section-end\"><\/span><\/h4>\n<p data-start=\"2044\" data-end=\"2102\"><a href=\"https:\/\/de.wikipedia.org\/wiki\/Jaspis\" target=\"_blank\" rel=\"noopener\">Wikipedia \u2013 Jaspis<\/a><br data-start=\"2063\" data-end=\"2066\" \/><\/p>","protected":false},"excerpt":{"rendered":"<p><em>Der Jaspis Polychrom Obelisk Schutz (1296 g) ist ein einzigartiger polychromer Jaspis f\u00fcr Erdung, Schutz und Balance. Ideal zur St\u00e4rkung von Mut, Klarheit und innerer Stabilit\u00e4t.<\/em><\/p>","protected":false},"featured_media":5436,"comment_status":"open","ping_status":"closed","template":"","meta":{"_glsr_average":0,"_glsr_ranking":0,"_glsr_reviews":0},"product_brand":[],"product_cat":[84],"product_tag":[],"class_list":{"0":"post-5435","1":"product","2":"type-product","3":"status-publish","4":"has-post-thumbnail","6":"product_cat-rohsteine-kaufen","8":"first","9":"instock","10":"taxable","11":"shipping-taxable","12":"purchasable","13":"product-type-simple","14":"add-to-wishlist-before_image"},"jetpack_sharing_enabled":true,"_links":{"self":[{"href":"https:\/\/saphirsmaragd.com\/fi\/wp-json\/wp\/v2\/product\/5435","targetHints":{"allow":["GET"]}}],"collection":[{"href":"https:\/\/saphirsmaragd.com\/fi\/wp-json\/wp\/v2\/product"}],"about":[{"href":"https:\/\/saphirsmaragd.com\/fi\/wp-json\/wp\/v2\/types\/product"}],"replies":[{"embeddable":true,"href":"https:\/\/saphirsmaragd.com\/fi\/wp-json\/wp\/v2\/comments?post=5435"}],"version-history":[{"count":1,"href":"https:\/\/saphirsmaragd.com\/fi\/wp-json\/wp\/v2\/product\/5435\/revisions"}],"predecessor-version":[{"id":5439,"href":"https:\/\/saphirsmaragd.com\/fi\/wp-json\/wp\/v2\/product\/5435\/revisions\/5439"}],"wp:featuredmedia":[{"embeddable":true,"href":"https:\/\/saphirsmaragd.com\/fi\/wp-json\/wp\/v2\/media\/5436"}],"wp:attachment":[{"href":"https:\/\/saphirsmaragd.com\/fi\/wp-json\/wp\/v2\/media?parent=5435"}],"wp:term":[{"taxonomy":"product_brand","embeddable":true,"href":"https:\/\/saphirsmaragd.com\/fi\/wp-json\/wp\/v2\/product_brand?post=5435"},{"taxonomy":"product_cat","embeddable":true,"href":"https:\/\/saphirsmaragd.com\/fi\/wp-json\/wp\/v2\/product_cat?post=5435"},{"taxonomy":"product_tag","embeddable":true,"href":"https:\/\/saphirsmaragd.com\/fi\/wp-json\/wp\/v2\/product_tag?post=5435"}],"curies":[{"name":"wp","href":"https:\/\/api.w.org\/{rel}","templated":true}]}}