{"id":5518,"date":"2025-11-20T21:07:50","date_gmt":"2025-11-20T21:07:50","guid":{"rendered":"https:\/\/saphirsmaragd.com\/?post_type=product&#038;p=5518"},"modified":"2025-11-20T21:07:51","modified_gmt":"2025-11-20T21:07:51","slug":"calcit-orange-spitze-poliert","status":"publish","type":"product","link":"https:\/\/saphirsmaragd.com\/fi\/tuote\/calcit-orange-spitze-poliert\/","title":{"rendered":"Calcit Orange Spitze Poliert \u2013 965 g Naturstein aus Spanien"},"content":{"rendered":"<div id=\"ez-toc-container\" class=\"ez-toc-v2_0_82_2 counter-hierarchy ez-toc-counter ez-toc-grey ez-toc-container-direction\">\n<div class=\"ez-toc-title-container\">\n<p class=\"ez-toc-title\" style=\"cursor:inherit\">Sis\u00e4llysluettelo<\/p>\n<span class=\"ez-toc-title-toggle\"><a href=\"#\" class=\"ez-toc-pull-right ez-toc-btn ez-toc-btn-xs ez-toc-btn-default ez-toc-toggle\" aria-label=\"Toggle Table of Content\"><span class=\"ez-toc-js-icon-con\"><span class=\"\"><span class=\"eztoc-hide\" style=\"display:none;\">Vaihda<\/span><span class=\"ez-toc-icon-toggle-span\"><svg style=\"fill: #999;color:#999\" xmlns=\"http:\/\/www.w3.org\/2000\/svg\" class=\"list-377408\" width=\"20px\" height=\"20px\" viewbox=\"0 0 24 24\" fill=\"none\"><path d=\"M6 6H4v2h2V6zm14 0H8v2h12V6zM4 11h2v2H4v-2zm16 0H8v2h12v-2zM4 16h2v2H4v-2zm16 0H8v2h12v-2z\" fill=\"currentColor\"><\/path><\/svg><svg style=\"fill: #999;color:#999\" class=\"arrow-unsorted-368013\" xmlns=\"http:\/\/www.w3.org\/2000\/svg\" width=\"10px\" height=\"10px\" viewbox=\"0 0 24 24\" version=\"1.2\" baseprofile=\"tiny\"><path d=\"M18.2 9.3l-6.2-6.3-6.2 6.3c-.2.2-.3.4-.3.7s.1.5.3.7c.2.2.4.3.7.3h11c.3 0 .5-.1.7-.3.2-.2.3-.5.3-.7s-.1-.5-.3-.7zM5.8 14.7l6.2 6.3 6.2-6.3c.2-.2.3-.5.3-.7s-.1-.5-.3-.7c-.2-.2-.4-.3-.7-.3h-11c-.3 0-.5.1-.7.3-.2.2-.3.5-.3.7s.1.5.3.7z\"\/><\/svg><\/span><\/span><\/span><\/a><\/span><\/div>\n<nav><ul class='ez-toc-list ez-toc-list-level-1' ><li class='ez-toc-page-1 ez-toc-heading-level-4'><a class=\"ez-toc-link ez-toc-heading-1\" href=\"https:\/\/saphirsmaragd.com\/fi\/tuote\/calcit-orange-spitze-poliert\/#Calcit_Orange_Spitze_Poliert_%E2%80%93_965_g_Naturstein_aus_Spanien\" >Calcit Orange Spitze Poliert \u2013 965 g Naturstein aus Spanien<\/a><\/li><li class='ez-toc-page-1 ez-toc-heading-level-4'><a class=\"ez-toc-link ez-toc-heading-2\" href=\"https:\/\/saphirsmaragd.com\/fi\/tuote\/calcit-orange-spitze-poliert\/#_Merkmale_Herkunft\" >\u00a0Ominaisuudet ja alkuper\u00e4<\/a><\/li><li class='ez-toc-page-1 ez-toc-heading-level-4'><a class=\"ez-toc-link ez-toc-heading-3\" href=\"https:\/\/saphirsmaragd.com\/fi\/tuote\/calcit-orange-spitze-poliert\/#_Besonderheiten\" >\u00a0Erityisominaisuudet<\/a><\/li><li class='ez-toc-page-1 ez-toc-heading-level-4'><a class=\"ez-toc-link ez-toc-heading-4\" href=\"https:\/\/saphirsmaragd.com\/fi\/tuote\/calcit-orange-spitze-poliert\/#_Mehr_uber_Calcite_Heilsteine\" >\u00a0Mehr \u00fcber Calcite &amp; Heilsteine<\/a><\/li><li class='ez-toc-page-1 ez-toc-heading-level-4'><a class=\"ez-toc-link ez-toc-heading-5\" href=\"https:\/\/saphirsmaragd.com\/fi\/tuote\/calcit-orange-spitze-poliert\/#_Weitere_Infos\" >\u00a0Lis\u00e4tietoja<\/a><\/li><\/ul><\/nav><\/div>\n<h4 data-start=\"732\" data-end=\"797\"><span class=\"ez-toc-section\" id=\"Calcit_Orange_Spitze_Poliert_%E2%80%93_965_g_Naturstein_aus_Spanien\"><\/span><strong data-start=\"734\" data-end=\"797\">Calcit Orange Spitze Poliert \u2013 965 g Naturstein aus Spanien<\/strong><span class=\"ez-toc-section-end\"><\/span><\/h4>\n<p data-start=\"799\" data-end=\"932\">Der Calcit Orange Spitze Poliert \u00fcberzeugt durch seine kr\u00e4ftige Farbe, seine reinigende Energie und seine vitalisierende Wirkung.<\/p>\n<hr data-start=\"934\" data-end=\"937\" \/>\n<h4 data-start=\"939\" data-end=\"964\"><span class=\"ez-toc-section\" id=\"_Merkmale_Herkunft\"><\/span>\u00a0Ominaisuudet ja alkuper\u00e4<span class=\"ez-toc-section-end\"><\/span><\/h4>\n<p data-start=\"965\" data-end=\"1168\">Farbe: Orange<br data-start=\"978\" data-end=\"981\" \/>Form: Spitze, poliert<br data-start=\"1002\" data-end=\"1005\" \/>Herkunft: Spanien<br data-start=\"1022\" data-end=\"1025\" \/>Gewicht: 965 g<br data-start=\"1039\" data-end=\"1042\" \/>Ma\u00dfe: 23.5 x 5.5 x 4.5 cm<br data-start=\"1067\" data-end=\"1070\" \/>Puhtaus: Luonnollinen<br data-start=\"1089\" data-end=\"1092\" \/>Hoito: Hoitamaton<br data-start=\"1149\" data-end=\"1152\" \/>Steinart: Calcit<\/p>\n<hr data-start=\"1170\" data-end=\"1173\" \/>\n<h4 data-start=\"1175\" data-end=\"1195\"><span class=\"ez-toc-section\" id=\"_Besonderheiten\"><\/span>\u00a0Erityisominaisuudet<span class=\"ez-toc-section-end\"><\/span><\/h4>\n<p data-start=\"1196\" data-end=\"1606\">Dieser Calcit Orange Spitze Poliert besitzt eine besonders intensive, warme Farbt\u00f6nung und wird f\u00fcr seine reinigende und erhebende Wirkung gesch\u00e4tzt. Er unterst\u00fctzt mentale Klarheit, Konzentration und emotionale Stabilit\u00e4t und f\u00f6rdert die Verbindung von Gef\u00fchl und Verstand. Aufgrund seiner energetischen Eigenschaften eignet sich dieser Heilstein ideal zur Raumreinigung und zur St\u00e4rkung des Selbstvertrauens.<\/p>\n<p data-start=\"1608\" data-end=\"1930\">Orangefarbener Calcit wirkt zus\u00e4tzlich stimmungsaufhellend und regenerierend. Er unterst\u00fctzt den Stoffwechsel, das Immunsystem und kann k\u00f6rperlich bei Herz, Skelett, Knochen und Gelenken hilfreich sein. Bei emotionaler Belastung, Angst oder depressiven Phasen hilft dieser Stein, Balance und Leichtigkeit zur\u00fcckzugewinnen.<\/p>\n<hr data-start=\"1932\" data-end=\"1935\" \/>\n<h4 data-start=\"1937\" data-end=\"1973\"><span class=\"ez-toc-section\" id=\"_Mehr_uber_Calcite_Heilsteine\"><\/span>\u00a0Mehr \u00fcber Calcite &amp; Heilsteine<span class=\"ez-toc-section-end\"><\/span><\/h4>\n<p data-start=\"1974\" data-end=\"2021\"><a href=\"https:\/\/saphirsmaragd.com\/fi\/product-category\/heilsteine-kristalle-kaufen\/\">Parantavat kivet ja kristallit<\/a> | Calcite &amp; Calcit Arten<\/p>\n<hr data-start=\"2023\" data-end=\"2026\" \/>\n<h4 data-start=\"2028\" data-end=\"2047\"><span class=\"ez-toc-section\" id=\"_Weitere_Infos\"><\/span>\u00a0Lis\u00e4tietoja<span class=\"ez-toc-section-end\"><\/span><\/h4>\n<p data-start=\"2048\" data-end=\"2095\">Wikipedia: <a class=\"decorated-link\" href=\"https:\/\/de.wikipedia.org\/wiki\/Calcit\" target=\"_new\" rel=\"noopener\" data-start=\"2059\" data-end=\"2095\">Calcit<\/a><\/p>","protected":false},"excerpt":{"rendered":"<p><em>Der Calcit Orange Spitze Poliert ist ein energetischer Heilstein, der Stimmung, Balance und innere Klarheit f\u00f6rdert. Sie erhalten ein 965 g schweres, poliertes Einzelst\u00fcck in hoher Qualit\u00e4t.<\/em><\/p>","protected":false},"featured_media":5519,"comment_status":"open","ping_status":"closed","template":"","meta":{"_glsr_average":0,"_glsr_ranking":0,"_glsr_reviews":0},"product_brand":[],"product_cat":[84],"product_tag":[],"class_list":{"0":"post-5518","1":"product","2":"type-product","3":"status-publish","4":"has-post-thumbnail","6":"product_cat-rohsteine-kaufen","8":"first","9":"instock","10":"taxable","11":"shipping-taxable","12":"purchasable","13":"product-type-simple","14":"add-to-wishlist-before_image"},"jetpack_sharing_enabled":true,"_links":{"self":[{"href":"https:\/\/saphirsmaragd.com\/fi\/wp-json\/wp\/v2\/product\/5518","targetHints":{"allow":["GET"]}}],"collection":[{"href":"https:\/\/saphirsmaragd.com\/fi\/wp-json\/wp\/v2\/product"}],"about":[{"href":"https:\/\/saphirsmaragd.com\/fi\/wp-json\/wp\/v2\/types\/product"}],"replies":[{"embeddable":true,"href":"https:\/\/saphirsmaragd.com\/fi\/wp-json\/wp\/v2\/comments?post=5518"}],"version-history":[{"count":1,"href":"https:\/\/saphirsmaragd.com\/fi\/wp-json\/wp\/v2\/product\/5518\/revisions"}],"predecessor-version":[{"id":5521,"href":"https:\/\/saphirsmaragd.com\/fi\/wp-json\/wp\/v2\/product\/5518\/revisions\/5521"}],"wp:featuredmedia":[{"embeddable":true,"href":"https:\/\/saphirsmaragd.com\/fi\/wp-json\/wp\/v2\/media\/5519"}],"wp:attachment":[{"href":"https:\/\/saphirsmaragd.com\/fi\/wp-json\/wp\/v2\/media?parent=5518"}],"wp:term":[{"taxonomy":"product_brand","embeddable":true,"href":"https:\/\/saphirsmaragd.com\/fi\/wp-json\/wp\/v2\/product_brand?post=5518"},{"taxonomy":"product_cat","embeddable":true,"href":"https:\/\/saphirsmaragd.com\/fi\/wp-json\/wp\/v2\/product_cat?post=5518"},{"taxonomy":"product_tag","embeddable":true,"href":"https:\/\/saphirsmaragd.com\/fi\/wp-json\/wp\/v2\/product_tag?post=5518"}],"curies":[{"name":"wp","href":"https:\/\/api.w.org\/{rel}","templated":true}]}}