{"id":6668,"date":"2025-12-24T21:56:22","date_gmt":"2025-12-24T21:56:22","guid":{"rendered":"https:\/\/saphirsmaragd.com\/?post_type=product&#038;p=6668"},"modified":"2025-12-24T21:57:32","modified_gmt":"2025-12-24T21:57:32","slug":"anhaenger-mit-azurit-malachit","status":"publish","type":"product","link":"https:\/\/saphirsmaragd.com\/fi\/tuote\/anhaenger-mit-azurit-malachit\/","title":{"rendered":"\u00a0Anh\u00e4nger mit Azurit-Malachit Tropfen \u2013 Unikat aus 925 Silber"},"content":{"rendered":"<div id=\"ez-toc-container\" class=\"ez-toc-v2_0_83 counter-hierarchy ez-toc-counter ez-toc-grey ez-toc-container-direction\">\n<div class=\"ez-toc-title-container\">\n<p class=\"ez-toc-title\" style=\"cursor:inherit\">Sis\u00e4llysluettelo<\/p>\n<span class=\"ez-toc-title-toggle\"><a href=\"#\" class=\"ez-toc-pull-right ez-toc-btn ez-toc-btn-xs ez-toc-btn-default ez-toc-toggle\" aria-label=\"Toggle Table of Content\"><span class=\"ez-toc-js-icon-con\"><span class=\"\"><span class=\"eztoc-hide\" style=\"display:none;\">Vaihda<\/span><span class=\"ez-toc-icon-toggle-span\"><svg style=\"fill: #999;color:#999\" xmlns=\"http:\/\/www.w3.org\/2000\/svg\" class=\"list-377408\" width=\"20px\" height=\"20px\" viewbox=\"0 0 24 24\" fill=\"none\"><path d=\"M6 6H4v2h2V6zm14 0H8v2h12V6zM4 11h2v2H4v-2zm16 0H8v2h12v-2zM4 16h2v2H4v-2zm16 0H8v2h12v-2z\" fill=\"currentColor\"><\/path><\/svg><svg style=\"fill: #999;color:#999\" class=\"arrow-unsorted-368013\" xmlns=\"http:\/\/www.w3.org\/2000\/svg\" width=\"10px\" height=\"10px\" viewbox=\"0 0 24 24\" version=\"1.2\" baseprofile=\"tiny\"><path d=\"M18.2 9.3l-6.2-6.3-6.2 6.3c-.2.2-.3.4-.3.7s.1.5.3.7c.2.2.4.3.7.3h11c.3 0 .5-.1.7-.3.2-.2.3-.5.3-.7s-.1-.5-.3-.7zM5.8 14.7l6.2 6.3 6.2-6.3c.2-.2.3-.5.3-.7s-.1-.5-.3-.7c-.2-.2-.4-.3-.7-.3h-11c-.3 0-.5.1-.7.3-.2.2-.3.5-.3.7s.1.5.3.7z\"\/><\/svg><\/span><\/span><\/span><\/a><\/span><\/div>\n<nav><ul class='ez-toc-list ez-toc-list-level-1' ><li class='ez-toc-page-1 ez-toc-heading-level-4'><a class=\"ez-toc-link ez-toc-heading-1\" href=\"https:\/\/saphirsmaragd.com\/fi\/tuote\/anhaenger-mit-azurit-malachit\/#_Anhanger_mit_Azurit-Malachit_Tropfen_%E2%80%93_Unikat_aus_925_Silber\" >\u00a0Anh\u00e4nger mit Azurit-Malachit Tropfen \u2013 Unikat aus 925 Silber<\/a><\/li><li class='ez-toc-page-1 ez-toc-heading-level-4'><a class=\"ez-toc-link ez-toc-heading-2\" href=\"https:\/\/saphirsmaragd.com\/fi\/tuote\/anhaenger-mit-azurit-malachit\/#_Merkmale_Herkunft\" >\u00a0Ominaisuudet ja alkuper\u00e4<\/a><\/li><li class='ez-toc-page-1 ez-toc-heading-level-4'><a class=\"ez-toc-link ez-toc-heading-3\" href=\"https:\/\/saphirsmaragd.com\/fi\/tuote\/anhaenger-mit-azurit-malachit\/#_Besonderheiten\" >\u00a0Erityisominaisuudet<\/a><\/li><li class='ez-toc-page-1 ez-toc-heading-level-4'><a class=\"ez-toc-link ez-toc-heading-4\" href=\"https:\/\/saphirsmaragd.com\/fi\/tuote\/anhaenger-mit-azurit-malachit\/#_Mehr_uber_Azurit-Malachite_Heilsteine\" >\u00a0Mehr \u00fcber Azurit-Malachite &amp; Heilsteine<\/a><\/li><li class='ez-toc-page-1 ez-toc-heading-level-4'><a class=\"ez-toc-link ez-toc-heading-5\" href=\"https:\/\/saphirsmaragd.com\/fi\/tuote\/anhaenger-mit-azurit-malachit\/#_Weitere_Infos\" >\u00a0Lis\u00e4tietoja<\/a><\/li><\/ul><\/nav><\/div>\n<h4 data-start=\"698\" data-end=\"766\"><span class=\"ez-toc-section\" id=\"_Anhanger_mit_Azurit-Malachit_Tropfen_%E2%80%93_Unikat_aus_925_Silber\"><\/span>\u00a0Anh\u00e4nger mit Azurit-Malachit Tropfen \u2013 Unikat aus 925 Silber<span class=\"ez-toc-section-end\"><\/span><\/h4>\n<p data-start=\"767\" data-end=\"943\">Der Anh\u00e4nger mit Azurit-Malachit Tropfen ist ein handgefertigtes Einzelst\u00fcck und zeigt die nat\u00fcrliche Verbindung zweier kraftvoller Mineralien in einem harmonischen Design.<\/p>\n<hr data-start=\"945\" data-end=\"948\" \/>\n<h4 data-start=\"950\" data-end=\"976\"><span class=\"ez-toc-section\" id=\"_Merkmale_Herkunft\"><\/span>\u00a0Ominaisuudet ja alkuper\u00e4<span class=\"ez-toc-section-end\"><\/span><\/h4>\n<p data-start=\"977\" data-end=\"1271\">Farbe: Blau-Gr\u00fcn<br data-start=\"993\" data-end=\"996\" \/>Muoto: Pisarat<br data-start=\"1031\" data-end=\"1034\" \/>Material: Sterling Silber 925<br data-start=\"1063\" data-end=\"1066\" \/>Korun tyyppi: Riipus<br data-start=\"1099\" data-end=\"1102\" \/>Ma\u00dfe: 3.7 \u00d7 2.8 cm<br data-start=\"1120\" data-end=\"1123\" \/>Gesamtl\u00e4nge: ca. 5.2 cm (inkl. \u00d6se)<br data-start=\"1158\" data-end=\"1161\" \/>Reinheit: Naturstein<br data-start=\"1241\" data-end=\"1244\" \/>Steinart: Azurit-Malachit<\/p>\n<hr data-start=\"1273\" data-end=\"1276\" \/>\n<h4 data-start=\"1278\" data-end=\"1299\"><span class=\"ez-toc-section\" id=\"_Besonderheiten\"><\/span>\u00a0Erityisominaisuudet<span class=\"ez-toc-section-end\"><\/span><\/h4>\n<p data-start=\"1300\" data-end=\"1656\">Azurit-Malachit vereint die kl\u00e4rende Energie des Azurits mit der ausgleichenden Kraft des Malachits. Dieser Anh\u00e4nger mit Azurit-Malachit Tropfen unterst\u00fctzt Sie dabei, alte emotionale Blockaden zu l\u00f6sen und Raum f\u00fcr Heilung, Optimismus und innere Verbundenheit zu schaffen. Er f\u00f6rdert Offenheit, Mitgef\u00fchl und ein bewusstes Wahrnehmen innerer Prozesse.<\/p>\n<p data-start=\"1658\" data-end=\"2003\">Der Stein bringt Gef\u00fchl und Verstand in Balance, st\u00e4rkt das Selbstvertrauen und hilft dabei, einschr\u00e4nkende Glaubensmuster loszulassen. Physisch wird Azurit-Malachit eine entgiftende Wirkung zugeschrieben, insbesondere zur Unterst\u00fctzung von Leber, Immunsystem, Muskulatur, Gelenken und Knochen sowie der Regeneration nach k\u00f6rperlicher Belastung.<\/p>\n<hr data-start=\"2005\" data-end=\"2008\" \/>\n<h4 data-start=\"2010\" data-end=\"2056\"><span class=\"ez-toc-section\" id=\"_Mehr_uber_Azurit-Malachite_Heilsteine\"><\/span>\u00a0Mehr \u00fcber Azurit-Malachite &amp; Heilsteine<span class=\"ez-toc-section-end\"><\/span><\/h4>\n<p data-start=\"2057\" data-end=\"2108\">Heilsteine &amp; Kristalle | <a class=\"decorated-link\" href=\"https:\/\/saphirsmaragd.com\/fi\/product-category\/heilsteine-kristalle-kaufen\/\" rel=\"noopener\" data-start=\"2087\" data-end=\"2108\">Saphir &amp; Smaragd<\/a><\/p>\n<hr data-start=\"2110\" data-end=\"2113\" \/>\n<h4 data-start=\"2115\" data-end=\"2135\"><span class=\"ez-toc-section\" id=\"_Weitere_Infos\"><\/span>\u00a0Lis\u00e4tietoja<span class=\"ez-toc-section-end\"><\/span><\/h4>\n<p data-start=\"2197\" data-end=\"2260\"><a href=\"https:\/\/de.wikipedia.org\/wiki\/Malachit\" target=\"_blank\" rel=\"noopener\">malakiitti<\/a> \u2013 Wikipedia<\/p>","protected":false},"excerpt":{"rendered":"<p><em>Dieser einzigartige Anh\u00e4nger mit Azurit-Malachit Tropfen aus 925 Sterling Silber verbindet intensive Farbkontraste mit kraftvoller energetischer Wirkung und emotionaler Tiefe.<\/em><\/p>","protected":false},"featured_media":6669,"comment_status":"open","ping_status":"closed","template":"","meta":{"_glsr_average":0,"_glsr_ranking":0,"_glsr_reviews":0},"product_brand":[],"product_cat":[87],"product_tag":[],"class_list":{"0":"post-6668","1":"product","2":"type-product","3":"status-publish","4":"has-post-thumbnail","6":"product_cat-edelstein-anhaenger","8":"first","9":"instock","10":"shipping-taxable","11":"purchasable","12":"product-type-simple","13":"add-to-wishlist-before_image"},"jetpack_sharing_enabled":true,"_links":{"self":[{"href":"https:\/\/saphirsmaragd.com\/fi\/wp-json\/wp\/v2\/product\/6668","targetHints":{"allow":["GET"]}}],"collection":[{"href":"https:\/\/saphirsmaragd.com\/fi\/wp-json\/wp\/v2\/product"}],"about":[{"href":"https:\/\/saphirsmaragd.com\/fi\/wp-json\/wp\/v2\/types\/product"}],"replies":[{"embeddable":true,"href":"https:\/\/saphirsmaragd.com\/fi\/wp-json\/wp\/v2\/comments?post=6668"}],"version-history":[{"count":2,"href":"https:\/\/saphirsmaragd.com\/fi\/wp-json\/wp\/v2\/product\/6668\/revisions"}],"predecessor-version":[{"id":6672,"href":"https:\/\/saphirsmaragd.com\/fi\/wp-json\/wp\/v2\/product\/6668\/revisions\/6672"}],"wp:featuredmedia":[{"embeddable":true,"href":"https:\/\/saphirsmaragd.com\/fi\/wp-json\/wp\/v2\/media\/6669"}],"wp:attachment":[{"href":"https:\/\/saphirsmaragd.com\/fi\/wp-json\/wp\/v2\/media?parent=6668"}],"wp:term":[{"taxonomy":"product_brand","embeddable":true,"href":"https:\/\/saphirsmaragd.com\/fi\/wp-json\/wp\/v2\/product_brand?post=6668"},{"taxonomy":"product_cat","embeddable":true,"href":"https:\/\/saphirsmaragd.com\/fi\/wp-json\/wp\/v2\/product_cat?post=6668"},{"taxonomy":"product_tag","embeddable":true,"href":"https:\/\/saphirsmaragd.com\/fi\/wp-json\/wp\/v2\/product_tag?post=6668"}],"curies":[{"name":"wp","href":"https:\/\/api.w.org\/{rel}","templated":true}]}}