{"id":6836,"date":"2025-12-26T14:49:53","date_gmt":"2025-12-26T14:49:53","guid":{"rendered":"https:\/\/saphirsmaragd.com\/?post_type=product&#038;p=6836"},"modified":"2025-12-26T14:53:57","modified_gmt":"2025-12-26T14:53:57","slug":"anhaenger-mit-lapislazuli-und-malachit-tropfen","status":"publish","type":"product","link":"https:\/\/saphirsmaragd.com\/fi\/tuote\/anhaenger-mit-lapislazuli-und-malachit-tropfen\/","title":{"rendered":"Anh\u00e4nger mit Lapislazuli und Malachit Tropfen Blau-Gr\u00fcn \u2013 Unikat aus 925 Silber"},"content":{"rendered":"<div id=\"ez-toc-container\" class=\"ez-toc-v2_0_82_2 counter-hierarchy ez-toc-counter ez-toc-grey ez-toc-container-direction\">\n<div class=\"ez-toc-title-container\">\n<p class=\"ez-toc-title\" style=\"cursor:inherit\">Sis\u00e4llysluettelo<\/p>\n<span class=\"ez-toc-title-toggle\"><a href=\"#\" class=\"ez-toc-pull-right ez-toc-btn ez-toc-btn-xs ez-toc-btn-default ez-toc-toggle\" aria-label=\"Toggle Table of Content\"><span class=\"ez-toc-js-icon-con\"><span class=\"\"><span class=\"eztoc-hide\" style=\"display:none;\">Vaihda<\/span><span class=\"ez-toc-icon-toggle-span\"><svg style=\"fill: #999;color:#999\" xmlns=\"http:\/\/www.w3.org\/2000\/svg\" class=\"list-377408\" width=\"20px\" height=\"20px\" viewbox=\"0 0 24 24\" fill=\"none\"><path d=\"M6 6H4v2h2V6zm14 0H8v2h12V6zM4 11h2v2H4v-2zm16 0H8v2h12v-2zM4 16h2v2H4v-2zm16 0H8v2h12v-2z\" fill=\"currentColor\"><\/path><\/svg><svg style=\"fill: #999;color:#999\" class=\"arrow-unsorted-368013\" xmlns=\"http:\/\/www.w3.org\/2000\/svg\" width=\"10px\" height=\"10px\" viewbox=\"0 0 24 24\" version=\"1.2\" baseprofile=\"tiny\"><path d=\"M18.2 9.3l-6.2-6.3-6.2 6.3c-.2.2-.3.4-.3.7s.1.5.3.7c.2.2.4.3.7.3h11c.3 0 .5-.1.7-.3.2-.2.3-.5.3-.7s-.1-.5-.3-.7zM5.8 14.7l6.2 6.3 6.2-6.3c.2-.2.3-.5.3-.7s-.1-.5-.3-.7c-.2-.2-.4-.3-.7-.3h-11c-.3 0-.5.1-.7.3-.2.2-.3.5-.3.7s.1.5.3.7z\"\/><\/svg><\/span><\/span><\/span><\/a><\/span><\/div>\n<nav><ul class='ez-toc-list ez-toc-list-level-1' ><li class='ez-toc-page-1 ez-toc-heading-level-4'><a class=\"ez-toc-link ez-toc-heading-1\" href=\"https:\/\/saphirsmaragd.com\/fi\/tuote\/anhaenger-mit-lapislazuli-und-malachit-tropfen\/#Anhanger_mit_Lapislazuli_und_Malachit_Tropfen_Blau-Grun_%E2%80%93_Unikat_aus_925_Silber\" >Anh\u00e4nger mit Lapislazuli und Malachit Tropfen Blau-Gr\u00fcn \u2013 Unikat aus 925 Silber<\/a><\/li><li class='ez-toc-page-1 ez-toc-heading-level-4'><a class=\"ez-toc-link ez-toc-heading-2\" href=\"https:\/\/saphirsmaragd.com\/fi\/tuote\/anhaenger-mit-lapislazuli-und-malachit-tropfen\/#_Merkmale_Herkunft\" >\u00a0Ominaisuudet ja alkuper\u00e4<\/a><\/li><li class='ez-toc-page-1 ez-toc-heading-level-4'><a class=\"ez-toc-link ez-toc-heading-3\" href=\"https:\/\/saphirsmaragd.com\/fi\/tuote\/anhaenger-mit-lapislazuli-und-malachit-tropfen\/#Besonderheiten\" >Erityisominaisuudet<\/a><\/li><li class='ez-toc-page-1 ez-toc-heading-level-4'><a class=\"ez-toc-link ez-toc-heading-4\" href=\"https:\/\/saphirsmaragd.com\/fi\/tuote\/anhaenger-mit-lapislazuli-und-malachit-tropfen\/#_Mehr_uber_Lapislazulis_Heilsteine\" >\u00a0Mehr \u00fcber Lapislazulis &amp; Heilsteine<\/a><\/li><li class='ez-toc-page-1 ez-toc-heading-level-4'><a class=\"ez-toc-link ez-toc-heading-5\" href=\"https:\/\/saphirsmaragd.com\/fi\/tuote\/anhaenger-mit-lapislazuli-und-malachit-tropfen\/#_Weitere_Infos\" >\u00a0Lis\u00e4tietoja<\/a><\/li><\/ul><\/nav><\/div>\n<h4 data-start=\"854\" data-end=\"941\"><span class=\"ez-toc-section\" id=\"Anhanger_mit_Lapislazuli_und_Malachit_Tropfen_Blau-Grun_%E2%80%93_Unikat_aus_925_Silber\"><\/span>Anh\u00e4nger mit Lapislazuli und Malachit Tropfen Blau-Gr\u00fcn \u2013 Unikat aus 925 Silber<span class=\"ez-toc-section-end\"><\/span><\/h4>\n<p data-start=\"942\" data-end=\"1130\">Der Anh\u00e4nger mit Lapislazuli und Malachit Tropfen Blau-Gr\u00fcn ist ein handgefertigtes Einzelst\u00fcck, das intensive Blaut\u00f6ne mit lebendigem Gr\u00fcn in hochwertigem 925 Sterling Silber vereint.<\/p>\n<hr data-start=\"1132\" data-end=\"1135\" \/>\n<h4><span class=\"ez-toc-section\" id=\"_Merkmale_Herkunft\"><\/span>\u00a0Ominaisuudet ja alkuper\u00e4<span class=\"ez-toc-section-end\"><\/span><\/h4>\n<p data-start=\"1164\" data-end=\"1465\">Farbe: Blau-Gr\u00fcn<br data-start=\"1180\" data-end=\"1183\" \/>Muoto: Pisarat<br data-start=\"1218\" data-end=\"1221\" \/>Material: Sterling Silber 925<br data-start=\"1250\" data-end=\"1253\" \/>Korun tyyppi: Riipus<br data-start=\"1286\" data-end=\"1289\" \/>Ma\u00dfe:4.1 x 2.1 cm<br data-start=\"1305\" data-end=\"1308\" \/>Gesamtl\u00e4nge: ca. 5.6 cm (inkl. \u00d6se)<br data-start=\"1343\" data-end=\"1346\" \/>Reinheit: Naturstein<br data-start=\"1426\" data-end=\"1429\" \/>Steinart: Lapislazuli mit Malachit<\/p>\n<hr data-start=\"1467\" data-end=\"1470\" \/>\n<h4 data-start=\"1472\" data-end=\"1551\"><span class=\"ez-toc-section\" id=\"Besonderheiten\"><\/span>Erityisominaisuudet<span class=\"ez-toc-section-end\"><\/span><\/h4>\n<p data-start=\"1552\" data-end=\"1970\">Lapislazuli gilt seit Jahrhunderten als Stein der Weisheit, Erkenntnis und geistigen Klarheit, w\u00e4hrend Malachit f\u00fcr Schutz, emotionale Balance und Heilung steht. Dieser Anh\u00e4nger mit Lapislazuli und Malachit Tropfen Blau-Gr\u00fcn unterst\u00fctzt Sie dabei, klare Gedanken zu fassen, ehrliche Kommunikation zu f\u00f6rdern und emotionale Spannungen zu l\u00f6sen. Die Kombination wirkt harmonisierend auf Herz-, Hals- und Stirnchakra.<\/p>\n<p data-start=\"1972\" data-end=\"2312\">Der Anh\u00e4nger kann helfen, innere Wahrheit zu erkennen, Empathie und Verbundenheit zu st\u00e4rken und Beziehungen auf einer ehrlichen Basis zu vertiefen. Spirituell wird Lapislazuli mit Intuition, innerem Wissen und spirituellem Wachstum in Verbindung gebracht und eignet sich besonders als Begleiter f\u00fcr Meditation und bewusste Selbsterfahrung.<\/p>\n<hr data-start=\"2314\" data-end=\"2317\" \/>\n<h4 data-start=\"2319\" data-end=\"2361\"><span class=\"ez-toc-section\" id=\"_Mehr_uber_Lapislazulis_Heilsteine\"><\/span>\u00a0Mehr \u00fcber Lapislazulis &amp; Heilsteine<span class=\"ez-toc-section-end\"><\/span><\/h4>\n<p data-start=\"2362\" data-end=\"2403\">Heilsteine &amp; Kristalle |<a href=\"https:\/\/saphirsmaragd.com\/fi\/product-category\/heilsteine-kristalle-kaufen\/\"> Saphir &amp; Smaragd<\/a><\/p>\n<hr data-start=\"2405\" data-end=\"2408\" \/>\n<h4 data-start=\"2410\" data-end=\"2430\"><span class=\"ez-toc-section\" id=\"_Weitere_Infos\"><\/span>\u00a0Lis\u00e4tietoja<span class=\"ez-toc-section-end\"><\/span><\/h4>\n<p data-start=\"2431\" data-end=\"2500\"><a href=\"https:\/\/de.wikipedia.org\/wiki\/Lapislazuli\" target=\"_blank\" rel=\"noopener\">Lapis lazuli<\/a> \u2013 Wikipedia<\/p>","protected":false},"excerpt":{"rendered":"<p><em>Dieser einzigartige Anh\u00e4nger mit Lapislazuli und Malachit Tropfen Blau-Gr\u00fcn aus 925 Sterling Silber vereint spirituelle Tiefe, emotionale Balance und eine harmonische Tropfenform.<\/em><\/p>","protected":false},"featured_media":6837,"comment_status":"open","ping_status":"closed","template":"","meta":{"_glsr_average":0,"_glsr_ranking":0,"_glsr_reviews":0},"product_brand":[],"product_cat":[87],"product_tag":[],"class_list":{"0":"post-6836","1":"product","2":"type-product","3":"status-publish","4":"has-post-thumbnail","6":"product_cat-edelstein-anhaenger","8":"first","9":"instock","10":"shipping-taxable","11":"purchasable","12":"product-type-simple","13":"add-to-wishlist-before_image"},"jetpack_sharing_enabled":true,"_links":{"self":[{"href":"https:\/\/saphirsmaragd.com\/fi\/wp-json\/wp\/v2\/product\/6836","targetHints":{"allow":["GET"]}}],"collection":[{"href":"https:\/\/saphirsmaragd.com\/fi\/wp-json\/wp\/v2\/product"}],"about":[{"href":"https:\/\/saphirsmaragd.com\/fi\/wp-json\/wp\/v2\/types\/product"}],"replies":[{"embeddable":true,"href":"https:\/\/saphirsmaragd.com\/fi\/wp-json\/wp\/v2\/comments?post=6836"}],"version-history":[{"count":2,"href":"https:\/\/saphirsmaragd.com\/fi\/wp-json\/wp\/v2\/product\/6836\/revisions"}],"predecessor-version":[{"id":6840,"href":"https:\/\/saphirsmaragd.com\/fi\/wp-json\/wp\/v2\/product\/6836\/revisions\/6840"}],"wp:featuredmedia":[{"embeddable":true,"href":"https:\/\/saphirsmaragd.com\/fi\/wp-json\/wp\/v2\/media\/6837"}],"wp:attachment":[{"href":"https:\/\/saphirsmaragd.com\/fi\/wp-json\/wp\/v2\/media?parent=6836"}],"wp:term":[{"taxonomy":"product_brand","embeddable":true,"href":"https:\/\/saphirsmaragd.com\/fi\/wp-json\/wp\/v2\/product_brand?post=6836"},{"taxonomy":"product_cat","embeddable":true,"href":"https:\/\/saphirsmaragd.com\/fi\/wp-json\/wp\/v2\/product_cat?post=6836"},{"taxonomy":"product_tag","embeddable":true,"href":"https:\/\/saphirsmaragd.com\/fi\/wp-json\/wp\/v2\/product_tag?post=6836"}],"curies":[{"name":"wp","href":"https:\/\/api.w.org\/{rel}","templated":true}]}}