{"id":7127,"date":"2025-12-28T14:52:03","date_gmt":"2025-12-28T14:52:03","guid":{"rendered":"https:\/\/saphirsmaragd.com\/?post_type=product&#038;p=7127"},"modified":"2026-04-11T13:12:49","modified_gmt":"2026-04-11T13:12:49","slug":"smaragd-birne-gruen-1-23-karat","status":"publish","type":"product","link":"https:\/\/saphirsmaragd.com\/fi\/tuote\/smaragd-birne-gruen-1-23-karat\/","title":{"rendered":"Smaragd Birne Gr\u00fcn 1.23 Karat aus Sambia"},"content":{"rendered":"<div id=\"ez-toc-container\" class=\"ez-toc-v2_0_82_2 counter-hierarchy ez-toc-counter ez-toc-grey ez-toc-container-direction\">\n<div class=\"ez-toc-title-container\">\n<p class=\"ez-toc-title\" style=\"cursor:inherit\">Sis\u00e4llysluettelo<\/p>\n<span class=\"ez-toc-title-toggle\"><a href=\"#\" class=\"ez-toc-pull-right ez-toc-btn ez-toc-btn-xs ez-toc-btn-default ez-toc-toggle\" aria-label=\"Toggle Table of Content\"><span class=\"ez-toc-js-icon-con\"><span class=\"\"><span class=\"eztoc-hide\" style=\"display:none;\">Vaihda<\/span><span class=\"ez-toc-icon-toggle-span\"><svg style=\"fill: #999;color:#999\" xmlns=\"http:\/\/www.w3.org\/2000\/svg\" class=\"list-377408\" width=\"20px\" height=\"20px\" viewbox=\"0 0 24 24\" fill=\"none\"><path d=\"M6 6H4v2h2V6zm14 0H8v2h12V6zM4 11h2v2H4v-2zm16 0H8v2h12v-2zM4 16h2v2H4v-2zm16 0H8v2h12v-2z\" fill=\"currentColor\"><\/path><\/svg><svg style=\"fill: #999;color:#999\" class=\"arrow-unsorted-368013\" xmlns=\"http:\/\/www.w3.org\/2000\/svg\" width=\"10px\" height=\"10px\" viewbox=\"0 0 24 24\" version=\"1.2\" baseprofile=\"tiny\"><path d=\"M18.2 9.3l-6.2-6.3-6.2 6.3c-.2.2-.3.4-.3.7s.1.5.3.7c.2.2.4.3.7.3h11c.3 0 .5-.1.7-.3.2-.2.3-.5.3-.7s-.1-.5-.3-.7zM5.8 14.7l6.2 6.3 6.2-6.3c.2-.2.3-.5.3-.7s-.1-.5-.3-.7c-.2-.2-.4-.3-.7-.3h-11c-.3 0-.5.1-.7.3-.2.2-.3.5-.3.7s.1.5.3.7z\"\/><\/svg><\/span><\/span><\/span><\/a><\/span><\/div>\n<nav><ul class='ez-toc-list ez-toc-list-level-1' ><li class='ez-toc-page-1 ez-toc-heading-level-4'><a class=\"ez-toc-link ez-toc-heading-1\" href=\"https:\/\/saphirsmaragd.com\/fi\/tuote\/smaragd-birne-gruen-1-23-karat\/#Smaragd_Birne_Grun_123_Karat\" >Smaragd Birne Gr\u00fcn 1.23 Karat<\/a><\/li><li class='ez-toc-page-1 ez-toc-heading-level-4'><a class=\"ez-toc-link ez-toc-heading-2\" href=\"https:\/\/saphirsmaragd.com\/fi\/tuote\/smaragd-birne-gruen-1-23-karat\/#Merkmale_Herkunft\" >Ominaisuudet ja alkuper\u00e4<\/a><\/li><li class='ez-toc-page-1 ez-toc-heading-level-4'><a class=\"ez-toc-link ez-toc-heading-3\" href=\"https:\/\/saphirsmaragd.com\/fi\/tuote\/smaragd-birne-gruen-1-23-karat\/#Besonderheiten\" >Erityisominaisuudet<\/a><\/li><li class='ez-toc-page-1 ez-toc-heading-level-4'><a class=\"ez-toc-link ez-toc-heading-4\" href=\"https:\/\/saphirsmaragd.com\/fi\/tuote\/smaragd-birne-gruen-1-23-karat\/#Mehr_uber_Smaragde\" >Mehr \u00fcber Smaragde<\/a><\/li><li class='ez-toc-page-1 ez-toc-heading-level-4'><a class=\"ez-toc-link ez-toc-heading-5\" href=\"https:\/\/saphirsmaragd.com\/fi\/tuote\/smaragd-birne-gruen-1-23-karat\/#Weitere_Infos\" >Lis\u00e4tietoja<\/a><\/li><\/ul><\/nav><\/div>\n<h4 data-start=\"942\" data-end=\"977\"><span class=\"ez-toc-section\" id=\"Smaragd_Birne_Grun_123_Karat\"><\/span>Smaragd Birne Gr\u00fcn 1.23 Karat<span class=\"ez-toc-section-end\"><\/span><\/h4>\n<p data-start=\"978\" data-end=\"1253\">Dieser birnenf\u00f6rmige Smaragd aus Sambia \u00fcberzeugt durch seine intensive gr\u00fcne Farbe und seine elegante Schliffform. Smaragde aus Sambia sind bekannt f\u00fcr ihre satte Farbgebung und ihre gute Struktur, wodurch sie besonders f\u00fcr hochwertige Schmuckanfertigungen gesch\u00e4tzt werden.<\/p>\n<hr data-start=\"1255\" data-end=\"1258\" \/>\n<h4 data-start=\"1260\" data-end=\"1286\"><span class=\"ez-toc-section\" id=\"Merkmale_Herkunft\"><\/span>Ominaisuudet ja alkuper\u00e4<span class=\"ez-toc-section-end\"><\/span><\/h4>\n<p data-start=\"1287\" data-end=\"1514\">Steinart: Smaragd<br data-start=\"1304\" data-end=\"1307\" \/>V\u00e4ri: vihre\u00e4<br data-start=\"1318\" data-end=\"1321\" \/>Form: Birne<br data-start=\"1332\" data-end=\"1335\" \/>Gewicht: 1.23 Karat<br data-start=\"1354\" data-end=\"1357\" \/>Abmessungen: 8.9 \u00d7 6.7 mm<br data-start=\"1382\" data-end=\"1385\" \/>Herkunft: Sambia<br data-start=\"1401\" data-end=\"1404\" \/>Puhtaus: pienet sulkeumat<br data-start=\"1432\" data-end=\"1435\" \/>Behandlung: Ge\u00f6lt<br data-start=\"1452\" data-end=\"1455\" \/>Beobachtung: Nat\u00fcrlich<br data-start=\"1477\" data-end=\"1480\" \/>Mohs-H\u00e4rte: 7.5\u20138<br data-start=\"1497\" data-end=\"1500\" \/>Kunto: Uusi<\/p>\n<hr data-start=\"1516\" data-end=\"1519\" \/>\n<h4 data-start=\"1521\" data-end=\"1542\"><span class=\"ez-toc-section\" id=\"Besonderheiten\"><\/span>Erityisominaisuudet<span class=\"ez-toc-section-end\"><\/span><\/h4>\n<p data-start=\"1543\" data-end=\"2069\">Der Smaragd Birne Gr\u00fcn 1.23 Karat zeichnet sich durch seine lebendige gr\u00fcne Farbintensit\u00e4t und die klassische Birnenform aus. Die f\u00fcr Smaragde typischen kleinen Einschl\u00fcsse unterstreichen die nat\u00fcrliche Entstehung dieses Edelsteins und beeintr\u00e4chtigen seine optische Wirkung nicht wesentlich. Die \u00fcbliche \u00d6lbehandlung dient der Verbesserung der Transparenz und ist ein anerkanntes Verfahren bei nat\u00fcrlichen Smaragden. Aufgrund seiner ausgewogenen Proportionen eignet sich dieser Smaragd ideal f\u00fcr Ringe oder elegante Anh\u00e4nger.<\/p>\n<hr data-start=\"1443\" data-end=\"1446\" \/>\n<h4 data-start=\"1448\" data-end=\"1473\"><span class=\"ez-toc-section\" id=\"Mehr_uber_Smaragde\"><\/span>Mehr \u00fcber Smaragde<span class=\"ez-toc-section-end\"><\/span><\/h4>\n<p data-start=\"1475\" data-end=\"1668\"><a class=\"\" href=\"https:\/\/saphirsmaragd.com\/fi\/product-category\/heilsteine-kristalle-kaufen\/\" target=\"_new\" rel=\"noopener\" data-start=\"1571\" data-end=\"1668\">Parantavat kivet ja kristallit<\/a><\/p>\n<hr data-start=\"1670\" data-end=\"1673\" \/>\n<h4 data-start=\"1675\" data-end=\"1695\"><span class=\"ez-toc-section\" id=\"Weitere_Infos\"><\/span>Lis\u00e4tietoja<span class=\"ez-toc-section-end\"><\/span><\/h4>\n<p data-start=\"1697\" data-end=\"1801\"><a class=\"\" href=\"https:\/\/de.wikipedia.org\/wiki\/Smaragd\" target=\"_new\" rel=\"noopener\" data-start=\"1741\" data-end=\"1801\">Wikipedia \u2013 Smaragd<\/a><\/p>","protected":false},"excerpt":{"rendered":"<p data-start=\"705\" data-end=\"843\"><em>Smaragd Birne Gr\u00fcn 1.23 Karat aus Sambia, ge\u00f6lt und nat\u00fcrlich. Hochwertiger Smaragd in klassischer Birnenform f\u00fcr exklusive Schmuckst\u00fccke.<\/em><\/p>\n<p data-start=\"378\" data-end=\"474\">","protected":false},"featured_media":7128,"comment_status":"open","ping_status":"closed","template":"","meta":{"_glsr_average":0,"_glsr_ranking":0,"_glsr_reviews":0},"product_brand":[],"product_cat":[262],"product_tag":[],"class_list":{"0":"post-7127","1":"product","2":"type-product","3":"status-publish","4":"has-post-thumbnail","6":"product_cat-smaragd","7":"pa_edelsteinart-smaragd","8":"pa_farbe-gruen","9":"pa_form-birne","10":"pa_gewicht-karat-1-0-3-0-karat","11":"pa_herkunft-sambia","12":"pa_reinheit-kleine-einschluesse","13":"pa_veredelung-behandlung-geoelt","14":"pa_zustand-neu","16":"first","17":"outofstock","18":"sold-individually","19":"shipping-taxable","20":"purchasable","21":"product-type-simple","22":"add-to-wishlist-before_image"},"jetpack_sharing_enabled":true,"_links":{"self":[{"href":"https:\/\/saphirsmaragd.com\/fi\/wp-json\/wp\/v2\/product\/7127","targetHints":{"allow":["GET"]}}],"collection":[{"href":"https:\/\/saphirsmaragd.com\/fi\/wp-json\/wp\/v2\/product"}],"about":[{"href":"https:\/\/saphirsmaragd.com\/fi\/wp-json\/wp\/v2\/types\/product"}],"replies":[{"embeddable":true,"href":"https:\/\/saphirsmaragd.com\/fi\/wp-json\/wp\/v2\/comments?post=7127"}],"version-history":[{"count":2,"href":"https:\/\/saphirsmaragd.com\/fi\/wp-json\/wp\/v2\/product\/7127\/revisions"}],"predecessor-version":[{"id":7130,"href":"https:\/\/saphirsmaragd.com\/fi\/wp-json\/wp\/v2\/product\/7127\/revisions\/7130"}],"wp:featuredmedia":[{"embeddable":true,"href":"https:\/\/saphirsmaragd.com\/fi\/wp-json\/wp\/v2\/media\/7128"}],"wp:attachment":[{"href":"https:\/\/saphirsmaragd.com\/fi\/wp-json\/wp\/v2\/media?parent=7127"}],"wp:term":[{"taxonomy":"product_brand","embeddable":true,"href":"https:\/\/saphirsmaragd.com\/fi\/wp-json\/wp\/v2\/product_brand?post=7127"},{"taxonomy":"product_cat","embeddable":true,"href":"https:\/\/saphirsmaragd.com\/fi\/wp-json\/wp\/v2\/product_cat?post=7127"},{"taxonomy":"product_tag","embeddable":true,"href":"https:\/\/saphirsmaragd.com\/fi\/wp-json\/wp\/v2\/product_tag?post=7127"}],"curies":[{"name":"wp","href":"https:\/\/api.w.org\/{rel}","templated":true}]}}