{"id":7146,"date":"2025-12-28T15:13:11","date_gmt":"2025-12-28T15:13:11","guid":{"rendered":"https:\/\/saphirsmaragd.com\/?post_type=product&#038;p=7146"},"modified":"2025-12-29T18:46:12","modified_gmt":"2025-12-29T18:46:12","slug":"oranger-turmalin-birne-8-30-karat","status":"publish","type":"product","link":"https:\/\/saphirsmaragd.com\/fi\/tuote\/oranger-turmalin-birne-8-30-karat\/","title":{"rendered":"Oranger Turmalin Birne 8.30 Karat aus Madagaskar"},"content":{"rendered":"<div id=\"ez-toc-container\" class=\"ez-toc-v2_0_83 counter-hierarchy ez-toc-counter ez-toc-grey ez-toc-container-direction\">\n<div class=\"ez-toc-title-container\">\n<p class=\"ez-toc-title\" style=\"cursor:inherit\">Sis\u00e4llysluettelo<\/p>\n<span class=\"ez-toc-title-toggle\"><a href=\"#\" class=\"ez-toc-pull-right ez-toc-btn ez-toc-btn-xs ez-toc-btn-default ez-toc-toggle\" aria-label=\"Toggle Table of Content\"><span class=\"ez-toc-js-icon-con\"><span class=\"\"><span class=\"eztoc-hide\" style=\"display:none;\">Vaihda<\/span><span class=\"ez-toc-icon-toggle-span\"><svg style=\"fill: #999;color:#999\" xmlns=\"http:\/\/www.w3.org\/2000\/svg\" class=\"list-377408\" width=\"20px\" height=\"20px\" viewbox=\"0 0 24 24\" fill=\"none\"><path d=\"M6 6H4v2h2V6zm14 0H8v2h12V6zM4 11h2v2H4v-2zm16 0H8v2h12v-2zM4 16h2v2H4v-2zm16 0H8v2h12v-2z\" fill=\"currentColor\"><\/path><\/svg><svg style=\"fill: #999;color:#999\" class=\"arrow-unsorted-368013\" xmlns=\"http:\/\/www.w3.org\/2000\/svg\" width=\"10px\" height=\"10px\" viewbox=\"0 0 24 24\" version=\"1.2\" baseprofile=\"tiny\"><path d=\"M18.2 9.3l-6.2-6.3-6.2 6.3c-.2.2-.3.4-.3.7s.1.5.3.7c.2.2.4.3.7.3h11c.3 0 .5-.1.7-.3.2-.2.3-.5.3-.7s-.1-.5-.3-.7zM5.8 14.7l6.2 6.3 6.2-6.3c.2-.2.3-.5.3-.7s-.1-.5-.3-.7c-.2-.2-.4-.3-.7-.3h-11c-.3 0-.5.1-.7.3-.2.2-.3.5-.3.7s.1.5.3.7z\"\/><\/svg><\/span><\/span><\/span><\/a><\/span><\/div>\n<nav><ul class='ez-toc-list ez-toc-list-level-1' ><li class='ez-toc-page-1 ez-toc-heading-level-4'><a class=\"ez-toc-link ez-toc-heading-1\" href=\"https:\/\/saphirsmaragd.com\/fi\/tuote\/oranger-turmalin-birne-8-30-karat\/#Oranger_Turmalin_Birne_830_Karat\" >Oranger Turmalin Birne 8.30 Karat<\/a><\/li><li class='ez-toc-page-1 ez-toc-heading-level-4'><a class=\"ez-toc-link ez-toc-heading-2\" href=\"https:\/\/saphirsmaragd.com\/fi\/tuote\/oranger-turmalin-birne-8-30-karat\/#Merkmale_Herkunft\" >Ominaisuudet ja alkuper\u00e4<\/a><\/li><li class='ez-toc-page-1 ez-toc-heading-level-4'><a class=\"ez-toc-link ez-toc-heading-3\" href=\"https:\/\/saphirsmaragd.com\/fi\/tuote\/oranger-turmalin-birne-8-30-karat\/#Besonderheiten\" >Erityisominaisuudet<\/a><\/li><li class='ez-toc-page-1 ez-toc-heading-level-4'><a class=\"ez-toc-link ez-toc-heading-4\" href=\"https:\/\/saphirsmaragd.com\/fi\/tuote\/oranger-turmalin-birne-8-30-karat\/#Mehr_uber_unsere_Edelsteine\" >Lis\u00e4tietoja jalokivist\u00e4<\/a><\/li><li class='ez-toc-page-1 ez-toc-heading-level-4'><a class=\"ez-toc-link ez-toc-heading-5\" href=\"https:\/\/saphirsmaragd.com\/fi\/tuote\/oranger-turmalin-birne-8-30-karat\/#Weitere_Infos\" >Lis\u00e4tietoja<\/a><\/li><\/ul><\/nav><\/div>\n<h4 data-start=\"850\" data-end=\"889\"><span class=\"ez-toc-section\" id=\"Oranger_Turmalin_Birne_830_Karat\"><\/span>Oranger Turmalin Birne 8.30 Karat<span class=\"ez-toc-section-end\"><\/span><\/h4>\n<p data-start=\"890\" data-end=\"1212\">Dieser nat\u00fcrliche orangefarbene Turmalin in Birnenform stammt aus Madagaskar und beeindruckt durch seine au\u00dfergew\u00f6hnliche Gr\u00f6\u00dfe sowie seine warme, gold-orange Farbgebung. Turmaline dieser Farbrichtung sind seltener als klassische gr\u00fcne oder rosa Varianten und werden besonders f\u00fcr ausdrucksstarke Schmuckdesigns gesch\u00e4tzt.<\/p>\n<hr data-start=\"1214\" data-end=\"1217\" \/>\n<h4 data-start=\"1219\" data-end=\"1245\"><span class=\"ez-toc-section\" id=\"Merkmale_Herkunft\"><\/span>Ominaisuudet ja alkuper\u00e4<span class=\"ez-toc-section-end\"><\/span><\/h4>\n<p data-start=\"1246\" data-end=\"1479\">Kivityyppi: turmaliini<br data-start=\"1264\" data-end=\"1267\" \/>Farbe: Orange<br data-start=\"1280\" data-end=\"1283\" \/>Form: Birne<br data-start=\"1294\" data-end=\"1297\" \/>Gewicht: 8.30 Karat<br data-start=\"1316\" data-end=\"1319\" \/>Abmessungen: 17.9 \u00d7 10.7 mm<br data-start=\"1346\" data-end=\"1349\" \/>Alkuper\u00e4: Madagaskar<br data-start=\"1369\" data-end=\"1372\" \/>Reinheit: Augenrein<br data-start=\"1391\" data-end=\"1394\" \/>Hoito: Hoitamaton<br data-start=\"1417\" data-end=\"1420\" \/>Beobachtung: Nat\u00fcrlich<br data-start=\"1442\" data-end=\"1445\" \/>Mohs-H\u00e4rte: 7\u20137.5<br data-start=\"1462\" data-end=\"1465\" \/>Kunto: Uusi<\/p>\n<hr data-start=\"1481\" data-end=\"1484\" \/>\n<h4 data-start=\"1486\" data-end=\"1507\"><span class=\"ez-toc-section\" id=\"Besonderheiten\"><\/span>Erityisominaisuudet<span class=\"ez-toc-section-end\"><\/span><\/h4>\n<p data-start=\"1508\" data-end=\"1956\">Der Oranger Turmalin Birne 8.30 Karat \u00fcberzeugt durch seine sehr gute Transparenz und seine gleichm\u00e4\u00dfige Farbverteilung \u00fcber die gesamte Steinfl\u00e4che. Die markante Birnenform in Kombination mit der gro\u00dfen Karatgr\u00f6\u00dfe verleiht diesem Edelstein eine eindrucksvolle Pr\u00e4senz. Da Turmaline in der Regel unbehandelt sind, bietet dieser Stein eine besonders authentische und wertstabile Wahl f\u00fcr exklusive Ringe, Anh\u00e4nger oder luxuri\u00f6se Einzelanfertigungen.<\/p>\n<hr data-start=\"1926\" data-end=\"1929\" \/>\n<h4 data-start=\"1931\" data-end=\"1971\"><span class=\"ez-toc-section\" id=\"Mehr_uber_unsere_Edelsteine\"><\/span>Lis\u00e4tietoja jalokivist\u00e4<span class=\"ez-toc-section-end\"><\/span><\/h4>\n<p data-start=\"1972\" data-end=\"2069\"><a href=\"https:\/\/saphirsmaragd.com\/fi\/product-category\/edelsteine-kaufen\/\">jalokivet<\/a><\/p>\n<hr data-start=\"2071\" data-end=\"2074\" \/>\n<h4 data-start=\"2076\" data-end=\"2096\"><span class=\"ez-toc-section\" id=\"Weitere_Infos\"><\/span>Lis\u00e4tietoja<span class=\"ez-toc-section-end\"><\/span><\/h4>\n<p><a href=\"https:\/\/de.wikipedia.org\/wiki\/Turmalin\" target=\"_blank\" rel=\"noopener\">Wikipedia: Turmaliini<\/a><\/p>","protected":false},"excerpt":{"rendered":"<p data-start=\"619\" data-end=\"743\"><em>Oranger Turmalin Birne 8.30 Karat aus Madagaskar, nat\u00fcrlich und augenrein. Gro\u00dfformatiger Turmalin mit warmer oranger Farbe.<\/em><\/p>","protected":false},"featured_media":7147,"comment_status":"open","ping_status":"closed","template":"","meta":{"_glsr_average":0,"_glsr_ranking":0,"_glsr_reviews":0},"product_brand":[],"product_cat":[109],"product_tag":[],"class_list":{"0":"post-7146","1":"product","2":"type-product","3":"status-publish","4":"has-post-thumbnail","6":"product_cat-turmalin-kaufen","7":"pa_edelsteinart-turmalin","8":"pa_farbe-orange","9":"pa_form-birne","10":"pa_gewicht-karat-5-0-10-karat","11":"pa_herkunft-madagaskar","12":"pa_reinheit-augenrein","13":"pa_veredelung-behandlung-unbehandelt","14":"pa_zustand-neu","16":"first","17":"instock","18":"featured","19":"sold-individually","20":"shipping-taxable","21":"purchasable","22":"product-type-simple","23":"add-to-wishlist-before_image"},"jetpack_sharing_enabled":true,"_links":{"self":[{"href":"https:\/\/saphirsmaragd.com\/fi\/wp-json\/wp\/v2\/product\/7146","targetHints":{"allow":["GET"]}}],"collection":[{"href":"https:\/\/saphirsmaragd.com\/fi\/wp-json\/wp\/v2\/product"}],"about":[{"href":"https:\/\/saphirsmaragd.com\/fi\/wp-json\/wp\/v2\/types\/product"}],"replies":[{"embeddable":true,"href":"https:\/\/saphirsmaragd.com\/fi\/wp-json\/wp\/v2\/comments?post=7146"}],"version-history":[{"count":1,"href":"https:\/\/saphirsmaragd.com\/fi\/wp-json\/wp\/v2\/product\/7146\/revisions"}],"predecessor-version":[{"id":7148,"href":"https:\/\/saphirsmaragd.com\/fi\/wp-json\/wp\/v2\/product\/7146\/revisions\/7148"}],"wp:featuredmedia":[{"embeddable":true,"href":"https:\/\/saphirsmaragd.com\/fi\/wp-json\/wp\/v2\/media\/7147"}],"wp:attachment":[{"href":"https:\/\/saphirsmaragd.com\/fi\/wp-json\/wp\/v2\/media?parent=7146"}],"wp:term":[{"taxonomy":"product_brand","embeddable":true,"href":"https:\/\/saphirsmaragd.com\/fi\/wp-json\/wp\/v2\/product_brand?post=7146"},{"taxonomy":"product_cat","embeddable":true,"href":"https:\/\/saphirsmaragd.com\/fi\/wp-json\/wp\/v2\/product_cat?post=7146"},{"taxonomy":"product_tag","embeddable":true,"href":"https:\/\/saphirsmaragd.com\/fi\/wp-json\/wp\/v2\/product_tag?post=7146"}],"curies":[{"name":"wp","href":"https:\/\/api.w.org\/{rel}","templated":true}]}}