{"id":7581,"date":"2026-01-11T19:04:46","date_gmt":"2026-01-11T19:04:46","guid":{"rendered":"https:\/\/saphirsmaragd.com\/?post_type=product&#038;p=7581"},"modified":"2026-01-11T19:04:48","modified_gmt":"2026-01-11T19:04:48","slug":"anhaenger-mit-bernstein-tropfen","status":"publish","type":"product","link":"https:\/\/saphirsmaragd.com\/fi\/tuote\/anhaenger-mit-bernstein-tropfen\/","title":{"rendered":"\u00a0Anh\u00e4nger mit Bernstein Tropfen \u2013 925 Silber Unikat"},"content":{"rendered":"<div id=\"ez-toc-container\" class=\"ez-toc-v2_0_82_2 counter-hierarchy ez-toc-counter ez-toc-grey ez-toc-container-direction\">\n<div class=\"ez-toc-title-container\">\n<p class=\"ez-toc-title\" style=\"cursor:inherit\">Sis\u00e4llysluettelo<\/p>\n<span class=\"ez-toc-title-toggle\"><a href=\"#\" class=\"ez-toc-pull-right ez-toc-btn ez-toc-btn-xs ez-toc-btn-default ez-toc-toggle\" aria-label=\"Toggle Table of Content\"><span class=\"ez-toc-js-icon-con\"><span class=\"\"><span class=\"eztoc-hide\" style=\"display:none;\">Vaihda<\/span><span class=\"ez-toc-icon-toggle-span\"><svg style=\"fill: #999;color:#999\" xmlns=\"http:\/\/www.w3.org\/2000\/svg\" class=\"list-377408\" width=\"20px\" height=\"20px\" viewbox=\"0 0 24 24\" fill=\"none\"><path d=\"M6 6H4v2h2V6zm14 0H8v2h12V6zM4 11h2v2H4v-2zm16 0H8v2h12v-2zM4 16h2v2H4v-2zm16 0H8v2h12v-2z\" fill=\"currentColor\"><\/path><\/svg><svg style=\"fill: #999;color:#999\" class=\"arrow-unsorted-368013\" xmlns=\"http:\/\/www.w3.org\/2000\/svg\" width=\"10px\" height=\"10px\" viewbox=\"0 0 24 24\" version=\"1.2\" baseprofile=\"tiny\"><path d=\"M18.2 9.3l-6.2-6.3-6.2 6.3c-.2.2-.3.4-.3.7s.1.5.3.7c.2.2.4.3.7.3h11c.3 0 .5-.1.7-.3.2-.2.3-.5.3-.7s-.1-.5-.3-.7zM5.8 14.7l6.2 6.3 6.2-6.3c.2-.2.3-.5.3-.7s-.1-.5-.3-.7c-.2-.2-.4-.3-.7-.3h-11c-.3 0-.5.1-.7.3-.2.2-.3.5-.3.7s.1.5.3.7z\"\/><\/svg><\/span><\/span><\/span><\/a><\/span><\/div>\n<nav><ul class='ez-toc-list ez-toc-list-level-1' ><li class='ez-toc-page-1 ez-toc-heading-level-4'><a class=\"ez-toc-link ez-toc-heading-1\" href=\"https:\/\/saphirsmaragd.com\/fi\/tuote\/anhaenger-mit-bernstein-tropfen\/#_Anhanger_mit_Bernstein_Tropfen_%E2%80%93_925_Silber_Unikat\" >\u00a0Anh\u00e4nger mit Bernstein Tropfen \u2013 925 Silber Unikat<\/a><\/li><li class='ez-toc-page-1 ez-toc-heading-level-4'><a class=\"ez-toc-link ez-toc-heading-2\" href=\"https:\/\/saphirsmaragd.com\/fi\/tuote\/anhaenger-mit-bernstein-tropfen\/#_Merkmale_Herkunft\" >\u00a0Ominaisuudet ja alkuper\u00e4<\/a><\/li><li class='ez-toc-page-1 ez-toc-heading-level-4'><a class=\"ez-toc-link ez-toc-heading-3\" href=\"https:\/\/saphirsmaragd.com\/fi\/tuote\/anhaenger-mit-bernstein-tropfen\/#_Besonderheiten\" >\u00a0Erityisominaisuudet<\/a><\/li><li class='ez-toc-page-1 ez-toc-heading-level-4'><a class=\"ez-toc-link ez-toc-heading-4\" href=\"https:\/\/saphirsmaragd.com\/fi\/tuote\/anhaenger-mit-bernstein-tropfen\/#_Mehr_uber_Bernstein_Heilsteine\" >\u00a0Mehr \u00fcber Bernstein &amp; Heilsteine<\/a><\/li><li class='ez-toc-page-1 ez-toc-heading-level-4'><a class=\"ez-toc-link ez-toc-heading-5\" href=\"https:\/\/saphirsmaragd.com\/fi\/tuote\/anhaenger-mit-bernstein-tropfen\/#_Weitere_Infos\" >\u00a0Lis\u00e4tietoja<\/a><\/li><\/ul><\/nav><\/div>\n<h4 data-start=\"776\" data-end=\"834\"><span class=\"ez-toc-section\" id=\"_Anhanger_mit_Bernstein_Tropfen_%E2%80%93_925_Silber_Unikat\"><\/span>\u00a0Anh\u00e4nger mit Bernstein Tropfen \u2013 925 Silber Unikat<span class=\"ez-toc-section-end\"><\/span><\/h4>\n<p data-start=\"835\" data-end=\"1023\">Der Anh\u00e4nger mit Bernstein Tropfen ist ein handgefertigtes Einzelst\u00fcck aus hochwertigem Sterling Silber (925). Sie erhalten genau das Schmuckst\u00fcck, das auf den Bildern dargestellt ist.<\/p>\n<hr data-start=\"1025\" data-end=\"1028\" \/>\n<h4 data-start=\"1030\" data-end=\"1089\"><span class=\"ez-toc-section\" id=\"_Merkmale_Herkunft\"><\/span>\u00a0Ominaisuudet ja alkuper\u00e4<span class=\"ez-toc-section-end\"><\/span><\/h4>\n<p data-start=\"1090\" data-end=\"1408\">Farbe: Honiggelb bis Bernsteinfarben<br data-start=\"1126\" data-end=\"1129\" \/>Muoto: Pisarat<br data-start=\"1168\" data-end=\"1171\" \/>Material: Sterling Silber (925)<br data-start=\"1202\" data-end=\"1205\" \/>Schmuckart: Edelsteinanh\u00e4nger<br data-start=\"1247\" data-end=\"1250\" \/>Ma\u00dfe: Stein ca. 4.2 \u00d7 2.8 cm, Gesamtl\u00e4nge ca. 5.9 cm<br data-start=\"1302\" data-end=\"1305\" \/>Puhtaus: Luonnollinen<br data-start=\"1384\" data-end=\"1387\" \/>Steinart: Bernstein<\/p>\n<hr data-start=\"1410\" data-end=\"1413\" \/>\n<h4 data-start=\"1415\" data-end=\"1436\"><span class=\"ez-toc-section\" id=\"_Besonderheiten\"><\/span>\u00a0Erityisominaisuudet<span class=\"ez-toc-section-end\"><\/span><\/h4>\n<p data-start=\"1437\" data-end=\"1813\">Der Anh\u00e4nger mit Bernstein Tropfen steht f\u00fcr Reinigung, Stabilit\u00e4t, Lebensfreude und innere St\u00e4rke. Bernstein ist ein kraftvoller Reinigungsstein, der sowohl den physischen K\u00f6rper als auch das Energiesystem kl\u00e4rt. Er hilft dabei, negative Energien und gespeicherte emotionale Belastungen in positive Kraft zu transformieren und unterst\u00fctzt Balance sowie innere Stabilit\u00e4t.<\/p>\n<p data-start=\"1815\" data-end=\"2175\">Bernstein f\u00f6rdert Kreativit\u00e4t, Spontaneit\u00e4t und eine offene, flexible Lebenseinstellung. Gleichzeitig st\u00e4rkt er Selbstvertrauen und Selbstwertgef\u00fchl. Emotional und mental wirkt Bernstein spannungsl\u00f6send und beruhigend. Seine warme, sonnige Energie bringt Leichtigkeit, Optimismus und Freude ins Leben und hilft, Sorgen, Stress und d\u00fcstere Gedanken loszulassen.<\/p>\n<p data-start=\"2177\" data-end=\"2467\">Der Anh\u00e4nger mit Bernstein Tropfen kann dabei unterst\u00fctzen, sich wieder mit der eigenen Lebensfreude zu verbinden und emotionale Schwere zu reduzieren. Er wird traditionell eingesetzt, um depressive Verstimmungen zu lindern und mehr Licht, W\u00e4rme und Zuversicht in den Alltag zu bringen.<\/p>\n<hr data-start=\"2469\" data-end=\"2472\" \/>\n<h4 data-start=\"2474\" data-end=\"2513\"><span class=\"ez-toc-section\" id=\"_Mehr_uber_Bernstein_Heilsteine\"><\/span>\u00a0Mehr \u00fcber Bernstein &amp; Heilsteine<span class=\"ez-toc-section-end\"><\/span><\/h4>\n<p data-start=\"2514\" data-end=\"2571\">Heilsteine &amp; Kristalle | <a href=\"https:\/\/saphirsmaragd.com\/fi\/product-category\/heilsteine-kristalle-kaufen\/edelstein-anhaenger\/\">Saphir &amp; Smaragd<\/a><\/p>\n<hr data-start=\"2573\" data-end=\"2576\" \/>\n<h4 data-start=\"2578\" data-end=\"2598\"><span class=\"ez-toc-section\" id=\"_Weitere_Infos\"><\/span>\u00a0Lis\u00e4tietoja<span class=\"ez-toc-section-end\"><\/span><\/h4>\n<p data-start=\"2599\" data-end=\"2649\">Wikipedia:<a class=\"decorated-link\" href=\"https:\/\/de.wikipedia.org\/wiki\/Bernstein\" target=\"_new\" rel=\"noopener\" data-start=\"2610\" data-end=\"2649\">Bernstein<\/a><\/p>","protected":false},"excerpt":{"rendered":"<p><em>Dieser Anh\u00e4nger mit Bernstein Tropfen aus 925 Sterling Silber ist ein einzigartiges Schmuckst\u00fcck, das Reinigung, Lebensfreude und Selbstvertrauen unterst\u00fctzt.<\/em><\/p>","protected":false},"featured_media":7582,"comment_status":"open","ping_status":"closed","template":"","meta":{"_glsr_average":0,"_glsr_ranking":0,"_glsr_reviews":0},"product_brand":[],"product_cat":[87],"product_tag":[],"class_list":{"0":"post-7581","1":"product","2":"type-product","3":"status-publish","4":"has-post-thumbnail","6":"product_cat-edelstein-anhaenger","8":"first","9":"instock","10":"shipping-taxable","11":"purchasable","12":"product-type-simple","13":"add-to-wishlist-before_image"},"jetpack_sharing_enabled":true,"_links":{"self":[{"href":"https:\/\/saphirsmaragd.com\/fi\/wp-json\/wp\/v2\/product\/7581","targetHints":{"allow":["GET"]}}],"collection":[{"href":"https:\/\/saphirsmaragd.com\/fi\/wp-json\/wp\/v2\/product"}],"about":[{"href":"https:\/\/saphirsmaragd.com\/fi\/wp-json\/wp\/v2\/types\/product"}],"replies":[{"embeddable":true,"href":"https:\/\/saphirsmaragd.com\/fi\/wp-json\/wp\/v2\/comments?post=7581"}],"version-history":[{"count":1,"href":"https:\/\/saphirsmaragd.com\/fi\/wp-json\/wp\/v2\/product\/7581\/revisions"}],"predecessor-version":[{"id":7584,"href":"https:\/\/saphirsmaragd.com\/fi\/wp-json\/wp\/v2\/product\/7581\/revisions\/7584"}],"wp:featuredmedia":[{"embeddable":true,"href":"https:\/\/saphirsmaragd.com\/fi\/wp-json\/wp\/v2\/media\/7582"}],"wp:attachment":[{"href":"https:\/\/saphirsmaragd.com\/fi\/wp-json\/wp\/v2\/media?parent=7581"}],"wp:term":[{"taxonomy":"product_brand","embeddable":true,"href":"https:\/\/saphirsmaragd.com\/fi\/wp-json\/wp\/v2\/product_brand?post=7581"},{"taxonomy":"product_cat","embeddable":true,"href":"https:\/\/saphirsmaragd.com\/fi\/wp-json\/wp\/v2\/product_cat?post=7581"},{"taxonomy":"product_tag","embeddable":true,"href":"https:\/\/saphirsmaragd.com\/fi\/wp-json\/wp\/v2\/product_tag?post=7581"}],"curies":[{"name":"wp","href":"https:\/\/api.w.org\/{rel}","templated":true}]}}