{"id":8411,"date":"2026-03-27T19:24:44","date_gmt":"2026-03-27T19:24:44","guid":{"rendered":"https:\/\/saphirsmaragd.com\/?post_type=product&#038;p=8411"},"modified":"2026-03-27T19:29:36","modified_gmt":"2026-03-27T19:29:36","slug":"regenbogenmondstein-rechteckig-farbe-weiss-2-48-karat","status":"publish","type":"product","link":"https:\/\/saphirsmaragd.com\/fi\/tuote\/regenbogenmondstein-rechteckig-farbe-weiss-2-48-karat\/","title":{"rendered":"Regenbogenmondstein rechteckig Farbe wei\u00df 2.48 Karat \u2013 nat\u00fcrlicher Edelstein aus Madagaskar"},"content":{"rendered":"<p data-start=\"796\" data-end=\"1090\">Der Regenbogenmondstein rechteckig Farbe wei\u00df 2.48 Karat begeistert durch sein einzigartiges Schimmern und das faszinierende Farbspiel, das je nach Lichteinfall sichtbar wird. Dieser nat\u00fcrliche Edelstein aus Madagaskar geh\u00f6rt zu den beliebtesten Steinen f\u00fcr Schmuck mit besonderer Ausstrahlung.<\/p>\n<hr data-start=\"1092\" data-end=\"1095\" \/>\n<div id=\"ez-toc-container\" class=\"ez-toc-v2_0_82_2 counter-hierarchy ez-toc-counter ez-toc-grey ez-toc-container-direction\">\n<div class=\"ez-toc-title-container\">\n<p class=\"ez-toc-title\" style=\"cursor:inherit\">Sis\u00e4llysluettelo<\/p>\n<span class=\"ez-toc-title-toggle\"><a href=\"#\" class=\"ez-toc-pull-right ez-toc-btn ez-toc-btn-xs ez-toc-btn-default ez-toc-toggle\" aria-label=\"Toggle Table of Content\"><span class=\"ez-toc-js-icon-con\"><span class=\"\"><span class=\"eztoc-hide\" style=\"display:none;\">Vaihda<\/span><span class=\"ez-toc-icon-toggle-span\"><svg style=\"fill: #999;color:#999\" xmlns=\"http:\/\/www.w3.org\/2000\/svg\" class=\"list-377408\" width=\"20px\" height=\"20px\" viewbox=\"0 0 24 24\" fill=\"none\"><path d=\"M6 6H4v2h2V6zm14 0H8v2h12V6zM4 11h2v2H4v-2zm16 0H8v2h12v-2zM4 16h2v2H4v-2zm16 0H8v2h12v-2z\" fill=\"currentColor\"><\/path><\/svg><svg style=\"fill: #999;color:#999\" class=\"arrow-unsorted-368013\" xmlns=\"http:\/\/www.w3.org\/2000\/svg\" width=\"10px\" height=\"10px\" viewbox=\"0 0 24 24\" version=\"1.2\" baseprofile=\"tiny\"><path d=\"M18.2 9.3l-6.2-6.3-6.2 6.3c-.2.2-.3.4-.3.7s.1.5.3.7c.2.2.4.3.7.3h11c.3 0 .5-.1.7-.3.2-.2.3-.5.3-.7s-.1-.5-.3-.7zM5.8 14.7l6.2 6.3 6.2-6.3c.2-.2.3-.5.3-.7s-.1-.5-.3-.7c-.2-.2-.4-.3-.7-.3h-11c-.3 0-.5.1-.7.3-.2.2-.3.5-.3.7s.1.5.3.7z\"\/><\/svg><\/span><\/span><\/span><\/a><\/span><\/div>\n<nav><ul class='ez-toc-list ez-toc-list-level-1' ><li class='ez-toc-page-1 ez-toc-heading-level-4'><a class=\"ez-toc-link ez-toc-heading-1\" href=\"https:\/\/saphirsmaragd.com\/fi\/tuote\/regenbogenmondstein-rechteckig-farbe-weiss-2-48-karat\/#Merkmale_Herkunft\" >Merkmale &amp; Herkunft:<\/a><\/li><li class='ez-toc-page-1 ez-toc-heading-level-4'><a class=\"ez-toc-link ez-toc-heading-2\" href=\"https:\/\/saphirsmaragd.com\/fi\/tuote\/regenbogenmondstein-rechteckig-farbe-weiss-2-48-karat\/#Besonderheiten\" >Besonderheiten:<\/a><\/li><li class='ez-toc-page-1 ez-toc-heading-level-4'><a class=\"ez-toc-link ez-toc-heading-3\" href=\"https:\/\/saphirsmaragd.com\/fi\/tuote\/regenbogenmondstein-rechteckig-farbe-weiss-2-48-karat\/#Weitere_Inspiration_entdecken\" >Weitere Inspiration entdecken<\/a><\/li><\/ul><\/nav><\/div>\n<h4 data-start=\"1097\" data-end=\"1122\"><span class=\"ez-toc-section\" id=\"Merkmale_Herkunft\"><\/span>Merkmale &amp; Herkunft:<span class=\"ez-toc-section-end\"><\/span><\/h4>\n<p data-start=\"1124\" data-end=\"1368\">Farbe: Wei\u00df mit schimmernden Reflexen<br data-start=\"1161\" data-end=\"1164\" \/>Form: Rechteckig<br data-start=\"1180\" data-end=\"1183\" \/>Alkuper\u00e4: Madagaskar<br data-start=\"1203\" data-end=\"1206\" \/>Gewicht: 2.48 Karat<br data-start=\"1225\" data-end=\"1228\" \/>Ma\u00dfe: 10,3 x 6,2 mm<br data-start=\"1247\" data-end=\"1250\" \/>Puhtaus: Hyvin pieni\u00e4 sulkeumia<br data-start=\"1283\" data-end=\"1286\" \/>Hoito: Hoitamaton<br data-start=\"1309\" data-end=\"1312\" \/>Kunto: Uusi<br data-start=\"1324\" data-end=\"1327\" \/>Steinart: Mondstein<br data-start=\"1346\" data-end=\"1349\" \/>Mohs-H\u00e4rte: 6\u20136.5<\/p>\n<hr data-start=\"1370\" data-end=\"1373\" \/>\n<h4 data-start=\"1375\" data-end=\"1395\"><span class=\"ez-toc-section\" id=\"Besonderheiten\"><\/span>Besonderheiten:<span class=\"ez-toc-section-end\"><\/span><\/h4>\n<p data-start=\"1397\" data-end=\"1652\">Der Regenbogenmondstein rechteckig Farbe wei\u00df 2.48 Karat ist bekannt f\u00fcr seinen sogenannten Adulareszenz-Effekt \u2013 ein schimmerndes Lichtspiel, das an einen Regenbogen erinnert. Dieses optische Ph\u00e4nomen macht jeden Stein einzigartig und besonders lebendig.<\/p>\n<p data-start=\"1654\" data-end=\"1865\">Durch den rechteckigen Schliff erh\u00e4lt der Edelstein eine moderne und elegante Optik, die sich perfekt f\u00fcr zeitgem\u00e4\u00dfen Schmuck eignet. Besonders in Ringen und Anh\u00e4ngern entfaltet dieser Stein seine volle Wirkung.<\/p>\n<p data-start=\"1867\" data-end=\"2021\">Regenbogenmondstein wird h\u00e4ufig mit Intuition, Balance und innerer St\u00e4rke verbunden und ist daher nicht nur optisch, sondern auch symbolisch sehr gefragt.<\/p>\n<hr data-start=\"1926\" data-end=\"1929\" \/>\n<h4 data-start=\"413\" data-end=\"449\"><span class=\"ez-toc-section\" id=\"Weitere_Inspiration_entdecken\"><\/span>Weitere Inspiration entdecken<span class=\"ez-toc-section-end\"><\/span><\/h4>\n<p data-start=\"450\" data-end=\"582\">Suchen Sie weitere besondere Produkte? Entdecken Sie zus\u00e4tzliche Highlights in unserem Sortiment oder besuchen Sie unsere Partnerprojekte:<\/p>\n<ul data-start=\"584\" data-end=\"920\">\n<li data-start=\"584\" data-end=\"656\"><a href=\"https:\/\/saphirsmaragd.com\/fi\/shop\/\">Weitere Edelsteine &amp; Schmuckst\u00fccke bei Saphir &amp; Smaragd entdecken<\/a><\/li>\n<li data-start=\"657\" data-end=\"783\">\n<p data-start=\"659\" data-end=\"783\"><a href=\"https:\/\/honigbee.com\/shop\/\" target=\"_blank\" rel=\"noopener\">Nat\u00fcrliche Produkte bei Honigbee ansehen<br \/>\n<\/a><\/p>\n<\/li>\n<li data-start=\"784\" data-end=\"920\">\n<p data-start=\"786\" data-end=\"920\"><a href=\"https:\/\/matvana.com\/shop\/\" target=\"_blank\" rel=\"noopener\">Stilvolle Wohnideen bei Matvana erkunden<\/a><\/p>\n<\/li>\n<\/ul>","protected":false},"excerpt":{"rendered":"<p data-start=\"426\" data-end=\"549\"><em>Regenbogenmondstein rechteckig Farbe wei\u00df 2.48 Karat \u2013 nat\u00fcrlicher Edelstein aus Madagaskar mit schimmerndem Farbspiel.<\/em><\/p>\n<p data-start=\"575\" data-end=\"606\">","protected":false},"featured_media":8412,"comment_status":"open","ping_status":"closed","template":"","meta":{"_glsr_average":0,"_glsr_ranking":0,"_glsr_reviews":0},"product_brand":[],"product_cat":[76],"product_tag":[],"class_list":{"0":"post-8411","1":"product","2":"type-product","3":"status-publish","4":"has-post-thumbnail","6":"product_cat-mondsteine-kaufen","7":"pa_farbe-bicolor","8":"pa_form-rechteck","9":"pa_gewicht-karat-3-0-5-0-karat","10":"pa_herkunft-madagaskar","11":"pa_reinheit-sehr-kleine-einschluesse","12":"pa_veredelung-behandlung-unbehandelt","13":"pa_zustand-neu","15":"first","16":"instock","17":"featured","18":"sold-individually","19":"shipping-taxable","20":"purchasable","21":"product-type-simple","22":"add-to-wishlist-before_image"},"jetpack_sharing_enabled":true,"_links":{"self":[{"href":"https:\/\/saphirsmaragd.com\/fi\/wp-json\/wp\/v2\/product\/8411","targetHints":{"allow":["GET"]}}],"collection":[{"href":"https:\/\/saphirsmaragd.com\/fi\/wp-json\/wp\/v2\/product"}],"about":[{"href":"https:\/\/saphirsmaragd.com\/fi\/wp-json\/wp\/v2\/types\/product"}],"replies":[{"embeddable":true,"href":"https:\/\/saphirsmaragd.com\/fi\/wp-json\/wp\/v2\/comments?post=8411"}],"version-history":[{"count":1,"href":"https:\/\/saphirsmaragd.com\/fi\/wp-json\/wp\/v2\/product\/8411\/revisions"}],"predecessor-version":[{"id":8413,"href":"https:\/\/saphirsmaragd.com\/fi\/wp-json\/wp\/v2\/product\/8411\/revisions\/8413"}],"wp:featuredmedia":[{"embeddable":true,"href":"https:\/\/saphirsmaragd.com\/fi\/wp-json\/wp\/v2\/media\/8412"}],"wp:attachment":[{"href":"https:\/\/saphirsmaragd.com\/fi\/wp-json\/wp\/v2\/media?parent=8411"}],"wp:term":[{"taxonomy":"product_brand","embeddable":true,"href":"https:\/\/saphirsmaragd.com\/fi\/wp-json\/wp\/v2\/product_brand?post=8411"},{"taxonomy":"product_cat","embeddable":true,"href":"https:\/\/saphirsmaragd.com\/fi\/wp-json\/wp\/v2\/product_cat?post=8411"},{"taxonomy":"product_tag","embeddable":true,"href":"https:\/\/saphirsmaragd.com\/fi\/wp-json\/wp\/v2\/product_tag?post=8411"}],"curies":[{"name":"wp","href":"https:\/\/api.w.org\/{rel}","templated":true}]}}