{"id":8494,"date":"2026-04-11T13:21:38","date_gmt":"2026-04-11T13:21:38","guid":{"rendered":"https:\/\/saphirsmaragd.com\/?post_type=product&#038;p=8494"},"modified":"2026-04-11T13:32:23","modified_gmt":"2026-04-11T13:32:23","slug":"smaragd-oval-gruen-2-31-karat-paar","status":"publish","type":"product","link":"https:\/\/saphirsmaragd.com\/fi\/tuote\/smaragd-oval-gruen-2-31-karat-paar\/","title":{"rendered":"Smaragd Oval Gr\u00fcn 2.31 Karat Paar aus Sambia \u2013 Zertifizierte Edelsteine"},"content":{"rendered":"<p data-start=\"740\" data-end=\"1020\">Dieses hochwertige Smaragd Oval Gr\u00fcn 2.31 Karat Paar stammt aus Sambia und \u00fcberzeugt durch seine intensive gr\u00fcne Farbe sowie seine harmonische ovale Form. Als perfekt aufeinander abgestimmtes Paar eignen sich diese Edelsteine ideal f\u00fcr exklusive Schmuckanfertigungen wie Ohrringe.<\/p>\n<hr data-start=\"1022\" data-end=\"1025\" \/>\n<div id=\"ez-toc-container\" class=\"ez-toc-v2_0_82_2 counter-hierarchy ez-toc-counter ez-toc-grey ez-toc-container-direction\">\n<div class=\"ez-toc-title-container\">\n<p class=\"ez-toc-title\" style=\"cursor:inherit\">Sis\u00e4llysluettelo<\/p>\n<span class=\"ez-toc-title-toggle\"><a href=\"#\" class=\"ez-toc-pull-right ez-toc-btn ez-toc-btn-xs ez-toc-btn-default ez-toc-toggle\" aria-label=\"Toggle Table of Content\"><span class=\"ez-toc-js-icon-con\"><span class=\"\"><span class=\"eztoc-hide\" style=\"display:none;\">Vaihda<\/span><span class=\"ez-toc-icon-toggle-span\"><svg style=\"fill: #999;color:#999\" xmlns=\"http:\/\/www.w3.org\/2000\/svg\" class=\"list-377408\" width=\"20px\" height=\"20px\" viewbox=\"0 0 24 24\" fill=\"none\"><path d=\"M6 6H4v2h2V6zm14 0H8v2h12V6zM4 11h2v2H4v-2zm16 0H8v2h12v-2zM4 16h2v2H4v-2zm16 0H8v2h12v-2z\" fill=\"currentColor\"><\/path><\/svg><svg style=\"fill: #999;color:#999\" class=\"arrow-unsorted-368013\" xmlns=\"http:\/\/www.w3.org\/2000\/svg\" width=\"10px\" height=\"10px\" viewbox=\"0 0 24 24\" version=\"1.2\" baseprofile=\"tiny\"><path d=\"M18.2 9.3l-6.2-6.3-6.2 6.3c-.2.2-.3.4-.3.7s.1.5.3.7c.2.2.4.3.7.3h11c.3 0 .5-.1.7-.3.2-.2.3-.5.3-.7s-.1-.5-.3-.7zM5.8 14.7l6.2 6.3 6.2-6.3c.2-.2.3-.5.3-.7s-.1-.5-.3-.7c-.2-.2-.4-.3-.7-.3h-11c-.3 0-.5.1-.7.3-.2.2-.3.5-.3.7s.1.5.3.7z\"\/><\/svg><\/span><\/span><\/span><\/a><\/span><\/div>\n<nav><ul class='ez-toc-list ez-toc-list-level-1' ><li class='ez-toc-page-1 ez-toc-heading-level-4'><a class=\"ez-toc-link ez-toc-heading-1\" href=\"https:\/\/saphirsmaragd.com\/fi\/tuote\/smaragd-oval-gruen-2-31-karat-paar\/#Merkmale_Herkunft\" >Ominaisuudet ja alkuper\u00e4<\/a><\/li><li class='ez-toc-page-1 ez-toc-heading-level-4'><a class=\"ez-toc-link ez-toc-heading-2\" href=\"https:\/\/saphirsmaragd.com\/fi\/tuote\/smaragd-oval-gruen-2-31-karat-paar\/#Besonderheiten\" >Erityisominaisuudet<\/a><\/li><li class='ez-toc-page-1 ez-toc-heading-level-4'><a class=\"ez-toc-link ez-toc-heading-3\" href=\"https:\/\/saphirsmaragd.com\/fi\/tuote\/smaragd-oval-gruen-2-31-karat-paar\/#Mehr_uber_Smaragde\" >Mehr \u00fcber Smaragde<\/a><\/li><li class='ez-toc-page-1 ez-toc-heading-level-4'><a class=\"ez-toc-link ez-toc-heading-4\" href=\"https:\/\/saphirsmaragd.com\/fi\/tuote\/smaragd-oval-gruen-2-31-karat-paar\/#Weitere_Infos\" >Lis\u00e4tietoja<\/a><\/li><\/ul><\/nav><\/div>\n<h4 data-start=\"1027\" data-end=\"1053\"><span class=\"ez-toc-section\" id=\"Merkmale_Herkunft\"><\/span>Ominaisuudet ja alkuper\u00e4<span class=\"ez-toc-section-end\"><\/span><\/h4>\n<p data-start=\"1055\" data-end=\"1321\">Steinart: Smaragd<br data-start=\"1072\" data-end=\"1075\" \/>V\u00e4ri: vihre\u00e4<br data-start=\"1086\" data-end=\"1089\" \/>Muoto: Ovaali<br data-start=\"1099\" data-end=\"1102\" \/>Gewicht: 2.31 Karat (gesamt)<br data-start=\"1130\" data-end=\"1133\" \/>Abmessungen: 8 x 6 mm<br data-start=\"1154\" data-end=\"1157\" \/>Herkunft: Sambia<br data-start=\"1173\" data-end=\"1176\" \/>Reinheit: Deutliche Einschl\u00fcsse<br data-start=\"1204\" data-end=\"1207\" \/>Behandlung: Ge\u00f6lt<br data-start=\"1224\" data-end=\"1227\" \/>Beobachtung: Nat\u00fcrlich<br data-start=\"1249\" data-end=\"1252\" \/>Zertifikat: Bellerophon (A10802)<br data-start=\"1284\" data-end=\"1287\" \/>Mohs-H\u00e4rte: 7.5\u20138<br data-start=\"1304\" data-end=\"1307\" \/>Kunto: Uusi<\/p>\n<hr data-start=\"1323\" data-end=\"1326\" \/>\n<h4 data-start=\"1328\" data-end=\"1349\"><span class=\"ez-toc-section\" id=\"Besonderheiten\"><\/span>Erityisominaisuudet<span class=\"ez-toc-section-end\"><\/span><\/h4>\n<p data-start=\"1351\" data-end=\"1616\">Das Smaragd Oval Gr\u00fcn 2.31 Karat Paar zeigt die f\u00fcr Smaragde typischen nat\u00fcrlichen Einschl\u00fcsse, die als \u201eJardin\u201c bekannt sind und die Echtheit der Edelsteine best\u00e4tigen. Die \u00d6lbehandlung verbessert die optische Klarheit, ohne die nat\u00fcrliche Struktur zu ver\u00e4ndern.<\/p>\n<p data-start=\"1618\" data-end=\"1786\">Als abgestimmtes Paar sind diese Smaragde besonders wertvoll, da sie in Farbe, Gr\u00f6\u00dfe und Form harmonieren \u2013 eine wichtige Voraussetzung f\u00fcr hochwertige Schmuckst\u00fccke.<\/p>\n<p data-start=\"1788\" data-end=\"1992\">Das vorhandene Zertifikat (A10802) bietet zus\u00e4tzliche Sicherheit und macht dieses Set besonders attraktiv f\u00fcr anspruchsvolle K\u00e4ufer. Ideal geeignet f\u00fcr luxuri\u00f6se Ohrringe oder individuelle Schmuckdesigns.<\/p>\n<hr data-start=\"1443\" data-end=\"1446\" \/>\n<h4 data-start=\"1448\" data-end=\"1473\"><span class=\"ez-toc-section\" id=\"Mehr_uber_Smaragde\"><\/span>Mehr \u00fcber Smaragde<span class=\"ez-toc-section-end\"><\/span><\/h4>\n<p data-start=\"1475\" data-end=\"1668\"><a class=\"\" href=\"https:\/\/saphirsmaragd.com\/fi\/product-category\/heilsteine-kristalle-kaufen\/\" target=\"_new\" rel=\"noopener\" data-start=\"1571\" data-end=\"1668\">Parantavat kivet ja kristallit<\/a><\/p>\n<hr data-start=\"1670\" data-end=\"1673\" \/>\n<h4 data-start=\"1675\" data-end=\"1695\"><span class=\"ez-toc-section\" id=\"Weitere_Infos\"><\/span>Lis\u00e4tietoja<span class=\"ez-toc-section-end\"><\/span><\/h4>\n<p data-start=\"1697\" data-end=\"1801\"><a class=\"\" href=\"https:\/\/de.wikipedia.org\/wiki\/Smaragd\" target=\"_new\" rel=\"noopener\" data-start=\"1741\" data-end=\"1801\">Wikipedia \u2013 Smaragd<\/a><\/p>","protected":false},"excerpt":{"rendered":"<p data-start=\"419\" data-end=\"567\"><em>Smaragd Oval Gr\u00fcn 2.31 Karat Paar aus Sambia, nat\u00fcrlich und ge\u00f6lt. Zertifiziertes Smaragd-Paar mit intensiver gr\u00fcner Farbe \u2013 ideal f\u00fcr Ohrringe.<\/em><\/p>","protected":false},"featured_media":8495,"comment_status":"open","ping_status":"closed","template":"","meta":{"_glsr_average":0,"_glsr_ranking":0,"_glsr_reviews":0},"product_brand":[],"product_cat":[262],"product_tag":[],"class_list":{"0":"post-8494","1":"product","2":"type-product","3":"status-publish","4":"has-post-thumbnail","6":"product_cat-smaragd","7":"pa_edelsteinart-smaragd","8":"pa_farbe-gruen","9":"pa_form-oval","10":"pa_gewicht-karat-1-0-3-0-karat","11":"pa_herkunft-sambia","12":"pa_reinheit-deutliche-einschluesse","13":"pa_veredelung-behandlung-geoelt","14":"pa_zertifikat-ja","15":"pa_zustand-neu","17":"first","18":"instock","19":"sold-individually","20":"shipping-taxable","21":"purchasable","22":"product-type-simple","23":"add-to-wishlist-before_image"},"jetpack_sharing_enabled":true,"_links":{"self":[{"href":"https:\/\/saphirsmaragd.com\/fi\/wp-json\/wp\/v2\/product\/8494","targetHints":{"allow":["GET"]}}],"collection":[{"href":"https:\/\/saphirsmaragd.com\/fi\/wp-json\/wp\/v2\/product"}],"about":[{"href":"https:\/\/saphirsmaragd.com\/fi\/wp-json\/wp\/v2\/types\/product"}],"replies":[{"embeddable":true,"href":"https:\/\/saphirsmaragd.com\/fi\/wp-json\/wp\/v2\/comments?post=8494"}],"version-history":[{"count":1,"href":"https:\/\/saphirsmaragd.com\/fi\/wp-json\/wp\/v2\/product\/8494\/revisions"}],"predecessor-version":[{"id":8496,"href":"https:\/\/saphirsmaragd.com\/fi\/wp-json\/wp\/v2\/product\/8494\/revisions\/8496"}],"wp:featuredmedia":[{"embeddable":true,"href":"https:\/\/saphirsmaragd.com\/fi\/wp-json\/wp\/v2\/media\/8495"}],"wp:attachment":[{"href":"https:\/\/saphirsmaragd.com\/fi\/wp-json\/wp\/v2\/media?parent=8494"}],"wp:term":[{"taxonomy":"product_brand","embeddable":true,"href":"https:\/\/saphirsmaragd.com\/fi\/wp-json\/wp\/v2\/product_brand?post=8494"},{"taxonomy":"product_cat","embeddable":true,"href":"https:\/\/saphirsmaragd.com\/fi\/wp-json\/wp\/v2\/product_cat?post=8494"},{"taxonomy":"product_tag","embeddable":true,"href":"https:\/\/saphirsmaragd.com\/fi\/wp-json\/wp\/v2\/product_tag?post=8494"}],"curies":[{"name":"wp","href":"https:\/\/api.w.org\/{rel}","templated":true}]}}