{"id":8734,"date":"2026-05-04T12:11:37","date_gmt":"2026-05-04T12:11:37","guid":{"rendered":"https:\/\/saphirsmaragd.com\/?post_type=product&#038;p=8734"},"modified":"2026-05-04T12:13:37","modified_gmt":"2026-05-04T12:13:37","slug":"smaragd-tropfen-gruen-1-08-karat","status":"publish","type":"product","link":"https:\/\/saphirsmaragd.com\/fi\/tuote\/smaragd-tropfen-gruen-1-08-karat\/","title":{"rendered":"Smaragd Tropfen Gr\u00fcn 1.08 Karat aus Brasilien \u2013 Eleganter Tropfenschliff Edelstein"},"content":{"rendered":"<p data-start=\"823\" data-end=\"1069\">Der Smaragd Tropfen Gr\u00fcn 1.08 Karat aus Brasilien \u00fcberzeugt durch seine elegante Tropfenform und eine ausdrucksstarke gr\u00fcne Farbgebung. Mit \u00fcber einem Karat geh\u00f6rt dieser Edelstein zu den besonders begehrten Gr\u00f6\u00dfen im hochwertigen Schmuckbereich.<\/p>\n<hr data-start=\"1071\" data-end=\"1074\" \/>\n<div id=\"ez-toc-container\" class=\"ez-toc-v2_0_82_2 counter-hierarchy ez-toc-counter ez-toc-grey ez-toc-container-direction\">\n<div class=\"ez-toc-title-container\">\n<p class=\"ez-toc-title\" style=\"cursor:inherit\">Sis\u00e4llysluettelo<\/p>\n<span class=\"ez-toc-title-toggle\"><a href=\"#\" class=\"ez-toc-pull-right ez-toc-btn ez-toc-btn-xs ez-toc-btn-default ez-toc-toggle\" aria-label=\"Toggle Table of Content\"><span class=\"ez-toc-js-icon-con\"><span class=\"\"><span class=\"eztoc-hide\" style=\"display:none;\">Vaihda<\/span><span class=\"ez-toc-icon-toggle-span\"><svg style=\"fill: #999;color:#999\" xmlns=\"http:\/\/www.w3.org\/2000\/svg\" class=\"list-377408\" width=\"20px\" height=\"20px\" viewbox=\"0 0 24 24\" fill=\"none\"><path d=\"M6 6H4v2h2V6zm14 0H8v2h12V6zM4 11h2v2H4v-2zm16 0H8v2h12v-2zM4 16h2v2H4v-2zm16 0H8v2h12v-2z\" fill=\"currentColor\"><\/path><\/svg><svg style=\"fill: #999;color:#999\" class=\"arrow-unsorted-368013\" xmlns=\"http:\/\/www.w3.org\/2000\/svg\" width=\"10px\" height=\"10px\" viewbox=\"0 0 24 24\" version=\"1.2\" baseprofile=\"tiny\"><path d=\"M18.2 9.3l-6.2-6.3-6.2 6.3c-.2.2-.3.4-.3.7s.1.5.3.7c.2.2.4.3.7.3h11c.3 0 .5-.1.7-.3.2-.2.3-.5.3-.7s-.1-.5-.3-.7zM5.8 14.7l6.2 6.3 6.2-6.3c.2-.2.3-.5.3-.7s-.1-.5-.3-.7c-.2-.2-.4-.3-.7-.3h-11c-.3 0-.5.1-.7.3-.2.2-.3.5-.3.7s.1.5.3.7z\"\/><\/svg><\/span><\/span><\/span><\/a><\/span><\/div>\n<nav><ul class='ez-toc-list ez-toc-list-level-1' ><li class='ez-toc-page-1 ez-toc-heading-level-4'><a class=\"ez-toc-link ez-toc-heading-1\" href=\"https:\/\/saphirsmaragd.com\/fi\/tuote\/smaragd-tropfen-gruen-1-08-karat\/#Merkmale_Herkunft\" >Ominaisuudet ja alkuper\u00e4<\/a><\/li><li class='ez-toc-page-1 ez-toc-heading-level-4'><a class=\"ez-toc-link ez-toc-heading-2\" href=\"https:\/\/saphirsmaragd.com\/fi\/tuote\/smaragd-tropfen-gruen-1-08-karat\/#Besonderheiten\" >Erityisominaisuudet<\/a><\/li><li class='ez-toc-page-1 ez-toc-heading-level-4'><a class=\"ez-toc-link ez-toc-heading-3\" href=\"https:\/\/saphirsmaragd.com\/fi\/tuote\/smaragd-tropfen-gruen-1-08-karat\/#Mehr_uber_Heilsteine_Kristalle\" >Mehr \u00fcber Heilsteine &amp; Kristalle<\/a><\/li><li class='ez-toc-page-1 ez-toc-heading-level-4'><a class=\"ez-toc-link ez-toc-heading-4\" href=\"https:\/\/saphirsmaragd.com\/fi\/tuote\/smaragd-tropfen-gruen-1-08-karat\/#Weitere_Infos\" >Lis\u00e4tietoja<\/a><\/li><\/ul><\/nav><\/div>\n<h4 data-start=\"1076\" data-end=\"1102\"><span class=\"ez-toc-section\" id=\"Merkmale_Herkunft\"><\/span>Ominaisuudet ja alkuper\u00e4<span class=\"ez-toc-section-end\"><\/span><\/h4>\n<p data-start=\"1104\" data-end=\"1340\">Steinart: Smaragd<br data-start=\"1121\" data-end=\"1124\" \/>V\u00e4ri: vihre\u00e4<br data-start=\"1135\" data-end=\"1138\" \/>Muoto: Pisarat<br data-start=\"1151\" data-end=\"1154\" \/>Gewicht: 1.08 Karat<br data-start=\"1173\" data-end=\"1176\" \/>Abmessungen: ca. 8.3 x 6.3 mm<br data-start=\"1205\" data-end=\"1208\" \/>Alkuper\u00e4: Brasilia<br data-start=\"1227\" data-end=\"1230\" \/>Puhtaus: pienet sulkeumat<br data-start=\"1258\" data-end=\"1261\" \/>Behandlung: Ge\u00f6lt<br data-start=\"1278\" data-end=\"1281\" \/>Beobachtung: Nat\u00fcrlich<br data-start=\"1303\" data-end=\"1306\" \/>Mohs-H\u00e4rte: 7.5\u20138<br data-start=\"1323\" data-end=\"1326\" \/>Kunto: Uusi<\/p>\n<hr data-start=\"1342\" data-end=\"1345\" \/>\n<h4 data-start=\"1347\" data-end=\"1368\"><span class=\"ez-toc-section\" id=\"Besonderheiten\"><\/span>Erityisominaisuudet<span class=\"ez-toc-section-end\"><\/span><\/h4>\n<p data-start=\"1370\" data-end=\"1590\">Der Smaragd Tropfen Gr\u00fcn 1.08 Karat z\u00e4hlt zu den besonders attraktiven Edelsteinen, da die Tropfenform Eleganz und Dynamik kombiniert. Diese Form wird h\u00e4ufig f\u00fcr Anh\u00e4nger verwendet und wirkt besonders edel und feminin.<\/p>\n<p data-start=\"1592\" data-end=\"1794\">Mit \u00fcber 1 Karat hebt sich dieser Smaragd deutlich von kleineren Steinen ab und bietet eine starke visuelle Pr\u00e4senz. Gleichzeitig bleibt er durch seine ausgewogenen Proportionen vielseitig einsetzbar.<\/p>\n<p data-start=\"1796\" data-end=\"2015\">Brasilianische Smaragde sind bekannt f\u00fcr ihre lebendige Farbe und gute Lichtreflexion. Sie bieten eine attraktive Alternative zu afrikanischen Herkunftsl\u00e4ndern und erm\u00f6glichen eine differenzierte Auswahl im Sortiment.<\/p>\n<hr data-start=\"1670\" data-end=\"1673\" \/>\n<h4 data-start=\"1448\" data-end=\"1473\"><span class=\"ez-toc-section\" id=\"Mehr_uber_Heilsteine_Kristalle\"><\/span>Mehr \u00fcber Heilsteine &amp; Kristalle<span class=\"ez-toc-section-end\"><\/span><\/h4>\n<p data-start=\"1475\" data-end=\"1668\"><a class=\"\" href=\"https:\/\/saphirsmaragd.com\/fi\/product-category\/heilsteine-kristalle-kaufen\/\" target=\"_new\" rel=\"noopener\" data-start=\"1571\" data-end=\"1668\">Parantavat kivet ja kristallit<\/a><\/p>\n<hr data-start=\"1670\" data-end=\"1673\" \/>\n<h4 data-start=\"1675\" data-end=\"1695\"><span class=\"ez-toc-section\" id=\"Weitere_Infos\"><\/span>Lis\u00e4tietoja<span class=\"ez-toc-section-end\"><\/span><\/h4>\n<p data-start=\"1697\" data-end=\"1801\"><a class=\"\" href=\"https:\/\/de.wikipedia.org\/wiki\/Smaragd\" target=\"_new\" rel=\"noopener\" data-start=\"1741\" data-end=\"1801\">Wikipedia \u2013 Smaragd<\/a><\/p>","protected":false},"excerpt":{"rendered":"<p data-start=\"509\" data-end=\"643\"><em>Smaragd Tropfen Gr\u00fcn 1.08 Karat aus Brasilien, ge\u00f6lt. Eleganter Tropfenschliff mit intensiver gr\u00fcner Farbe f\u00fcr edle Schmuckst\u00fccke.<\/em><\/p>","protected":false},"featured_media":8735,"comment_status":"open","ping_status":"closed","template":"","meta":{"_glsr_average":0,"_glsr_ranking":0,"_glsr_reviews":0},"product_brand":[],"product_cat":[262],"product_tag":[],"class_list":{"0":"post-8734","1":"product","2":"type-product","3":"status-publish","4":"has-post-thumbnail","6":"product_cat-smaragd","7":"pa_edelsteinart-smaragd","8":"pa_farbe-gruen","9":"pa_form-tropfen","10":"pa_gewicht-karat-1-0-3-0-karat","11":"pa_herkunft-sambia","12":"pa_reinheit-deutliche-einschluesse","13":"pa_veredelung-behandlung-geoelt","14":"pa_zustand-neu","16":"first","17":"instock","18":"sold-individually","19":"taxable","20":"shipping-taxable","21":"purchasable","22":"product-type-simple","23":"add-to-wishlist-before_image"},"jetpack_sharing_enabled":true,"_links":{"self":[{"href":"https:\/\/saphirsmaragd.com\/fi\/wp-json\/wp\/v2\/product\/8734","targetHints":{"allow":["GET"]}}],"collection":[{"href":"https:\/\/saphirsmaragd.com\/fi\/wp-json\/wp\/v2\/product"}],"about":[{"href":"https:\/\/saphirsmaragd.com\/fi\/wp-json\/wp\/v2\/types\/product"}],"replies":[{"embeddable":true,"href":"https:\/\/saphirsmaragd.com\/fi\/wp-json\/wp\/v2\/comments?post=8734"}],"version-history":[{"count":1,"href":"https:\/\/saphirsmaragd.com\/fi\/wp-json\/wp\/v2\/product\/8734\/revisions"}],"predecessor-version":[{"id":8736,"href":"https:\/\/saphirsmaragd.com\/fi\/wp-json\/wp\/v2\/product\/8734\/revisions\/8736"}],"wp:featuredmedia":[{"embeddable":true,"href":"https:\/\/saphirsmaragd.com\/fi\/wp-json\/wp\/v2\/media\/8735"}],"wp:attachment":[{"href":"https:\/\/saphirsmaragd.com\/fi\/wp-json\/wp\/v2\/media?parent=8734"}],"wp:term":[{"taxonomy":"product_brand","embeddable":true,"href":"https:\/\/saphirsmaragd.com\/fi\/wp-json\/wp\/v2\/product_brand?post=8734"},{"taxonomy":"product_cat","embeddable":true,"href":"https:\/\/saphirsmaragd.com\/fi\/wp-json\/wp\/v2\/product_cat?post=8734"},{"taxonomy":"product_tag","embeddable":true,"href":"https:\/\/saphirsmaragd.com\/fi\/wp-json\/wp\/v2\/product_tag?post=8734"}],"curies":[{"name":"wp","href":"https:\/\/api.w.org\/{rel}","templated":true}]}}