{"id":8821,"date":"2026-05-15T19:26:23","date_gmt":"2026-05-15T19:26:23","guid":{"rendered":"https:\/\/saphirsmaragd.com\/?post_type=product&#038;p=8821"},"modified":"2026-05-15T19:37:26","modified_gmt":"2026-05-15T19:37:26","slug":"smaragd-oval-gruen-0-67-karat-aus-sambia","status":"publish","type":"product","link":"https:\/\/saphirsmaragd.com\/fi\/tuote\/smaragd-oval-gruen-0-67-karat-aus-sambia\/","title":{"rendered":"Smaragd Oval Gr\u00fcn 0.67 Karat aus Sambia \u2013 Nat\u00fcrlicher Edelstein mit hochwertigem Ovalschliff"},"content":{"rendered":"<div id=\"ez-toc-container\" class=\"ez-toc-v2_0_83 counter-hierarchy ez-toc-counter ez-toc-grey ez-toc-container-direction\">\n<div class=\"ez-toc-title-container\">\n<p class=\"ez-toc-title\" style=\"cursor:inherit\">Sis\u00e4llysluettelo<\/p>\n<span class=\"ez-toc-title-toggle\"><a href=\"#\" class=\"ez-toc-pull-right ez-toc-btn ez-toc-btn-xs ez-toc-btn-default ez-toc-toggle\" aria-label=\"Toggle Table of Content\"><span class=\"ez-toc-js-icon-con\"><span class=\"\"><span class=\"eztoc-hide\" style=\"display:none;\">Vaihda<\/span><span class=\"ez-toc-icon-toggle-span\"><svg style=\"fill: #999;color:#999\" xmlns=\"http:\/\/www.w3.org\/2000\/svg\" class=\"list-377408\" width=\"20px\" height=\"20px\" viewbox=\"0 0 24 24\" fill=\"none\"><path d=\"M6 6H4v2h2V6zm14 0H8v2h12V6zM4 11h2v2H4v-2zm16 0H8v2h12v-2zM4 16h2v2H4v-2zm16 0H8v2h12v-2z\" fill=\"currentColor\"><\/path><\/svg><svg style=\"fill: #999;color:#999\" class=\"arrow-unsorted-368013\" xmlns=\"http:\/\/www.w3.org\/2000\/svg\" width=\"10px\" height=\"10px\" viewbox=\"0 0 24 24\" version=\"1.2\" baseprofile=\"tiny\"><path d=\"M18.2 9.3l-6.2-6.3-6.2 6.3c-.2.2-.3.4-.3.7s.1.5.3.7c.2.2.4.3.7.3h11c.3 0 .5-.1.7-.3.2-.2.3-.5.3-.7s-.1-.5-.3-.7zM5.8 14.7l6.2 6.3 6.2-6.3c.2-.2.3-.5.3-.7s-.1-.5-.3-.7c-.2-.2-.4-.3-.7-.3h-11c-.3 0-.5.1-.7.3-.2.2-.3.5-.3.7s.1.5.3.7z\"\/><\/svg><\/span><\/span><\/span><\/a><\/span><\/div>\n<nav><ul class='ez-toc-list ez-toc-list-level-1' ><li class='ez-toc-page-1 ez-toc-heading-level-4'><a class=\"ez-toc-link ez-toc-heading-1\" href=\"https:\/\/saphirsmaragd.com\/fi\/tuote\/smaragd-oval-gruen-0-67-karat-aus-sambia\/#Smaragd_Oval_Grun_067_Karat\" >Smaragd Oval Gr\u00fcn 0.67 Karat<\/a><\/li><li class='ez-toc-page-1 ez-toc-heading-level-4'><a class=\"ez-toc-link ez-toc-heading-2\" href=\"https:\/\/saphirsmaragd.com\/fi\/tuote\/smaragd-oval-gruen-0-67-karat-aus-sambia\/#Merkmale_Herkunft\" >Ominaisuudet ja alkuper\u00e4<\/a><\/li><li class='ez-toc-page-1 ez-toc-heading-level-4'><a class=\"ez-toc-link ez-toc-heading-3\" href=\"https:\/\/saphirsmaragd.com\/fi\/tuote\/smaragd-oval-gruen-0-67-karat-aus-sambia\/#Besonderheiten_zu_Smaragd_Oval_Grun_067_Karat\" >Besonderheiten zu Smaragd Oval Gr\u00fcn 0.67 Karat<\/a><\/li><li class='ez-toc-page-1 ez-toc-heading-level-4'><a class=\"ez-toc-link ez-toc-heading-4\" href=\"https:\/\/saphirsmaragd.com\/fi\/tuote\/smaragd-oval-gruen-0-67-karat-aus-sambia\/#Mehr_uber_Heilsteine_Kristalle\" >Mehr \u00fcber Heilsteine &amp; Kristalle<\/a><\/li><li class='ez-toc-page-1 ez-toc-heading-level-4'><a class=\"ez-toc-link ez-toc-heading-5\" href=\"https:\/\/saphirsmaragd.com\/fi\/tuote\/smaragd-oval-gruen-0-67-karat-aus-sambia\/#Weitere_Infos\" >Lis\u00e4tietoja<\/a><\/li><\/ul><\/nav><\/div>\n<h4 data-start=\"550\" data-end=\"583\"><span class=\"ez-toc-section\" id=\"Smaragd_Oval_Grun_067_Karat\"><\/span>Smaragd Oval Gr\u00fcn 0.67 Karat<span class=\"ez-toc-section-end\"><\/span><\/h4>\n<p data-start=\"585\" data-end=\"831\">Dieser nat\u00fcrliche Edelstein aus Sambia beeindruckt durch seine lebendige gr\u00fcne Farbwirkung und seine harmonische ovale Form. Der klassische Ovalschliff sorgt f\u00fcr eine elegante Erscheinung und eignet sich hervorragend f\u00fcr exklusive Schmuckdesigns.<\/p>\n<hr data-start=\"833\" data-end=\"836\" \/>\n<h4 data-start=\"838\" data-end=\"862\"><span class=\"ez-toc-section\" id=\"Merkmale_Herkunft\"><\/span>Ominaisuudet ja alkuper\u00e4<span class=\"ez-toc-section-end\"><\/span><\/h4>\n<p data-start=\"864\" data-end=\"1093\">Steinart: Smaragd<br data-start=\"881\" data-end=\"884\" \/>V\u00e4ri: vihre\u00e4<br data-start=\"895\" data-end=\"898\" \/>Muoto: Ovaali<br data-start=\"908\" data-end=\"911\" \/>Gewicht: 0.67 Karat<br data-start=\"930\" data-end=\"933\" \/>Abmessungen: 6.9 x 4.8 mm<br data-start=\"958\" data-end=\"961\" \/>Herkunft: Sambia<br data-start=\"977\" data-end=\"980\" \/>Reinheit: Deutliche Einschl\u00fcsse<br data-start=\"1011\" data-end=\"1014\" \/>Behandlung: Ge\u00f6lt<br data-start=\"1031\" data-end=\"1034\" \/>Beobachtung: Nat\u00fcrlich<br data-start=\"1056\" data-end=\"1059\" \/>Mohs-H\u00e4rte: 7.5\u20138<br data-start=\"1076\" data-end=\"1079\" \/>Kunto: Uusi<\/p>\n<hr data-start=\"1095\" data-end=\"1098\" \/>\n<h4 data-start=\"1100\" data-end=\"1151\"><span class=\"ez-toc-section\" id=\"Besonderheiten_zu_Smaragd_Oval_Grun_067_Karat\"><\/span>Besonderheiten zu Smaragd Oval Gr\u00fcn 0.67 Karat<span class=\"ez-toc-section-end\"><\/span><\/h4>\n<p data-start=\"1153\" data-end=\"1378\">Der Ovalschliff geh\u00f6rt zu den beliebtesten Edelsteinformen im hochwertigen Schmuckbereich. Durch seine ausgewogenen Proportionen entsteht eine harmonische Lichtreflexion, wodurch der Edelstein optisch besonders elegant wirkt.<\/p>\n<p data-start=\"1380\" data-end=\"1603\">Smaragde aus Sambia sind weltweit f\u00fcr ihre intensive gr\u00fcne Farbgebung und ihre nat\u00fcrliche Struktur bekannt. Die ge\u00f6lte Behandlung unterst\u00fctzt zus\u00e4tzlich die Tiefenwirkung und hebt die nat\u00fcrliche Sch\u00f6nheit des Steins hervor.<\/p>\n<p data-start=\"1605\" data-end=\"1761\">Der Smaragd Oval Gr\u00fcn 0.67 Karat eignet sich hervorragend f\u00fcr exklusive Ringfassungen, Anh\u00e4nger und individuelle Schmuckanfertigungen mit zeitloser Eleganz.<\/p>\n<hr data-start=\"1670\" data-end=\"1673\" \/>\n<h4 data-start=\"1448\" data-end=\"1473\"><span class=\"ez-toc-section\" id=\"Mehr_uber_Heilsteine_Kristalle\"><\/span>Mehr \u00fcber Heilsteine &amp; Kristalle<span class=\"ez-toc-section-end\"><\/span><\/h4>\n<p data-start=\"1475\" data-end=\"1668\"><a class=\"\" href=\"https:\/\/saphirsmaragd.com\/fi\/product-category\/heilsteine-kristalle-kaufen\/\" target=\"_new\" rel=\"noopener\" data-start=\"1571\" data-end=\"1668\">Parantavat kivet ja kristallit<\/a><\/p>\n<hr data-start=\"1670\" data-end=\"1673\" \/>\n<h4 data-start=\"1675\" data-end=\"1695\"><span class=\"ez-toc-section\" id=\"Weitere_Infos\"><\/span>Lis\u00e4tietoja<span class=\"ez-toc-section-end\"><\/span><\/h4>\n<p data-start=\"1697\" data-end=\"1801\"><a class=\"\" href=\"https:\/\/de.wikipedia.org\/wiki\/Smaragd\" target=\"_new\" rel=\"noopener\" data-start=\"1741\" data-end=\"1801\">Wikipedia \u2013 Smaragd<\/a><\/p>","protected":false},"excerpt":{"rendered":"<p data-start=\"245\" data-end=\"419\"><em>Smaragd Oval Gr\u00fcn 0.67 Karat aus Sambia mit ge\u00f6lter Veredelung. Nat\u00fcrlicher Edelstein mit intensiver gr\u00fcner Farbe und elegantem Ovalschliff f\u00fcr hochwertige Schmuckkreationen.<\/em><\/p>","protected":false},"featured_media":8823,"comment_status":"open","ping_status":"closed","template":"","meta":{"_glsr_average":0,"_glsr_ranking":0,"_glsr_reviews":0},"product_brand":[],"product_cat":[262],"product_tag":[],"class_list":{"0":"post-8821","1":"product","2":"type-product","3":"status-publish","4":"has-post-thumbnail","6":"product_cat-smaragd","7":"pa_edelsteinart-smaragd","8":"pa_farbe-gruen","9":"pa_form-oval","10":"pa_gewicht-karat-0-5-1-0-karat","11":"pa_herkunft-sambia","12":"pa_reinheit-deutliche-einschluesse","13":"pa_veredelung-behandlung-geoelt","14":"pa_zustand-neu","16":"first","17":"instock","18":"sold-individually","19":"shipping-taxable","20":"purchasable","21":"product-type-simple","22":"add-to-wishlist-before_image"},"jetpack_sharing_enabled":true,"_links":{"self":[{"href":"https:\/\/saphirsmaragd.com\/fi\/wp-json\/wp\/v2\/product\/8821","targetHints":{"allow":["GET"]}}],"collection":[{"href":"https:\/\/saphirsmaragd.com\/fi\/wp-json\/wp\/v2\/product"}],"about":[{"href":"https:\/\/saphirsmaragd.com\/fi\/wp-json\/wp\/v2\/types\/product"}],"replies":[{"embeddable":true,"href":"https:\/\/saphirsmaragd.com\/fi\/wp-json\/wp\/v2\/comments?post=8821"}],"version-history":[{"count":1,"href":"https:\/\/saphirsmaragd.com\/fi\/wp-json\/wp\/v2\/product\/8821\/revisions"}],"predecessor-version":[{"id":8824,"href":"https:\/\/saphirsmaragd.com\/fi\/wp-json\/wp\/v2\/product\/8821\/revisions\/8824"}],"wp:featuredmedia":[{"embeddable":true,"href":"https:\/\/saphirsmaragd.com\/fi\/wp-json\/wp\/v2\/media\/8823"}],"wp:attachment":[{"href":"https:\/\/saphirsmaragd.com\/fi\/wp-json\/wp\/v2\/media?parent=8821"}],"wp:term":[{"taxonomy":"product_brand","embeddable":true,"href":"https:\/\/saphirsmaragd.com\/fi\/wp-json\/wp\/v2\/product_brand?post=8821"},{"taxonomy":"product_cat","embeddable":true,"href":"https:\/\/saphirsmaragd.com\/fi\/wp-json\/wp\/v2\/product_cat?post=8821"},{"taxonomy":"product_tag","embeddable":true,"href":"https:\/\/saphirsmaragd.com\/fi\/wp-json\/wp\/v2\/product_tag?post=8821"}],"curies":[{"name":"wp","href":"https:\/\/api.w.org\/{rel}","templated":true}]}}