{"id":1134,"date":"2025-06-30T14:12:07","date_gmt":"2025-06-30T14:12:07","guid":{"rendered":"https:\/\/saphirsmaragd.com\/product\/gift-card\/"},"modified":"2026-02-14T10:19:16","modified_gmt":"2026-02-14T10:19:16","slug":"gutscheinkarte","status":"publish","type":"product","link":"https:\/\/saphirsmaragd.com\/fr\/produit\/gutscheinkarte\/","title":{"rendered":"carte de bon d&#039;achat"},"content":{"rendered":"<p data-start=\"505\" data-end=\"825\"><strong data-start=\"505\" data-end=\"534\">Ein Geschenk, das gl\u00e4nzt.<\/strong><br data-start=\"534\" data-end=\"537\" \/>Der Saphir &amp; Smaragd Geschenkgutschein ist die perfekte Wahl f\u00fcr alle, die edle Steine, magische Momente und besonderen Stil sch\u00e4tzen. Ob als liebevolle Geste, feierlicher Anlass oder dezenter Hinweis auf Wertsch\u00e4tzung \u2013 dieser Gutschein bietet individuelle Freiheit und elegantes Design.<\/p>\n<p data-start=\"827\" data-end=\"839\"><strong data-start=\"827\" data-end=\"839\">Details:<\/strong><\/p>\n<ul data-start=\"840\" data-end=\"1104\">\n<li data-start=\"840\" data-end=\"881\">\n<p data-start=\"842\" data-end=\"881\">Erh\u00e4ltlich in 10\u202f\u20ac, 25\u202f\u20ac, 50\u202f\u20ac, 100\u202f\u20ac<\/p>\n<\/li>\n<li data-start=\"882\" data-end=\"958\">\n<p data-start=\"884\" data-end=\"958\">Sofort digital verf\u00fcgbar oder auf Wunsch als stilvoll gedruckte Variante<\/p>\n<\/li>\n<li data-start=\"959\" data-end=\"1019\">\n<p data-start=\"961\" data-end=\"1019\">Einl\u00f6sbar auf das gesamte Sortiment von Saphir &amp; Smaragd<\/p>\n<\/li>\n<li data-start=\"1020\" data-end=\"1042\">\n<p data-start=\"1022\" data-end=\"1042\">Kein Verfallsdatum<\/p>\n<\/li>\n<li data-start=\"1043\" data-end=\"1104\">\n<p data-start=\"1045\" data-end=\"1104\">Ideal f\u00fcr Sammler<em data-start=\"1062\" data-end=\"1099\">innen, Spirituelle, Designliebhaber<\/em>innen<\/p>\n<\/li>\n<\/ul>\n<p data-start=\"1106\" data-end=\"1181\"><strong data-start=\"1106\" data-end=\"1115\">Tipp:<\/strong> Eine pers\u00f6nliche Botschaft kann beim Checkout hinzugef\u00fcgt werden.<\/p>","protected":false},"excerpt":{"rendered":"<p data-start=\"283\" data-end=\"461\"><em>Mit dem Saphir &amp; Smaragd Geschenkgutschein schenken Sie zeitlose Eleganz \u2013 ideal f\u00fcr Geburtstage, Jubil\u00e4en oder als stilvolle \u00dcberraschung.<\/em><\/p>","protected":false},"featured_media":1141,"comment_status":"open","ping_status":"closed","template":"","meta":{"_glsr_average":0,"_glsr_ranking":0,"_glsr_reviews":0},"product_brand":[],"product_cat":[208],"product_tag":[],"class_list":{"0":"post-1134","1":"product","2":"type-product","3":"status-publish","4":"has-post-thumbnail","6":"product_cat-gutscheinkarte","8":"first","9":"instock","10":"purchasable","11":"product-type-pw-gift-card","12":"add-to-wishlist-before_image"},"jetpack_sharing_enabled":true,"_links":{"self":[{"href":"https:\/\/saphirsmaragd.com\/fr\/wp-json\/wp\/v2\/product\/1134","targetHints":{"allow":["GET"]}}],"collection":[{"href":"https:\/\/saphirsmaragd.com\/fr\/wp-json\/wp\/v2\/product"}],"about":[{"href":"https:\/\/saphirsmaragd.com\/fr\/wp-json\/wp\/v2\/types\/product"}],"replies":[{"embeddable":true,"href":"https:\/\/saphirsmaragd.com\/fr\/wp-json\/wp\/v2\/comments?post=1134"}],"version-history":[{"count":1,"href":"https:\/\/saphirsmaragd.com\/fr\/wp-json\/wp\/v2\/product\/1134\/revisions"}],"predecessor-version":[{"id":1361,"href":"https:\/\/saphirsmaragd.com\/fr\/wp-json\/wp\/v2\/product\/1134\/revisions\/1361"}],"wp:featuredmedia":[{"embeddable":true,"href":"https:\/\/saphirsmaragd.com\/fr\/wp-json\/wp\/v2\/media\/1141"}],"wp:attachment":[{"href":"https:\/\/saphirsmaragd.com\/fr\/wp-json\/wp\/v2\/media?parent=1134"}],"wp:term":[{"taxonomy":"product_brand","embeddable":true,"href":"https:\/\/saphirsmaragd.com\/fr\/wp-json\/wp\/v2\/product_brand?post=1134"},{"taxonomy":"product_cat","embeddable":true,"href":"https:\/\/saphirsmaragd.com\/fr\/wp-json\/wp\/v2\/product_cat?post=1134"},{"taxonomy":"product_tag","embeddable":true,"href":"https:\/\/saphirsmaragd.com\/fr\/wp-json\/wp\/v2\/product_tag?post=1134"}],"curies":[{"name":"wp","href":"https:\/\/api.w.org\/{rel}","templated":true}]}}