{"id":1459,"date":"2025-07-09T14:18:43","date_gmt":"2025-07-09T14:18:43","guid":{"rendered":"https:\/\/saphirsmaragd.com\/?post_type=product&#038;p=1459"},"modified":"2025-12-29T19:05:46","modified_gmt":"2025-12-29T19:05:46","slug":"saphir-cushion-0-38-karat","status":"publish","type":"product","link":"https:\/\/saphirsmaragd.com\/fr\/produit\/saphir-cushion-0-38-karat\/","title":{"rendered":"Saphir Cushion 0.38 Karat \u2013 Nat\u00fcrlicher blauer Kissenschliff-Saphir"},"content":{"rendered":"<div id=\"ez-toc-container\" class=\"ez-toc-v2_0_82_2 counter-hierarchy ez-toc-counter ez-toc-grey ez-toc-container-direction\">\n<div class=\"ez-toc-title-container\">\n<p class=\"ez-toc-title\" style=\"cursor:inherit\">Table des mati\u00e8res<\/p>\n<span class=\"ez-toc-title-toggle\"><a href=\"#\" class=\"ez-toc-pull-right ez-toc-btn ez-toc-btn-xs ez-toc-btn-default ez-toc-toggle\" aria-label=\"Toggle Table of Content\"><span class=\"ez-toc-js-icon-con\"><span class=\"\"><span class=\"eztoc-hide\" style=\"display:none;\">Basculer<\/span><span class=\"ez-toc-icon-toggle-span\"><svg style=\"fill: #999;color:#999\" xmlns=\"http:\/\/www.w3.org\/2000\/svg\" class=\"list-377408\" width=\"20px\" height=\"20px\" viewbox=\"0 0 24 24\" fill=\"none\"><path d=\"M6 6H4v2h2V6zm14 0H8v2h12V6zM4 11h2v2H4v-2zm16 0H8v2h12v-2zM4 16h2v2H4v-2zm16 0H8v2h12v-2z\" fill=\"currentColor\"><\/path><\/svg><svg style=\"fill: #999;color:#999\" class=\"arrow-unsorted-368013\" xmlns=\"http:\/\/www.w3.org\/2000\/svg\" width=\"10px\" height=\"10px\" viewbox=\"0 0 24 24\" version=\"1.2\" baseprofile=\"tiny\"><path d=\"M18.2 9.3l-6.2-6.3-6.2 6.3c-.2.2-.3.4-.3.7s.1.5.3.7c.2.2.4.3.7.3h11c.3 0 .5-.1.7-.3.2-.2.3-.5.3-.7s-.1-.5-.3-.7zM5.8 14.7l6.2 6.3 6.2-6.3c.2-.2.3-.5.3-.7s-.1-.5-.3-.7c-.2-.2-.4-.3-.7-.3h-11c-.3 0-.5.1-.7.3-.2.2-.3.5-.3.7s.1.5.3.7z\"\/><\/svg><\/span><\/span><\/span><\/a><\/span><\/div>\n<nav><ul class='ez-toc-list ez-toc-list-level-1' ><li class='ez-toc-page-1 ez-toc-heading-level-4'><a class=\"ez-toc-link ez-toc-heading-1\" href=\"https:\/\/saphirsmaragd.com\/fr\/produit\/saphir-cushion-0-38-karat\/#Saphir_Cushion_038_Karat\" >Saphir Cushion 0.38 Karat<\/a><\/li><li class='ez-toc-page-1 ez-toc-heading-level-4'><a class=\"ez-toc-link ez-toc-heading-2\" href=\"https:\/\/saphirsmaragd.com\/fr\/produit\/saphir-cushion-0-38-karat\/#Merkmale_Herkunft\" >Caract\u00e9ristiques et origine<\/a><\/li><li class='ez-toc-page-1 ez-toc-heading-level-4'><a class=\"ez-toc-link ez-toc-heading-3\" href=\"https:\/\/saphirsmaragd.com\/fr\/produit\/saphir-cushion-0-38-karat\/#Besonderheiten\" >Caract\u00e9ristiques sp\u00e9ciales<\/a><\/li><li class='ez-toc-page-1 ez-toc-heading-level-4'><a class=\"ez-toc-link ez-toc-heading-4\" href=\"https:\/\/saphirsmaragd.com\/fr\/produit\/saphir-cushion-0-38-karat\/#Mehr_uber_Saphire\" >Mehr \u00fcber Saphire<\/a><\/li><li class='ez-toc-page-1 ez-toc-heading-level-4'><a class=\"ez-toc-link ez-toc-heading-5\" href=\"https:\/\/saphirsmaragd.com\/fr\/produit\/saphir-cushion-0-38-karat\/#Weitere_Infos\" >Informations compl\u00e9mentaires<\/a><\/li><\/ul><\/nav><\/div>\n<h4 data-start=\"717\" data-end=\"799\"><span class=\"ez-toc-section\" id=\"Saphir_Cushion_038_Karat\"><\/span>Saphir Cushion 0.38 Karat<span class=\"ez-toc-section-end\"><\/span><\/h4>\n<p data-start=\"800\" data-end=\"903\">Ein nat\u00fcrlicher Saphir-Cushion 0.38 Karat Edelstein mit intensiver Farbe und hoher Reinheit \u2013 perfekt f\u00fcr elegante Schmuckst\u00fccke.<\/p>\n<hr data-start=\"905\" data-end=\"908\" \/>\n<h4 data-start=\"910\" data-end=\"938\"><span class=\"ez-toc-section\" id=\"Merkmale_Herkunft\"><\/span>Caract\u00e9ristiques et origine<span class=\"ez-toc-section-end\"><\/span><\/h4>\n<p>Edelsteinart: Saphir<br data-start=\"952\" data-end=\"955\" \/>Farbe: Blau<br data-start=\"966\" data-end=\"969\" \/>Form: Cushion<br data-start=\"982\" data-end=\"985\" \/>Ma\u00dfe: ca. 4 mm<br data-start=\"1021\" data-end=\"1024\" \/>Gewicht: 0.38 Karat<br data-start=\"1040\" data-end=\"1043\" \/>Reinheit: Lupenrein \u2013 sichtbar rein mit blo\u00dfem Auge<br data-start=\"1125\" data-end=\"1128\" \/>Traitement : Non trait\u00e9<br data-start=\"1151\" data-end=\"1154\" \/>\u00c9tat : Neuf<br data-start=\"1166\" data-end=\"1169\" \/>Zertifikat: Ja (z.\u202fB. GIA, DSEF, Gem-A)<\/p>\n<hr data-start=\"1243\" data-end=\"1246\" \/>\n<h4 data-start=\"1248\" data-end=\"1271\"><span class=\"ez-toc-section\" id=\"Besonderheiten\"><\/span>Caract\u00e9ristiques sp\u00e9ciales<span class=\"ez-toc-section-end\"><\/span><\/h4>\n<p data-start=\"1272\" data-end=\"1566\">Dieser wundersch\u00f6ne, facettierte Kissenschliff-Saphir mit 4 mm Durchmesser beeindruckt durch seine tiefblaue Farbe und hohe Reinheit. Dank seiner nat\u00fcrlichen Herkunft und unbehandelten Qualit\u00e4t ist er ideal f\u00fcr hochwertigen Schmuck geeignet \u2013 ob Ring, Anh\u00e4nger oder individuelle Ma\u00dfanfertigung.<\/p>\n<hr data-start=\"1568\" data-end=\"1571\" \/>\n<h4 data-start=\"1573\" data-end=\"1599\"><span class=\"ez-toc-section\" id=\"Mehr_uber_Saphire\"><\/span>Mehr \u00fcber Saphire<span class=\"ez-toc-section-end\"><\/span><\/h4>\n<p data-start=\"1600\" data-end=\"1772\"><a class=\"\" href=\"https:\/\/saphirsmaragd.com\/fr\/product-category\/heilsteine-kristalle-kaufen\/\" target=\"_new\" rel=\"noopener\" data-start=\"1675\" data-end=\"1772\">Pierres et cristaux de gu\u00e9rison<\/a><\/p>\n<hr data-start=\"1774\" data-end=\"1777\" \/>\n<h4 data-start=\"1779\" data-end=\"1801\"><span class=\"ez-toc-section\" id=\"Weitere_Infos\"><\/span>Informations compl\u00e9mentaires<span class=\"ez-toc-section-end\"><\/span><\/h4>\n<p data-start=\"1802\" data-end=\"1860\"><a class=\"\" href=\"https:\/\/de.wikipedia.org\/wiki\/Saphir\" target=\"_new\" rel=\"noopener\" data-start=\"1802\" data-end=\"1860\">Saphir \u2013 Wikipedia<\/a><\/p>","protected":false},"excerpt":{"rendered":"<p data-start=\"445\" data-end=\"583\"><em>Saphir Cushion 0.38 Karat \u2013 Nat\u00fcrlicher, unbehandelter Saphir im Kissenschliff mit intensiver blauer Farbe. Perfekt f\u00fcr hochwertigen Schmuck.<\/em><\/p>\n<p data-start=\"378\" data-end=\"474\">","protected":false},"featured_media":1462,"comment_status":"open","ping_status":"closed","template":"","meta":{"_glsr_average":0,"_glsr_ranking":0,"_glsr_reviews":0},"product_brand":[],"product_cat":[74],"product_tag":[],"class_list":{"0":"post-1459","1":"product","2":"type-product","3":"status-publish","4":"has-post-thumbnail","6":"product_cat-saphire-kaufen","7":"pa_edelsteinart-saphir","8":"pa_farbe-blau","9":"pa_form-cushion","10":"pa_gewicht-karat-0-1-0-5-karat","11":"pa_reinheit-lupenrein","12":"pa_veredelung-behandlung-unbehandelt","13":"pa_zertifikat-ja","14":"pa_zustand-neu","16":"first","17":"instock","18":"sold-individually","19":"shipping-taxable","20":"purchasable","21":"product-type-simple","22":"add-to-wishlist-before_image"},"jetpack_sharing_enabled":true,"_links":{"self":[{"href":"https:\/\/saphirsmaragd.com\/fr\/wp-json\/wp\/v2\/product\/1459","targetHints":{"allow":["GET"]}}],"collection":[{"href":"https:\/\/saphirsmaragd.com\/fr\/wp-json\/wp\/v2\/product"}],"about":[{"href":"https:\/\/saphirsmaragd.com\/fr\/wp-json\/wp\/v2\/types\/product"}],"replies":[{"embeddable":true,"href":"https:\/\/saphirsmaragd.com\/fr\/wp-json\/wp\/v2\/comments?post=1459"}],"version-history":[{"count":4,"href":"https:\/\/saphirsmaragd.com\/fr\/wp-json\/wp\/v2\/product\/1459\/revisions"}],"predecessor-version":[{"id":4440,"href":"https:\/\/saphirsmaragd.com\/fr\/wp-json\/wp\/v2\/product\/1459\/revisions\/4440"}],"wp:featuredmedia":[{"embeddable":true,"href":"https:\/\/saphirsmaragd.com\/fr\/wp-json\/wp\/v2\/media\/1462"}],"wp:attachment":[{"href":"https:\/\/saphirsmaragd.com\/fr\/wp-json\/wp\/v2\/media?parent=1459"}],"wp:term":[{"taxonomy":"product_brand","embeddable":true,"href":"https:\/\/saphirsmaragd.com\/fr\/wp-json\/wp\/v2\/product_brand?post=1459"},{"taxonomy":"product_cat","embeddable":true,"href":"https:\/\/saphirsmaragd.com\/fr\/wp-json\/wp\/v2\/product_cat?post=1459"},{"taxonomy":"product_tag","embeddable":true,"href":"https:\/\/saphirsmaragd.com\/fr\/wp-json\/wp\/v2\/product_tag?post=1459"}],"curies":[{"name":"wp","href":"https:\/\/api.w.org\/{rel}","templated":true}]}}