{"id":1918,"date":"2025-07-21T12:07:06","date_gmt":"2025-07-21T12:07:06","guid":{"rendered":"https:\/\/saphirsmaragd.com\/?post_type=product&#038;p=1918"},"modified":"2025-12-29T19:03:23","modified_gmt":"2025-12-29T19:03:23","slug":"rubin-0-70-karat-rot-birne","status":"publish","type":"product","link":"https:\/\/saphirsmaragd.com\/fr\/produit\/rubin-0-70-karat-rot-birne\/","title":{"rendered":"Rubis 0.70 carat Rouge Poire - L\u00e9g\u00e8rement opaque avec certificat de Gem-A"},"content":{"rendered":"<div id=\"ez-toc-container\" class=\"ez-toc-v2_0_82_2 counter-hierarchy ez-toc-counter ez-toc-grey ez-toc-container-direction\">\n<div class=\"ez-toc-title-container\">\n<p class=\"ez-toc-title\" style=\"cursor:inherit\">Table des mati\u00e8res<\/p>\n<span class=\"ez-toc-title-toggle\"><a href=\"#\" class=\"ez-toc-pull-right ez-toc-btn ez-toc-btn-xs ez-toc-btn-default ez-toc-toggle\" aria-label=\"Toggle Table of Content\"><span class=\"ez-toc-js-icon-con\"><span class=\"\"><span class=\"eztoc-hide\" style=\"display:none;\">Basculer<\/span><span class=\"ez-toc-icon-toggle-span\"><svg style=\"fill: #999;color:#999\" xmlns=\"http:\/\/www.w3.org\/2000\/svg\" class=\"list-377408\" width=\"20px\" height=\"20px\" viewbox=\"0 0 24 24\" fill=\"none\"><path d=\"M6 6H4v2h2V6zm14 0H8v2h12V6zM4 11h2v2H4v-2zm16 0H8v2h12v-2zM4 16h2v2H4v-2zm16 0H8v2h12v-2z\" fill=\"currentColor\"><\/path><\/svg><svg style=\"fill: #999;color:#999\" class=\"arrow-unsorted-368013\" xmlns=\"http:\/\/www.w3.org\/2000\/svg\" width=\"10px\" height=\"10px\" viewbox=\"0 0 24 24\" version=\"1.2\" baseprofile=\"tiny\"><path d=\"M18.2 9.3l-6.2-6.3-6.2 6.3c-.2.2-.3.4-.3.7s.1.5.3.7c.2.2.4.3.7.3h11c.3 0 .5-.1.7-.3.2-.2.3-.5.3-.7s-.1-.5-.3-.7zM5.8 14.7l6.2 6.3 6.2-6.3c.2-.2.3-.5.3-.7s-.1-.5-.3-.7c-.2-.2-.4-.3-.7-.3h-11c-.3 0-.5.1-.7.3-.2.2-.3.5-.3.7s.1.5.3.7z\"\/><\/svg><\/span><\/span><\/span><\/a><\/span><\/div>\n<nav><ul class='ez-toc-list ez-toc-list-level-1' ><li class='ez-toc-page-1 ez-toc-heading-level-4'><a class=\"ez-toc-link ez-toc-heading-1\" href=\"https:\/\/saphirsmaragd.com\/fr\/produit\/rubin-0-70-karat-rot-birne\/#Rubin_070_Karat_Rot_Birne_%E2%80%93_Leicht_opak_mit_Zertifikat_von_Gem-A\" >Rubis 0.70 carat Rouge Poire - L\u00e9g\u00e8rement opaque avec certificat de Gem-A<\/a><\/li><li class='ez-toc-page-1 ez-toc-heading-level-4'><a class=\"ez-toc-link ez-toc-heading-2\" href=\"https:\/\/saphirsmaragd.com\/fr\/produit\/rubin-0-70-karat-rot-birne\/#Merkmale_Herkunft\" >Caract\u00e9ristiques et origine<\/a><\/li><li class='ez-toc-page-1 ez-toc-heading-level-4'><a class=\"ez-toc-link ez-toc-heading-3\" href=\"https:\/\/saphirsmaragd.com\/fr\/produit\/rubin-0-70-karat-rot-birne\/#Besonderheiten\" >Caract\u00e9ristiques sp\u00e9ciales<\/a><\/li><li class='ez-toc-page-1 ez-toc-heading-level-4'><a class=\"ez-toc-link ez-toc-heading-4\" href=\"https:\/\/saphirsmaragd.com\/fr\/produit\/rubin-0-70-karat-rot-birne\/#Mehr_uber_unsere_Edelsteine\" >En savoir plus sur nos pierres pr\u00e9cieuses<\/a><\/li><li class='ez-toc-page-1 ez-toc-heading-level-4'><a class=\"ez-toc-link ez-toc-heading-5\" href=\"https:\/\/saphirsmaragd.com\/fr\/produit\/rubin-0-70-karat-rot-birne\/#Weitere_Infos\" >Informations compl\u00e9mentaires<\/a><\/li><\/ul><\/nav><\/div>\n<h4 data-start=\"621\" data-end=\"690\"><span class=\"ez-toc-section\" id=\"Rubin_070_Karat_Rot_Birne_%E2%80%93_Leicht_opak_mit_Zertifikat_von_Gem-A\"><\/span>Rubis 0.70 carat Rouge Poire - L\u00e9g\u00e8rement opaque avec certificat de Gem-A<span class=\"ez-toc-section-end\"><\/span><\/h4>\n<p data-start=\"691\" data-end=\"864\">Ein nat\u00fcrlicher Rubin mit klassischem Birnschliff und kr\u00e4ftigem Rotton. Die leicht opake Struktur verleiht dem Stein Charakter und Tiefe \u2013 ideal f\u00fcr auff\u00e4llige Einzelst\u00fccke.<\/p>\n<hr data-start=\"866\" data-end=\"869\" \/>\n<h4 data-start=\"871\" data-end=\"897\"><span class=\"ez-toc-section\" id=\"Merkmale_Herkunft\"><\/span>Caract\u00e9ristiques et origine<span class=\"ez-toc-section-end\"><\/span><\/h4>\n<p data-start=\"898\" data-end=\"1085\">Couleur : rouge<br data-start=\"908\" data-end=\"911\" \/>Form: Birne<br data-start=\"922\" data-end=\"925\" \/>Gewicht: 0.70 Karat<br data-start=\"941\" data-end=\"944\" \/>Dimension: 7.2\u00d75 mm<br data-start=\"963\" data-end=\"966\" \/>Behandlung: Erhitzt<br data-start=\"985\" data-end=\"988\" \/>Reinheit: Kleine Einschl\u00fcsse<br data-start=\"1016\" data-end=\"1019\" \/>\u00c9tat : Neuf<br data-start=\"1031\" data-end=\"1034\" \/>Zertifikat: Ja<br data-start=\"1048\" data-end=\"1051\" \/>Mohsh\u00e4rte: 9<\/p>\n<hr data-start=\"1087\" data-end=\"1090\" \/>\n<h4 data-start=\"1092\" data-end=\"1113\"><span class=\"ez-toc-section\" id=\"Besonderheiten\"><\/span>Caract\u00e9ristiques sp\u00e9ciales<span class=\"ez-toc-section-end\"><\/span><\/h4>\n<p data-start=\"1114\" data-end=\"1427\">Der Rubin besitzt eine satte rote Farbe mit weichem Lichtspiel. Dank des pr\u00e4zisen Birnschliffs und der leichten Opazit\u00e4t entsteht eine harmonische Tiefenwirkung. Der Edelstein wird mit einem offiziellen Zertifikat von Val\u00e9rie DURAFFOURG (Gem-A, London) geliefert \u2013 ein Qualit\u00e4tsnachweis f\u00fcr Herkunft und Echtheit.<\/p>\n<hr data-start=\"1429\" data-end=\"1432\" \/>\n<h4 data-start=\"1931\" data-end=\"1971\"><span class=\"ez-toc-section\" id=\"Mehr_uber_unsere_Edelsteine\"><\/span>En savoir plus sur nos pierres pr\u00e9cieuses<span class=\"ez-toc-section-end\"><\/span><\/h4>\n<p data-start=\"1972\" data-end=\"2069\"><a href=\"https:\/\/saphirsmaragd.com\/fr\/product-category\/edelsteine-kaufen\/\">pierres pr\u00e9cieuses<\/a><\/p>\n<hr data-start=\"1570\" data-end=\"1573\" \/>\n<h4 data-start=\"1575\" data-end=\"1595\"><span class=\"ez-toc-section\" id=\"Weitere_Infos\"><\/span>Informations compl\u00e9mentaires<span class=\"ez-toc-section-end\"><\/span><\/h4>\n<p data-start=\"1596\" data-end=\"1651\"><a class=\"\" href=\"https:\/\/de.wikipedia.org\/wiki\/Rubin\" target=\"_new\" rel=\"noopener\" data-start=\"1596\" data-end=\"1651\">Wikipedia: Rubin<\/a><\/p>","protected":false},"excerpt":{"rendered":"<p data-start=\"118\" data-end=\"145\">Rubin 0.70 Karat Rot Birne<em> mit satter roter Farbe, leichter Opazit\u00e4t und Echtheitszertifikat von Val\u00e9rie DURAFFOURG (Gem-A).<\/em><\/p>\n<p data-start=\"378\" data-end=\"474\">","protected":false},"featured_media":1921,"comment_status":"open","ping_status":"closed","template":"","meta":{"_glsr_average":0,"_glsr_ranking":0,"_glsr_reviews":0},"product_brand":[],"product_cat":[72],"product_tag":[],"class_list":{"0":"post-1918","1":"product","2":"type-product","3":"status-publish","4":"has-post-thumbnail","6":"product_cat-rubine-kaufen","7":"pa_edelsteinart-rubin","8":"pa_farbe-rot","9":"pa_form-birne","10":"pa_gewicht-karat-0-5-1-0-karat","11":"pa_reinheit-kleine-einschluesse","12":"pa_veredelung-behandlung-erhitzt","13":"pa_zertifikat-ja","14":"pa_zustand-neu","16":"first","17":"instock","18":"sold-individually","19":"shipping-taxable","20":"purchasable","21":"product-type-simple","22":"add-to-wishlist-before_image"},"jetpack_sharing_enabled":true,"_links":{"self":[{"href":"https:\/\/saphirsmaragd.com\/fr\/wp-json\/wp\/v2\/product\/1918","targetHints":{"allow":["GET"]}}],"collection":[{"href":"https:\/\/saphirsmaragd.com\/fr\/wp-json\/wp\/v2\/product"}],"about":[{"href":"https:\/\/saphirsmaragd.com\/fr\/wp-json\/wp\/v2\/types\/product"}],"replies":[{"embeddable":true,"href":"https:\/\/saphirsmaragd.com\/fr\/wp-json\/wp\/v2\/comments?post=1918"}],"version-history":[{"count":4,"href":"https:\/\/saphirsmaragd.com\/fr\/wp-json\/wp\/v2\/product\/1918\/revisions"}],"predecessor-version":[{"id":4493,"href":"https:\/\/saphirsmaragd.com\/fr\/wp-json\/wp\/v2\/product\/1918\/revisions\/4493"}],"wp:featuredmedia":[{"embeddable":true,"href":"https:\/\/saphirsmaragd.com\/fr\/wp-json\/wp\/v2\/media\/1921"}],"wp:attachment":[{"href":"https:\/\/saphirsmaragd.com\/fr\/wp-json\/wp\/v2\/media?parent=1918"}],"wp:term":[{"taxonomy":"product_brand","embeddable":true,"href":"https:\/\/saphirsmaragd.com\/fr\/wp-json\/wp\/v2\/product_brand?post=1918"},{"taxonomy":"product_cat","embeddable":true,"href":"https:\/\/saphirsmaragd.com\/fr\/wp-json\/wp\/v2\/product_cat?post=1918"},{"taxonomy":"product_tag","embeddable":true,"href":"https:\/\/saphirsmaragd.com\/fr\/wp-json\/wp\/v2\/product_tag?post=1918"}],"curies":[{"name":"wp","href":"https:\/\/api.w.org\/{rel}","templated":true}]}}