{"id":1923,"date":"2025-07-21T12:14:04","date_gmt":"2025-07-21T12:14:04","guid":{"rendered":"https:\/\/saphirsmaragd.com\/?post_type=product&#038;p=1923"},"modified":"2025-12-29T19:03:22","modified_gmt":"2025-12-29T19:03:22","slug":"rubin-0-62-karat-rot-rechteck-geschliffe","status":"publish","type":"product","link":"https:\/\/saphirsmaragd.com\/fr\/produit\/rubin-0-62-karat-rot-rechteck-geschliffe\/","title":{"rendered":"Rubis 0.62 Carat Rouge Rectangle taill\u00e9 - Transparent avec certificat de Gem-A"},"content":{"rendered":"<div id=\"ez-toc-container\" class=\"ez-toc-v2_0_82_2 counter-hierarchy ez-toc-counter ez-toc-grey ez-toc-container-direction\">\n<div class=\"ez-toc-title-container\">\n<p class=\"ez-toc-title\" style=\"cursor:inherit\">Table des mati\u00e8res<\/p>\n<span class=\"ez-toc-title-toggle\"><a href=\"#\" class=\"ez-toc-pull-right ez-toc-btn ez-toc-btn-xs ez-toc-btn-default ez-toc-toggle\" aria-label=\"Toggle Table of Content\"><span class=\"ez-toc-js-icon-con\"><span class=\"\"><span class=\"eztoc-hide\" style=\"display:none;\">Basculer<\/span><span class=\"ez-toc-icon-toggle-span\"><svg style=\"fill: #999;color:#999\" xmlns=\"http:\/\/www.w3.org\/2000\/svg\" class=\"list-377408\" width=\"20px\" height=\"20px\" viewbox=\"0 0 24 24\" fill=\"none\"><path d=\"M6 6H4v2h2V6zm14 0H8v2h12V6zM4 11h2v2H4v-2zm16 0H8v2h12v-2zM4 16h2v2H4v-2zm16 0H8v2h12v-2z\" fill=\"currentColor\"><\/path><\/svg><svg style=\"fill: #999;color:#999\" class=\"arrow-unsorted-368013\" xmlns=\"http:\/\/www.w3.org\/2000\/svg\" width=\"10px\" height=\"10px\" viewbox=\"0 0 24 24\" version=\"1.2\" baseprofile=\"tiny\"><path d=\"M18.2 9.3l-6.2-6.3-6.2 6.3c-.2.2-.3.4-.3.7s.1.5.3.7c.2.2.4.3.7.3h11c.3 0 .5-.1.7-.3.2-.2.3-.5.3-.7s-.1-.5-.3-.7zM5.8 14.7l6.2 6.3 6.2-6.3c.2-.2.3-.5.3-.7s-.1-.5-.3-.7c-.2-.2-.4-.3-.7-.3h-11c-.3 0-.5.1-.7.3-.2.2-.3.5-.3.7s.1.5.3.7z\"\/><\/svg><\/span><\/span><\/span><\/a><\/span><\/div>\n<nav><ul class='ez-toc-list ez-toc-list-level-1' ><li class='ez-toc-page-1 ez-toc-heading-level-4'><a class=\"ez-toc-link ez-toc-heading-1\" href=\"https:\/\/saphirsmaragd.com\/fr\/produit\/rubin-0-62-karat-rot-rechteck-geschliffe\/#Rubin_062_Karat_Rot_Rechteck_geschliffe_%E2%80%93_Transparent_mit_Zertifikat_von_Gem-A\" >Rubin 0.62 Karat Rot Rechteck geschliffe \u2013 Transparent mit Zertifikat von Gem-A<\/a><\/li><li class='ez-toc-page-1 ez-toc-heading-level-4'><a class=\"ez-toc-link ez-toc-heading-2\" href=\"https:\/\/saphirsmaragd.com\/fr\/produit\/rubin-0-62-karat-rot-rechteck-geschliffe\/#Merkmale_Herkunft\" >Caract\u00e9ristiques et origine<\/a><\/li><li class='ez-toc-page-1 ez-toc-heading-level-4'><a class=\"ez-toc-link ez-toc-heading-3\" href=\"https:\/\/saphirsmaragd.com\/fr\/produit\/rubin-0-62-karat-rot-rechteck-geschliffe\/#Besonderheiten\" >Caract\u00e9ristiques sp\u00e9ciales<\/a><\/li><li class='ez-toc-page-1 ez-toc-heading-level-4'><a class=\"ez-toc-link ez-toc-heading-4\" href=\"https:\/\/saphirsmaragd.com\/fr\/produit\/rubin-0-62-karat-rot-rechteck-geschliffe\/#Mehr_uber_unsere_Edelsteine\" >En savoir plus sur nos pierres pr\u00e9cieuses<\/a><\/li><li class='ez-toc-page-1 ez-toc-heading-level-4'><a class=\"ez-toc-link ez-toc-heading-5\" href=\"https:\/\/saphirsmaragd.com\/fr\/produit\/rubin-0-62-karat-rot-rechteck-geschliffe\/#Weitere_Infos\" >Informations compl\u00e9mentaires<\/a><\/li><\/ul><\/nav><\/div>\n<h4 data-start=\"684\" data-end=\"768\"><span class=\"ez-toc-section\" id=\"Rubin_062_Karat_Rot_Rechteck_geschliffe_%E2%80%93_Transparent_mit_Zertifikat_von_Gem-A\"><\/span>Rubin 0.62 Karat Rot Rechteck geschliffe \u2013 Transparent mit Zertifikat von Gem-A<span class=\"ez-toc-section-end\"><\/span><\/h4>\n<p data-start=\"769\" data-end=\"948\">Ein intensiv funkelnder Rubin mit rechteckigem Facettenschliff. Die Kombination aus satter Farbe und hoher Transparenz macht diesen Stein besonders edel und vielseitig einsetzbar.<\/p>\n<hr data-start=\"950\" data-end=\"953\" \/>\n<h4 data-start=\"955\" data-end=\"981\"><span class=\"ez-toc-section\" id=\"Merkmale_Herkunft\"><\/span>Caract\u00e9ristiques et origine<span class=\"ez-toc-section-end\"><\/span><\/h4>\n<p data-start=\"982\" data-end=\"1177\">Couleur : rouge<br data-start=\"992\" data-end=\"995\" \/>Form: Rechteck geschliffen<br data-start=\"1021\" data-end=\"1024\" \/>Gewicht: 0.62 Karat<br data-start=\"1040\" data-end=\"1043\" \/>Dimension: 5.3\u00d74.1 mm<br data-start=\"1064\" data-end=\"1067\" \/>Behandlung: Erhitzt<br data-start=\"1086\" data-end=\"1089\" \/>Reinheit: Lupenrein<br data-start=\"1108\" data-end=\"1111\" \/>\u00c9tat : Neuf<br data-start=\"1123\" data-end=\"1126\" \/>Zertifikat: Ja<br data-start=\"1140\" data-end=\"1143\" \/>Mohsh\u00e4rte: 9<\/p>\n<hr data-start=\"1179\" data-end=\"1182\" \/>\n<h4 data-start=\"1184\" data-end=\"1205\"><span class=\"ez-toc-section\" id=\"Besonderheiten\"><\/span>Caract\u00e9ristiques sp\u00e9ciales<span class=\"ez-toc-section-end\"><\/span><\/h4>\n<p data-start=\"1206\" data-end=\"1502\">Dieser Rubin beeindruckt mit lebendigem Himbeerrot und au\u00dfergew\u00f6hnlicher Klarheit. Der klassische rechteckige Schliff sorgt f\u00fcr Brillanz und Eleganz. Der Edelstein wird mit einem Echtheitszertifikat von Val\u00e9rie DURAFFOURG (Gem-A, London) geliefert \u2013 ein Garant f\u00fcr gepr\u00fcfte Qualit\u00e4t und Herkunft.<\/p>\n<hr data-start=\"1504\" data-end=\"1507\" \/>\n<h4 data-start=\"1931\" data-end=\"1971\"><span class=\"ez-toc-section\" id=\"Mehr_uber_unsere_Edelsteine\"><\/span>En savoir plus sur nos pierres pr\u00e9cieuses<span class=\"ez-toc-section-end\"><\/span><\/h4>\n<p data-start=\"1972\" data-end=\"2069\"><a href=\"https:\/\/saphirsmaragd.com\/fr\/product-category\/edelsteine-kaufen\/\">pierres pr\u00e9cieuses<\/a><\/p>\n<hr data-start=\"1645\" data-end=\"1648\" \/>\n<h4 data-start=\"1650\" data-end=\"1670\"><span class=\"ez-toc-section\" id=\"Weitere_Infos\"><\/span>Informations compl\u00e9mentaires<span class=\"ez-toc-section-end\"><\/span><\/h4>\n<p data-start=\"1671\" data-end=\"1726\"><a class=\"\" href=\"https:\/\/de.wikipedia.org\/wiki\/Rubin\" target=\"_new\" rel=\"noopener\" data-start=\"1671\" data-end=\"1726\">Wikipedia: Rubin<\/a><\/p>","protected":false},"excerpt":{"rendered":"<p data-start=\"402\" data-end=\"539\"><em>Rubin 0.62 Karat Rot Rechteck geschliffen mit lebendigem Himbeerrot, hoher Transparenz und Zertifikat von Val\u00e9rie DURAFFOURG (Gem-A).<\/em><\/p>\n<p data-start=\"378\" data-end=\"474\">","protected":false},"featured_media":1926,"comment_status":"open","ping_status":"closed","template":"","meta":{"_glsr_average":0,"_glsr_ranking":0,"_glsr_reviews":0},"product_brand":[],"product_cat":[72],"product_tag":[],"class_list":{"0":"post-1923","1":"product","2":"type-product","3":"status-publish","4":"has-post-thumbnail","6":"product_cat-rubine-kaufen","7":"pa_edelsteinart-rubin","8":"pa_farbe-rot","9":"pa_form-rechteck","10":"pa_gewicht-karat-0-5-1-0-karat","11":"pa_reinheit-lupenrein","12":"pa_veredelung-behandlung-erhitzt","13":"pa_zertifikat-ja","14":"pa_zustand-neu","16":"first","17":"instock","18":"sold-individually","19":"shipping-taxable","20":"purchasable","21":"product-type-simple","22":"add-to-wishlist-before_image"},"jetpack_sharing_enabled":true,"_links":{"self":[{"href":"https:\/\/saphirsmaragd.com\/fr\/wp-json\/wp\/v2\/product\/1923","targetHints":{"allow":["GET"]}}],"collection":[{"href":"https:\/\/saphirsmaragd.com\/fr\/wp-json\/wp\/v2\/product"}],"about":[{"href":"https:\/\/saphirsmaragd.com\/fr\/wp-json\/wp\/v2\/types\/product"}],"replies":[{"embeddable":true,"href":"https:\/\/saphirsmaragd.com\/fr\/wp-json\/wp\/v2\/comments?post=1923"}],"version-history":[{"count":4,"href":"https:\/\/saphirsmaragd.com\/fr\/wp-json\/wp\/v2\/product\/1923\/revisions"}],"predecessor-version":[{"id":4492,"href":"https:\/\/saphirsmaragd.com\/fr\/wp-json\/wp\/v2\/product\/1923\/revisions\/4492"}],"wp:featuredmedia":[{"embeddable":true,"href":"https:\/\/saphirsmaragd.com\/fr\/wp-json\/wp\/v2\/media\/1926"}],"wp:attachment":[{"href":"https:\/\/saphirsmaragd.com\/fr\/wp-json\/wp\/v2\/media?parent=1923"}],"wp:term":[{"taxonomy":"product_brand","embeddable":true,"href":"https:\/\/saphirsmaragd.com\/fr\/wp-json\/wp\/v2\/product_brand?post=1923"},{"taxonomy":"product_cat","embeddable":true,"href":"https:\/\/saphirsmaragd.com\/fr\/wp-json\/wp\/v2\/product_cat?post=1923"},{"taxonomy":"product_tag","embeddable":true,"href":"https:\/\/saphirsmaragd.com\/fr\/wp-json\/wp\/v2\/product_tag?post=1923"}],"curies":[{"name":"wp","href":"https:\/\/api.w.org\/{rel}","templated":true}]}}