{"id":1928,"date":"2025-07-21T12:19:07","date_gmt":"2025-07-21T12:19:07","guid":{"rendered":"https:\/\/saphirsmaragd.com\/?post_type=product&#038;p=1928"},"modified":"2025-12-29T19:03:21","modified_gmt":"2025-12-29T19:03:21","slug":"rubin-0-78-karat-rot-birne","status":"publish","type":"product","link":"https:\/\/saphirsmaragd.com\/fr\/produit\/rubin-0-78-karat-rot-birne\/","title":{"rendered":"Rubis 0.78 carat Rouge Poire - Caract\u00e8re &amp; Certifi\u00e9 par Gem-A"},"content":{"rendered":"<div id=\"ez-toc-container\" class=\"ez-toc-v2_0_82_2 counter-hierarchy ez-toc-counter ez-toc-grey ez-toc-container-direction\">\n<div class=\"ez-toc-title-container\">\n<p class=\"ez-toc-title\" style=\"cursor:inherit\">Table des mati\u00e8res<\/p>\n<span class=\"ez-toc-title-toggle\"><a href=\"#\" class=\"ez-toc-pull-right ez-toc-btn ez-toc-btn-xs ez-toc-btn-default ez-toc-toggle\" aria-label=\"Toggle Table of Content\"><span class=\"ez-toc-js-icon-con\"><span class=\"\"><span class=\"eztoc-hide\" style=\"display:none;\">Basculer<\/span><span class=\"ez-toc-icon-toggle-span\"><svg style=\"fill: #999;color:#999\" xmlns=\"http:\/\/www.w3.org\/2000\/svg\" class=\"list-377408\" width=\"20px\" height=\"20px\" viewbox=\"0 0 24 24\" fill=\"none\"><path d=\"M6 6H4v2h2V6zm14 0H8v2h12V6zM4 11h2v2H4v-2zm16 0H8v2h12v-2zM4 16h2v2H4v-2zm16 0H8v2h12v-2z\" fill=\"currentColor\"><\/path><\/svg><svg style=\"fill: #999;color:#999\" class=\"arrow-unsorted-368013\" xmlns=\"http:\/\/www.w3.org\/2000\/svg\" width=\"10px\" height=\"10px\" viewbox=\"0 0 24 24\" version=\"1.2\" baseprofile=\"tiny\"><path d=\"M18.2 9.3l-6.2-6.3-6.2 6.3c-.2.2-.3.4-.3.7s.1.5.3.7c.2.2.4.3.7.3h11c.3 0 .5-.1.7-.3.2-.2.3-.5.3-.7s-.1-.5-.3-.7zM5.8 14.7l6.2 6.3 6.2-6.3c.2-.2.3-.5.3-.7s-.1-.5-.3-.7c-.2-.2-.4-.3-.7-.3h-11c-.3 0-.5.1-.7.3-.2.2-.3.5-.3.7s.1.5.3.7z\"\/><\/svg><\/span><\/span><\/span><\/a><\/span><\/div>\n<nav><ul class='ez-toc-list ez-toc-list-level-1' ><li class='ez-toc-page-1 ez-toc-heading-level-4'><a class=\"ez-toc-link ez-toc-heading-1\" href=\"https:\/\/saphirsmaragd.com\/fr\/produit\/rubin-0-78-karat-rot-birne\/#Rubin_078_Karat_Rot_Birne_%E2%80%93_Charaktervoll_zertifiziert_von_Gem-A\" >Rubin 0.78 Karat Rot Birne \u2013 Charaktervoll &amp; zertifiziert von Gem-A<\/a><\/li><li class='ez-toc-page-1 ez-toc-heading-level-4'><a class=\"ez-toc-link ez-toc-heading-2\" href=\"https:\/\/saphirsmaragd.com\/fr\/produit\/rubin-0-78-karat-rot-birne\/#Merkmale_Herkunft\" >Caract\u00e9ristiques et origine<\/a><\/li><li class='ez-toc-page-1 ez-toc-heading-level-4'><a class=\"ez-toc-link ez-toc-heading-3\" href=\"https:\/\/saphirsmaragd.com\/fr\/produit\/rubin-0-78-karat-rot-birne\/#Besonderheiten\" >Caract\u00e9ristiques sp\u00e9ciales<\/a><\/li><li class='ez-toc-page-1 ez-toc-heading-level-4'><a class=\"ez-toc-link ez-toc-heading-4\" href=\"https:\/\/saphirsmaragd.com\/fr\/produit\/rubin-0-78-karat-rot-birne\/#Mehr_uber_unsere_Edelsteine\" >En savoir plus sur nos pierres pr\u00e9cieuses<\/a><\/li><li class='ez-toc-page-1 ez-toc-heading-level-4'><a class=\"ez-toc-link ez-toc-heading-5\" href=\"https:\/\/saphirsmaragd.com\/fr\/produit\/rubin-0-78-karat-rot-birne\/#Weitere_Infos\" >Informations compl\u00e9mentaires<\/a><\/li><\/ul><\/nav><\/div>\n<h4 data-start=\"663\" data-end=\"734\"><span class=\"ez-toc-section\" id=\"Rubin_078_Karat_Rot_Birne_%E2%80%93_Charaktervoll_zertifiziert_von_Gem-A\"><\/span>Rubin 0.78 Karat Rot Birne \u2013 Charaktervoll &amp; zertifiziert von Gem-A<span class=\"ez-toc-section-end\"><\/span><\/h4>\n<p data-start=\"735\" data-end=\"928\">Ein edler, facettierter Rubin mit Birnschliff und intensiver roter Farbe. Die leicht opake Struktur verleiht dem Edelstein ein samtiges Leuchten und unterstreicht seine nat\u00fcrliche Ausstrahlung.<\/p>\n<hr data-start=\"930\" data-end=\"933\" \/>\n<h4 data-start=\"935\" data-end=\"961\"><span class=\"ez-toc-section\" id=\"Merkmale_Herkunft\"><\/span>Caract\u00e9ristiques et origine<span class=\"ez-toc-section-end\"><\/span><\/h4>\n<p data-start=\"962\" data-end=\"1154\">Couleur : rouge<br data-start=\"972\" data-end=\"975\" \/>Form: Birne<br data-start=\"986\" data-end=\"989\" \/>Gewicht: 0.78 Karat<br data-start=\"1005\" data-end=\"1008\" \/>Dimension: 7.2\u00d75.1 mm<br data-start=\"1029\" data-end=\"1032\" \/>Behandlung: Erhitzt<br data-start=\"1051\" data-end=\"1054\" \/>Puret\u00e9 : Inclusions \u00e9videntes<br data-start=\"1085\" data-end=\"1088\" \/>\u00c9tat : Neuf<br data-start=\"1100\" data-end=\"1103\" \/>Zertifikat: Ja<br data-start=\"1117\" data-end=\"1120\" \/>Mohsh\u00e4rte: 9<\/p>\n<hr data-start=\"1156\" data-end=\"1159\" \/>\n<h4 data-start=\"1161\" data-end=\"1182\"><span class=\"ez-toc-section\" id=\"Besonderheiten\"><\/span>Caract\u00e9ristiques sp\u00e9ciales<span class=\"ez-toc-section-end\"><\/span><\/h4>\n<p data-start=\"1183\" data-end=\"1514\">Dieser Rubin kombiniert Charakter und Eleganz in idealer Balance. Die satte rote Farbe mit leichtem Schleier macht ihn zu einem idealen Edelstein f\u00fcr einzigartige Schmuckkreationen. Er wird mit einem offiziellen Echtheitszertifikat von Val\u00e9rie DURAFFOURG (Gem-A, London) geliefert \u2013 ein Zeichen f\u00fcr gepr\u00fcfte Qualit\u00e4t und Vertrauen.<\/p>\n<hr data-start=\"1516\" data-end=\"1519\" \/>\n<h4 data-start=\"1931\" data-end=\"1971\"><span class=\"ez-toc-section\" id=\"Mehr_uber_unsere_Edelsteine\"><\/span>En savoir plus sur nos pierres pr\u00e9cieuses<span class=\"ez-toc-section-end\"><\/span><\/h4>\n<p data-start=\"1972\" data-end=\"2069\"><a href=\"https:\/\/saphirsmaragd.com\/fr\/product-category\/edelsteine-kaufen\/\">pierres pr\u00e9cieuses<\/a><\/p>\n<hr data-start=\"1657\" data-end=\"1660\" \/>\n<h4 data-start=\"1662\" data-end=\"1682\"><span class=\"ez-toc-section\" id=\"Weitere_Infos\"><\/span>Informations compl\u00e9mentaires<span class=\"ez-toc-section-end\"><\/span><\/h4>\n<p data-start=\"1683\" data-end=\"1738\"><a class=\"\" href=\"https:\/\/de.wikipedia.org\/wiki\/Rubin\" target=\"_new\" rel=\"noopener\" data-start=\"1683\" data-end=\"1738\">Wikipedia: Rubin<\/a><\/p>","protected":false},"excerpt":{"rendered":"<p data-start=\"339\" data-end=\"491\"><em>Rubin 0.78 Karat Rot Birne mit satter Farbe, leichter Opazit\u00e4t und Zertifikat von Val\u00e9rie DURAFFOURG (Gem-A) \u2013 perfekt f\u00fcr elegante Schmuckst\u00fccke.<\/em><\/p>\n<p data-start=\"378\" data-end=\"474\">","protected":false},"featured_media":1931,"comment_status":"open","ping_status":"closed","template":"","meta":{"_glsr_average":0,"_glsr_ranking":0,"_glsr_reviews":0},"product_brand":[],"product_cat":[72],"product_tag":[],"class_list":{"0":"post-1928","1":"product","2":"type-product","3":"status-publish","4":"has-post-thumbnail","6":"product_cat-rubine-kaufen","7":"pa_edelsteinart-rubin","8":"pa_farbe-rot","9":"pa_form-birne","10":"pa_gewicht-karat-0-5-1-0-karat","11":"pa_reinheit-deutliche-einschluesse","12":"pa_veredelung-behandlung-erhitzt","13":"pa_zertifikat-ja","14":"pa_zustand-neu","16":"first","17":"instock","18":"sold-individually","19":"shipping-taxable","20":"purchasable","21":"product-type-simple","22":"add-to-wishlist-before_image"},"jetpack_sharing_enabled":true,"_links":{"self":[{"href":"https:\/\/saphirsmaragd.com\/fr\/wp-json\/wp\/v2\/product\/1928","targetHints":{"allow":["GET"]}}],"collection":[{"href":"https:\/\/saphirsmaragd.com\/fr\/wp-json\/wp\/v2\/product"}],"about":[{"href":"https:\/\/saphirsmaragd.com\/fr\/wp-json\/wp\/v2\/types\/product"}],"replies":[{"embeddable":true,"href":"https:\/\/saphirsmaragd.com\/fr\/wp-json\/wp\/v2\/comments?post=1928"}],"version-history":[{"count":3,"href":"https:\/\/saphirsmaragd.com\/fr\/wp-json\/wp\/v2\/product\/1928\/revisions"}],"predecessor-version":[{"id":4491,"href":"https:\/\/saphirsmaragd.com\/fr\/wp-json\/wp\/v2\/product\/1928\/revisions\/4491"}],"wp:featuredmedia":[{"embeddable":true,"href":"https:\/\/saphirsmaragd.com\/fr\/wp-json\/wp\/v2\/media\/1931"}],"wp:attachment":[{"href":"https:\/\/saphirsmaragd.com\/fr\/wp-json\/wp\/v2\/media?parent=1928"}],"wp:term":[{"taxonomy":"product_brand","embeddable":true,"href":"https:\/\/saphirsmaragd.com\/fr\/wp-json\/wp\/v2\/product_brand?post=1928"},{"taxonomy":"product_cat","embeddable":true,"href":"https:\/\/saphirsmaragd.com\/fr\/wp-json\/wp\/v2\/product_cat?post=1928"},{"taxonomy":"product_tag","embeddable":true,"href":"https:\/\/saphirsmaragd.com\/fr\/wp-json\/wp\/v2\/product_tag?post=1928"}],"curies":[{"name":"wp","href":"https:\/\/api.w.org\/{rel}","templated":true}]}}