{"id":2208,"date":"2025-10-08T16:34:04","date_gmt":"2025-10-08T16:34:04","guid":{"rendered":"https:\/\/saphirsmaragd.com\/?post_type=product&#038;p=2208"},"modified":"2025-12-29T19:03:01","modified_gmt":"2025-12-29T19:03:01","slug":"aquamarin-blau-tropfen-1-87-karat","status":"publish","type":"product","link":"https:\/\/saphirsmaragd.com\/fr\/produit\/aquamarin-blau-tropfen-1-87-karat\/","title":{"rendered":"Aquamarin Blau Tropfen 1.87 Karat \u2013 10\u00d77 mm facettiert mit Zertifikat"},"content":{"rendered":"<div id=\"ez-toc-container\" class=\"ez-toc-v2_0_82_2 counter-hierarchy ez-toc-counter ez-toc-grey ez-toc-container-direction\">\n<div class=\"ez-toc-title-container\">\n<p class=\"ez-toc-title\" style=\"cursor:inherit\">Table des mati\u00e8res<\/p>\n<span class=\"ez-toc-title-toggle\"><a href=\"#\" class=\"ez-toc-pull-right ez-toc-btn ez-toc-btn-xs ez-toc-btn-default ez-toc-toggle\" aria-label=\"Toggle Table of Content\"><span class=\"ez-toc-js-icon-con\"><span class=\"\"><span class=\"eztoc-hide\" style=\"display:none;\">Basculer<\/span><span class=\"ez-toc-icon-toggle-span\"><svg style=\"fill: #999;color:#999\" xmlns=\"http:\/\/www.w3.org\/2000\/svg\" class=\"list-377408\" width=\"20px\" height=\"20px\" viewbox=\"0 0 24 24\" fill=\"none\"><path d=\"M6 6H4v2h2V6zm14 0H8v2h12V6zM4 11h2v2H4v-2zm16 0H8v2h12v-2zM4 16h2v2H4v-2zm16 0H8v2h12v-2z\" fill=\"currentColor\"><\/path><\/svg><svg style=\"fill: #999;color:#999\" class=\"arrow-unsorted-368013\" xmlns=\"http:\/\/www.w3.org\/2000\/svg\" width=\"10px\" height=\"10px\" viewbox=\"0 0 24 24\" version=\"1.2\" baseprofile=\"tiny\"><path d=\"M18.2 9.3l-6.2-6.3-6.2 6.3c-.2.2-.3.4-.3.7s.1.5.3.7c.2.2.4.3.7.3h11c.3 0 .5-.1.7-.3.2-.2.3-.5.3-.7s-.1-.5-.3-.7zM5.8 14.7l6.2 6.3 6.2-6.3c.2-.2.3-.5.3-.7s-.1-.5-.3-.7c-.2-.2-.4-.3-.7-.3h-11c-.3 0-.5.1-.7.3-.2.2-.3.5-.3.7s.1.5.3.7z\"\/><\/svg><\/span><\/span><\/span><\/a><\/span><\/div>\n<nav><ul class='ez-toc-list ez-toc-list-level-1' ><li class='ez-toc-page-1 ez-toc-heading-level-4'><a class=\"ez-toc-link ez-toc-heading-1\" href=\"https:\/\/saphirsmaragd.com\/fr\/produit\/aquamarin-blau-tropfen-1-87-karat\/#Aquamarin_Blau_Tropfen_187_Karat_%E2%80%93_10%C3%977_mm_facettiert_mit_Zertifikat\" >Aquamarin Blau Tropfen 1.87 Karat \u2013 10\u00d77 mm facettiert mit Zertifikat<\/a><\/li><li class='ez-toc-page-1 ez-toc-heading-level-4'><a class=\"ez-toc-link ez-toc-heading-2\" href=\"https:\/\/saphirsmaragd.com\/fr\/produit\/aquamarin-blau-tropfen-1-87-karat\/#Merkmale_Herkunft\" >Caract\u00e9ristiques et origine<\/a><\/li><li class='ez-toc-page-1 ez-toc-heading-level-4'><a class=\"ez-toc-link ez-toc-heading-3\" href=\"https:\/\/saphirsmaragd.com\/fr\/produit\/aquamarin-blau-tropfen-1-87-karat\/#Besonderheiten\" >Caract\u00e9ristiques sp\u00e9ciales<\/a><\/li><li class='ez-toc-page-1 ez-toc-heading-level-4'><a class=\"ez-toc-link ez-toc-heading-4\" href=\"https:\/\/saphirsmaragd.com\/fr\/produit\/aquamarin-blau-tropfen-1-87-karat\/#Mehr_uber_unsere_Edelsteine\" >En savoir plus sur nos pierres pr\u00e9cieuses<\/a><\/li><li class='ez-toc-page-1 ez-toc-heading-level-4'><a class=\"ez-toc-link ez-toc-heading-5\" href=\"https:\/\/saphirsmaragd.com\/fr\/produit\/aquamarin-blau-tropfen-1-87-karat\/#Weitere_Infos\" >Informations compl\u00e9mentaires<\/a><\/li><\/ul><\/nav><\/div>\n<h4 data-start=\"835\" data-end=\"905\"><span class=\"ez-toc-section\" id=\"Aquamarin_Blau_Tropfen_187_Karat_%E2%80%93_10%C3%977_mm_facettiert_mit_Zertifikat\"><\/span>Aquamarin Blau Tropfen 1.87 Karat \u2013 10\u00d77 mm facettiert mit Zertifikat<span class=\"ez-toc-section-end\"><\/span><\/h4>\n<p data-start=\"907\" data-end=\"1257\">Dieser Aquamarin Blau Tropfen 1.87 Karat \u00fcberzeugt durch seine kr\u00e4ftige Farbe, den pr\u00e4zisen Facettenschliff und eine beeindruckende Gr\u00f6\u00dfe von 10 \u00d7 7 mm. Die Reinheit und Lichtreflexion machen ihn ideal f\u00fcr hochwertige Schmuckfassungen oder Edelsteinsammlungen. Der Stein wird mit Zertifikat von Val\u00e9rie Duraffourg geliefert und bietet gepr\u00fcfte Echtheit.<\/p>\n<hr data-start=\"1259\" data-end=\"1262\" \/>\n<h4 data-start=\"1264\" data-end=\"1290\"><span class=\"ez-toc-section\" id=\"Merkmale_Herkunft\"><\/span>Caract\u00e9ristiques et origine<span class=\"ez-toc-section-end\"><\/span><\/h4>\n<p data-start=\"1291\" data-end=\"1564\">Stein: Aquamarin Tropfen<br data-start=\"1328\" data-end=\"1331\" \/>Familie: Beryll<br data-start=\"1346\" data-end=\"1349\" \/>H\u00e4rte: 7.5 auf der Mohs-Skala<br data-start=\"1378\" data-end=\"1381\" \/>Gewicht: 1.87 Karat<br data-start=\"1397\" data-end=\"1400\" \/>Farbe: Blau<br data-start=\"1411\" data-end=\"1414\" \/>Form: Tropfen facettiert<br data-start=\"1438\" data-end=\"1441\" \/>Schliff: 10 \u00d7 7 mm<br data-start=\"1459\" data-end=\"1462\" \/>Reinheit: Rein f\u00fcr das Auge<br data-start=\"1517\" data-end=\"1520\" \/>Zertifikat: Val\u00e9rie Duraffourg, Gem-A London<\/p>\n<hr data-start=\"1566\" data-end=\"1569\" \/>\n<h4 data-start=\"1571\" data-end=\"1592\"><span class=\"ez-toc-section\" id=\"Besonderheiten\"><\/span>Caract\u00e9ristiques sp\u00e9ciales<span class=\"ez-toc-section-end\"><\/span><\/h4>\n<p data-start=\"1593\" data-end=\"1865\">Der Aquamarin Blau Tropfen 1.87 Karat bietet ein starkes Gr\u00f6\u00dfen-Farb-Verh\u00e4ltnis und hohe Brillanz. Mit seiner Tropfenform ist er ideal f\u00fcr Anh\u00e4nger, Ringe und Einzelanfertigungen. Die H\u00e4rte von 7.5 verleiht dem Stein eine gute Best\u00e4ndigkeit f\u00fcr den t\u00e4glichen Schmuckgebrauch.<\/p>\n<hr data-start=\"1926\" data-end=\"1929\" \/>\n<h4 data-start=\"1931\" data-end=\"1971\"><span class=\"ez-toc-section\" id=\"Mehr_uber_unsere_Edelsteine\"><\/span>En savoir plus sur nos pierres pr\u00e9cieuses<span class=\"ez-toc-section-end\"><\/span><\/h4>\n<p data-start=\"1972\" data-end=\"2069\"><a href=\"https:\/\/saphirsmaragd.com\/fr\/product-category\/edelsteine-kaufen\/\">pierres pr\u00e9cieuses<\/a><\/p>\n<hr data-start=\"2071\" data-end=\"2074\" \/>\n<h4 data-start=\"2076\" data-end=\"2096\"><span class=\"ez-toc-section\" id=\"Weitere_Infos\"><\/span>Informations compl\u00e9mentaires<span class=\"ez-toc-section-end\"><\/span><\/h4>\n<p data-start=\"2097\" data-end=\"2160\"><a class=\"decorated-link cursor-pointer\" href=\"https:\/\/de.wikipedia.org\/wiki\/Aquamarin\" target=\"_new\" rel=\"noopener\" data-start=\"2097\" data-end=\"2160\">Wikipedia: Aquamarin<\/a><\/p>","protected":false},"excerpt":{"rendered":"<p data-start=\"532\" data-end=\"699\"><em>Aquamarin Blau Tropfen 1.87 Karat \u2013 facettiert in 10\u00d77 mm, reine Optik, H\u00e4rte 7.5, Zertifikat von Val\u00e9rie Duraffourg und intensive Brillanz f\u00fcr Schmuck oder Sammlung.<\/em><\/p>\n<p data-start=\"378\" data-end=\"474\">","protected":false},"featured_media":2211,"comment_status":"open","ping_status":"closed","template":"","meta":{"_glsr_average":0,"_glsr_ranking":0,"_glsr_reviews":0},"product_brand":[],"product_cat":[77],"product_tag":[],"class_list":{"0":"post-2208","1":"product","2":"type-product","3":"status-publish","4":"has-post-thumbnail","6":"product_cat-aquamarin-kaufen","7":"pa_edelsteinart-aquamarin","8":"pa_farbe-blau","9":"pa_form-tropfen","10":"pa_gewicht-karat-1-0-3-0-karat","11":"pa_reinheit-lupenrein","12":"pa_zertifikat-ja","13":"pa_zustand-neu","15":"first","16":"instock","17":"featured","18":"sold-individually","19":"shipping-taxable","20":"purchasable","21":"product-type-simple","22":"add-to-wishlist-before_image"},"jetpack_sharing_enabled":true,"_links":{"self":[{"href":"https:\/\/saphirsmaragd.com\/fr\/wp-json\/wp\/v2\/product\/2208","targetHints":{"allow":["GET"]}}],"collection":[{"href":"https:\/\/saphirsmaragd.com\/fr\/wp-json\/wp\/v2\/product"}],"about":[{"href":"https:\/\/saphirsmaragd.com\/fr\/wp-json\/wp\/v2\/types\/product"}],"replies":[{"embeddable":true,"href":"https:\/\/saphirsmaragd.com\/fr\/wp-json\/wp\/v2\/comments?post=2208"}],"version-history":[{"count":3,"href":"https:\/\/saphirsmaragd.com\/fr\/wp-json\/wp\/v2\/product\/2208\/revisions"}],"predecessor-version":[{"id":4555,"href":"https:\/\/saphirsmaragd.com\/fr\/wp-json\/wp\/v2\/product\/2208\/revisions\/4555"}],"wp:featuredmedia":[{"embeddable":true,"href":"https:\/\/saphirsmaragd.com\/fr\/wp-json\/wp\/v2\/media\/2211"}],"wp:attachment":[{"href":"https:\/\/saphirsmaragd.com\/fr\/wp-json\/wp\/v2\/media?parent=2208"}],"wp:term":[{"taxonomy":"product_brand","embeddable":true,"href":"https:\/\/saphirsmaragd.com\/fr\/wp-json\/wp\/v2\/product_brand?post=2208"},{"taxonomy":"product_cat","embeddable":true,"href":"https:\/\/saphirsmaragd.com\/fr\/wp-json\/wp\/v2\/product_cat?post=2208"},{"taxonomy":"product_tag","embeddable":true,"href":"https:\/\/saphirsmaragd.com\/fr\/wp-json\/wp\/v2\/product_tag?post=2208"}],"curies":[{"name":"wp","href":"https:\/\/api.w.org\/{rel}","templated":true}]}}