{"id":2451,"date":"2025-10-11T11:49:04","date_gmt":"2025-10-11T11:49:04","guid":{"rendered":"https:\/\/saphirsmaragd.com\/?post_type=product&#038;p=2451"},"modified":"2025-12-29T19:02:28","modified_gmt":"2025-12-29T19:02:28","slug":"citrin-23-34-karat-dreieck","status":"publish","type":"product","link":"https:\/\/saphirsmaragd.com\/fr\/produit\/citrin-23-34-karat-dreieck\/","title":{"rendered":"Citrine triangulaire de 23,34 carats \u2013 pierre pr\u00e9cieuse jaune naturelle avec certificat"},"content":{"rendered":"<p data-start=\"1103\" data-end=\"1184\"><strong data-start=\"1103\" data-end=\"1184\">Citrin 23.34 Karat Dreieck \u2013 exklusiver facettierter Edelstein mit Zertifikat<\/strong><\/p>\n<p data-start=\"1186\" data-end=\"1356\">Ein au\u00dfergew\u00f6hnlicher, gro\u00dffacettierter Citrin mit intensiver gelber Farbe und pr\u00e4zisem Trillionschliff. Ideal f\u00fcr hochwertige Schmuckanfertigungen oder als Sammlerst\u00fcck.<\/p>\n<hr data-start=\"1358\" data-end=\"1361\" \/>\n<div id=\"ez-toc-container\" class=\"ez-toc-v2_0_82_2 counter-hierarchy ez-toc-counter ez-toc-grey ez-toc-container-direction\">\n<div class=\"ez-toc-title-container\">\n<p class=\"ez-toc-title\" style=\"cursor:inherit\">Table des mati\u00e8res<\/p>\n<span class=\"ez-toc-title-toggle\"><a href=\"#\" class=\"ez-toc-pull-right ez-toc-btn ez-toc-btn-xs ez-toc-btn-default ez-toc-toggle\" aria-label=\"Toggle Table of Content\"><span class=\"ez-toc-js-icon-con\"><span class=\"\"><span class=\"eztoc-hide\" style=\"display:none;\">Basculer<\/span><span class=\"ez-toc-icon-toggle-span\"><svg style=\"fill: #999;color:#999\" xmlns=\"http:\/\/www.w3.org\/2000\/svg\" class=\"list-377408\" width=\"20px\" height=\"20px\" viewbox=\"0 0 24 24\" fill=\"none\"><path d=\"M6 6H4v2h2V6zm14 0H8v2h12V6zM4 11h2v2H4v-2zm16 0H8v2h12v-2zM4 16h2v2H4v-2zm16 0H8v2h12v-2z\" fill=\"currentColor\"><\/path><\/svg><svg style=\"fill: #999;color:#999\" class=\"arrow-unsorted-368013\" xmlns=\"http:\/\/www.w3.org\/2000\/svg\" width=\"10px\" height=\"10px\" viewbox=\"0 0 24 24\" version=\"1.2\" baseprofile=\"tiny\"><path d=\"M18.2 9.3l-6.2-6.3-6.2 6.3c-.2.2-.3.4-.3.7s.1.5.3.7c.2.2.4.3.7.3h11c.3 0 .5-.1.7-.3.2-.2.3-.5.3-.7s-.1-.5-.3-.7zM5.8 14.7l6.2 6.3 6.2-6.3c.2-.2.3-.5.3-.7s-.1-.5-.3-.7c-.2-.2-.4-.3-.7-.3h-11c-.3 0-.5.1-.7.3-.2.2-.3.5-.3.7s.1.5.3.7z\"\/><\/svg><\/span><\/span><\/span><\/a><\/span><\/div>\n<nav><ul class='ez-toc-list ez-toc-list-level-1' ><li class='ez-toc-page-1 ez-toc-heading-level-4'><a class=\"ez-toc-link ez-toc-heading-1\" href=\"https:\/\/saphirsmaragd.com\/fr\/produit\/citrin-23-34-karat-dreieck\/#Merkmale_Herkunft\" >Caract\u00e9ristiques et origine<\/a><\/li><li class='ez-toc-page-1 ez-toc-heading-level-4'><a class=\"ez-toc-link ez-toc-heading-2\" href=\"https:\/\/saphirsmaragd.com\/fr\/produit\/citrin-23-34-karat-dreieck\/#Besonderheiten\" >Caract\u00e9ristiques sp\u00e9ciales<\/a><\/li><li class='ez-toc-page-1 ez-toc-heading-level-4'><a class=\"ez-toc-link ez-toc-heading-3\" href=\"https:\/\/saphirsmaragd.com\/fr\/produit\/citrin-23-34-karat-dreieck\/#Mehr_uber_unsere_Edelsteine\" >En savoir plus sur nos pierres pr\u00e9cieuses<\/a><\/li><li class='ez-toc-page-1 ez-toc-heading-level-4'><a class=\"ez-toc-link ez-toc-heading-4\" href=\"https:\/\/saphirsmaragd.com\/fr\/produit\/citrin-23-34-karat-dreieck\/#Weitere_Infos\" >Informations compl\u00e9mentaires<\/a><\/li><\/ul><\/nav><\/div>\n<h4 data-start=\"1363\" data-end=\"1389\"><span class=\"ez-toc-section\" id=\"Merkmale_Herkunft\"><\/span>Caract\u00e9ristiques et origine<span class=\"ez-toc-section-end\"><\/span><\/h4>\n<p data-start=\"1390\" data-end=\"1670\">Steinart: Citrin<br data-start=\"1406\" data-end=\"1409\" \/>Farbe: Gelb<br data-start=\"1420\" data-end=\"1423\" \/>Form: Dreieck (Trillionschliff)<br data-start=\"1454\" data-end=\"1457\" \/>Gewicht: 23.34 Karat<br data-start=\"1477\" data-end=\"1480\" \/>Duret\u00e9 : 7 sur l'\u00c9chelle de Mohs<br data-start=\"1507\" data-end=\"1510\" \/>Reinheit: Augenrein<br data-start=\"1529\" data-end=\"1532\" \/>Behandlung: Erhitzt<br data-start=\"1551\" data-end=\"1554\" \/>\u00c9tat : Neuf<br data-start=\"1566\" data-end=\"1569\" \/>Zertifikat: Wird mitgeliefert (Val\u00e9rie Duraffourg, Gem-A)<br data-start=\"1626\" data-end=\"1629\" \/>Origine : Br\u00e9sil<br data-start=\"1648\" data-end=\"1651\" \/>Ma\u00dfe: 20 \u00d7 18.74 mm<\/p>\n<hr data-start=\"1672\" data-end=\"1675\" \/>\n<h4 data-start=\"1677\" data-end=\"1698\"><span class=\"ez-toc-section\" id=\"Besonderheiten\"><\/span>Caract\u00e9ristiques sp\u00e9ciales<span class=\"ez-toc-section-end\"><\/span><\/h4>\n<p data-start=\"1699\" data-end=\"1976\">Dieser Citrin 23.34 Karat Dreieck beeindruckt durch seine au\u00dfergew\u00f6hnliche Gr\u00f6\u00dfe, die reine gelbe Farbe ohne Orangestich und die hohe Brillanz. Der pr\u00e4zise Dreiecksschliff sorgt f\u00fcr exzellente Lichtreflexion und macht den Stein ideal f\u00fcr hochwertige Schmuckdesigns und Sammler.<\/p>\n<hr data-start=\"1926\" data-end=\"1929\" \/>\n<h4 data-start=\"1931\" data-end=\"1971\"><span class=\"ez-toc-section\" id=\"Mehr_uber_unsere_Edelsteine\"><\/span>En savoir plus sur nos pierres pr\u00e9cieuses<span class=\"ez-toc-section-end\"><\/span><\/h4>\n<p data-start=\"1972\" data-end=\"2069\"><a href=\"https:\/\/saphirsmaragd.com\/fr\/product-category\/edelsteine-kaufen\/\">pierres pr\u00e9cieuses<\/a><\/p>\n<hr data-start=\"2071\" data-end=\"2074\" \/>\n<h4 data-start=\"2076\" data-end=\"2096\"><span class=\"ez-toc-section\" id=\"Weitere_Infos\"><\/span>Informations compl\u00e9mentaires<span class=\"ez-toc-section-end\"><\/span><\/h4>\n<p data-start=\"2097\" data-end=\"2160\"><a class=\"decorated-link cursor-pointer\" href=\"https:\/\/de.wikipedia.org\/wiki\/Amethyst\" target=\"_new\" rel=\"noopener\" data-start=\"2097\" data-end=\"2160\">Wikipedia: Amethst<\/a><\/p>","protected":false},"excerpt":{"rendered":"<p data-start=\"320\" data-end=\"485\"><em>Citrin 23.34 Karat Dreieck \u2013 intensiver gelber Edelstein mit Zertifikat. Perfekt f\u00fcr Schmuckanfertigungen und Sammler. Hochwertiger Schliff und nat\u00fcrliche Farbe.<\/em><\/p>\n<p data-start=\"487\" data-end=\"512\">\n<h2 data-start=\"602\" data-end=\"625\"><\/h2>\n<p data-start=\"481\" data-end=\"530\">","protected":false},"featured_media":2454,"comment_status":"open","ping_status":"closed","template":"","meta":{"_glsr_average":0,"_glsr_ranking":0,"_glsr_reviews":0},"product_brand":[],"product_cat":[110],"product_tag":[],"class_list":{"0":"post-2451","1":"product","2":"type-product","3":"status-publish","4":"has-post-thumbnail","6":"product_cat-citrin-kaufen","7":"pa_edelsteinart-citrin","8":"pa_farbe-gelb","9":"pa_form-dreieck","10":"pa_gewicht-karat-20-50-karat","11":"pa_herkunft-brasilien","12":"pa_reinheit-augenrein","13":"pa_veredelung-behandlung-unbehandelt","14":"pa_zertifikat-ja","15":"pa_zustand-neu","17":"first","18":"instock","19":"featured","20":"sold-individually","21":"shipping-taxable","22":"purchasable","23":"product-type-simple","24":"add-to-wishlist-before_image"},"jetpack_sharing_enabled":true,"_links":{"self":[{"href":"https:\/\/saphirsmaragd.com\/fr\/wp-json\/wp\/v2\/product\/2451","targetHints":{"allow":["GET"]}}],"collection":[{"href":"https:\/\/saphirsmaragd.com\/fr\/wp-json\/wp\/v2\/product"}],"about":[{"href":"https:\/\/saphirsmaragd.com\/fr\/wp-json\/wp\/v2\/types\/product"}],"replies":[{"embeddable":true,"href":"https:\/\/saphirsmaragd.com\/fr\/wp-json\/wp\/v2\/comments?post=2451"}],"version-history":[{"count":1,"href":"https:\/\/saphirsmaragd.com\/fr\/wp-json\/wp\/v2\/product\/2451\/revisions"}],"predecessor-version":[{"id":2456,"href":"https:\/\/saphirsmaragd.com\/fr\/wp-json\/wp\/v2\/product\/2451\/revisions\/2456"}],"wp:featuredmedia":[{"embeddable":true,"href":"https:\/\/saphirsmaragd.com\/fr\/wp-json\/wp\/v2\/media\/2454"}],"wp:attachment":[{"href":"https:\/\/saphirsmaragd.com\/fr\/wp-json\/wp\/v2\/media?parent=2451"}],"wp:term":[{"taxonomy":"product_brand","embeddable":true,"href":"https:\/\/saphirsmaragd.com\/fr\/wp-json\/wp\/v2\/product_brand?post=2451"},{"taxonomy":"product_cat","embeddable":true,"href":"https:\/\/saphirsmaragd.com\/fr\/wp-json\/wp\/v2\/product_cat?post=2451"},{"taxonomy":"product_tag","embeddable":true,"href":"https:\/\/saphirsmaragd.com\/fr\/wp-json\/wp\/v2\/product_tag?post=2451"}],"curies":[{"name":"wp","href":"https:\/\/api.w.org\/{rel}","templated":true}]}}