{"id":2689,"date":"2025-10-12T12:58:32","date_gmt":"2025-10-12T12:58:32","guid":{"rendered":"https:\/\/saphirsmaragd.com\/?post_type=product&#038;p=2689"},"modified":"2025-12-29T19:00:17","modified_gmt":"2025-12-29T19:00:17","slug":"granat-0-15-karat-gruen-rund","status":"publish","type":"product","link":"https:\/\/saphirsmaragd.com\/fr\/produit\/granat-0-15-karat-gruen-rund\/","title":{"rendered":"Grenat rond vert 0,15 carat \u2013 Tsavorite (Grossulaire), facett\u00e9 rond 3 mm, pur \u00e0 l&#039;\u0153il nu avec certificat"},"content":{"rendered":"<div id=\"ez-toc-container\" class=\"ez-toc-v2_0_82_2 counter-hierarchy ez-toc-counter ez-toc-grey ez-toc-container-direction\">\n<div class=\"ez-toc-title-container\">\n<p class=\"ez-toc-title\" style=\"cursor:inherit\">Table des mati\u00e8res<\/p>\n<span class=\"ez-toc-title-toggle\"><a href=\"#\" class=\"ez-toc-pull-right ez-toc-btn ez-toc-btn-xs ez-toc-btn-default ez-toc-toggle\" aria-label=\"Toggle Table of Content\"><span class=\"ez-toc-js-icon-con\"><span class=\"\"><span class=\"eztoc-hide\" style=\"display:none;\">Basculer<\/span><span class=\"ez-toc-icon-toggle-span\"><svg style=\"fill: #999;color:#999\" xmlns=\"http:\/\/www.w3.org\/2000\/svg\" class=\"list-377408\" width=\"20px\" height=\"20px\" viewbox=\"0 0 24 24\" fill=\"none\"><path d=\"M6 6H4v2h2V6zm14 0H8v2h12V6zM4 11h2v2H4v-2zm16 0H8v2h12v-2zM4 16h2v2H4v-2zm16 0H8v2h12v-2z\" fill=\"currentColor\"><\/path><\/svg><svg style=\"fill: #999;color:#999\" class=\"arrow-unsorted-368013\" xmlns=\"http:\/\/www.w3.org\/2000\/svg\" width=\"10px\" height=\"10px\" viewbox=\"0 0 24 24\" version=\"1.2\" baseprofile=\"tiny\"><path d=\"M18.2 9.3l-6.2-6.3-6.2 6.3c-.2.2-.3.4-.3.7s.1.5.3.7c.2.2.4.3.7.3h11c.3 0 .5-.1.7-.3.2-.2.3-.5.3-.7s-.1-.5-.3-.7zM5.8 14.7l6.2 6.3 6.2-6.3c.2-.2.3-.5.3-.7s-.1-.5-.3-.7c-.2-.2-.4-.3-.7-.3h-11c-.3 0-.5.1-.7.3-.2.2-.3.5-.3.7s.1.5.3.7z\"\/><\/svg><\/span><\/span><\/span><\/a><\/span><\/div>\n<nav><ul class='ez-toc-list ez-toc-list-level-1' ><li class='ez-toc-page-1 ez-toc-heading-level-4'><a class=\"ez-toc-link ez-toc-heading-1\" href=\"https:\/\/saphirsmaragd.com\/fr\/produit\/granat-0-15-karat-gruen-rund\/#Granat_015_Karat_Grun_Rund_%E2%80%93_Tsavorit_mit_lebendiger_Brillanz\" >Granat 0.15 Karat Gr\u00fcn Rund \u2013 Tsavorit mit lebendiger Brillanz<\/a><\/li><li class='ez-toc-page-1 ez-toc-heading-level-4'><a class=\"ez-toc-link ez-toc-heading-2\" href=\"https:\/\/saphirsmaragd.com\/fr\/produit\/granat-0-15-karat-gruen-rund\/#Merkmale_Herkunft_%E2%80%93_Granat_015_Karat_Grun_Rund\" >Merkmale &amp; Herkunft \u2013 Granat 0.15 Karat Gr\u00fcn Rund<\/a><\/li><li class='ez-toc-page-1 ez-toc-heading-level-4'><a class=\"ez-toc-link ez-toc-heading-3\" href=\"https:\/\/saphirsmaragd.com\/fr\/produit\/granat-0-15-karat-gruen-rund\/#Besonderheiten\" >Caract\u00e9ristiques sp\u00e9ciales<\/a><\/li><li class='ez-toc-page-1 ez-toc-heading-level-4'><a class=\"ez-toc-link ez-toc-heading-4\" href=\"https:\/\/saphirsmaragd.com\/fr\/produit\/granat-0-15-karat-gruen-rund\/#Mehr_uber_unsere_Edelsteine\" >En savoir plus sur nos pierres pr\u00e9cieuses<\/a><\/li><li class='ez-toc-page-1 ez-toc-heading-level-4'><a class=\"ez-toc-link ez-toc-heading-5\" href=\"https:\/\/saphirsmaragd.com\/fr\/produit\/granat-0-15-karat-gruen-rund\/#Weitere_Infos\" >Informations compl\u00e9mentaires<\/a><\/li><\/ul><\/nav><\/div>\n<h4 data-start=\"757\" data-end=\"824\"><span class=\"ez-toc-section\" id=\"Granat_015_Karat_Grun_Rund_%E2%80%93_Tsavorit_mit_lebendiger_Brillanz\"><\/span>Granat 0.15 Karat Gr\u00fcn Rund \u2013 Tsavorit mit lebendiger Brillanz<span class=\"ez-toc-section-end\"><\/span><\/h4>\n<p data-start=\"825\" data-end=\"1035\">Dieser Einzelstein zeigt intensives, frisches Gr\u00fcn und hohe Brillanz. Granat 0.15 Karat Gr\u00fcn-Rund ist hervorragend f\u00fcr zarte Fassungen oder als Sammlerstein mit nat\u00fcrlicher, unbehandelter Qualit\u00e4t geeignet.<\/p>\n<hr data-start=\"1037\" data-end=\"1040\" \/>\n<h4 data-start=\"1042\" data-end=\"1096\"><span class=\"ez-toc-section\" id=\"Merkmale_Herkunft_%E2%80%93_Granat_015_Karat_Grun_Rund\"><\/span>Merkmale &amp; Herkunft \u2013 Granat 0.15 Karat Gr\u00fcn Rund<span class=\"ez-toc-section-end\"><\/span><\/h4>\n<p data-start=\"1097\" data-end=\"1346\">Steinart: Granat (Tsavorit \/ Grossular)<br data-start=\"1136\" data-end=\"1139\" \/>Couleur : Vert<br data-start=\"1150\" data-end=\"1153\" \/>Form: Rund facettiert<br data-start=\"1174\" data-end=\"1177\" \/>Gr\u00f6\u00dfe: 3 mm<br data-start=\"1188\" data-end=\"1191\" \/>Gewicht: 0.15 Karat<br data-start=\"1210\" data-end=\"1213\" \/>Reinheit: Augenrein<br data-start=\"1232\" data-end=\"1235\" \/>Traitement : Non trait\u00e9<br data-start=\"1258\" data-end=\"1261\" \/>H\u00e4rte: 6.5 auf der Mohs-Skala<br data-start=\"1290\" data-end=\"1293\" \/>Zertifikat: Val\u00e9rie DURAFFOURG (Gem-A)<br data-start=\"1331\" data-end=\"1334\" \/>\u00c9tat : Neuf<\/p>\n<hr data-start=\"1348\" data-end=\"1351\" \/>\n<h4 data-start=\"1353\" data-end=\"1372\"><span class=\"ez-toc-section\" id=\"Besonderheiten\"><\/span>Caract\u00e9ristiques sp\u00e9ciales<span class=\"ez-toc-section-end\"><\/span><\/h4>\n<p data-start=\"1373\" data-end=\"1659\">Der Granat 0.15 Karat Gr\u00fcn (Variet\u00e4t Tsavorit) verbindet frisches Tannengr\u00fcn mit klarer Transparenz und starkem Funkeln. Der pr\u00e4zise Rundschliff in 3 mm liefert lebendige Lichtreflexe, die Augenreinheit und das Zertifikat sorgen f\u00fcr maximale Sicherheit in Schmuck und Sammlung.<\/p>\n<hr data-start=\"1926\" data-end=\"1929\" \/>\n<h4 data-start=\"1931\" data-end=\"1971\"><span class=\"ez-toc-section\" id=\"Mehr_uber_unsere_Edelsteine\"><\/span>En savoir plus sur nos pierres pr\u00e9cieuses<span class=\"ez-toc-section-end\"><\/span><\/h4>\n<p data-start=\"1972\" data-end=\"2069\"><a href=\"https:\/\/saphirsmaragd.com\/fr\/product-category\/edelsteine-kaufen\/\">pierres pr\u00e9cieuses<\/a><\/p>\n<hr data-start=\"2071\" data-end=\"2074\" \/>\n<h4 data-start=\"2076\" data-end=\"2096\"><span class=\"ez-toc-section\" id=\"Weitere_Infos\"><\/span>Informations compl\u00e9mentaires<span class=\"ez-toc-section-end\"><\/span><\/h4>\n<p data-start=\"2097\" data-end=\"2160\"><a class=\"decorated-link cursor-pointer\" href=\"https:\/\/de.wikipedia.org\/wiki\/Granat\" target=\"_new\" rel=\"noopener\" data-start=\"2097\" data-end=\"2160\">Wikipedia: Granat<\/a><\/p>","protected":false},"excerpt":{"rendered":"<p data-start=\"419\" data-end=\"624\"><em>Granat 0.15 Karat Gr\u00fcn Rund \u2013 leuchtender Tsavorit (Grossular), 3 mm rund facettiert, augenrein, unbehandelt und mit Zertifikat. Ideal f\u00fcr feine Schmuckfassungen und Sammler.<\/em><\/p>\n<p data-start=\"626\" data-end=\"750\">\n<h3 data-start=\"660\" data-end=\"684\"><\/h3>\n<p data-start=\"575\" data-end=\"606\">","protected":false},"featured_media":2692,"comment_status":"open","ping_status":"closed","template":"","meta":{"_glsr_average":0,"_glsr_ranking":0,"_glsr_reviews":0},"product_brand":[],"product_cat":[111],"product_tag":[],"class_list":{"0":"post-2689","1":"product","2":"type-product","3":"status-publish","4":"has-post-thumbnail","6":"product_cat-granat-kaufen","7":"pa_edelsteinart-granat","8":"pa_farbe-gruen","9":"pa_form-rund","10":"pa_gewicht-karat-0-1-0-5-karat","11":"pa_reinheit-augenrein","12":"pa_veredelung-behandlung-unbehandelt","13":"pa_zertifikat-ja","14":"pa_zustand-neu","16":"first","17":"instock","18":"featured","19":"sold-individually","20":"shipping-taxable","21":"purchasable","22":"product-type-simple","23":"add-to-wishlist-before_image"},"jetpack_sharing_enabled":true,"_links":{"self":[{"href":"https:\/\/saphirsmaragd.com\/fr\/wp-json\/wp\/v2\/product\/2689","targetHints":{"allow":["GET"]}}],"collection":[{"href":"https:\/\/saphirsmaragd.com\/fr\/wp-json\/wp\/v2\/product"}],"about":[{"href":"https:\/\/saphirsmaragd.com\/fr\/wp-json\/wp\/v2\/types\/product"}],"replies":[{"embeddable":true,"href":"https:\/\/saphirsmaragd.com\/fr\/wp-json\/wp\/v2\/comments?post=2689"}],"version-history":[{"count":1,"href":"https:\/\/saphirsmaragd.com\/fr\/wp-json\/wp\/v2\/product\/2689\/revisions"}],"predecessor-version":[{"id":2693,"href":"https:\/\/saphirsmaragd.com\/fr\/wp-json\/wp\/v2\/product\/2689\/revisions\/2693"}],"wp:featuredmedia":[{"embeddable":true,"href":"https:\/\/saphirsmaragd.com\/fr\/wp-json\/wp\/v2\/media\/2692"}],"wp:attachment":[{"href":"https:\/\/saphirsmaragd.com\/fr\/wp-json\/wp\/v2\/media?parent=2689"}],"wp:term":[{"taxonomy":"product_brand","embeddable":true,"href":"https:\/\/saphirsmaragd.com\/fr\/wp-json\/wp\/v2\/product_brand?post=2689"},{"taxonomy":"product_cat","embeddable":true,"href":"https:\/\/saphirsmaragd.com\/fr\/wp-json\/wp\/v2\/product_cat?post=2689"},{"taxonomy":"product_tag","embeddable":true,"href":"https:\/\/saphirsmaragd.com\/fr\/wp-json\/wp\/v2\/product_tag?post=2689"}],"curies":[{"name":"wp","href":"https:\/\/api.w.org\/{rel}","templated":true}]}}