{"id":2926,"date":"2025-10-13T09:27:10","date_gmt":"2025-10-13T09:27:10","guid":{"rendered":"https:\/\/saphirsmaragd.com\/?post_type=product&#038;p=2926"},"modified":"2025-12-29T18:59:27","modified_gmt":"2025-12-29T18:59:27","slug":"iolith-2-78-karat-blau-grau-rund","status":"publish","type":"product","link":"https:\/\/saphirsmaragd.com\/fr\/produit\/iolith-2-78-karat-blau-grau-rund\/","title":{"rendered":"Iolite 2,78 carats bleu-gris ronde \u2013 facett\u00e9e, naturelle et certifi\u00e9e"},"content":{"rendered":"<div id=\"ez-toc-container\" class=\"ez-toc-v2_0_82_2 counter-hierarchy ez-toc-counter ez-toc-grey ez-toc-container-direction\">\n<div class=\"ez-toc-title-container\">\n<p class=\"ez-toc-title\" style=\"cursor:inherit\">Table des mati\u00e8res<\/p>\n<span class=\"ez-toc-title-toggle\"><a href=\"#\" class=\"ez-toc-pull-right ez-toc-btn ez-toc-btn-xs ez-toc-btn-default ez-toc-toggle\" aria-label=\"Toggle Table of Content\"><span class=\"ez-toc-js-icon-con\"><span class=\"\"><span class=\"eztoc-hide\" style=\"display:none;\">Basculer<\/span><span class=\"ez-toc-icon-toggle-span\"><svg style=\"fill: #999;color:#999\" xmlns=\"http:\/\/www.w3.org\/2000\/svg\" class=\"list-377408\" width=\"20px\" height=\"20px\" viewbox=\"0 0 24 24\" fill=\"none\"><path d=\"M6 6H4v2h2V6zm14 0H8v2h12V6zM4 11h2v2H4v-2zm16 0H8v2h12v-2zM4 16h2v2H4v-2zm16 0H8v2h12v-2z\" fill=\"currentColor\"><\/path><\/svg><svg style=\"fill: #999;color:#999\" class=\"arrow-unsorted-368013\" xmlns=\"http:\/\/www.w3.org\/2000\/svg\" width=\"10px\" height=\"10px\" viewbox=\"0 0 24 24\" version=\"1.2\" baseprofile=\"tiny\"><path d=\"M18.2 9.3l-6.2-6.3-6.2 6.3c-.2.2-.3.4-.3.7s.1.5.3.7c.2.2.4.3.7.3h11c.3 0 .5-.1.7-.3.2-.2.3-.5.3-.7s-.1-.5-.3-.7zM5.8 14.7l6.2 6.3 6.2-6.3c.2-.2.3-.5.3-.7s-.1-.5-.3-.7c-.2-.2-.4-.3-.7-.3h-11c-.3 0-.5.1-.7.3-.2.2-.3.5-.3.7s.1.5.3.7z\"\/><\/svg><\/span><\/span><\/span><\/a><\/span><\/div>\n<nav><ul class='ez-toc-list ez-toc-list-level-1' ><li class='ez-toc-page-1 ez-toc-heading-level-4'><a class=\"ez-toc-link ez-toc-heading-1\" href=\"https:\/\/saphirsmaragd.com\/fr\/produit\/iolith-2-78-karat-blau-grau-rund\/#Iolith_278_Karat_Blau-Grau_Rund_%E2%80%93_facettiert_naturlich_zertifiziert\" >Iolith 2.78 Karat Blau-Grau Rund \u2013 facettiert, nat\u00fcrlich &amp; zertifiziert<\/a><\/li><li class='ez-toc-page-1 ez-toc-heading-level-4'><a class=\"ez-toc-link ez-toc-heading-2\" href=\"https:\/\/saphirsmaragd.com\/fr\/produit\/iolith-2-78-karat-blau-grau-rund\/#Merkmale_Herkunft\" >Caract\u00e9ristiques et origine<\/a><\/li><li class='ez-toc-page-1 ez-toc-heading-level-4'><a class=\"ez-toc-link ez-toc-heading-3\" href=\"https:\/\/saphirsmaragd.com\/fr\/produit\/iolith-2-78-karat-blau-grau-rund\/#Besonderheiten\" >Caract\u00e9ristiques sp\u00e9ciales<\/a><\/li><li class='ez-toc-page-1 ez-toc-heading-level-4'><a class=\"ez-toc-link ez-toc-heading-4\" href=\"https:\/\/saphirsmaragd.com\/fr\/produit\/iolith-2-78-karat-blau-grau-rund\/#Mehr_uber_unsere_Edelsteine\" >En savoir plus sur nos pierres pr\u00e9cieuses<\/a><\/li><li class='ez-toc-page-1 ez-toc-heading-level-4'><a class=\"ez-toc-link ez-toc-heading-5\" href=\"https:\/\/saphirsmaragd.com\/fr\/produit\/iolith-2-78-karat-blau-grau-rund\/#Weitere_Infos\" >Informations compl\u00e9mentaires<\/a><\/li><\/ul><\/nav><\/div>\n<h4 data-start=\"740\" data-end=\"816\"><span class=\"ez-toc-section\" id=\"Iolith_278_Karat_Blau-Grau_Rund_%E2%80%93_facettiert_naturlich_zertifiziert\"><\/span>Iolith 2.78 Karat Blau-Grau Rund \u2013 facettiert, nat\u00fcrlich &amp; zertifiziert<span class=\"ez-toc-section-end\"><\/span><\/h4>\n<p data-start=\"817\" data-end=\"1049\">Ein rund facettierter Iolith (Cordierit) mit elegantem Blau-Grau und lebendigem Dichroismus. Pr\u00e4ziser Schliff und sch\u00f6ne Brillanz machen ihn ideal f\u00fcr feine Ringe oder Anh\u00e4nger; unbehandelt und mit unabh\u00e4ngigem Zertifikat geliefert.<\/p>\n<hr data-start=\"1051\" data-end=\"1054\" \/>\n<h4 data-start=\"1056\" data-end=\"1080\"><span class=\"ez-toc-section\" id=\"Merkmale_Herkunft\"><\/span>Caract\u00e9ristiques et origine<span class=\"ez-toc-section-end\"><\/span><\/h4>\n<p data-start=\"1081\" data-end=\"1422\">Stein: Iolith (Cordierit)<br data-start=\"1106\" data-end=\"1109\" \/>Farbe: Blau-Grau (dichroitisch)<br data-start=\"1140\" data-end=\"1143\" \/>Form: Rund (facettiert)<br data-start=\"1166\" data-end=\"1169\" \/>Gr\u00f6\u00dfe: ca. 9.3 mm<br data-start=\"1186\" data-end=\"1189\" \/>Gewicht: 2.78 Karat<br data-start=\"1208\" data-end=\"1211\" \/>Reinheit: Kleine Einschl\u00fcsse (unter 10\u00d7 sichtbar)<br data-start=\"1260\" data-end=\"1263\" \/>Traitement : Non trait\u00e9<br data-start=\"1286\" data-end=\"1289\" \/>Duret\u00e9 : 7 sur l'\u00c9chelle de Mohs<br data-start=\"1316\" data-end=\"1319\" \/>Herkunft: Madagaskar<br data-start=\"1339\" data-end=\"1342\" \/>Zertifikat: Val\u00e9rie DURAFFOURG (Gem-A) \u2013 Lieferung mit Zertifikat<br data-start=\"1407\" data-end=\"1410\" \/>\u00c9tat : Neuf<\/p>\n<hr data-start=\"1424\" data-end=\"1427\" \/>\n<h4 data-start=\"1429\" data-end=\"1448\"><span class=\"ez-toc-section\" id=\"Besonderheiten\"><\/span>Caract\u00e9ristiques sp\u00e9ciales<span class=\"ez-toc-section-end\"><\/span><\/h4>\n<p data-start=\"1449\" data-end=\"1712\">Der ausgepr\u00e4gte Dichroismus erzeugt je nach Blickrichtung changierende Blau- und Graunuancen mit klarer Brillanz in der runden Facettierung. Unbehandelte, zertifizierte Qualit\u00e4t bietet maximale Sicherheit und eignet sich hervorragend f\u00fcr hochwertige Einzelst\u00fccke.<\/p>\n<hr data-start=\"1926\" data-end=\"1929\" \/>\n<h4 data-start=\"1931\" data-end=\"1971\"><span class=\"ez-toc-section\" id=\"Mehr_uber_unsere_Edelsteine\"><\/span>En savoir plus sur nos pierres pr\u00e9cieuses<span class=\"ez-toc-section-end\"><\/span><\/h4>\n<p data-start=\"1972\" data-end=\"2069\"><a href=\"https:\/\/saphirsmaragd.com\/fr\/product-category\/edelsteine-kaufen\/\">pierres pr\u00e9cieuses<\/a><\/p>\n<hr data-start=\"2071\" data-end=\"2074\" \/>\n<h4 data-start=\"2076\" data-end=\"2096\"><span class=\"ez-toc-section\" id=\"Weitere_Infos\"><\/span>Informations compl\u00e9mentaires<span class=\"ez-toc-section-end\"><\/span><\/h4>\n<p><a href=\"https:\/\/de.wikipedia.org\/wiki\/Cordierit\" target=\"_blank\" rel=\"noopener\">Wikipedia: Cordierit<\/a><\/p>","protected":false},"excerpt":{"rendered":"<p data-start=\"362\" data-end=\"635\">Iolith 2.78 Karat Blau-Grau Rund &#8211; Nat\u00fcrlicher Cordierit aus Madagaskar, rund facettiert, blau-grauer Dichroismus, unbehandelt, kleine Einschl\u00fcsse (unter 10\u00d7 sichtbar), H\u00e4rte 7, inkl. Zertifikat von Val\u00e9rie DURAFFOURG (Gem-A).<\/p>\n<p data-start=\"637\" data-end=\"733\">\n<h3 data-start=\"660\" data-end=\"684\"><\/h3>\n<p data-start=\"575\" data-end=\"606\">","protected":false},"featured_media":2928,"comment_status":"open","ping_status":"closed","template":"","meta":{"_glsr_average":0,"_glsr_ranking":0,"_glsr_reviews":0},"product_brand":[],"product_cat":[277],"product_tag":[],"class_list":{"0":"post-2926","1":"product","2":"type-product","3":"status-publish","4":"has-post-thumbnail","6":"product_cat-iolith-cordierit","7":"pa_edelsteinart-iolith-cordierit","8":"pa_farbe-blau","9":"pa_form-rund","10":"pa_gewicht-karat-1-0-3-0-karat","11":"pa_herkunft-madagaskar","12":"pa_reinheit-kleine-einschluesse","13":"pa_veredelung-behandlung-unbehandelt","14":"pa_zertifikat-ja","15":"pa_zustand-neu","17":"first","18":"instock","19":"featured","20":"sold-individually","21":"shipping-taxable","22":"purchasable","23":"product-type-simple","24":"add-to-wishlist-before_image"},"jetpack_sharing_enabled":true,"_links":{"self":[{"href":"https:\/\/saphirsmaragd.com\/fr\/wp-json\/wp\/v2\/product\/2926","targetHints":{"allow":["GET"]}}],"collection":[{"href":"https:\/\/saphirsmaragd.com\/fr\/wp-json\/wp\/v2\/product"}],"about":[{"href":"https:\/\/saphirsmaragd.com\/fr\/wp-json\/wp\/v2\/types\/product"}],"replies":[{"embeddable":true,"href":"https:\/\/saphirsmaragd.com\/fr\/wp-json\/wp\/v2\/comments?post=2926"}],"version-history":[{"count":1,"href":"https:\/\/saphirsmaragd.com\/fr\/wp-json\/wp\/v2\/product\/2926\/revisions"}],"predecessor-version":[{"id":2929,"href":"https:\/\/saphirsmaragd.com\/fr\/wp-json\/wp\/v2\/product\/2926\/revisions\/2929"}],"wp:featuredmedia":[{"embeddable":true,"href":"https:\/\/saphirsmaragd.com\/fr\/wp-json\/wp\/v2\/media\/2928"}],"wp:attachment":[{"href":"https:\/\/saphirsmaragd.com\/fr\/wp-json\/wp\/v2\/media?parent=2926"}],"wp:term":[{"taxonomy":"product_brand","embeddable":true,"href":"https:\/\/saphirsmaragd.com\/fr\/wp-json\/wp\/v2\/product_brand?post=2926"},{"taxonomy":"product_cat","embeddable":true,"href":"https:\/\/saphirsmaragd.com\/fr\/wp-json\/wp\/v2\/product_cat?post=2926"},{"taxonomy":"product_tag","embeddable":true,"href":"https:\/\/saphirsmaragd.com\/fr\/wp-json\/wp\/v2\/product_tag?post=2926"}],"curies":[{"name":"wp","href":"https:\/\/api.w.org\/{rel}","templated":true}]}}