{"id":2974,"date":"2025-10-13T10:23:41","date_gmt":"2025-10-13T10:23:41","guid":{"rendered":"https:\/\/saphirsmaragd.com\/?post_type=product&#038;p=2974"},"modified":"2025-12-29T18:59:17","modified_gmt":"2025-12-29T18:59:17","slug":"peridot-2-52-karat-hellgruen-kissen","status":"publish","type":"product","link":"https:\/\/saphirsmaragd.com\/fr\/produit\/peridot-2-52-karat-hellgruen-kissen\/","title":{"rendered":"Peridot 2.52 Karat Hellgr\u00fcn Kissen \u2013 facettiert, augenrein &#038; zertifiziert"},"content":{"rendered":"<div id=\"ez-toc-container\" class=\"ez-toc-v2_0_82_2 counter-hierarchy ez-toc-counter ez-toc-grey ez-toc-container-direction\">\n<div class=\"ez-toc-title-container\">\n<p class=\"ez-toc-title\" style=\"cursor:inherit\">Table des mati\u00e8res<\/p>\n<span class=\"ez-toc-title-toggle\"><a href=\"#\" class=\"ez-toc-pull-right ez-toc-btn ez-toc-btn-xs ez-toc-btn-default ez-toc-toggle\" aria-label=\"Toggle Table of Content\"><span class=\"ez-toc-js-icon-con\"><span class=\"\"><span class=\"eztoc-hide\" style=\"display:none;\">Basculer<\/span><span class=\"ez-toc-icon-toggle-span\"><svg style=\"fill: #999;color:#999\" xmlns=\"http:\/\/www.w3.org\/2000\/svg\" class=\"list-377408\" width=\"20px\" height=\"20px\" viewbox=\"0 0 24 24\" fill=\"none\"><path d=\"M6 6H4v2h2V6zm14 0H8v2h12V6zM4 11h2v2H4v-2zm16 0H8v2h12v-2zM4 16h2v2H4v-2zm16 0H8v2h12v-2z\" fill=\"currentColor\"><\/path><\/svg><svg style=\"fill: #999;color:#999\" class=\"arrow-unsorted-368013\" xmlns=\"http:\/\/www.w3.org\/2000\/svg\" width=\"10px\" height=\"10px\" viewbox=\"0 0 24 24\" version=\"1.2\" baseprofile=\"tiny\"><path d=\"M18.2 9.3l-6.2-6.3-6.2 6.3c-.2.2-.3.4-.3.7s.1.5.3.7c.2.2.4.3.7.3h11c.3 0 .5-.1.7-.3.2-.2.3-.5.3-.7s-.1-.5-.3-.7zM5.8 14.7l6.2 6.3 6.2-6.3c.2-.2.3-.5.3-.7s-.1-.5-.3-.7c-.2-.2-.4-.3-.7-.3h-11c-.3 0-.5.1-.7.3-.2.2-.3.5-.3.7s.1.5.3.7z\"\/><\/svg><\/span><\/span><\/span><\/a><\/span><\/div>\n<nav><ul class='ez-toc-list ez-toc-list-level-1' ><li class='ez-toc-page-1 ez-toc-heading-level-4'><a class=\"ez-toc-link ez-toc-heading-1\" href=\"https:\/\/saphirsmaragd.com\/fr\/produit\/peridot-2-52-karat-hellgruen-kissen\/#Peridot_252_Karat_Hellgrun_Kissen_%E2%80%93_facettiert_augenrein_zertifiziert\" >Peridot 2.52 Karat Hellgr\u00fcn Kissen \u2013 facettiert, augenrein &amp; zertifiziert<\/a><\/li><li class='ez-toc-page-1 ez-toc-heading-level-4'><a class=\"ez-toc-link ez-toc-heading-2\" href=\"https:\/\/saphirsmaragd.com\/fr\/produit\/peridot-2-52-karat-hellgruen-kissen\/#Merkmale_Herkunft\" >Caract\u00e9ristiques et origine<\/a><\/li><li class='ez-toc-page-1 ez-toc-heading-level-4'><a class=\"ez-toc-link ez-toc-heading-3\" href=\"https:\/\/saphirsmaragd.com\/fr\/produit\/peridot-2-52-karat-hellgruen-kissen\/#Besonderheiten\" >Caract\u00e9ristiques sp\u00e9ciales<\/a><\/li><li class='ez-toc-page-1 ez-toc-heading-level-4'><a class=\"ez-toc-link ez-toc-heading-4\" href=\"https:\/\/saphirsmaragd.com\/fr\/produit\/peridot-2-52-karat-hellgruen-kissen\/#Mehr_uber_unsere_Edelsteine\" >En savoir plus sur nos pierres pr\u00e9cieuses<\/a><\/li><li class='ez-toc-page-1 ez-toc-heading-level-4'><a class=\"ez-toc-link ez-toc-heading-5\" href=\"https:\/\/saphirsmaragd.com\/fr\/produit\/peridot-2-52-karat-hellgruen-kissen\/#Weitere_Infos\" >Informations compl\u00e9mentaires<\/a><\/li><\/ul><\/nav><\/div>\n<h4 data-start=\"734\" data-end=\"812\"><span class=\"ez-toc-section\" id=\"Peridot_252_Karat_Hellgrun_Kissen_%E2%80%93_facettiert_augenrein_zertifiziert\"><\/span>Peridot 2.52 Karat Hellgr\u00fcn Kissen \u2013 facettiert, augenrein &amp; zertifiziert<span class=\"ez-toc-section-end\"><\/span><\/h4>\n<p data-start=\"813\" data-end=\"1067\">Lebendig hellgr\u00fcner, kissenf\u00f6rmig facettierter Peridot mit sch\u00f6ner Helligkeit und klarer Brillanz. Dank augenreiner Klarheit und handlichem 8-mm-Format ideal f\u00fcr elegante Ringe oder Anh\u00e4nger; unbehandelt und mit unabh\u00e4ngigem Zertifikat geliefert.<\/p>\n<hr data-start=\"1069\" data-end=\"1072\" \/>\n<h4 data-start=\"1074\" data-end=\"1098\"><span class=\"ez-toc-section\" id=\"Merkmale_Herkunft\"><\/span>Caract\u00e9ristiques et origine<span class=\"ez-toc-section-end\"><\/span><\/h4>\n<p data-start=\"1099\" data-end=\"1483\">Stein: Peridot (Olivin)<br data-start=\"1122\" data-end=\"1125\" \/>Farbe: Hellgr\u00fcn \/ Bright Green<br data-start=\"1155\" data-end=\"1158\" \/>Form: Kissen (Cushion, facettiert)<br data-start=\"1192\" data-end=\"1195\" \/>Gr\u00f6\u00dfe: ca. 8 \u00d7 8<br data-start=\"1211\" data-end=\"1214\" \/>Gewicht: 2.52 Karat<br data-start=\"1233\" data-end=\"1236\" \/>Reinheit: Augenrein (keine Einschl\u00fcsse mit blo\u00dfem Auge sichtbar)<br data-start=\"1304\" data-end=\"1307\" \/>Traitement : Non trait\u00e9<br data-start=\"1338\" data-end=\"1341\" \/>Duret\u00e9 : 7 sur l'\u00c9chelle de Mohs<br data-start=\"1372\" data-end=\"1375\" \/>Zertifikat: Val\u00e9rie DURAFFOURG (Gem-A) \u2013 Lieferung mit Zertifikat<br data-start=\"1468\" data-end=\"1471\" \/>\u00c9tat : Neuf<\/p>\n<hr data-start=\"1485\" data-end=\"1488\" \/>\n<h4 data-start=\"1490\" data-end=\"1509\"><span class=\"ez-toc-section\" id=\"Besonderheiten\"><\/span>Caract\u00e9ristiques sp\u00e9ciales<span class=\"ez-toc-section-end\"><\/span><\/h4>\n<p data-start=\"1510\" data-end=\"1741\">Der Cushion-Schliff betont die frische, freundliche Farbs\u00e4ttigung und liefert eine gleichm\u00e4\u00dfige Brillanz \u00fcber die gesamte Tafel. Unbehandelte, zertifizierte Qualit\u00e4t \u2013 perfekt f\u00fcr feinen Alltagsschmuck oder Verlobungsringe.<\/p>\n<hr data-start=\"1926\" data-end=\"1929\" \/>\n<h4 data-start=\"1931\" data-end=\"1971\"><span class=\"ez-toc-section\" id=\"Mehr_uber_unsere_Edelsteine\"><\/span>En savoir plus sur nos pierres pr\u00e9cieuses<span class=\"ez-toc-section-end\"><\/span><\/h4>\n<p data-start=\"1972\" data-end=\"2069\"><a href=\"https:\/\/saphirsmaragd.com\/fr\/product-category\/edelsteine-kaufen\/\">pierres pr\u00e9cieuses<\/a><\/p>\n<hr data-start=\"2071\" data-end=\"2074\" \/>\n<h4 data-start=\"2076\" data-end=\"2096\"><span class=\"ez-toc-section\" id=\"Weitere_Infos\"><\/span>Informations compl\u00e9mentaires<span class=\"ez-toc-section-end\"><\/span><\/h4>\n<p><a href=\"https:\/\/de.wikipedia.org\/wiki\/Peridot\" target=\"_blank\" rel=\"noopener\">Wikipedia: Peridot<\/a><\/p>","protected":false},"excerpt":{"rendered":"<p data-start=\"374\" data-end=\"627\"><em>Peridot 2.52 Karat Hellgr\u00fcn Kissen &#8211; Nat\u00fcrlicher, kissenf\u00f6rmig facettierter Peridot (8 \u00d7 8), lebhaftes Hellgr\u00fcn, augenrein, H\u00e4rte 6.5\u20137, unbehandelt, inkl. Zertifikat von Val\u00e9rie DURAFFOURG (Gem-A).<\/em><\/p>\n<p data-start=\"629\" data-end=\"727\">\n<h3 data-start=\"660\" data-end=\"684\"><\/h3>\n<p data-start=\"575\" data-end=\"606\">","protected":false},"featured_media":2977,"comment_status":"open","ping_status":"closed","template":"","meta":{"_glsr_average":0,"_glsr_ranking":0,"_glsr_reviews":0},"product_brand":[],"product_cat":[117],"product_tag":[],"class_list":{"0":"post-2974","1":"product","2":"type-product","3":"status-publish","4":"has-post-thumbnail","6":"product_cat-peridot-kaufen","7":"pa_edelsteinart-peridot","8":"pa_farbe-gruen","9":"pa_form-kissen","10":"pa_gewicht-karat-1-0-3-0-karat","11":"pa_reinheit-kleine-einschluesse","12":"pa_veredelung-behandlung-unbehandelt","13":"pa_zertifikat-ja","14":"pa_zustand-neu","16":"first","17":"instock","18":"featured","19":"sold-individually","20":"shipping-taxable","21":"purchasable","22":"product-type-simple","23":"add-to-wishlist-before_image"},"jetpack_sharing_enabled":true,"_links":{"self":[{"href":"https:\/\/saphirsmaragd.com\/fr\/wp-json\/wp\/v2\/product\/2974","targetHints":{"allow":["GET"]}}],"collection":[{"href":"https:\/\/saphirsmaragd.com\/fr\/wp-json\/wp\/v2\/product"}],"about":[{"href":"https:\/\/saphirsmaragd.com\/fr\/wp-json\/wp\/v2\/types\/product"}],"replies":[{"embeddable":true,"href":"https:\/\/saphirsmaragd.com\/fr\/wp-json\/wp\/v2\/comments?post=2974"}],"version-history":[{"count":1,"href":"https:\/\/saphirsmaragd.com\/fr\/wp-json\/wp\/v2\/product\/2974\/revisions"}],"predecessor-version":[{"id":2978,"href":"https:\/\/saphirsmaragd.com\/fr\/wp-json\/wp\/v2\/product\/2974\/revisions\/2978"}],"wp:featuredmedia":[{"embeddable":true,"href":"https:\/\/saphirsmaragd.com\/fr\/wp-json\/wp\/v2\/media\/2977"}],"wp:attachment":[{"href":"https:\/\/saphirsmaragd.com\/fr\/wp-json\/wp\/v2\/media?parent=2974"}],"wp:term":[{"taxonomy":"product_brand","embeddable":true,"href":"https:\/\/saphirsmaragd.com\/fr\/wp-json\/wp\/v2\/product_brand?post=2974"},{"taxonomy":"product_cat","embeddable":true,"href":"https:\/\/saphirsmaragd.com\/fr\/wp-json\/wp\/v2\/product_cat?post=2974"},{"taxonomy":"product_tag","embeddable":true,"href":"https:\/\/saphirsmaragd.com\/fr\/wp-json\/wp\/v2\/product_tag?post=2974"}],"curies":[{"name":"wp","href":"https:\/\/api.w.org\/{rel}","templated":true}]}}