{"id":3309,"date":"2025-10-15T15:08:37","date_gmt":"2025-10-15T15:08:37","guid":{"rendered":"https:\/\/saphirsmaragd.com\/?post_type=product&#038;p=3309"},"modified":"2025-12-29T18:56:46","modified_gmt":"2025-12-29T18:56:46","slug":"tansanit-1-37-karat-blau-rund-paar","status":"publish","type":"product","link":"https:\/\/saphirsmaragd.com\/fr\/produit\/tansanit-1-37-karat-blau-rund-paar\/","title":{"rendered":"Paire de tanzanites rondes bleues de 1,37 carat \u2013 un duo \u00e9l\u00e9gant pour des boucles d&#039;oreilles ou des bijoux"},"content":{"rendered":"<div id=\"ez-toc-container\" class=\"ez-toc-v2_0_82_2 counter-hierarchy ez-toc-counter ez-toc-grey ez-toc-container-direction\">\n<div class=\"ez-toc-title-container\">\n<p class=\"ez-toc-title\" style=\"cursor:inherit\">Table des mati\u00e8res<\/p>\n<span class=\"ez-toc-title-toggle\"><a href=\"#\" class=\"ez-toc-pull-right ez-toc-btn ez-toc-btn-xs ez-toc-btn-default ez-toc-toggle\" aria-label=\"Toggle Table of Content\"><span class=\"ez-toc-js-icon-con\"><span class=\"\"><span class=\"eztoc-hide\" style=\"display:none;\">Basculer<\/span><span class=\"ez-toc-icon-toggle-span\"><svg style=\"fill: #999;color:#999\" xmlns=\"http:\/\/www.w3.org\/2000\/svg\" class=\"list-377408\" width=\"20px\" height=\"20px\" viewbox=\"0 0 24 24\" fill=\"none\"><path d=\"M6 6H4v2h2V6zm14 0H8v2h12V6zM4 11h2v2H4v-2zm16 0H8v2h12v-2zM4 16h2v2H4v-2zm16 0H8v2h12v-2z\" fill=\"currentColor\"><\/path><\/svg><svg style=\"fill: #999;color:#999\" class=\"arrow-unsorted-368013\" xmlns=\"http:\/\/www.w3.org\/2000\/svg\" width=\"10px\" height=\"10px\" viewbox=\"0 0 24 24\" version=\"1.2\" baseprofile=\"tiny\"><path d=\"M18.2 9.3l-6.2-6.3-6.2 6.3c-.2.2-.3.4-.3.7s.1.5.3.7c.2.2.4.3.7.3h11c.3 0 .5-.1.7-.3.2-.2.3-.5.3-.7s-.1-.5-.3-.7zM5.8 14.7l6.2 6.3 6.2-6.3c.2-.2.3-.5.3-.7s-.1-.5-.3-.7c-.2-.2-.4-.3-.7-.3h-11c-.3 0-.5.1-.7.3-.2.2-.3.5-.3.7s.1.5.3.7z\"\/><\/svg><\/span><\/span><\/span><\/a><\/span><\/div>\n<nav><ul class='ez-toc-list ez-toc-list-level-1' ><li class='ez-toc-page-1 ez-toc-heading-level-4'><a class=\"ez-toc-link ez-toc-heading-1\" href=\"https:\/\/saphirsmaragd.com\/fr\/produit\/tansanit-1-37-karat-blau-rund-paar\/#Tansanit_137_Karat_Blau_Rund_Paar\" >Tansanit 1.37 Karat Blau Rund Paar<\/a><\/li><li class='ez-toc-page-1 ez-toc-heading-level-4'><a class=\"ez-toc-link ez-toc-heading-2\" href=\"https:\/\/saphirsmaragd.com\/fr\/produit\/tansanit-1-37-karat-blau-rund-paar\/#Merkmale_Herkunft\" >Caract\u00e9ristiques et origine<\/a><\/li><li class='ez-toc-page-1 ez-toc-heading-level-4'><a class=\"ez-toc-link ez-toc-heading-3\" href=\"https:\/\/saphirsmaragd.com\/fr\/produit\/tansanit-1-37-karat-blau-rund-paar\/#Besonderheiten\" >Caract\u00e9ristiques sp\u00e9ciales<\/a><\/li><li class='ez-toc-page-1 ez-toc-heading-level-4'><a class=\"ez-toc-link ez-toc-heading-4\" href=\"https:\/\/saphirsmaragd.com\/fr\/produit\/tansanit-1-37-karat-blau-rund-paar\/#Mehr_uber_unsere_Edelsteine\" >En savoir plus sur nos pierres pr\u00e9cieuses<\/a><\/li><li class='ez-toc-page-1 ez-toc-heading-level-4'><a class=\"ez-toc-link ez-toc-heading-5\" href=\"https:\/\/saphirsmaragd.com\/fr\/produit\/tansanit-1-37-karat-blau-rund-paar\/#Weitere_Infos\" >Informations compl\u00e9mentaires<\/a><\/li><\/ul><\/nav><\/div>\n<h4 data-start=\"702\" data-end=\"779\"><span class=\"ez-toc-section\" id=\"Tansanit_137_Karat_Blau_Rund_Paar\"><\/span><strong data-start=\"742\" data-end=\"780\">Tansanit 1.37 Karat Blau Rund Paar<\/strong><span class=\"ez-toc-section-end\"><\/span><\/h4>\n<p data-start=\"702\" data-end=\"779\">Ein harmonisches Paar facettierter Tansanite mit intensiver Blauf\u00e4rbung und feinem Glanz. Ideal f\u00fcr die Anfertigung hochwertiger Ohrringe oder ma\u00dfgeschneiderten Schmuck.<\/p>\n<hr data-start=\"1311\" data-end=\"1314\" \/>\n<h4 data-start=\"1040\" data-end=\"1066\"><span class=\"ez-toc-section\" id=\"Merkmale_Herkunft\"><\/span>Caract\u00e9ristiques et origine<span class=\"ez-toc-section-end\"><\/span><\/h4>\n<p data-start=\"118\" data-end=\"342\">Steinart: Tansanit<br data-start=\"136\" data-end=\"139\" \/>Farbe: Blau<br data-start=\"1004\" data-end=\"1007\" \/>forme : Rond<br data-start=\"1017\" data-end=\"1020\" \/>Gewicht: 1.37 Karat (Paar)<br data-start=\"1046\" data-end=\"1049\" \/>Dimensionen: ca. 5.5 mm pro Stein<br data-start=\"1082\" data-end=\"1085\" \/>H\u00e4rte: 6.5 auf der Mohs-Skala<br data-start=\"1114\" data-end=\"1117\" \/>Reinheit: Augenrein, Einschl\u00fcsse nur unter 10\u00d7 sichtbar<br data-start=\"1172\" data-end=\"1175\" \/>Herkunft: Tansania<br data-start=\"1213\" data-end=\"1216\" \/>Zertifikat: Val\u00e9rie Duraffourg (Gem-A, London)<\/p>\n<hr data-start=\"1311\" data-end=\"1314\" \/>\n<h4 data-start=\"1316\" data-end=\"1337\"><span class=\"ez-toc-section\" id=\"Besonderheiten\"><\/span>Caract\u00e9ristiques sp\u00e9ciales<span class=\"ez-toc-section-end\"><\/span><\/h4>\n<p data-start=\"1265\" data-end=\"1513\">Der Tansanit 0.74 Karat Blau-Trillion \u00fcberzeugt mit seiner klaren Transparenz, nat\u00fcrlichen Farbe und pr\u00e4zisen Facettierung. Die Seltenheit von unbehandelten Tansaniten in Trillion-Schliff macht ihn ideal f\u00fcr Sammler oder feine Schmuckanfertigungen.<\/p>\n<hr data-start=\"1926\" data-end=\"1929\" \/>\n<h4 data-start=\"1931\" data-end=\"1971\"><span class=\"ez-toc-section\" id=\"Mehr_uber_unsere_Edelsteine\"><\/span>En savoir plus sur nos pierres pr\u00e9cieuses<span class=\"ez-toc-section-end\"><\/span><\/h4>\n<p data-start=\"1972\" data-end=\"2069\"><a href=\"https:\/\/saphirsmaragd.com\/fr\/product-category\/edelsteine-kaufen\/\">pierres pr\u00e9cieuses<\/a><\/p>\n<hr data-start=\"2071\" data-end=\"2074\" \/>\n<h4 data-start=\"2076\" data-end=\"2096\"><span class=\"ez-toc-section\" id=\"Weitere_Infos\"><\/span>Informations compl\u00e9mentaires<span class=\"ez-toc-section-end\"><\/span><\/h4>\n<p><a href=\"https:\/\/de.wikipedia.org\/wiki\/Tansanit\" target=\"_blank\" rel=\"noopener\">Wikipedia: Tansanit<\/a><\/p>","protected":false},"excerpt":{"rendered":"<p data-start=\"465\" data-end=\"611\"><em>Edles Doppel aus nat\u00fcrlichen Tansaniten: Tansanit 1.37 Karat Blau Rund Paar mit Zertifikat und hervorragender Reinheit. Perfekt f\u00fcr Schmuckdesign.<\/em><\/p>","protected":false},"featured_media":3311,"comment_status":"open","ping_status":"closed","template":"","meta":{"_glsr_average":0,"_glsr_ranking":0,"_glsr_reviews":0},"product_brand":[],"product_cat":[298],"product_tag":[],"class_list":{"0":"post-3309","1":"product","2":"type-product","3":"status-publish","4":"has-post-thumbnail","6":"product_cat-tansanit","7":"pa_edelsteinart-tansanit","8":"pa_farbe-blau","9":"pa_form-rund","10":"pa_gewicht-karat-1-0-3-0-karat","11":"pa_herkunft-tansania","12":"pa_reinheit-augenrein","13":"pa_zertifikat-ja","14":"pa_zustand-neu","16":"first","17":"instock","18":"featured","19":"sold-individually","20":"shipping-taxable","21":"purchasable","22":"product-type-simple","23":"add-to-wishlist-before_image"},"jetpack_sharing_enabled":true,"_links":{"self":[{"href":"https:\/\/saphirsmaragd.com\/fr\/wp-json\/wp\/v2\/product\/3309","targetHints":{"allow":["GET"]}}],"collection":[{"href":"https:\/\/saphirsmaragd.com\/fr\/wp-json\/wp\/v2\/product"}],"about":[{"href":"https:\/\/saphirsmaragd.com\/fr\/wp-json\/wp\/v2\/types\/product"}],"replies":[{"embeddable":true,"href":"https:\/\/saphirsmaragd.com\/fr\/wp-json\/wp\/v2\/comments?post=3309"}],"version-history":[{"count":2,"href":"https:\/\/saphirsmaragd.com\/fr\/wp-json\/wp\/v2\/product\/3309\/revisions"}],"predecessor-version":[{"id":3354,"href":"https:\/\/saphirsmaragd.com\/fr\/wp-json\/wp\/v2\/product\/3309\/revisions\/3354"}],"wp:featuredmedia":[{"embeddable":true,"href":"https:\/\/saphirsmaragd.com\/fr\/wp-json\/wp\/v2\/media\/3311"}],"wp:attachment":[{"href":"https:\/\/saphirsmaragd.com\/fr\/wp-json\/wp\/v2\/media?parent=3309"}],"wp:term":[{"taxonomy":"product_brand","embeddable":true,"href":"https:\/\/saphirsmaragd.com\/fr\/wp-json\/wp\/v2\/product_brand?post=3309"},{"taxonomy":"product_cat","embeddable":true,"href":"https:\/\/saphirsmaragd.com\/fr\/wp-json\/wp\/v2\/product_cat?post=3309"},{"taxonomy":"product_tag","embeddable":true,"href":"https:\/\/saphirsmaragd.com\/fr\/wp-json\/wp\/v2\/product_tag?post=3309"}],"curies":[{"name":"wp","href":"https:\/\/api.w.org\/{rel}","templated":true}]}}