{"id":4009,"date":"2025-10-31T11:19:11","date_gmt":"2025-10-31T11:19:11","guid":{"rendered":"https:\/\/saphirsmaragd.com\/?post_type=product&#038;p=4009"},"modified":"2025-12-05T10:15:13","modified_gmt":"2025-12-05T10:15:13","slug":"achat-dekoration","status":"publish","type":"product","link":"https:\/\/saphirsmaragd.com\/fr\/produit\/achat-dekoration\/","title":{"rendered":"D\u00e9coration en agate \u2013 pierre naturelle sur support, provenant du Br\u00e9sil \u2013 14,5 \u00d7 12,5 \u00d7 5,5 cm"},"content":{"rendered":"<div id=\"ez-toc-container\" class=\"ez-toc-v2_0_83 counter-hierarchy ez-toc-counter ez-toc-grey ez-toc-container-direction\">\n<div class=\"ez-toc-title-container\">\n<p class=\"ez-toc-title\" style=\"cursor:inherit\">Table des mati\u00e8res<\/p>\n<span class=\"ez-toc-title-toggle\"><a href=\"#\" class=\"ez-toc-pull-right ez-toc-btn ez-toc-btn-xs ez-toc-btn-default ez-toc-toggle\" aria-label=\"Toggle Table of Content\"><span class=\"ez-toc-js-icon-con\"><span class=\"\"><span class=\"eztoc-hide\" style=\"display:none;\">Basculer<\/span><span class=\"ez-toc-icon-toggle-span\"><svg style=\"fill: #999;color:#999\" xmlns=\"http:\/\/www.w3.org\/2000\/svg\" class=\"list-377408\" width=\"20px\" height=\"20px\" viewbox=\"0 0 24 24\" fill=\"none\"><path d=\"M6 6H4v2h2V6zm14 0H8v2h12V6zM4 11h2v2H4v-2zm16 0H8v2h12v-2zM4 16h2v2H4v-2zm16 0H8v2h12v-2z\" fill=\"currentColor\"><\/path><\/svg><svg style=\"fill: #999;color:#999\" class=\"arrow-unsorted-368013\" xmlns=\"http:\/\/www.w3.org\/2000\/svg\" width=\"10px\" height=\"10px\" viewbox=\"0 0 24 24\" version=\"1.2\" baseprofile=\"tiny\"><path d=\"M18.2 9.3l-6.2-6.3-6.2 6.3c-.2.2-.3.4-.3.7s.1.5.3.7c.2.2.4.3.7.3h11c.3 0 .5-.1.7-.3.2-.2.3-.5.3-.7s-.1-.5-.3-.7zM5.8 14.7l6.2 6.3 6.2-6.3c.2-.2.3-.5.3-.7s-.1-.5-.3-.7c-.2-.2-.4-.3-.7-.3h-11c-.3 0-.5.1-.7.3-.2.2-.3.5-.3.7s.1.5.3.7z\"\/><\/svg><\/span><\/span><\/span><\/a><\/span><\/div>\n<nav><ul class='ez-toc-list ez-toc-list-level-1' ><li class='ez-toc-page-1 ez-toc-heading-level-4'><a class=\"ez-toc-link ez-toc-heading-1\" href=\"https:\/\/saphirsmaragd.com\/fr\/produit\/achat-dekoration\/#Achat_Dekoration_%E2%80%93_Naturstein_auf_Stand_aus_Brasilien\" >Achat Dekoration \u2013 Naturstein auf Stand aus Brasilien<\/a><\/li><li class='ez-toc-page-1 ez-toc-heading-level-4'><a class=\"ez-toc-link ez-toc-heading-2\" href=\"https:\/\/saphirsmaragd.com\/fr\/produit\/achat-dekoration\/#_Merkmale_Herkunft\" >\u00a0Caract\u00e9ristiques et origine<\/a><\/li><li class='ez-toc-page-1 ez-toc-heading-level-4'><a class=\"ez-toc-link ez-toc-heading-3\" href=\"https:\/\/saphirsmaragd.com\/fr\/produit\/achat-dekoration\/#_Besonderheiten\" >\u00a0Caract\u00e9ristiques sp\u00e9ciales<\/a><\/li><li class='ez-toc-page-1 ez-toc-heading-level-4'><a class=\"ez-toc-link ez-toc-heading-4\" href=\"https:\/\/saphirsmaragd.com\/fr\/produit\/achat-dekoration\/#_Mehr_uber_Achate_Heilsteine\" >\u00a0En savoir plus sur les agates et les pierres m\u00e9dicinales<\/a><\/li><li class='ez-toc-page-1 ez-toc-heading-level-4'><a class=\"ez-toc-link ez-toc-heading-5\" href=\"https:\/\/saphirsmaragd.com\/fr\/produit\/achat-dekoration\/#_Weitere_Infos\" >\u00a0Informations compl\u00e9mentaires<\/a><\/li><\/ul><\/nav><\/div>\n<h4 data-start=\"361\" data-end=\"424\"><span class=\"ez-toc-section\" id=\"Achat_Dekoration_%E2%80%93_Naturstein_auf_Stand_aus_Brasilien\"><\/span><strong data-start=\"367\" data-end=\"424\">Achat Dekoration \u2013 Naturstein auf Stand aus Brasilien<\/strong><span class=\"ez-toc-section-end\"><\/span><\/h4>\n<p data-start=\"426\" data-end=\"648\">Diese Achat Dekoration ist ein einzigartiges Unikat. Sie erhalten genau das auf den Fotos abgebildete St\u00fcck \u2013 ein kunstvoller Naturstein auf stabilem Stand, der Ruhe, Erdung und Ausgeglichenheit in jeden Raum bringt.<\/p>\n<hr data-start=\"650\" data-end=\"653\" \/>\n<h4 data-start=\"655\" data-end=\"683\"><span class=\"ez-toc-section\" id=\"_Merkmale_Herkunft\"><\/span>\u00a0Caract\u00e9ristiques et origine<span class=\"ez-toc-section-end\"><\/span><\/h4>\n<p data-start=\"684\" data-end=\"955\">Farbe: Mehrfarbig (Grau-, Wei\u00df- und Braunt\u00f6ne)<br data-start=\"730\" data-end=\"733\" \/>Form: Naturformation auf Stand<br data-start=\"763\" data-end=\"766\" \/>Origine : Br\u00e9sil<br data-start=\"785\" data-end=\"788\" \/>Gewicht: 1803 g (inkl. Stand)<br data-start=\"817\" data-end=\"820\" \/>Ma\u00dfe: 14,5 \u00d7 12,5 \u00d7 5,5 cm<br data-start=\"846\" data-end=\"849\" \/>Reinheit: Nat\u00fcrlich, unbehandelt<br data-start=\"881\" data-end=\"884\" \/>Behandlung: Keine<br data-start=\"935\" data-end=\"938\" \/>Steinart: Achat<\/p>\n<hr data-start=\"957\" data-end=\"960\" \/>\n<h4 data-start=\"962\" data-end=\"985\"><span class=\"ez-toc-section\" id=\"_Besonderheiten\"><\/span>\u00a0Caract\u00e9ristiques sp\u00e9ciales<span class=\"ez-toc-section-end\"><\/span><\/h4>\n<p data-start=\"987\" data-end=\"1288\">Der Achat ist ein traditionsreicher Edelstein, der f\u00fcr Schutz, Erdung und innere Stabilit\u00e4t steht. Die sanfte Energie dieser Achat Dekoration wirkt ausgleichend auf K\u00f6rper, Geist und Seele. Sie schenkt emotionale Sicherheit, f\u00f6rdert Selbstakzeptanz und unterst\u00fctzt pers\u00f6nliches Wachstum.<\/p>\n<p data-start=\"1290\" data-end=\"1581\">Achat hilft, Stress und innere Unruhe zu l\u00f6sen, und st\u00e4rkt das Vertrauen in die eigene Wahrnehmung. Durch seine harmonisierende Wirkung bringt er Klarheit und f\u00f6rdert die F\u00e4higkeit, objektiv zu denken und systematisch zu handeln \u2013 ideal f\u00fcr Konzentration, Studium oder berufliche Aufgaben.<\/p>\n<p data-start=\"1583\" data-end=\"1898\">Physisch unterst\u00fctzt Achat das Immunsystem, den Stoffwechsel und die Durchblutung. Er wirkt positiv auf Verdauung, Magen, Darm und Blase und kann Nerven beruhigen. W\u00e4hrend der Schwangerschaft gilt Achat als sch\u00fctzender Begleiter, der Mutter und Kind st\u00e4rkt und Wachstum sowie Geborgenheit f\u00f6rdert.<\/p>\n<hr data-start=\"1900\" data-end=\"1903\" \/>\n<h4 data-start=\"1905\" data-end=\"1943\"><span class=\"ez-toc-section\" id=\"_Mehr_uber_Achate_Heilsteine\"><\/span>\u00a0En savoir plus sur les agates et les pierres m\u00e9dicinales<span class=\"ez-toc-section-end\"><\/span><\/h4>\n<p data-start=\"1945\" data-end=\"2154\">Erfahren Sie mehr \u00fcber die Wirkung von Heilsteinen &amp; Kristallen auf unserer Seite<br data-start=\"2030\" data-end=\"2033\" \/><a class=\"decorated-link cursor-pointer\" href=\"https:\/\/de.wikipedia.org\/wiki\/Achat\" target=\"_new\" rel=\"noopener\" data-start=\"2036\" data-end=\"2152\">Heilsteine &amp; Kristalle | Saphir &amp; Smaragd<\/a><\/p>\n<hr data-start=\"2156\" data-end=\"2159\" \/>\n<h4 data-start=\"2161\" data-end=\"2183\"><span class=\"ez-toc-section\" id=\"_Weitere_Infos\"><\/span>\u00a0Informations compl\u00e9mentaires<span class=\"ez-toc-section-end\"><\/span><\/h4>\n<p data-start=\"2185\" data-end=\"2301\">Mehr wissenschaftliche Informationen finden Sie unter<br data-start=\"2238\" data-end=\"2241\" \/><a href=\"https:\/\/de.wikipedia.org\/wiki\/Achat\" target=\"_blank\" rel=\"noopener\">\u00a0Wikipedia: Achat<\/a><\/p>","protected":false},"excerpt":{"rendered":"<p><em>Handverlesene Achat Dekoration aus Brasilien. F\u00f6rdert Erdung, innere Ruhe und Schutz.<\/em><\/p>","protected":false},"featured_media":4010,"comment_status":"open","ping_status":"closed","template":"","meta":{"_glsr_average":0,"_glsr_ranking":0,"_glsr_reviews":0},"product_brand":[],"product_cat":[84],"product_tag":[],"class_list":{"0":"post-4009","1":"product","2":"type-product","3":"status-publish","4":"has-post-thumbnail","6":"product_cat-rohsteine-kaufen","8":"first","9":"instock","10":"shipping-taxable","11":"purchasable","12":"product-type-simple","13":"add-to-wishlist-before_image"},"jetpack_sharing_enabled":true,"_links":{"self":[{"href":"https:\/\/saphirsmaragd.com\/fr\/wp-json\/wp\/v2\/product\/4009","targetHints":{"allow":["GET"]}}],"collection":[{"href":"https:\/\/saphirsmaragd.com\/fr\/wp-json\/wp\/v2\/product"}],"about":[{"href":"https:\/\/saphirsmaragd.com\/fr\/wp-json\/wp\/v2\/types\/product"}],"replies":[{"embeddable":true,"href":"https:\/\/saphirsmaragd.com\/fr\/wp-json\/wp\/v2\/comments?post=4009"}],"version-history":[{"count":1,"href":"https:\/\/saphirsmaragd.com\/fr\/wp-json\/wp\/v2\/product\/4009\/revisions"}],"predecessor-version":[{"id":4012,"href":"https:\/\/saphirsmaragd.com\/fr\/wp-json\/wp\/v2\/product\/4009\/revisions\/4012"}],"wp:featuredmedia":[{"embeddable":true,"href":"https:\/\/saphirsmaragd.com\/fr\/wp-json\/wp\/v2\/media\/4010"}],"wp:attachment":[{"href":"https:\/\/saphirsmaragd.com\/fr\/wp-json\/wp\/v2\/media?parent=4009"}],"wp:term":[{"taxonomy":"product_brand","embeddable":true,"href":"https:\/\/saphirsmaragd.com\/fr\/wp-json\/wp\/v2\/product_brand?post=4009"},{"taxonomy":"product_cat","embeddable":true,"href":"https:\/\/saphirsmaragd.com\/fr\/wp-json\/wp\/v2\/product_cat?post=4009"},{"taxonomy":"product_tag","embeddable":true,"href":"https:\/\/saphirsmaragd.com\/fr\/wp-json\/wp\/v2\/product_tag?post=4009"}],"curies":[{"name":"wp","href":"https:\/\/api.w.org\/{rel}","templated":true}]}}