{"id":4187,"date":"2025-11-01T12:18:56","date_gmt":"2025-11-01T12:18:56","guid":{"rendered":"https:\/\/saphirsmaragd.com\/?post_type=product&#038;p=4187"},"modified":"2025-12-29T18:55:47","modified_gmt":"2025-12-29T18:55:47","slug":"turmalin-3-47-karat-gruen-oval","status":"publish","type":"product","link":"https:\/\/saphirsmaragd.com\/fr\/produit\/turmalin-3-47-karat-gruen-oval\/","title":{"rendered":"Tourmaline ovale verte de 3,47 carats \u2013 pierre pr\u00e9cieuse vibrante d&#039;une brillance et d&#039;une profondeur naturelles"},"content":{"rendered":"<div id=\"ez-toc-container\" class=\"ez-toc-v2_0_82_2 counter-hierarchy ez-toc-counter ez-toc-grey ez-toc-container-direction\">\n<div class=\"ez-toc-title-container\">\n<p class=\"ez-toc-title\" style=\"cursor:inherit\">Table des mati\u00e8res<\/p>\n<span class=\"ez-toc-title-toggle\"><a href=\"#\" class=\"ez-toc-pull-right ez-toc-btn ez-toc-btn-xs ez-toc-btn-default ez-toc-toggle\" aria-label=\"Toggle Table of Content\"><span class=\"ez-toc-js-icon-con\"><span class=\"\"><span class=\"eztoc-hide\" style=\"display:none;\">Basculer<\/span><span class=\"ez-toc-icon-toggle-span\"><svg style=\"fill: #999;color:#999\" xmlns=\"http:\/\/www.w3.org\/2000\/svg\" class=\"list-377408\" width=\"20px\" height=\"20px\" viewbox=\"0 0 24 24\" fill=\"none\"><path d=\"M6 6H4v2h2V6zm14 0H8v2h12V6zM4 11h2v2H4v-2zm16 0H8v2h12v-2zM4 16h2v2H4v-2zm16 0H8v2h12v-2z\" fill=\"currentColor\"><\/path><\/svg><svg style=\"fill: #999;color:#999\" class=\"arrow-unsorted-368013\" xmlns=\"http:\/\/www.w3.org\/2000\/svg\" width=\"10px\" height=\"10px\" viewbox=\"0 0 24 24\" version=\"1.2\" baseprofile=\"tiny\"><path d=\"M18.2 9.3l-6.2-6.3-6.2 6.3c-.2.2-.3.4-.3.7s.1.5.3.7c.2.2.4.3.7.3h11c.3 0 .5-.1.7-.3.2-.2.3-.5.3-.7s-.1-.5-.3-.7zM5.8 14.7l6.2 6.3 6.2-6.3c.2-.2.3-.5.3-.7s-.1-.5-.3-.7c-.2-.2-.4-.3-.7-.3h-11c-.3 0-.5.1-.7.3-.2.2-.3.5-.3.7s.1.5.3.7z\"\/><\/svg><\/span><\/span><\/span><\/a><\/span><\/div>\n<nav><ul class='ez-toc-list ez-toc-list-level-1' ><li class='ez-toc-page-1 ez-toc-heading-level-4'><a class=\"ez-toc-link ez-toc-heading-1\" href=\"https:\/\/saphirsmaragd.com\/fr\/produit\/turmalin-3-47-karat-gruen-oval\/#Turmalin_347_Karat_Grun_Oval_%E2%80%93_ein_Stein_voller_Licht_und_Energie\" >Turmalin 3.47 Karat Gr\u00fcn Oval \u2013 ein Stein voller Licht und Energie<\/a><\/li><li class='ez-toc-page-1 ez-toc-heading-level-4'><a class=\"ez-toc-link ez-toc-heading-2\" href=\"https:\/\/saphirsmaragd.com\/fr\/produit\/turmalin-3-47-karat-gruen-oval\/#Merkmale_Herkunft\" >Caract\u00e9ristiques et origine<\/a><\/li><li class='ez-toc-page-1 ez-toc-heading-level-4'><a class=\"ez-toc-link ez-toc-heading-3\" href=\"https:\/\/saphirsmaragd.com\/fr\/produit\/turmalin-3-47-karat-gruen-oval\/#Besonderheiten\" >Caract\u00e9ristiques sp\u00e9ciales<\/a><\/li><li class='ez-toc-page-1 ez-toc-heading-level-4'><a class=\"ez-toc-link ez-toc-heading-4\" href=\"https:\/\/saphirsmaragd.com\/fr\/produit\/turmalin-3-47-karat-gruen-oval\/#Mehr_uber_unsere_Edelsteine\" >En savoir plus sur nos pierres pr\u00e9cieuses<\/a><\/li><li class='ez-toc-page-1 ez-toc-heading-level-4'><a class=\"ez-toc-link ez-toc-heading-5\" href=\"https:\/\/saphirsmaragd.com\/fr\/produit\/turmalin-3-47-karat-gruen-oval\/#Weitere_Infos\" >Informations compl\u00e9mentaires<\/a><\/li><\/ul><\/nav><\/div>\n<h4 data-start=\"788\" data-end=\"861\"><span class=\"ez-toc-section\" id=\"Turmalin_347_Karat_Grun_Oval_%E2%80%93_ein_Stein_voller_Licht_und_Energie\"><\/span>Turmalin 3.47 Karat Gr\u00fcn Oval \u2013 ein Stein voller Licht und Energie<span class=\"ez-toc-section-end\"><\/span><\/h4>\n<p data-start=\"862\" data-end=\"1277\">Dieser au\u00dfergew\u00f6hnliche gr\u00fcne Turmalin vereint Leuchtkraft und Eleganz in perfekter Balance. Mit 3.47 Karat Gewicht und seinem pr\u00e4zise facettierten ovalen Schliff (11.15 \u00d7 8.6 mm) entfaltet er ein brillantes Farbspiel in sattem Gr\u00fcn. Sein lebendiger Glanz und die nat\u00fcrliche Reinheit machen ihn zu einem Edelstein von seltener Qualit\u00e4t \u2013 ideal f\u00fcr anspruchsvolle Schmuckdesigner oder Sammler edler Farbedelsteine.<\/p>\n<hr data-start=\"1279\" data-end=\"1282\" \/>\n<h4 data-start=\"1284\" data-end=\"1313\"><span class=\"ez-toc-section\" id=\"Merkmale_Herkunft\"><\/span>Caract\u00e9ristiques et origine<span class=\"ez-toc-section-end\"><\/span><\/h4>\n<p data-start=\"1314\" data-end=\"1578\">Steinart: Turmalin<br data-start=\"1332\" data-end=\"1335\" \/>Couleur : Vert<br data-start=\"1346\" data-end=\"1349\" \/>forme : Ovale<br data-start=\"1359\" data-end=\"1362\" \/>Gewicht: 3.47 Karat<br data-start=\"1381\" data-end=\"1384\" \/>Duret\u00e9 : 7 sur l'\u00c9chelle de Mohs<br data-start=\"1411\" data-end=\"1414\" \/>Gr\u00f6\u00dfe: 11.15 \u00d7 8.6 mm<br data-start=\"1435\" data-end=\"1438\" \/>Clart\u00e9 : Tr\u00e8s petites inclusions<br data-start=\"1471\" data-end=\"1474\" \/>Traitement : Non trait\u00e9<br data-start=\"1497\" data-end=\"1500\" \/>Herkunft: Madagaskar<br data-start=\"1520\" data-end=\"1523\" \/>Zertifikat: Val\u00e9rie DURAFFOURG (Gem-A)<br data-start=\"1561\" data-end=\"1564\" \/>\u00c9tat : Neuf<\/p>\n<hr data-start=\"1580\" data-end=\"1583\" \/>\n<h4 data-start=\"1585\" data-end=\"1609\"><span class=\"ez-toc-section\" id=\"Besonderheiten\"><\/span>Caract\u00e9ristiques sp\u00e9ciales<span class=\"ez-toc-section-end\"><\/span><\/h4>\n<p data-start=\"1610\" data-end=\"1964\">Der Turmalin 3.47 Karat Gr\u00fcn Oval \u00fcberzeugt durch seine leuchtende, klare Farbe und fein abgestimmte Facetten. Dank seiner hohen Brillanz und der nat\u00fcrlichen Reinheit ist er ideal f\u00fcr exklusive Schmuckkreationen. Seine Farbe symbolisiert Wachstum, Ausgeglichenheit und innere St\u00e4rke \u2013 ein Edelstein, der Eleganz und Nat\u00fcrlichkeit perfekt verbindet.<\/p>\n<hr data-start=\"1926\" data-end=\"1929\" \/>\n<h4 data-start=\"1931\" data-end=\"1971\"><span class=\"ez-toc-section\" id=\"Mehr_uber_unsere_Edelsteine\"><\/span>En savoir plus sur nos pierres pr\u00e9cieuses<span class=\"ez-toc-section-end\"><\/span><\/h4>\n<p data-start=\"1972\" data-end=\"2069\"><a href=\"https:\/\/saphirsmaragd.com\/fr\/product-category\/edelsteine-kaufen\/\">pierres pr\u00e9cieuses<\/a><\/p>\n<hr data-start=\"2071\" data-end=\"2074\" \/>\n<h4 data-start=\"2076\" data-end=\"2096\"><span class=\"ez-toc-section\" id=\"Weitere_Infos\"><\/span>Informations compl\u00e9mentaires<span class=\"ez-toc-section-end\"><\/span><\/h4>\n<p><a href=\"https:\/\/de.wikipedia.org\/wiki\/Turmalin\" target=\"_blank\" rel=\"noopener\">Wikipedia: Turmalin<\/a><\/p>","protected":false},"excerpt":{"rendered":"<p data-start=\"439\" data-end=\"646\"><em>Dieser Turmalin 3.47 Karat Gr\u00fcn Oval besticht durch seine intensive Farbe, hohe Transparenz und edlen Facettenschliff. Ein faszinierender Edelstein mit Zertifikat \u2013 ideal f\u00fcr luxuri\u00f6sen Schmuck oder Sammler.<\/em><\/p>\n<h2 data-start=\"523\" data-end=\"548\"><\/h2>","protected":false},"featured_media":4190,"comment_status":"open","ping_status":"closed","template":"","meta":{"_glsr_average":0,"_glsr_ranking":0,"_glsr_reviews":0},"product_brand":[],"product_cat":[109],"product_tag":[],"class_list":{"0":"post-4187","1":"product","2":"type-product","3":"status-publish","4":"has-post-thumbnail","6":"product_cat-turmalin-kaufen","7":"pa_edelsteinart-turmalin","8":"pa_farbe-gruen","9":"pa_form-oval","10":"pa_gewicht-karat-3-0-5-0-karat","11":"pa_herkunft-madagaskar","12":"pa_reinheit-sehr-kleine-einschluesse","13":"pa_veredelung-behandlung-unbehandelt","14":"pa_zertifikat-ja","15":"pa_zustand-neu","17":"first","18":"instock","19":"featured","20":"sold-individually","21":"shipping-taxable","22":"purchasable","23":"product-type-simple","24":"add-to-wishlist-before_image"},"jetpack_sharing_enabled":true,"_links":{"self":[{"href":"https:\/\/saphirsmaragd.com\/fr\/wp-json\/wp\/v2\/product\/4187","targetHints":{"allow":["GET"]}}],"collection":[{"href":"https:\/\/saphirsmaragd.com\/fr\/wp-json\/wp\/v2\/product"}],"about":[{"href":"https:\/\/saphirsmaragd.com\/fr\/wp-json\/wp\/v2\/types\/product"}],"replies":[{"embeddable":true,"href":"https:\/\/saphirsmaragd.com\/fr\/wp-json\/wp\/v2\/comments?post=4187"}],"version-history":[{"count":1,"href":"https:\/\/saphirsmaragd.com\/fr\/wp-json\/wp\/v2\/product\/4187\/revisions"}],"predecessor-version":[{"id":4191,"href":"https:\/\/saphirsmaragd.com\/fr\/wp-json\/wp\/v2\/product\/4187\/revisions\/4191"}],"wp:featuredmedia":[{"embeddable":true,"href":"https:\/\/saphirsmaragd.com\/fr\/wp-json\/wp\/v2\/media\/4190"}],"wp:attachment":[{"href":"https:\/\/saphirsmaragd.com\/fr\/wp-json\/wp\/v2\/media?parent=4187"}],"wp:term":[{"taxonomy":"product_brand","embeddable":true,"href":"https:\/\/saphirsmaragd.com\/fr\/wp-json\/wp\/v2\/product_brand?post=4187"},{"taxonomy":"product_cat","embeddable":true,"href":"https:\/\/saphirsmaragd.com\/fr\/wp-json\/wp\/v2\/product_cat?post=4187"},{"taxonomy":"product_tag","embeddable":true,"href":"https:\/\/saphirsmaragd.com\/fr\/wp-json\/wp\/v2\/product_tag?post=4187"}],"curies":[{"name":"wp","href":"https:\/\/api.w.org\/{rel}","templated":true}]}}