{"id":5402,"date":"2025-11-18T20:18:37","date_gmt":"2025-11-18T20:18:37","guid":{"rendered":"https:\/\/saphirsmaragd.com\/?post_type=product&#038;p=5402"},"modified":"2025-11-18T20:18:39","modified_gmt":"2025-11-18T20:18:39","slug":"moosachat-spitze-erdung","status":"publish","type":"product","link":"https:\/\/saphirsmaragd.com\/fr\/produit\/moosachat-spitze-erdung\/","title":{"rendered":"Moosachat Spitze Erdung \u2013 Polierter Heilstein 1.5 kg"},"content":{"rendered":"<div id=\"ez-toc-container\" class=\"ez-toc-v2_0_82_2 counter-hierarchy ez-toc-counter ez-toc-grey ez-toc-container-direction\">\n<div class=\"ez-toc-title-container\">\n<p class=\"ez-toc-title\" style=\"cursor:inherit\">Table des mati\u00e8res<\/p>\n<span class=\"ez-toc-title-toggle\"><a href=\"#\" class=\"ez-toc-pull-right ez-toc-btn ez-toc-btn-xs ez-toc-btn-default ez-toc-toggle\" aria-label=\"Toggle Table of Content\"><span class=\"ez-toc-js-icon-con\"><span class=\"\"><span class=\"eztoc-hide\" style=\"display:none;\">Basculer<\/span><span class=\"ez-toc-icon-toggle-span\"><svg style=\"fill: #999;color:#999\" xmlns=\"http:\/\/www.w3.org\/2000\/svg\" class=\"list-377408\" width=\"20px\" height=\"20px\" viewbox=\"0 0 24 24\" fill=\"none\"><path d=\"M6 6H4v2h2V6zm14 0H8v2h12V6zM4 11h2v2H4v-2zm16 0H8v2h12v-2zM4 16h2v2H4v-2zm16 0H8v2h12v-2z\" fill=\"currentColor\"><\/path><\/svg><svg style=\"fill: #999;color:#999\" class=\"arrow-unsorted-368013\" xmlns=\"http:\/\/www.w3.org\/2000\/svg\" width=\"10px\" height=\"10px\" viewbox=\"0 0 24 24\" version=\"1.2\" baseprofile=\"tiny\"><path d=\"M18.2 9.3l-6.2-6.3-6.2 6.3c-.2.2-.3.4-.3.7s.1.5.3.7c.2.2.4.3.7.3h11c.3 0 .5-.1.7-.3.2-.2.3-.5.3-.7s-.1-.5-.3-.7zM5.8 14.7l6.2 6.3 6.2-6.3c.2-.2.3-.5.3-.7s-.1-.5-.3-.7c-.2-.2-.4-.3-.7-.3h-11c-.3 0-.5.1-.7.3-.2.2-.3.5-.3.7s.1.5.3.7z\"\/><\/svg><\/span><\/span><\/span><\/a><\/span><\/div>\n<nav><ul class='ez-toc-list ez-toc-list-level-1' ><li class='ez-toc-page-1 ez-toc-heading-level-4'><a class=\"ez-toc-link ez-toc-heading-1\" href=\"https:\/\/saphirsmaragd.com\/fr\/produit\/moosachat-spitze-erdung\/#Moosachat_Spitze_Erdung_%E2%80%93_Polierter_Heilstein_15_kg\" >Moosachat Spitze Erdung \u2013 Polierter Heilstein 1.5 kg<\/a><\/li><li class='ez-toc-page-1 ez-toc-heading-level-4'><a class=\"ez-toc-link ez-toc-heading-2\" href=\"https:\/\/saphirsmaragd.com\/fr\/produit\/moosachat-spitze-erdung\/#_Merkmale_Herkunft\" >\u00a0Caract\u00e9ristiques et origine<\/a><\/li><li class='ez-toc-page-1 ez-toc-heading-level-4'><a class=\"ez-toc-link ez-toc-heading-3\" href=\"https:\/\/saphirsmaragd.com\/fr\/produit\/moosachat-spitze-erdung\/#_Besonderheiten\" >\u00a0Caract\u00e9ristiques sp\u00e9ciales<\/a><\/li><li class='ez-toc-page-1 ez-toc-heading-level-4'><a class=\"ez-toc-link ez-toc-heading-4\" href=\"https:\/\/saphirsmaragd.com\/fr\/produit\/moosachat-spitze-erdung\/#_Mehr_uber_Moosachat_Heilsteine\" >\u00a0Mehr \u00fcber Moosachat &amp; Heilsteine<\/a><\/li><li class='ez-toc-page-1 ez-toc-heading-level-4'><a class=\"ez-toc-link ez-toc-heading-5\" href=\"https:\/\/saphirsmaragd.com\/fr\/produit\/moosachat-spitze-erdung\/#_Weitere_Infos\" >\u00a0Informations compl\u00e9mentaires<\/a><\/li><\/ul><\/nav><\/div>\n<h4 data-start=\"138\" data-end=\"196\"><span class=\"ez-toc-section\" id=\"Moosachat_Spitze_Erdung_%E2%80%93_Polierter_Heilstein_15_kg\"><\/span><strong data-start=\"140\" data-end=\"196\">Moosachat Spitze Erdung \u2013 Polierter Heilstein 1.5 kg<\/strong><span class=\"ez-toc-section-end\"><\/span><\/h4>\n<p data-start=\"198\" data-end=\"376\">Die Moosachat Spitze Erdung ist ein poliertes Einzelst\u00fcck aus Indien mit nat\u00fcrlichen Vertiefungen und kleinen Unvollkommenheiten \u2013 Sie erhalten genau das abgebildete Produkt.<\/p>\n<hr data-start=\"378\" data-end=\"381\" \/>\n<h4 data-start=\"383\" data-end=\"408\"><span class=\"ez-toc-section\" id=\"_Merkmale_Herkunft\"><\/span>\u00a0Caract\u00e9ristiques et origine<span class=\"ez-toc-section-end\"><\/span><\/h4>\n<p data-start=\"409\" data-end=\"674\">Farbe: Gr\u00fcnt\u00f6ne mit Einschl\u00fcssen<br data-start=\"441\" data-end=\"444\" \/>Form: Spitze, poliert<br data-start=\"465\" data-end=\"468\" \/>Origine : Inde<br data-start=\"484\" data-end=\"487\" \/>Gewicht: 1.500 g<br data-start=\"503\" data-end=\"506\" \/>Ma\u00dfe: 28 x 6.5 x 4.5 cm<br data-start=\"529\" data-end=\"532\" \/>Reinheit: Nat\u00fcrlich, mit typischen Einschl\u00fcssen<br data-start=\"579\" data-end=\"582\" \/>Traitement : Non trait\u00e9<br data-start=\"650\" data-end=\"653\" \/>Type de pierre : agate mousse<\/p>\n<hr data-start=\"676\" data-end=\"679\" \/>\n<h4 data-start=\"681\" data-end=\"701\"><span class=\"ez-toc-section\" id=\"_Besonderheiten\"><\/span>\u00a0Caract\u00e9ristiques sp\u00e9ciales<span class=\"ez-toc-section-end\"><\/span><\/h4>\n<p data-start=\"702\" data-end=\"989\">Die Moosachat Spitze Erdung ist ein kraftvoller Stein f\u00fcr Stabilit\u00e4t, Balance und Erdung. Sie unterst\u00fctzt dabei, K\u00f6rper, Geist und Seele in ihren nat\u00fcrlichen Gleichgewichtszustand zur\u00fcckzuf\u00fchren und schenkt ein Gef\u00fchl von innerer Ruhe, Sicherheit und Verbundenheit mit sich selbst.<\/p>\n<p data-start=\"991\" data-end=\"1408\">Moosachat f\u00f6rdert Gelassenheit, Optimismus und Selbstvertrauen. Der Stein hilft, \u00c4ngste, Stress und nerv\u00f6se Anspannung zu l\u00f6sen und sich auf das Wesentliche zu konzentrieren. Er unterst\u00fctzt sowohl emotionale Regeneration nach Belastungen als auch k\u00f6rperliche Heilungsprozesse. Besonders hilfreich ist der Stein bei Pr\u00fcfungen, herausfordernden Situationen oder zur Unterst\u00fctzung w\u00e4hrend der Genesung von Krankheiten.<\/p>\n<hr data-start=\"1912\" data-end=\"1915\" \/>\n<h4 data-start=\"1917\" data-end=\"1957\"><span class=\"ez-toc-section\" id=\"_Mehr_uber_Moosachat_Heilsteine\"><\/span>\u00a0Mehr \u00fcber Moosachat &amp; Heilsteine<span class=\"ez-toc-section-end\"><\/span><\/h4>\n<p data-start=\"1958\" data-end=\"2036\"><a href=\"https:\/\/saphirsmaragd.com\/fr\/product-category\/heilsteine-kristalle-kaufen\/\">Pierres et cristaux de gu\u00e9rison<\/a> | Moosachat &amp; Chalcedon<br data-start=\"2004\" data-end=\"2007\" \/>\n<\/p>\n<hr data-start=\"2038\" data-end=\"2041\" \/>\n<h4 data-start=\"2043\" data-end=\"2064\"><span class=\"ez-toc-section\" id=\"_Weitere_Infos\"><\/span>\u00a0Informations compl\u00e9mentaires<span class=\"ez-toc-section-end\"><\/span><\/h4>\n<p data-start=\"2065\" data-end=\"2159\"><a href=\"https:\/\/de.wikipedia.org\/wiki\/Moosachat\" target=\"_blank\" rel=\"noopener\">Wikipedia \u2013 Moosachat<\/a><br data-start=\"2127\" data-end=\"2130\" \/><\/p>","protected":false},"excerpt":{"rendered":"<p><em>Die Moosachat Spitze Erdung ist ein 1.5 kg schweres, poliertes Einzelst\u00fcck aus Indien. Ein kraftvoller Stein f\u00fcr Erdung, Stabilit\u00e4t, innere Balance und Regeneration \u2013 ideal zur Stressreduktion, emotionalen Heilung und Unterst\u00fctzung w\u00e4hrend der Genesung.<\/em><\/p>","protected":false},"featured_media":5403,"comment_status":"open","ping_status":"closed","template":"","meta":{"_glsr_average":0,"_glsr_ranking":0,"_glsr_reviews":0},"product_brand":[],"product_cat":[84],"product_tag":[],"class_list":{"0":"post-5402","1":"product","2":"type-product","3":"status-publish","4":"has-post-thumbnail","6":"product_cat-rohsteine-kaufen","8":"first","9":"instock","10":"taxable","11":"shipping-taxable","12":"purchasable","13":"product-type-simple","14":"add-to-wishlist-before_image"},"jetpack_sharing_enabled":true,"_links":{"self":[{"href":"https:\/\/saphirsmaragd.com\/fr\/wp-json\/wp\/v2\/product\/5402","targetHints":{"allow":["GET"]}}],"collection":[{"href":"https:\/\/saphirsmaragd.com\/fr\/wp-json\/wp\/v2\/product"}],"about":[{"href":"https:\/\/saphirsmaragd.com\/fr\/wp-json\/wp\/v2\/types\/product"}],"replies":[{"embeddable":true,"href":"https:\/\/saphirsmaragd.com\/fr\/wp-json\/wp\/v2\/comments?post=5402"}],"version-history":[{"count":1,"href":"https:\/\/saphirsmaragd.com\/fr\/wp-json\/wp\/v2\/product\/5402\/revisions"}],"predecessor-version":[{"id":5407,"href":"https:\/\/saphirsmaragd.com\/fr\/wp-json\/wp\/v2\/product\/5402\/revisions\/5407"}],"wp:featuredmedia":[{"embeddable":true,"href":"https:\/\/saphirsmaragd.com\/fr\/wp-json\/wp\/v2\/media\/5403"}],"wp:attachment":[{"href":"https:\/\/saphirsmaragd.com\/fr\/wp-json\/wp\/v2\/media?parent=5402"}],"wp:term":[{"taxonomy":"product_brand","embeddable":true,"href":"https:\/\/saphirsmaragd.com\/fr\/wp-json\/wp\/v2\/product_brand?post=5402"},{"taxonomy":"product_cat","embeddable":true,"href":"https:\/\/saphirsmaragd.com\/fr\/wp-json\/wp\/v2\/product_cat?post=5402"},{"taxonomy":"product_tag","embeddable":true,"href":"https:\/\/saphirsmaragd.com\/fr\/wp-json\/wp\/v2\/product_tag?post=5402"}],"curies":[{"name":"wp","href":"https:\/\/api.w.org\/{rel}","templated":true}]}}