{"id":5413,"date":"2025-11-18T20:34:54","date_gmt":"2025-11-18T20:34:54","guid":{"rendered":"https:\/\/saphirsmaragd.com\/?post_type=product&#038;p=5413"},"modified":"2025-11-18T20:34:55","modified_gmt":"2025-11-18T20:34:55","slug":"lapislazuli-obelisk-weisheit-2","status":"publish","type":"product","link":"https:\/\/saphirsmaragd.com\/fr\/produit\/lapislazuli-obelisk-weisheit-2\/","title":{"rendered":"Lapislazuli Obelisk Weisheit \u2013 Geschliffener Heilstein 371 g"},"content":{"rendered":"<div id=\"ez-toc-container\" class=\"ez-toc-v2_0_82_2 counter-hierarchy ez-toc-counter ez-toc-grey ez-toc-container-direction\">\n<div class=\"ez-toc-title-container\">\n<p class=\"ez-toc-title\" style=\"cursor:inherit\">Table des mati\u00e8res<\/p>\n<span class=\"ez-toc-title-toggle\"><a href=\"#\" class=\"ez-toc-pull-right ez-toc-btn ez-toc-btn-xs ez-toc-btn-default ez-toc-toggle\" aria-label=\"Toggle Table of Content\"><span class=\"ez-toc-js-icon-con\"><span class=\"\"><span class=\"eztoc-hide\" style=\"display:none;\">Basculer<\/span><span class=\"ez-toc-icon-toggle-span\"><svg style=\"fill: #999;color:#999\" xmlns=\"http:\/\/www.w3.org\/2000\/svg\" class=\"list-377408\" width=\"20px\" height=\"20px\" viewbox=\"0 0 24 24\" fill=\"none\"><path d=\"M6 6H4v2h2V6zm14 0H8v2h12V6zM4 11h2v2H4v-2zm16 0H8v2h12v-2zM4 16h2v2H4v-2zm16 0H8v2h12v-2z\" fill=\"currentColor\"><\/path><\/svg><svg style=\"fill: #999;color:#999\" class=\"arrow-unsorted-368013\" xmlns=\"http:\/\/www.w3.org\/2000\/svg\" width=\"10px\" height=\"10px\" viewbox=\"0 0 24 24\" version=\"1.2\" baseprofile=\"tiny\"><path d=\"M18.2 9.3l-6.2-6.3-6.2 6.3c-.2.2-.3.4-.3.7s.1.5.3.7c.2.2.4.3.7.3h11c.3 0 .5-.1.7-.3.2-.2.3-.5.3-.7s-.1-.5-.3-.7zM5.8 14.7l6.2 6.3 6.2-6.3c.2-.2.3-.5.3-.7s-.1-.5-.3-.7c-.2-.2-.4-.3-.7-.3h-11c-.3 0-.5.1-.7.3-.2.2-.3.5-.3.7s.1.5.3.7z\"\/><\/svg><\/span><\/span><\/span><\/a><\/span><\/div>\n<nav><ul class='ez-toc-list ez-toc-list-level-1' ><li class='ez-toc-page-1 ez-toc-heading-level-4'><a class=\"ez-toc-link ez-toc-heading-1\" href=\"https:\/\/saphirsmaragd.com\/fr\/produit\/lapislazuli-obelisk-weisheit-2\/#Lapislazuli_Obelisk_Weisheit_%E2%80%93_Geschliffener_Heilstein_371_g\" >Lapislazuli Obelisk Weisheit \u2013 Geschliffener Heilstein 371 g<\/a><\/li><li class='ez-toc-page-1 ez-toc-heading-level-4'><a class=\"ez-toc-link ez-toc-heading-2\" href=\"https:\/\/saphirsmaragd.com\/fr\/produit\/lapislazuli-obelisk-weisheit-2\/#_Merkmale_Herkunft\" >\u00a0Caract\u00e9ristiques et origine<\/a><\/li><li class='ez-toc-page-1 ez-toc-heading-level-4'><a class=\"ez-toc-link ez-toc-heading-3\" href=\"https:\/\/saphirsmaragd.com\/fr\/produit\/lapislazuli-obelisk-weisheit-2\/#_Besonderheiten\" >\u00a0Caract\u00e9ristiques sp\u00e9ciales<\/a><\/li><li class='ez-toc-page-1 ez-toc-heading-level-4'><a class=\"ez-toc-link ez-toc-heading-4\" href=\"https:\/\/saphirsmaragd.com\/fr\/produit\/lapislazuli-obelisk-weisheit-2\/#_Mehr_uber_Lapislazuli_Heilsteine\" >\u00a0Mehr \u00fcber Lapislazuli &amp; Heilsteine<\/a><\/li><li class='ez-toc-page-1 ez-toc-heading-level-4'><a class=\"ez-toc-link ez-toc-heading-5\" href=\"https:\/\/saphirsmaragd.com\/fr\/produit\/lapislazuli-obelisk-weisheit-2\/#_Weitere_Infos\" >\u00a0Informations compl\u00e9mentaires<\/a><\/li><\/ul><\/nav><\/div>\n<h4 data-start=\"138\" data-end=\"204\"><span class=\"ez-toc-section\" id=\"Lapislazuli_Obelisk_Weisheit_%E2%80%93_Geschliffener_Heilstein_371_g\"><\/span><strong data-start=\"140\" data-end=\"204\">Lapislazuli Obelisk Weisheit \u2013 Geschliffener Heilstein 371 g<\/strong><span class=\"ez-toc-section-end\"><\/span><\/h4>\n<p data-start=\"206\" data-end=\"337\">Der Lapislazuli Obelisk Weisheit ist ein geschliffenes Einzelst\u00fcck aus Madagaskar \u2013 Sie erhalten genau das abgebildete Produkt.<\/p>\n<hr data-start=\"339\" data-end=\"342\" \/>\n<h4 data-start=\"344\" data-end=\"369\"><span class=\"ez-toc-section\" id=\"_Merkmale_Herkunft\"><\/span>\u00a0Caract\u00e9ristiques et origine<span class=\"ez-toc-section-end\"><\/span><\/h4>\n<p data-start=\"370\" data-end=\"659\">Farbe: Tiefblau mit goldfarbenen Pyrit-Einschl\u00fcssen<br data-start=\"421\" data-end=\"424\" \/>Form: Obelisk, geschliffen<br data-start=\"450\" data-end=\"453\" \/>Herkunft: Madagaskar<br data-start=\"473\" data-end=\"476\" \/>Gewicht: 371 g<br data-start=\"490\" data-end=\"493\" \/>Ma\u00dfe: 12 x 4 x 4 cm<br data-start=\"512\" data-end=\"515\" \/>Reinheit: Nat\u00fcrlich, mit typischen Einschl\u00fcssen<br data-start=\"562\" data-end=\"565\" \/>Traitement : Non trait\u00e9<br data-start=\"633\" data-end=\"636\" \/>Steinart: Lapislazuli<\/p>\n<hr data-start=\"661\" data-end=\"664\" \/>\n<h4 data-start=\"666\" data-end=\"686\"><span class=\"ez-toc-section\" id=\"_Besonderheiten\"><\/span>\u00a0Caract\u00e9ristiques sp\u00e9ciales<span class=\"ez-toc-section-end\"><\/span><\/h4>\n<p data-start=\"687\" data-end=\"1036\">Der Lapislazuli Obelisk Weisheit ist ein kraftvoller Stein f\u00fcr geistige Klarheit, Weisheit und spirituelle Entwicklung. Er unterst\u00fctzt Konzentration, Ged\u00e4chtnis und die Aufnahme von Informationen. Der Stein st\u00e4rkt Selbstbewusstsein, soziale F\u00e4higkeiten und harmonische Beziehungen, reduziert Einsamkeit und f\u00f6rdert klare, ehrliche Kommunikation.<\/p>\n<p data-start=\"1038\" data-end=\"1325\">Spirituell aktiviert dieser Obelisk Intuition und die Entwicklung spiritueller F\u00e4higkeiten, unterst\u00fctzt astrale oder schamanische Reisen und die Verbindung zu spirituellen F\u00fchrern und Engeln. Er hat eine beruhigende Wirkung, reduziert innere Spannungen und f\u00f6rdert emotionale Stabilit\u00e4t.<\/p>\n<hr data-start=\"1629\" data-end=\"1632\" \/>\n<h4 data-start=\"1634\" data-end=\"1676\"><span class=\"ez-toc-section\" id=\"_Mehr_uber_Lapislazuli_Heilsteine\"><\/span>\u00a0Mehr \u00fcber Lapislazuli &amp; Heilsteine<span class=\"ez-toc-section-end\"><\/span><\/h4>\n<p data-start=\"1677\" data-end=\"1756\"><a href=\"https:\/\/saphirsmaragd.com\/fr\/product-category\/heilsteine-kristalle-kaufen\/\">Pierres et cristaux de gu\u00e9rison<\/a> | Lapislazuli &amp; Sodalith<br data-start=\"1724\" data-end=\"1727\" \/>\n<\/p>\n<hr data-start=\"1758\" data-end=\"1761\" \/>\n<h4 data-start=\"1763\" data-end=\"1784\"><span class=\"ez-toc-section\" id=\"_Weitere_Infos\"><\/span>\u00a0Informations compl\u00e9mentaires<span class=\"ez-toc-section-end\"><\/span><\/h4>\n<p data-start=\"1785\" data-end=\"1883\"><a href=\"https:\/\/de.wikipedia.org\/wiki\/Lapislazuli\" target=\"_blank\" rel=\"noopener\">Wikipedia \u2013 Lapislazuli<\/a><br data-start=\"1851\" data-end=\"1854\" \/><\/p>","protected":false},"excerpt":{"rendered":"<p><em>Der Lapislazuli Obelisk Weisheit ist ein 371 g schweres, geschliffenes Einzelst\u00fcck aus Madagaskar. Ein kraftvoller Stein f\u00fcr geistige Klarheit, Weisheit, harmonische Beziehungen und spirituelle Entwicklung \u2013 ideal f\u00fcr Meditation, Konzentration und Selbstentfaltung.<\/em><\/p>","protected":false},"featured_media":5414,"comment_status":"open","ping_status":"closed","template":"","meta":{"_glsr_average":0,"_glsr_ranking":0,"_glsr_reviews":0},"product_brand":[],"product_cat":[84],"product_tag":[],"class_list":{"0":"post-5413","1":"product","2":"type-product","3":"status-publish","4":"has-post-thumbnail","6":"product_cat-rohsteine-kaufen","8":"first","9":"instock","10":"taxable","11":"shipping-taxable","12":"purchasable","13":"product-type-simple","14":"add-to-wishlist-before_image"},"jetpack_sharing_enabled":true,"_links":{"self":[{"href":"https:\/\/saphirsmaragd.com\/fr\/wp-json\/wp\/v2\/product\/5413","targetHints":{"allow":["GET"]}}],"collection":[{"href":"https:\/\/saphirsmaragd.com\/fr\/wp-json\/wp\/v2\/product"}],"about":[{"href":"https:\/\/saphirsmaragd.com\/fr\/wp-json\/wp\/v2\/types\/product"}],"replies":[{"embeddable":true,"href":"https:\/\/saphirsmaragd.com\/fr\/wp-json\/wp\/v2\/comments?post=5413"}],"version-history":[{"count":1,"href":"https:\/\/saphirsmaragd.com\/fr\/wp-json\/wp\/v2\/product\/5413\/revisions"}],"predecessor-version":[{"id":5417,"href":"https:\/\/saphirsmaragd.com\/fr\/wp-json\/wp\/v2\/product\/5413\/revisions\/5417"}],"wp:featuredmedia":[{"embeddable":true,"href":"https:\/\/saphirsmaragd.com\/fr\/wp-json\/wp\/v2\/media\/5414"}],"wp:attachment":[{"href":"https:\/\/saphirsmaragd.com\/fr\/wp-json\/wp\/v2\/media?parent=5413"}],"wp:term":[{"taxonomy":"product_brand","embeddable":true,"href":"https:\/\/saphirsmaragd.com\/fr\/wp-json\/wp\/v2\/product_brand?post=5413"},{"taxonomy":"product_cat","embeddable":true,"href":"https:\/\/saphirsmaragd.com\/fr\/wp-json\/wp\/v2\/product_cat?post=5413"},{"taxonomy":"product_tag","embeddable":true,"href":"https:\/\/saphirsmaragd.com\/fr\/wp-json\/wp\/v2\/product_tag?post=5413"}],"curies":[{"name":"wp","href":"https:\/\/api.w.org\/{rel}","templated":true}]}}