{"id":6055,"date":"2025-12-13T16:54:37","date_gmt":"2025-12-13T16:54:37","guid":{"rendered":"https:\/\/saphirsmaragd.com\/?post_type=product&#038;p=6055"},"modified":"2025-12-13T16:54:39","modified_gmt":"2025-12-13T16:54:39","slug":"anhaenger-mit-edelopal-roh","status":"publish","type":"product","link":"https:\/\/saphirsmaragd.com\/fr\/produit\/anhaenger-mit-edelopal-roh\/","title":{"rendered":"Anh\u00e4nger mit Edelopal Roh \u2013 Naturbelassener Rohstein mit 14 Karat Gold\u00f6se"},"content":{"rendered":"<div id=\"ez-toc-container\" class=\"ez-toc-v2_0_82_2 counter-hierarchy ez-toc-counter ez-toc-grey ez-toc-container-direction\">\n<div class=\"ez-toc-title-container\">\n<p class=\"ez-toc-title\" style=\"cursor:inherit\">Table des mati\u00e8res<\/p>\n<span class=\"ez-toc-title-toggle\"><a href=\"#\" class=\"ez-toc-pull-right ez-toc-btn ez-toc-btn-xs ez-toc-btn-default ez-toc-toggle\" aria-label=\"Toggle Table of Content\"><span class=\"ez-toc-js-icon-con\"><span class=\"\"><span class=\"eztoc-hide\" style=\"display:none;\">Basculer<\/span><span class=\"ez-toc-icon-toggle-span\"><svg style=\"fill: #999;color:#999\" xmlns=\"http:\/\/www.w3.org\/2000\/svg\" class=\"list-377408\" width=\"20px\" height=\"20px\" viewbox=\"0 0 24 24\" fill=\"none\"><path d=\"M6 6H4v2h2V6zm14 0H8v2h12V6zM4 11h2v2H4v-2zm16 0H8v2h12v-2zM4 16h2v2H4v-2zm16 0H8v2h12v-2z\" fill=\"currentColor\"><\/path><\/svg><svg style=\"fill: #999;color:#999\" class=\"arrow-unsorted-368013\" xmlns=\"http:\/\/www.w3.org\/2000\/svg\" width=\"10px\" height=\"10px\" viewbox=\"0 0 24 24\" version=\"1.2\" baseprofile=\"tiny\"><path d=\"M18.2 9.3l-6.2-6.3-6.2 6.3c-.2.2-.3.4-.3.7s.1.5.3.7c.2.2.4.3.7.3h11c.3 0 .5-.1.7-.3.2-.2.3-.5.3-.7s-.1-.5-.3-.7zM5.8 14.7l6.2 6.3 6.2-6.3c.2-.2.3-.5.3-.7s-.1-.5-.3-.7c-.2-.2-.4-.3-.7-.3h-11c-.3 0-.5.1-.7.3-.2.2-.3.5-.3.7s.1.5.3.7z\"\/><\/svg><\/span><\/span><\/span><\/a><\/span><\/div>\n<nav><ul class='ez-toc-list ez-toc-list-level-1' ><li class='ez-toc-page-1 ez-toc-heading-level-4'><a class=\"ez-toc-link ez-toc-heading-1\" href=\"https:\/\/saphirsmaragd.com\/fr\/produit\/anhaenger-mit-edelopal-roh\/#Anhanger_mit_Edelopal_Roh_%E2%80%93_Naturbelassener_Rohstein_mit_14_Karat_Goldose\" >Anh\u00e4nger mit Edelopal Roh \u2013 Naturbelassener Rohstein mit 14 Karat Gold\u00f6se<\/a><\/li><li class='ez-toc-page-1 ez-toc-heading-level-4'><a class=\"ez-toc-link ez-toc-heading-2\" href=\"https:\/\/saphirsmaragd.com\/fr\/produit\/anhaenger-mit-edelopal-roh\/#_Merkmale_Herkunft\" >\u00a0Caract\u00e9ristiques et origine<\/a><\/li><li class='ez-toc-page-1 ez-toc-heading-level-4'><a class=\"ez-toc-link ez-toc-heading-3\" href=\"https:\/\/saphirsmaragd.com\/fr\/produit\/anhaenger-mit-edelopal-roh\/#_Besonderheiten\" >\u00a0Caract\u00e9ristiques sp\u00e9ciales<\/a><\/li><li class='ez-toc-page-1 ez-toc-heading-level-4'><a class=\"ez-toc-link ez-toc-heading-4\" href=\"https:\/\/saphirsmaragd.com\/fr\/produit\/anhaenger-mit-edelopal-roh\/#_Mehr_uber_Opale_Heilsteine\" >\u00a0Mehr \u00fcber Opale &amp; Heilsteine<\/a><\/li><li class='ez-toc-page-1 ez-toc-heading-level-4'><a class=\"ez-toc-link ez-toc-heading-5\" href=\"https:\/\/saphirsmaragd.com\/fr\/produit\/anhaenger-mit-edelopal-roh\/#_Weitere_Infos\" >\u00a0Informations compl\u00e9mentaires<\/a><\/li><\/ul><\/nav><\/div>\n<h4 data-start=\"875\" data-end=\"950\"><span class=\"ez-toc-section\" id=\"Anhanger_mit_Edelopal_Roh_%E2%80%93_Naturbelassener_Rohstein_mit_14_Karat_Goldose\"><\/span>Anh\u00e4nger mit Edelopal Roh \u2013 Naturbelassener Rohstein mit 14 Karat Gold\u00f6se<span class=\"ez-toc-section-end\"><\/span><\/h4>\n<p data-start=\"952\" data-end=\"1129\">Der Anh\u00e4nger mit Edelopal Roh ist ein einzigartiges Schmuckst\u00fcck, das die nat\u00fcrliche Sch\u00f6nheit eines unbehandelten Edelopals mit einer edlen \u00d6se aus 14 Karat Gold verbindet.<\/p>\n<hr data-start=\"2453\" data-end=\"2456\" \/>\n<h4 data-start=\"1131\" data-end=\"1156\"><span class=\"ez-toc-section\" id=\"_Merkmale_Herkunft\"><\/span>\u00a0Caract\u00e9ristiques et origine<span class=\"ez-toc-section-end\"><\/span><\/h4>\n<p data-start=\"1157\" data-end=\"1480\">Farbe: Naturfarben des Edelopals<br data-start=\"1189\" data-end=\"1192\" \/>Form: Rohstein<br data-start=\"1237\" data-end=\"1240\" \/>Gewicht: Variierend<br data-start=\"1259\" data-end=\"1262\" \/>Ma\u00dfe: ca. 1.4 \u00d7 1.0 cm bis ca. 1.6 \u00d7 1.5 cm<br data-start=\"1305\" data-end=\"1308\" \/>Reinheit: Naturbelassener Rohstein<br data-start=\"1342\" data-end=\"1345\" \/>Traitement : Non trait\u00e9<br data-start=\"1402\" data-end=\"1405\" \/>Steinart: Edelopal<br data-start=\"1423\" data-end=\"1426\" \/>Material: 14 Karat Gold (\u00d6se)<br data-start=\"1455\" data-end=\"1458\" \/>Type de bijou : Pendentif<\/p>\n<hr data-start=\"2453\" data-end=\"2456\" \/>\n<h4 data-start=\"1482\" data-end=\"1502\"><span class=\"ez-toc-section\" id=\"_Besonderheiten\"><\/span>\u00a0Caract\u00e9ristiques sp\u00e9ciales<span class=\"ez-toc-section-end\"><\/span><\/h4>\n<p data-start=\"1503\" data-end=\"1853\">Der Anh\u00e4nger mit Edelopal Roh steht f\u00fcr Lebensfreude, Kreativit\u00e4t und einen offenen Selbstausdruck. Edelopal wirkt sch\u00fctzend und energetisierend und kann Ihre Stimmung positiv beeinflussen. Er f\u00f6rdert Originalit\u00e4t, Fantasie und die F\u00e4higkeit, den Moment bewusst zu genie\u00dfen, w\u00e4hrend er gleichzeitig Optimismus und innere Lebendigkeit unterst\u00fctzt.<\/p>\n<p data-start=\"1855\" data-end=\"2218\">Dar\u00fcber hinaus wird Edelopal traditionell mit Liebe, Leidenschaft und Sinnlichkeit in Verbindung gebracht. Er kann dabei helfen, vertrauensvolle Beziehungen zu vertiefen und emotionale Offenheit zu st\u00e4rken. Auf k\u00f6rperlicher Ebene wird ihm eine aktivierende Wirkung auf die Selbstheilungskr\u00e4fte sowie eine unterst\u00fctzende Wirkung auf das Nervensystem zugeschrieben.<\/p>\n<hr data-start=\"2453\" data-end=\"2456\" \/>\n<h4 data-start=\"2220\" data-end=\"2254\"><span class=\"ez-toc-section\" id=\"_Mehr_uber_Opale_Heilsteine\"><\/span>\u00a0Mehr \u00fcber Opale &amp; Heilsteine<span class=\"ez-toc-section-end\"><\/span><\/h4>\n<p data-start=\"2255\" data-end=\"2371\"><a class=\"decorated-link cursor-pointer\" href=\"https:\/\/saphirsmaragd.com\/fr\/product-category\/heilsteine-kristalle-kaufen\/\" target=\"_new\" rel=\"noopener\" data-start=\"2327\" data-end=\"2369\">Saphir Smaragd<\/a><\/p>\n<hr data-start=\"2453\" data-end=\"2456\" \/>\n<h4 data-start=\"2373\" data-end=\"2392\"><span class=\"ez-toc-section\" id=\"_Weitere_Infos\"><\/span>\u00a0Informations compl\u00e9mentaires<span class=\"ez-toc-section-end\"><\/span><\/h4>\n<p data-start=\"2393\" data-end=\"2451\">Wikipedia \u2013 Edelopal:<br data-start=\"2414\" data-end=\"2417\" \/><a class=\"decorated-link\" href=\"https:\/\/de.wikipedia.org\/wiki\/Opal\" target=\"_new\" rel=\"noopener\" data-start=\"2417\" data-end=\"2451\">Opal<\/a><\/p>","protected":false},"excerpt":{"rendered":"<p><em>Dieser Anh\u00e4nger mit Edelopal Roh vereint einen naturbelassenen Edelopal mit einer hochwertigen \u00d6se aus 14 Karat Gold. Ein einzigartiges Schmuckst\u00fcck f\u00fcr Kreativit\u00e4t, Lebensfreude und authentischen Selbstausdruck.<\/em><\/p>","protected":false},"featured_media":6056,"comment_status":"open","ping_status":"closed","template":"","meta":{"_glsr_average":0,"_glsr_ranking":0,"_glsr_reviews":0},"product_brand":[],"product_cat":[87],"product_tag":[],"class_list":{"0":"post-6055","1":"product","2":"type-product","3":"status-publish","4":"has-post-thumbnail","6":"product_cat-edelstein-anhaenger","8":"first","9":"instock","10":"shipping-taxable","11":"purchasable","12":"product-type-simple","13":"add-to-wishlist-before_image"},"jetpack_sharing_enabled":true,"_links":{"self":[{"href":"https:\/\/saphirsmaragd.com\/fr\/wp-json\/wp\/v2\/product\/6055","targetHints":{"allow":["GET"]}}],"collection":[{"href":"https:\/\/saphirsmaragd.com\/fr\/wp-json\/wp\/v2\/product"}],"about":[{"href":"https:\/\/saphirsmaragd.com\/fr\/wp-json\/wp\/v2\/types\/product"}],"replies":[{"embeddable":true,"href":"https:\/\/saphirsmaragd.com\/fr\/wp-json\/wp\/v2\/comments?post=6055"}],"version-history":[{"count":1,"href":"https:\/\/saphirsmaragd.com\/fr\/wp-json\/wp\/v2\/product\/6055\/revisions"}],"predecessor-version":[{"id":6058,"href":"https:\/\/saphirsmaragd.com\/fr\/wp-json\/wp\/v2\/product\/6055\/revisions\/6058"}],"wp:featuredmedia":[{"embeddable":true,"href":"https:\/\/saphirsmaragd.com\/fr\/wp-json\/wp\/v2\/media\/6056"}],"wp:attachment":[{"href":"https:\/\/saphirsmaragd.com\/fr\/wp-json\/wp\/v2\/media?parent=6055"}],"wp:term":[{"taxonomy":"product_brand","embeddable":true,"href":"https:\/\/saphirsmaragd.com\/fr\/wp-json\/wp\/v2\/product_brand?post=6055"},{"taxonomy":"product_cat","embeddable":true,"href":"https:\/\/saphirsmaragd.com\/fr\/wp-json\/wp\/v2\/product_cat?post=6055"},{"taxonomy":"product_tag","embeddable":true,"href":"https:\/\/saphirsmaragd.com\/fr\/wp-json\/wp\/v2\/product_tag?post=6055"}],"curies":[{"name":"wp","href":"https:\/\/api.w.org\/{rel}","templated":true}]}}