{"id":6235,"date":"2025-12-16T16:24:44","date_gmt":"2025-12-16T16:24:44","guid":{"rendered":"https:\/\/saphirsmaragd.com\/?post_type=product&#038;p=6235"},"modified":"2025-12-29T18:48:51","modified_gmt":"2025-12-29T18:48:51","slug":"tsavorit-ohrstecker-weissgold","status":"publish","type":"product","link":"https:\/\/saphirsmaragd.com\/fr\/produit\/tsavorit-ohrstecker-weissgold\/","title":{"rendered":"Tsavorit Ohrstecker Wei\u00dfgold \u2013 Oval geschliffene gr\u00fcne Granate"},"content":{"rendered":"<div id=\"ez-toc-container\" class=\"ez-toc-v2_0_82_2 counter-hierarchy ez-toc-counter ez-toc-grey ez-toc-container-direction\">\n<div class=\"ez-toc-title-container\">\n<p class=\"ez-toc-title\" style=\"cursor:inherit\">Table des mati\u00e8res<\/p>\n<span class=\"ez-toc-title-toggle\"><a href=\"#\" class=\"ez-toc-pull-right ez-toc-btn ez-toc-btn-xs ez-toc-btn-default ez-toc-toggle\" aria-label=\"Toggle Table of Content\"><span class=\"ez-toc-js-icon-con\"><span class=\"\"><span class=\"eztoc-hide\" style=\"display:none;\">Basculer<\/span><span class=\"ez-toc-icon-toggle-span\"><svg style=\"fill: #999;color:#999\" xmlns=\"http:\/\/www.w3.org\/2000\/svg\" class=\"list-377408\" width=\"20px\" height=\"20px\" viewbox=\"0 0 24 24\" fill=\"none\"><path d=\"M6 6H4v2h2V6zm14 0H8v2h12V6zM4 11h2v2H4v-2zm16 0H8v2h12v-2zM4 16h2v2H4v-2zm16 0H8v2h12v-2z\" fill=\"currentColor\"><\/path><\/svg><svg style=\"fill: #999;color:#999\" class=\"arrow-unsorted-368013\" xmlns=\"http:\/\/www.w3.org\/2000\/svg\" width=\"10px\" height=\"10px\" viewbox=\"0 0 24 24\" version=\"1.2\" baseprofile=\"tiny\"><path d=\"M18.2 9.3l-6.2-6.3-6.2 6.3c-.2.2-.3.4-.3.7s.1.5.3.7c.2.2.4.3.7.3h11c.3 0 .5-.1.7-.3.2-.2.3-.5.3-.7s-.1-.5-.3-.7zM5.8 14.7l6.2 6.3 6.2-6.3c.2-.2.3-.5.3-.7s-.1-.5-.3-.7c-.2-.2-.4-.3-.7-.3h-11c-.3 0-.5.1-.7.3-.2.2-.3.5-.3.7s.1.5.3.7z\"\/><\/svg><\/span><\/span><\/span><\/a><\/span><\/div>\n<nav><ul class='ez-toc-list ez-toc-list-level-1' ><li class='ez-toc-page-1 ez-toc-heading-level-4'><a class=\"ez-toc-link ez-toc-heading-1\" href=\"https:\/\/saphirsmaragd.com\/fr\/produit\/tsavorit-ohrstecker-weissgold\/#Tsavorit_Ohrstecker_Weisgold_%E2%80%93_elegante_Naturlichkeit_in_ihrer_reinsten_Form\" >Tsavorit Ohrstecker Wei\u00dfgold \u2013 elegante Nat\u00fcrlichkeit in ihrer reinsten Form<\/a><\/li><li class='ez-toc-page-1 ez-toc-heading-level-4'><a class=\"ez-toc-link ez-toc-heading-2\" href=\"https:\/\/saphirsmaragd.com\/fr\/produit\/tsavorit-ohrstecker-weissgold\/#Merkmale_Herkunft\" >Caract\u00e9ristiques et origine<\/a><\/li><li class='ez-toc-page-1 ez-toc-heading-level-4'><a class=\"ez-toc-link ez-toc-heading-3\" href=\"https:\/\/saphirsmaragd.com\/fr\/produit\/tsavorit-ohrstecker-weissgold\/#Schmuckdetails\" >Schmuckdetails<\/a><\/li><li class='ez-toc-page-1 ez-toc-heading-level-4'><a class=\"ez-toc-link ez-toc-heading-4\" href=\"https:\/\/saphirsmaragd.com\/fr\/produit\/tsavorit-ohrstecker-weissgold\/#Besonderheiten\" >Caract\u00e9ristiques sp\u00e9ciales<\/a><\/li><li class='ez-toc-page-1 ez-toc-heading-level-4'><a class=\"ez-toc-link ez-toc-heading-5\" href=\"https:\/\/saphirsmaragd.com\/fr\/produit\/tsavorit-ohrstecker-weissgold\/#Mehr_uber_unsere_Edelsteine\" >En savoir plus sur nos pierres pr\u00e9cieuses<\/a><\/li><li class='ez-toc-page-1 ez-toc-heading-level-4'><a class=\"ez-toc-link ez-toc-heading-6\" href=\"https:\/\/saphirsmaragd.com\/fr\/produit\/tsavorit-ohrstecker-weissgold\/#Weitere_Infos\" >Informations compl\u00e9mentaires<\/a><\/li><\/ul><\/nav><\/div>\n<h4 data-start=\"791\" data-end=\"1189\"><span class=\"ez-toc-section\" id=\"Tsavorit_Ohrstecker_Weisgold_%E2%80%93_elegante_Naturlichkeit_in_ihrer_reinsten_Form\"><\/span><strong data-start=\"791\" data-end=\"871\">Tsavorit Ohrstecker Wei\u00dfgold \u2013 elegante Nat\u00fcrlichkeit in ihrer reinsten Form<\/strong><span class=\"ez-toc-section-end\"><\/span><\/h4>\n<p data-start=\"791\" data-end=\"1189\">Diese feinen Ohrstecker vereinen leuchtend gr\u00fcne Tsavorit-Granate mit klassischem 18-kar\u00e4tigem Wei\u00dfgold. Der intensive Farbton der seltenen Tsavorite wird durch den ovalen Facettenschliff und die schlichte Krappenfassung optimal zur Geltung gebracht. Ein zeitloses Schmuckst\u00fcck f\u00fcr Liebhaber nat\u00fcrlicher Edelsteine.<\/p>\n<hr data-start=\"1191\" data-end=\"1194\" \/>\n<h4 data-start=\"1196\" data-end=\"1221\"><span class=\"ez-toc-section\" id=\"Merkmale_Herkunft\"><\/span>Caract\u00e9ristiques et origine<span class=\"ez-toc-section-end\"><\/span><\/h4>\n<p data-start=\"1222\" data-end=\"1470\">Edelstein: Tsavorit (gr\u00fcner Granat)<br data-start=\"1257\" data-end=\"1260\" \/>Anzahl Steine: 2<br data-start=\"1276\" data-end=\"1279\" \/>forme : Ovale<br data-start=\"1289\" data-end=\"1292\" \/>Schliff: Facettiert<br data-start=\"1311\" data-end=\"1314\" \/>Farbe: Helles Tannengr\u00fcn<br data-start=\"1338\" data-end=\"1341\" \/>Gewicht gesamt: ca. 0.76 Karat (Paar)<br data-start=\"1378\" data-end=\"1381\" \/>Reinheit: Augenrein<br data-start=\"1400\" data-end=\"1403\" \/>Traitement : Non trait\u00e9<br data-start=\"1426\" data-end=\"1429\" \/>Mohs-H\u00e4rte: 6.5 \u2013 7.5<br data-start=\"1450\" data-end=\"1453\" \/>Herkunft: Kenia<\/p>\n<hr data-start=\"1472\" data-end=\"1475\" \/>\n<h4 data-start=\"1477\" data-end=\"1497\"><span class=\"ez-toc-section\" id=\"Schmuckdetails\"><\/span>Schmuckdetails<span class=\"ez-toc-section-end\"><\/span><\/h4>\n<p data-start=\"1498\" data-end=\"1683\">Schmuckart: Ohrstecker<br data-start=\"1520\" data-end=\"1523\" \/>Metall: 18 Karat Wei\u00dfgold (750\/1000)<br data-start=\"1559\" data-end=\"1562\" \/>Fassung: Krappenfassung (4-Krappen)<br data-start=\"1597\" data-end=\"1600\" \/>Verschluss: Steckverschluss (Stecker mit Ohrmutter)<br data-start=\"1651\" data-end=\"1654\" \/>Gewicht Schmuck: ca. 1.30 g<\/p>\n<hr data-start=\"1685\" data-end=\"1688\" \/>\n<h4 data-start=\"1690\" data-end=\"1710\"><span class=\"ez-toc-section\" id=\"Besonderheiten\"><\/span>Caract\u00e9ristiques sp\u00e9ciales<span class=\"ez-toc-section-end\"><\/span><\/h4>\n<p data-start=\"1711\" data-end=\"1967\">Tsavorit z\u00e4hlt zu den seltensten Granat-Variet\u00e4ten und \u00fcberzeugt durch seine au\u00dfergew\u00f6hnliche Brillanz und intensive nat\u00fcrliche Farbe. Im Gegensatz zu vielen gr\u00fcnen Edelsteinen ist Tsavorit in der Regel <strong data-start=\"1914\" data-end=\"1933\">nicht behandelt<\/strong>, was ihn besonders begehrt macht.<\/p>\n<hr data-start=\"1926\" data-end=\"1929\" \/>\n<h4 data-start=\"1931\" data-end=\"1971\"><span class=\"ez-toc-section\" id=\"Mehr_uber_unsere_Edelsteine\"><\/span>En savoir plus sur nos pierres pr\u00e9cieuses<span class=\"ez-toc-section-end\"><\/span><\/h4>\n<p data-start=\"1972\" data-end=\"2069\"><a href=\"https:\/\/saphirsmaragd.com\/fr\/product-category\/edelsteine-kaufen\/\">pierres pr\u00e9cieuses<\/a><\/p>\n<hr data-start=\"2071\" data-end=\"2074\" \/>\n<h4 data-start=\"2076\" data-end=\"2096\"><span class=\"ez-toc-section\" id=\"Weitere_Infos\"><\/span>Informations compl\u00e9mentaires<span class=\"ez-toc-section-end\"><\/span><\/h4>\n<p data-start=\"2097\" data-end=\"2160\"><a class=\"decorated-link cursor-pointer\" href=\"https:\/\/de.wikipedia.org\/wiki\/Grossular#Modifikationen_und_Variet%C3%A4ten\" target=\"_new\" rel=\"noopener\" data-start=\"2097\" data-end=\"2160\">Wikipedia: Tsavorit<\/a><\/p>","protected":false},"excerpt":{"rendered":"<p data-start=\"512\" data-end=\"661\"><em>Tsavorit Ohrstecker Wei\u00dfgold mit oval geschliffenen gr\u00fcnen Granaten. Nat\u00fcrliche Tsavorite, unbehandelt, 18 Karat Wei\u00dfgold, klassische Krappenfassung.<\/em><\/p>\n<p data-start=\"575\" data-end=\"606\">","protected":false},"featured_media":6237,"comment_status":"open","ping_status":"closed","template":"","meta":{"_glsr_average":0,"_glsr_ranking":0,"_glsr_reviews":0},"product_brand":[],"product_cat":[82,305],"product_tag":[],"class_list":{"0":"post-6235","1":"product","2":"type-product","3":"status-publish","4":"has-post-thumbnail","6":"product_cat-ohrringe-kaufen","7":"product_cat-seltene-edelsteine","8":"pa_edelsteinart-seltene-edelsteine","9":"pa_farbe-gruen","10":"pa_form-oval","11":"pa_gewicht-karat-0-5-1-0-karat","12":"pa_herkunft-kenia","13":"pa_reinheit-augenrein","14":"pa_veredelung-behandlung-unbehandelt","15":"pa_zertifikat-ja","16":"pa_zustand-neu","18":"first","19":"instock","20":"featured","21":"sold-individually","22":"shipping-taxable","23":"purchasable","24":"product-type-simple","25":"add-to-wishlist-before_image"},"jetpack_sharing_enabled":true,"_links":{"self":[{"href":"https:\/\/saphirsmaragd.com\/fr\/wp-json\/wp\/v2\/product\/6235","targetHints":{"allow":["GET"]}}],"collection":[{"href":"https:\/\/saphirsmaragd.com\/fr\/wp-json\/wp\/v2\/product"}],"about":[{"href":"https:\/\/saphirsmaragd.com\/fr\/wp-json\/wp\/v2\/types\/product"}],"replies":[{"embeddable":true,"href":"https:\/\/saphirsmaragd.com\/fr\/wp-json\/wp\/v2\/comments?post=6235"}],"version-history":[{"count":1,"href":"https:\/\/saphirsmaragd.com\/fr\/wp-json\/wp\/v2\/product\/6235\/revisions"}],"predecessor-version":[{"id":6238,"href":"https:\/\/saphirsmaragd.com\/fr\/wp-json\/wp\/v2\/product\/6235\/revisions\/6238"}],"wp:featuredmedia":[{"embeddable":true,"href":"https:\/\/saphirsmaragd.com\/fr\/wp-json\/wp\/v2\/media\/6237"}],"wp:attachment":[{"href":"https:\/\/saphirsmaragd.com\/fr\/wp-json\/wp\/v2\/media?parent=6235"}],"wp:term":[{"taxonomy":"product_brand","embeddable":true,"href":"https:\/\/saphirsmaragd.com\/fr\/wp-json\/wp\/v2\/product_brand?post=6235"},{"taxonomy":"product_cat","embeddable":true,"href":"https:\/\/saphirsmaragd.com\/fr\/wp-json\/wp\/v2\/product_cat?post=6235"},{"taxonomy":"product_tag","embeddable":true,"href":"https:\/\/saphirsmaragd.com\/fr\/wp-json\/wp\/v2\/product_tag?post=6235"}],"curies":[{"name":"wp","href":"https:\/\/api.w.org\/{rel}","templated":true}]}}